{"id":4341,"date":"2023-12-06T11:37:08","date_gmt":"2023-12-06T10:37:08","guid":{"rendered":"https:\/\/www.lacroixdusud.fr\/startseite\/"},"modified":"2026-04-16T11:52:37","modified_gmt":"2026-04-16T09:52:37","slug":"startseite","status":"publish","type":"page","link":"https:\/\/www.lacroixdusud.fr\/de\/","title":{"rendered":".  Home DE"},"content":{"rendered":"\n<section class=\"wp-container-6a046f58b851f wp-block-group a-00-a\"><div class=\"wp-block-group__inner-container\">\n<div class=\"wp-block-cover alignfull is-light\"><span aria-hidden=\"true\" class=\"has-background-dim-0 wp-block-cover__gradient-background has-background-dim\"><\/span><img loading=\"lazy\" width=\"1865\" height=\"955\" class=\"wp-block-cover__image-background wp-image-3027\" alt=\"camping le barcares - camping croix du sud\" src=\"https:\/\/www.lacroixdusud.fr\/wp-content\/uploads\/2022\/11\/parc_aquatique_HP.jpg\" style=\"object-position:70% 65%\" data-object-fit=\"cover\" data-object-position=\"70% 65%\" srcset=\"https:\/\/www.lacroixdusud.fr\/wp-content\/uploads\/2022\/11\/parc_aquatique_HP.jpg 1865w, https:\/\/www.lacroixdusud.fr\/wp-content\/uploads\/2022\/11\/parc_aquatique_HP-300x154.jpg 300w, https:\/\/www.lacroixdusud.fr\/wp-content\/uploads\/2022\/11\/parc_aquatique_HP-1024x524.jpg 1024w, https:\/\/www.lacroixdusud.fr\/wp-content\/uploads\/2022\/11\/parc_aquatique_HP-768x393.jpg 768w, https:\/\/www.lacroixdusud.fr\/wp-content\/uploads\/2022\/11\/parc_aquatique_HP-1536x787.jpg 1536w\" sizes=\"(max-width: 1865px) 100vw, 1865px\" \/><div class=\"wp-block-cover__inner-container\">\n<p class=\"has-text-align-center has-large-font-size\"><\/p>\n\n\n\n<div class=\"wp-container-6a046f58b8232 wp-block-buttons\">\n<div class=\"wp-block-button btn_resa btn-header-home\"><a class=\"wp-block-button__link\"><i class=\"fas fa-arrow-right\"><\/i> Ich reserviere!<\/a><\/div>\n<\/div>\n<\/div><\/div>\n<\/div><\/section>\n\n\n\n<section class=\"wp-container-6a046f58b8cd2 wp-block-group b-00-a\"><div class=\"wp-block-group__inner-container\">\n<div class=\"wp-block-columns\">\n<div class=\"wp-block-column\">\n<figure class=\"wp-block-gallery has-nested-images columns-default is-cropped fleur-top-right\">\n<figure class=\"wp-block-image size-large\"><img loading=\"lazy\" width=\"1024\" height=\"683\" src=\"https:\/\/www.lacroixdusud.fr\/wp-content\/uploads\/2022\/07\/suite-family-exterieur-1024x683.jpg\" alt=\"camping barcares mobilheim\" class=\"wp-image-756\" srcset=\"https:\/\/www.lacroixdusud.fr\/wp-content\/uploads\/2022\/07\/suite-family-exterieur-1024x683.jpg 1024w, https:\/\/www.lacroixdusud.fr\/wp-content\/uploads\/2022\/07\/suite-family-exterieur-300x200.jpg 300w, https:\/\/www.lacroixdusud.fr\/wp-content\/uploads\/2022\/07\/suite-family-exterieur-768x512.jpg 768w, https:\/\/www.lacroixdusud.fr\/wp-content\/uploads\/2022\/07\/suite-family-exterieur.jpg 1200w\" sizes=\"(max-width: 1024px) 100vw, 1024px\" \/><\/figure>\n\n\n\n<figure class=\"wp-block-image size-large\"><img loading=\"lazy\" width=\"1024\" height=\"683\" src=\"https:\/\/www.lacroixdusud.fr\/wp-content\/uploads\/2022\/10\/1200x0_95_3_c_FFFFFF_2069c58be0e92050048df8d93022921e-1024x683.jpg\" alt=\"camping barcares wasserpark\" class=\"wp-image-2158\" srcset=\"https:\/\/www.lacroixdusud.fr\/wp-content\/uploads\/2022\/10\/1200x0_95_3_c_FFFFFF_2069c58be0e92050048df8d93022921e-1024x683.jpg 1024w, https:\/\/www.lacroixdusud.fr\/wp-content\/uploads\/2022\/10\/1200x0_95_3_c_FFFFFF_2069c58be0e92050048df8d93022921e-300x200.jpg 300w, https:\/\/www.lacroixdusud.fr\/wp-content\/uploads\/2022\/10\/1200x0_95_3_c_FFFFFF_2069c58be0e92050048df8d93022921e-768x512.jpg 768w, https:\/\/www.lacroixdusud.fr\/wp-content\/uploads\/2022\/10\/1200x0_95_3_c_FFFFFF_2069c58be0e92050048df8d93022921e.jpg 1198w\" sizes=\"(max-width: 1024px) 100vw, 1024px\" \/><\/figure>\n<\/figure>\n<\/div>\n\n\n\n<div class=\"wp-block-column\">\n<h1 id=\"camping-a-barcares-entre-leucate-et-perpignan\">Willkommen auf dem 4-Sterne-Campingplatz in Barcar\u00e8s, La Croix du Sud<\/h1>\n\n\n\n<p>Lust auf einen Urlaub in den Pyr\u00e9n\u00e9es-Orientales ? Der <strong>campingplatz &#8220;La Croix du Sud&#8221; in Barcar\u00e8s<\/strong> genie\u00dft eine ideale Lage <strong>direkt am Meer<\/strong> (800 m entfernt) und bietet eine Vielzahl an Freizeitaktivit\u00e4ten und Komfort f\u00fcr die ganze Familie. Ein kleiner \u00dcberblick \u00fcber Ihren zuk\u00fcnftigen <strong>Campingurlaub in Barcar\u00e8s am Mittelmeer in den \u00f6stlichen Pyren\u00e4en<\/strong>&#8230;<\/p>\n\n\n\n<div class=\"wp-container-6a046f58b89d6 wp-block-buttons\">\n<div class=\"wp-block-button btn_resa is-style-fill\"><a class=\"wp-block-button__link\">Verf\u00fcgbarkeiten<\/a><\/div>\n<\/div>\n<\/div>\n<\/div>\n<\/div><\/section>\n\n\n\n<section class=\"wp-container-6a046f58b9654 wp-block-group b-05-a\"><div class=\"wp-block-group__inner-container\">\n<div class=\"wp-block-columns reverse-mob\">\n<div class=\"wp-block-column\">\n<h2 id=\"sejournez-en-camping-4-etoiles-dans-les-pyrenees-orientales-66\">Aufenthalt auf einem 4-Sterne-Campingplatz in den Pyr\u00e9n\u00e9es-Orientales<\/h2>\n\n\n\n<p>Unser <strong>Campingplatz in Port-Barcar\u00e8s<\/strong> empf\u00e4ngt Sie vom <strong>6 April bis zum 29 September 2024<\/strong> in einer zauberhaften Umgebung, nur <strong>800 m vom Strand von Barcar\u00e8s entfernt<\/strong>. Ideal, um einen Urlaub am Meer zu genie\u00dfen in unserem<strong> 4-Sterne-Campingplatz Pyr\u00e9n\u00e9es-Orientales<\/strong> ! Au\u00dferdem haben Sie vor Ort Zugang zum schattigen Park mit seinen bl\u00fchenden und baumbestandenen Alleen mit Pinien, Palmen und Oleander. Das Bild ist perfekt f\u00fcr einen vergn\u00fcglichen Moment in der N\u00e4he der K\u00fcste Vermeille.<\/p>\n\n\n\n<p>Gelegen in Barcar\u00e8s, direkt am Mittelmeer, bietet unser Feriendomizil alles, was man sich von einem <a href=\"https:\/\/www.lacroixdusud.fr\/de\/sudfrankreich-camping-am-meer\/\" target=\"_blank\" rel=\"noreferrer noopener\">s\u00fcd frankreich camping am meer<\/a> w\u00fcnscht: Sonne, einen fu\u00dfl\u00e4ufig erreichbaren Strand und eine gesellige Atmosph\u00e4re f\u00fcr Ihren Urlaub mit Familie oder Freunden.<\/p>\n\n\n\n<div class=\"wp-block-group lire-plus-mobile\"><div class=\"wp-block-group__inner-container\">\n<p>Lesen Sie mehr<\/p>\n\n\n\n<div class=\"wp-container-6a046f58b9064 wp-block-group\"><div class=\"wp-block-group__inner-container\">\n<p>Unser <strong>4-Sterne-Campingplatz Barcar\u00e8s <\/strong>empf\u00e4ngt Sie f\u00fcr Ihren Urlaub an der Mittelmeerk\u00fcste. Unser <strong>Campingplatz in Barcares<\/strong> bietet Ihnen die <strong>Vermietung von Mobilheimen<\/strong> f\u00fcr jedes Budget: von der Essentielle-Reihe bis zur Spitzenklasse Tropical Luxe.  <\/p>\n\n\n\n<p>Wir bieten auch <strong>Campingpl\u00e4tze<\/strong> f\u00fcr Ihr <strong>Zelt<\/strong>, Ihren <strong>Wohnwagen<\/strong> oder Ihr <strong>Wohnmobil<\/strong> an. Denken Sie auch an <strong>unsere Sonderangebote und Angebote<\/strong> f\u00fcr  <strong>l\u00e4ngere Aufenthalte<\/strong>. Weitere Informationen zu unseren verschiedenen Unterk\u00fcnften und den verf\u00fcgbaren Unterkunftsarten finden Sie auf der Seite Mobilheimvermietung Pyr\u00e9n\u00e9es Orientales oder auf der Seite f\u00fcr <a href=\"https:\/\/www.lacroixdusud.fr\/de\/barcare-port-standorte\/\" data-type=\"page\" data-id=\"540\">Wohnwagenstellpl\u00e4tze<\/a>.<\/p>\n<\/div><\/div>\n<\/div><\/div>\n\n\n\n<div class=\"wp-container-6a046f58b9347 wp-block-buttons\">\n<div class=\"wp-block-button\"><a class=\"wp-block-button__link\" href=\"https:\/\/www.lacroixdusud.fr\/de\/mobil-homes-barcares\/\">Entdecken Sie unsere Mobilheime<\/a><\/div>\n<\/div>\n<\/div>\n\n\n\n<div class=\"wp-block-column\">\n<figure class=\"wp-block-image size-large feuille-top-right coquillage1-bottom-right\"><img loading=\"lazy\" width=\"1024\" height=\"768\" src=\"https:\/\/www.lacroixdusud.fr\/wp-content\/uploads\/2022\/10\/IMG_20220930_104825-min-1024x768.jpg\" alt=\"vermietung mobiler campingplatz barcares\" class=\"wp-image-2655\" srcset=\"https:\/\/www.lacroixdusud.fr\/wp-content\/uploads\/2022\/10\/IMG_20220930_104825-min-1024x768.jpg 1024w, https:\/\/www.lacroixdusud.fr\/wp-content\/uploads\/2022\/10\/IMG_20220930_104825-min-300x225.jpg 300w, https:\/\/www.lacroixdusud.fr\/wp-content\/uploads\/2022\/10\/IMG_20220930_104825-min-768x576.jpg 768w, https:\/\/www.lacroixdusud.fr\/wp-content\/uploads\/2022\/10\/IMG_20220930_104825-min-1536x1152.jpg 1536w, https:\/\/www.lacroixdusud.fr\/wp-content\/uploads\/2022\/10\/IMG_20220930_104825-min-2048x1536.jpg 2048w\" sizes=\"(max-width: 1024px) 100vw, 1024px\" \/><\/figure>\n<\/div>\n<\/div>\n<\/div><\/section>\n\n\n\n<section class=\"wp-container-6a046f58ba2e8 wp-block-group b-10-a\"><div class=\"wp-block-group__inner-container\">\n<div class=\"wp-block-columns\">\n<div class=\"wp-block-column\">\n<figure class=\"wp-block-gallery has-nested-images columns-default is-cropped diaporama-mob\">\n<figure class=\"wp-block-image size-full\"><img loading=\"lazy\" width=\"569\" height=\"800\" src=\"https:\/\/www.lacroixdusud.fr\/wp-content\/uploads\/2022\/07\/CDS_piscine_001_format.jpg\" alt=\"planschbecken camping barcares mit schwimmbad\" class=\"wp-image-887\" srcset=\"https:\/\/www.lacroixdusud.fr\/wp-content\/uploads\/2022\/07\/CDS_piscine_001_format.jpg 569w, https:\/\/www.lacroixdusud.fr\/wp-content\/uploads\/2022\/07\/CDS_piscine_001_format-213x300.jpg 213w\" sizes=\"(max-width: 569px) 100vw, 569px\" \/><\/figure>\n\n\n\n<figure class=\"wp-block-image size-large\"><img loading=\"lazy\" width=\"1024\" height=\"683\" src=\"https:\/\/www.lacroixdusud.fr\/wp-content\/uploads\/2022\/07\/CDS_piscine_007-1024x683.jpg\" alt=\"rutsche camping barcares wasserpark\" class=\"wp-image-645\" srcset=\"https:\/\/www.lacroixdusud.fr\/wp-content\/uploads\/2022\/07\/CDS_piscine_007-1024x683.jpg 1024w, https:\/\/www.lacroixdusud.fr\/wp-content\/uploads\/2022\/07\/CDS_piscine_007-300x200.jpg 300w, https:\/\/www.lacroixdusud.fr\/wp-content\/uploads\/2022\/07\/CDS_piscine_007-768x512.jpg 768w, https:\/\/www.lacroixdusud.fr\/wp-content\/uploads\/2022\/07\/CDS_piscine_007.jpg 1200w\" sizes=\"(max-width: 1024px) 100vw, 1024px\" \/><\/figure>\n\n\n\n<figure class=\"wp-block-image size-large\"><img loading=\"lazy\" width=\"1024\" height=\"683\" src=\"https:\/\/www.lacroixdusud.fr\/wp-content\/uploads\/2022\/07\/piscine03-1024x683.jpg\" alt=\"schwimmbad camping barcares\" class=\"wp-image-648\" srcset=\"https:\/\/www.lacroixdusud.fr\/wp-content\/uploads\/2022\/07\/piscine03-1024x683.jpg 1024w, https:\/\/www.lacroixdusud.fr\/wp-content\/uploads\/2022\/07\/piscine03-300x200.jpg 300w, https:\/\/www.lacroixdusud.fr\/wp-content\/uploads\/2022\/07\/piscine03-768x512.jpg 768w, https:\/\/www.lacroixdusud.fr\/wp-content\/uploads\/2022\/07\/piscine03.jpg 1200w\" sizes=\"(max-width: 1024px) 100vw, 1024px\" \/><\/figure>\n<\/figure>\n\n\n\n<div style=\"height:44px\" aria-hidden=\"true\" class=\"wp-block-spacer\"><\/div>\n\n\n\n<div class=\"wp-container-6a046f58b9a3b wp-block-buttons\">\n<div class=\"wp-block-button\"><a class=\"wp-block-button__link\" href=\"https:\/\/www.lacroixdusud.fr\/de\/galerie-medien\/\">Fotogalerie<\/a><\/div>\n<\/div>\n<\/div>\n\n\n\n<div class=\"wp-block-column\">\n<h2 id=\"se-detendre-et-s-amuser-dans-un-camping-a-barcares-avec-piscine\">Entspannen und Spa\u00df haben auf einem Campingplatz in Barcar\u00e8s mit Schwimmbad<\/h2>\n\n\n\n<p>Haben Sie Lust, w\u00e4hrend Ihres Aufenthalts das Baden zu genie\u00dfen? Begeben Sie sich daf\u00fcr zum Schwimmbad in unserem neuen  <strong>beheizter Wasserbereich mit Rutsche und spielerischem Planschbecken<\/strong>Sie k\u00f6nnen auch am Meer wohnen,  <strong>nur 800 m vom Strand entfernt<\/strong>&#8230; Wenn Sie nicht das nur wenige hundert Meter entfernte Mittelmeer genie\u00dfen, wird die  <strong>beheizter Pool des Campingplatzes  <\/strong>wird sich den Urlaubern auch als ein Ort anbieten, an dem sie sich entspannen k\u00f6nnen. Mit seinem gro\u00dfen Becken und seinem Planschbecken f\u00fcr die Kleinen hat jeder seinen eigenen <strong>Wasser-<\/strong> und Spielbereich!<\/p>\n\n\n\n<div class=\"wp-block-group lire-plus-mobile\"><div class=\"wp-block-group__inner-container\">\n<p>Lesen Sie mehr<\/p>\n\n\n\n<div class=\"wp-container-6a046f58b9d61 wp-block-group\"><div class=\"wp-block-group__inner-container\">\n<p>Und um unsere Dienstleistungen und Freizeiteinrichtungen zu vervollst\u00e4ndigen, verf\u00fcgt der Campingplatz seit 2019 auch \u00fcber einen <strong>neuen Wellnessbereich<\/strong> mit einem <strong>Spa mit Sauna\/Hammam<\/strong>, einer Sinnesdusche, einem Eisbrunnen und einer Hydromassageliege. Au\u00dferdem wird Ihnen jeden Tag ein <strong>Wasserweckruf <\/strong>angeboten, der von einem erfahrenen Sportanimateur betreut wird. Die ideale Gelegenheit, um sich auszutoben und Spa\u00df zu haben. Um mehr zu erfahren, entdecken Sie unser Schwimmbad auf der Seite <strong>Campingplatz Pyr\u00e9n\u00e9es Orientales mit Wasserpark<\/strong>.<\/p>\n<\/div><\/div>\n<\/div><\/div>\n\n\n\n<div class=\"wp-container-6a046f58ba040 wp-block-buttons\">\n<div class=\"wp-block-button\"><a class=\"wp-block-button__link\" href=\"https:\/\/www.lacroixdusud.fr\/de\/schwimmbad-wasserpark\/\">Wasserbereich ansehen<\/a><\/div>\n<\/div>\n<\/div>\n<\/div>\n<\/div><\/section>\n\n\n\n<section class=\"wp-container-6a046f58ba9af wp-block-group b-15-a\"><div class=\"wp-block-group__inner-container\">\n<div class=\"wp-block-columns are-vertically-aligned-center\">\n<div class=\"wp-block-column is-vertically-aligned-center\">\n<h2 class=\"titre\" id=\"les-activites-et-animations-au-camping-a-port-barcares\">Aktivit\u00e4ten und Animationen auf dem Campingplatz in Port-Barcar\u00e8s<\/h2>\n\n\n\n<p>Nutzen Sie die Aktivit\u00e4ten des Campingplatzes mit zahlreichen Animationen in der Saison. Kinder k\u00f6nnen sich auf dem Spielplatz und im Kinderclub mit zahlreichen Animationen ab 6 Jahren vergn\u00fcgen.  <\/p>\n\n\n\n<p>Auch wenn der Tag ausgef\u00fcllt ist, sind die Abende nicht weniger lebhaft. Unter dem Sternenhimmel erwartet Sie <strong>eine Welt voller magischer Abende<\/strong>, in der sich wilde Partys und traumhafte Shows abwechseln, um die ganze Familie zu begeistern. Entdecken Sie alle Aktivit\u00e4ten auf dem Campingplatz Barcares!<\/p>\n\n\n\n<p>Vom Campingplatz aus haben Sie Zugang zu allen <a href=\"https:\/\/www.lacroixdusud.fr\/de\/animations-barcares\/\" data-type=\"page\" data-id=\"1323\">Veranstaltungen in der Stadt <\/a>: Bauernm\u00e4rkte, Jahrm\u00e4rkte, Feuerwerke, das ber\u00fchmte Electrobeach-Festival oder das D\u00e9ferlantes-Festival.  <\/p>\n\n\n\n<div class=\"wp-container-6a046f58ba652 wp-block-buttons\">\n<div class=\"wp-block-button\"><a class=\"wp-block-button__link\" href=\"https:\/\/www.lacroixdusud.fr\/de\/aktivitaeten\/\">Aktivit\u00e4ten auf dem Campingplatz ansehen<\/a><\/div>\n<\/div>\n<\/div>\n\n\n\n<div class=\"wp-block-column is-vertically-aligned-center\">\n<figure class=\"wp-block-gallery has-nested-images columns-1 is-cropped\">\n<figure class=\"wp-block-image size-large\"><img loading=\"lazy\" width=\"1024\" height=\"683\" src=\"https:\/\/www.lacroixdusud.fr\/wp-content\/uploads\/2022\/10\/292826068_565349948400718_4816239169746463013_n-1024x683.jpg\" alt=\"animation camping barcares\" class=\"wp-image-2658\" srcset=\"https:\/\/www.lacroixdusud.fr\/wp-content\/uploads\/2022\/10\/292826068_565349948400718_4816239169746463013_n-1024x683.jpg 1024w, https:\/\/www.lacroixdusud.fr\/wp-content\/uploads\/2022\/10\/292826068_565349948400718_4816239169746463013_n-300x200.jpg 300w, https:\/\/www.lacroixdusud.fr\/wp-content\/uploads\/2022\/10\/292826068_565349948400718_4816239169746463013_n-768x512.jpg 768w, https:\/\/www.lacroixdusud.fr\/wp-content\/uploads\/2022\/10\/292826068_565349948400718_4816239169746463013_n-1536x1024.jpg 1536w, https:\/\/www.lacroixdusud.fr\/wp-content\/uploads\/2022\/10\/292826068_565349948400718_4816239169746463013_n.jpg 2048w\" sizes=\"(max-width: 1024px) 100vw, 1024px\" \/><\/figure>\n\n\n\n<figure class=\"wp-block-image size-large\"><img loading=\"lazy\" width=\"1024\" height=\"768\" src=\"https:\/\/www.lacroixdusud.fr\/wp-content\/uploads\/2022\/10\/294836529_10159902350663610_299537304779815175_n-1024x768.jpg\" alt=\"animationen camping barcares\" class=\"wp-image-2661\" srcset=\"https:\/\/www.lacroixdusud.fr\/wp-content\/uploads\/2022\/10\/294836529_10159902350663610_299537304779815175_n-1024x768.jpg 1024w, https:\/\/www.lacroixdusud.fr\/wp-content\/uploads\/2022\/10\/294836529_10159902350663610_299537304779815175_n-300x225.jpg 300w, https:\/\/www.lacroixdusud.fr\/wp-content\/uploads\/2022\/10\/294836529_10159902350663610_299537304779815175_n-768x576.jpg 768w, https:\/\/www.lacroixdusud.fr\/wp-content\/uploads\/2022\/10\/294836529_10159902350663610_299537304779815175_n-1536x1152.jpg 1536w, https:\/\/www.lacroixdusud.fr\/wp-content\/uploads\/2022\/10\/294836529_10159902350663610_299537304779815175_n.jpg 2048w\" sizes=\"(max-width: 1024px) 100vw, 1024px\" \/><\/figure>\n<\/figure>\n<\/div>\n<\/div>\n<\/div><\/section>\n\n\n\n<div class=\"wp-container-6a046f58bb33a wp-block-group b-20-a\"><div class=\"wp-block-group__inner-container\">\n<div class=\"wp-block-columns are-vertically-aligned-top reverse-mob\">\n<div class=\"wp-block-column is-vertically-aligned-top\">\n<figure class=\"wp-block-image size-large\"><img loading=\"lazy\" width=\"1024\" height=\"683\" src=\"https:\/\/www.lacroixdusud.fr\/wp-content\/uploads\/2022\/07\/coilloure01-1024x683.jpg\" alt=\"Campingplatz Pyr\u00e9n\u00e9es Orientales\" class=\"wp-image-1383\" srcset=\"https:\/\/www.lacroixdusud.fr\/wp-content\/uploads\/2022\/07\/coilloure01-1024x683.jpg 1024w, https:\/\/www.lacroixdusud.fr\/wp-content\/uploads\/2022\/07\/coilloure01-300x200.jpg 300w, https:\/\/www.lacroixdusud.fr\/wp-content\/uploads\/2022\/07\/coilloure01-768x512.jpg 768w, https:\/\/www.lacroixdusud.fr\/wp-content\/uploads\/2022\/07\/coilloure01-1536x1024.jpg 1536w, https:\/\/www.lacroixdusud.fr\/wp-content\/uploads\/2022\/07\/coilloure01.jpg 1920w\" sizes=\"(max-width: 1024px) 100vw, 1024px\" \/><\/figure>\n<\/div>\n\n\n\n<div class=\"wp-block-column is-vertically-aligned-top\">\n<h2 id=\"camping-barcares-visitez-les-alentours-et-la-region\">Entdecken Sie die Umgebung des Campingplatzes in der N\u00e4he von Perpignan<\/h2>\n\n\n\n<p>Die Pyr\u00e9n\u00e9es-Orientales bergen viele Natursch\u00e4tze, da sie zwischen dem Mittelmeer und den Bergen liegen. Ein Aufenthalt in der Region und insbesondere in <strong>Le Barcar\u00e8s<\/strong> bietet Ihnen somit tolle Spazierg\u00e4nge und Wanderungen, die Sie unternehmen k\u00f6nnen.<\/p>\n\n\n\n<div class=\"wp-block-group lire-plus-mobile\"><div class=\"wp-block-group__inner-container\">\n<p>Lesen Sie mehr<\/p>\n\n\n\n<div class=\"wp-container-6a046f58bad60 wp-block-group\"><div class=\"wp-block-group__inner-container\">\n<p>Der Campingplatz liegt \u00fcbrigens nicht weit von <strong>Port Leucate<\/strong>, Perpignan und vielen anderen St\u00e4dten und D\u00f6rfern entfernt, die es wert sind, dass man sich dort aufh\u00e4lt! Je nach Wahl und Lust und Laune k\u00f6nnen Sie so in der N\u00e4he <strong>Salses-le-Chateau<\/strong> besuchen und in die Geschichte eintauchen, <strong>Canet-en-Roussillon<\/strong>, <strong>Saint-Cyprien<\/strong> oder <strong>Collioure<\/strong> und seine k\u00f6nigliche Festung, aber auch den Canal du Midi usw. besichtigen. Auch Urlauber, die auf der Suche nach Geschichte, lokalem Erbe und Entdeckungen aller Art sind, werden begeistert sein.  <\/p>\n\n\n\n<p>Au\u00dferdem erwarten Sie in der Umgebung zahlreiche Aktivit\u00e4ten, um die Region zu entdecken <strong> w\u00e4hrend deines Campingurlaubs<\/strong>: die  <em>M\u00e4rkte in Port Barcares<\/em>, Wassersportaktivit\u00e4ten, Besichtigung von Schl\u00f6ssern und eines der gr\u00f6\u00dften Weinanbaugebiete<em> des Languedoc-Roussillon<\/em>, Entdeckung des <strong>Pays Catalan<\/strong> und seiner D\u00f6rfer, des Departements <strong>Aude<\/strong>&#8230; Mehr Infos \u00fcber die verschiedenen Besichtigungen rund um den Campingplatz in Barcar\u00e8s, die Sie sich nicht entgehen lassen sollten.<\/p>\n<\/div><\/div>\n<\/div><\/div>\n\n\n\n<div class=\"wp-block-group encart-information\"><div class=\"wp-block-group__inner-container\">\n<blockquote class=\"wp-block-quote\"><p>Wir sind sicher, dass Sie einen wunderbaren Aufenthalt auf unserem Campingplatz in Barcares verbringen werden &#8230;<\/p><\/blockquote>\n<\/div><\/div>\n\n\n\n<p>In der Zwischenzeit sind alle Informationen, die Sie zur Vorbereitung Ihres <strong>Campingaufenthalts in Port-Barcar\u00e8s<\/strong> ben\u00f6tigen, hier zu finden und mit wenigen Klicks zug\u00e4nglich. Wenn Sie jedoch weitere Informationen w\u00fcnschen, z\u00f6gern Sie nicht, uns zu kontaktieren, wir antworten Ihnen gerne. Schnelle Antwort garantiert!<\/p>\n\n\n\n<div class=\"wp-container-6a046f58bb071 wp-block-buttons\">\n<div class=\"wp-block-button\"><a class=\"wp-block-button__link\" href=\"https:\/\/www.lacroixdusud.fr\/de\/tourismus-pyrenees-orientales\/\">Die Umgebung des Campingplatzes<\/a><\/div>\n<\/div>\n<\/div>\n<\/div>\n<\/div><\/div>\n\n\n\n<p><\/p>\n","protected":false},"excerpt":{"rendered":"<p>Willkommen auf dem 4-Sterne-Campingplatz in Barcar\u00e8s, La Croix du Sud Lust auf einen Urlaub in den Pyr\u00e9n\u00e9es-Orientales ? Der campingplatz &#8220;La Croix du Sud&#8221; in Barcar\u00e8s genie\u00dft eine ideale Lage direkt am Meer (800 m entfernt) und bietet eine Vielzahl an Freizeitaktivit\u00e4ten und Komfort f\u00fcr die ganze Familie. Ein kleiner \u00dcberblick \u00fcber Ihren zuk\u00fcnftigen Campingurlaub [&hellip;]<\/p>\n","protected":false},"author":1,"featured_media":4224,"parent":0,"menu_order":0,"comment_status":"closed","ping_status":"closed","template":"","meta":[],"acf":[],"_links":{"self":[{"href":"https:\/\/www.lacroixdusud.fr\/de\/wp-json\/wp\/v2\/pages\/4341"}],"collection":[{"href":"https:\/\/www.lacroixdusud.fr\/de\/wp-json\/wp\/v2\/pages"}],"about":[{"href":"https:\/\/www.lacroixdusud.fr\/de\/wp-json\/wp\/v2\/types\/page"}],"author":[{"embeddable":true,"href":"https:\/\/www.lacroixdusud.fr\/de\/wp-json\/wp\/v2\/users\/1"}],"replies":[{"embeddable":true,"href":"https:\/\/www.lacroixdusud.fr\/de\/wp-json\/wp\/v2\/comments?post=4341"}],"version-history":[{"count":6,"href":"https:\/\/www.lacroixdusud.fr\/de\/wp-json\/wp\/v2\/pages\/4341\/revisions"}],"predecessor-version":[{"id":7848,"href":"https:\/\/www.lacroixdusud.fr\/de\/wp-json\/wp\/v2\/pages\/4341\/revisions\/7848"}],"wp:featuredmedia":[{"embeddable":true,"href":"https:\/\/www.lacroixdusud.fr\/de\/wp-json\/wp\/v2\/media\/4224"}],"wp:attachment":[{"href":"https:\/\/www.lacroixdusud.fr\/de\/wp-json\/wp\/v2\/media?parent=4341"}],"curies":[{"name":"wp","href":"https:\/\/api.w.org\/{rel}","templated":true}]}}