{"id":4376,"date":"2023-12-06T11:37:46","date_gmt":"2023-12-06T10:37:46","guid":{"rendered":"https:\/\/www.lacroixdusud.fr\/aktivitaeten\/"},"modified":"2025-08-21T15:15:24","modified_gmt":"2025-08-21T13:15:24","slug":"aktivitaeten","status":"publish","type":"page","link":"https:\/\/www.lacroixdusud.fr\/de\/aktivitaeten\/","title":{"rendered":". Aktivit\u00e4ten"},"content":{"rendered":"\n<section class=\"wp-container-69de2e8d271d9 wp-block-group a-00-a\"><div class=\"wp-block-group__inner-container\">\n<div class=\"wp-block-cover alignfull is-light\"><span aria-hidden=\"true\" class=\"has-bleu-background-color has-background-dim-0 wp-block-cover__gradient-background has-background-dim\"><\/span><img loading=\"lazy\" width=\"2048\" height=\"1365\" class=\"wp-block-cover__image-background wp-image-2658\" alt=\"\" src=\"https:\/\/www.lacroixdusud.fr\/wp-content\/uploads\/2022\/10\/292826068_565349948400718_4816239169746463013_n.jpg\" style=\"object-position:58% 57%\" data-object-fit=\"cover\" data-object-position=\"58% 57%\" srcset=\"https:\/\/www.lacroixdusud.fr\/wp-content\/uploads\/2022\/10\/292826068_565349948400718_4816239169746463013_n.jpg 2048w, https:\/\/www.lacroixdusud.fr\/wp-content\/uploads\/2022\/10\/292826068_565349948400718_4816239169746463013_n-300x200.jpg 300w, https:\/\/www.lacroixdusud.fr\/wp-content\/uploads\/2022\/10\/292826068_565349948400718_4816239169746463013_n-1024x683.jpg 1024w, https:\/\/www.lacroixdusud.fr\/wp-content\/uploads\/2022\/10\/292826068_565349948400718_4816239169746463013_n-768x512.jpg 768w, https:\/\/www.lacroixdusud.fr\/wp-content\/uploads\/2022\/10\/292826068_565349948400718_4816239169746463013_n-1536x1024.jpg 1536w\" sizes=\"(max-width: 2048px) 100vw, 2048px\" \/><div class=\"wp-block-cover__inner-container\">\n<p class=\"has-text-align-center has-large-font-size\"><\/p>\n<\/div><\/div>\n\n\n\n<div class=\"wp-container-69de2e8d26e97 wp-block-group intro\"><div class=\"wp-block-group__inner-container\">\n<h1 class=\"has-text-align-left\" id=\"camping-a-barcares-avec-animations\">Campingplatz in Barcar\u00e8s mit Animationen<\/h1>\n\n\n\n<p>Tags\u00fcber und abends steht auf unserem <strong>Campingplatz in Barcar\u00e8s<\/strong> eine Vielzahl von Animationen auf dem Programm, die f\u00fcr jeden Geschmack und jede Vorliebe etwas zu bieten haben!<\/p>\n<\/div><\/div>\n<\/div><\/section>\n\n<section class=\"wp-container-69de2e8d279d2 wp-block-group b-15-b\"><div class=\"wp-block-group__inner-container\">\n<div class=\"wp-block-columns are-vertically-aligned-center\">\n<div class=\"wp-block-column is-vertically-aligned-center\">\n<figure class=\"wp-block-gallery has-nested-images columns-1 is-cropped papito-gauche\">\n<figure class=\"wp-block-image size-large\"><img loading=\"lazy\" width=\"1024\" height=\"681\" src=\"https:\/\/www.lacroixdusud.fr\/wp-content\/uploads\/2022\/07\/Club-enfants-03-1024x681.jpg\" alt=\"camping barcares aktivit&#xE4;ten\" class=\"wp-image-1034\" srcset=\"https:\/\/www.lacroixdusud.fr\/wp-content\/uploads\/2022\/07\/Club-enfants-03-1024x681.jpg 1024w, https:\/\/www.lacroixdusud.fr\/wp-content\/uploads\/2022\/07\/Club-enfants-03-300x200.jpg 300w, https:\/\/www.lacroixdusud.fr\/wp-content\/uploads\/2022\/07\/Club-enfants-03-768x511.jpg 768w, https:\/\/www.lacroixdusud.fr\/wp-content\/uploads\/2022\/07\/Club-enfants-03.jpg 1500w\" sizes=\"(max-width: 1024px) 100vw, 1024px\" \/><\/figure>\n\n\n\n<figure class=\"wp-block-image size-large\"><img loading=\"lazy\" width=\"1024\" height=\"493\" src=\"https:\/\/www.lacroixdusud.fr\/wp-content\/uploads\/2022\/10\/8-1024x493.jpg\" alt=\"camping barcares aktivit&#xE4;ten kinder\" class=\"wp-image-2708\" srcset=\"https:\/\/www.lacroixdusud.fr\/wp-content\/uploads\/2022\/10\/8-1024x493.jpg 1024w, https:\/\/www.lacroixdusud.fr\/wp-content\/uploads\/2022\/10\/8-300x144.jpg 300w, https:\/\/www.lacroixdusud.fr\/wp-content\/uploads\/2022\/10\/8-768x370.jpg 768w, https:\/\/www.lacroixdusud.fr\/wp-content\/uploads\/2022\/10\/8.jpg 1350w\" sizes=\"(max-width: 1024px) 100vw, 1024px\" \/><\/figure>\n<\/figure>\n<\/div>\n\n\n\n<div class=\"wp-block-column is-vertically-aligned-center\">\n<h2 id=\"le-club-enfant-de-notre-camping-a-barcares-1\">Der Kinderclub auf unserem Campingplatz in Barcar\u00e8s<\/h2>\n\n\n\n<p>In der Hochsaison (Juli und August) steht im Kinderclub des <strong>Campingplatzes La Croix du Sud<\/strong> ein abwechslungsreiches <strong>Animationsprogramm<\/strong> auf dem Plan. Ab 6 Jahren k\u00f6nnen die Kinder von einem Animationsteam betreut werden, das sportliche Aktivit\u00e4ten, Schatzsuchen, Bastelaktivit\u00e4ten usw. anbietet &#8211; f\u00fcr jeden Geschmack ist etwas dabei.  <br\/>Jede Woche ist ein Abend f\u00fcr Kinder reserviert! Dieser Abend ist speziell f\u00fcr die Kleinen reserviert, die uns ihre <strong>Miniclub-Show auf der gro\u00dfen B\u00fchne des Campingplatzes<\/strong> pr\u00e4sentieren.  <\/p>\n\n\n\n<p>Sie werden sicherlich nicht nur unseren K\u00fcnstlern applaudieren, sondern auch die <strong>gesellige Atmosph\u00e4re<\/strong> und die einfache Freude an einem gemeinsamen Festmoment genie\u00dfen.<br\/>Au\u00dferdem haben die Kinder die Gelegenheit, sich auf dem <strong>Spielplatz auszutoben<\/strong>, der sowohl die Kleinsten als auch die Gr\u00f6\u00dferen begeistert. Eine Kletterwand, ein gro\u00dfer Pausenhof, ein kleines Baumhaus und eine gro\u00dfe Vielfalt an Rutschen werden frei zug\u00e4nglich angeboten.  <\/p>\n\n\n\n<p><strong>In Le Barcar\u00e8s sind die Ferien sowohl tags\u00fcber als auch abends rhythmisch!<\/strong><\/p>\n\n\n\n<div class=\"wp-container-69de2e8d27688 wp-block-buttons\">\n<div class=\"wp-block-button\"><a class=\"wp-block-button__link\" href=\"https:\/\/www.lacroixdusud.fr\/de\/schwimmbad-wasserpark\/\">Entdecke den Wasserpark<\/a><\/div>\n\n\n\n<div class=\"wp-block-button btn_resa\"><a class=\"wp-block-button__link\">Buchen<\/a><\/div>\n<\/div>\n<\/div>\n<\/div>\n<\/div><\/section>\n\n<section class=\"wp-container-69de2e8d27e6e wp-block-group b-25-b\"><div class=\"wp-block-group__inner-container\">\n<div class=\"wp-block-columns\">\n<div class=\"wp-block-column\">\n<h2 id=\"les-animations-en-journee-pour-votre-sejour-au-camping-a-barcares\">Animationen tags\u00fcber f\u00fcr Ihren Aufenthalt auf dem Campingplatz in Barcar\u00e8s<\/h2>\n\n\n\n<p>Auf dem <a href=\"https:\/\/www.lacroixdusud.fr\/de\/\" data-type=\"page\" data-id=\"5\">4-Sterne-Campingplatz a Barcar\u00e8s<\/a> La Croix du Sud bietet sich der Tag f\u00fcr <strong>sportliche Aktivit\u00e4ten<\/strong> aller Art an. Also auf geht&#8217;s in einen energiegeladenen Tag! Morgenaktivit\u00e4ten, die auf dem Campingplatz geplant sind :<\/p>\n\n\n\n<ul class=\"pictos_2\"><li><i class=\"far fa-water-ladder\"><\/i>  Vor der \u00d6ffnung des Schwimmbads, die f\u00fcr 10 Uhr vorgesehen ist, sorgt der Wasser-Muskelwecker f\u00fcr einen guten Start in den Tag.<\/li><li><i class=\"far fa-person-running\"><\/i>  Nach 11 Uhr werden den Urlaubern zahlreiche Animationen, Spiele und Sportturniere angeboten.<\/li><\/ul>\n\n\n\n<p>Was die Aktivit\u00e4ten am Tag betrifft, k\u00f6nnen Sie sich f\u00fcr :<\/p>\n\n\n\n<ul class=\"pictos_2\"><li><i class=\"far fa-basketball\"><\/i>  Sportturniere (Hand, Volleyball, Fu\u00dfball, Basketball)<\/li><li><i class=\"far fa-water\"><\/i>  Die vom Campingplatz organisierten Poolspiele (Wasserpolo, Superball)&#8230;<\/li><li><i class=\"far fa-ball-pile\"><\/i>  Petanque-Turniere<\/li><li><i class=\"far fa-tree-palm\"><\/i>  Eine der Aktivit\u00e4ten, die au\u00dferhalb des Campingplatzes angeboten werden (gegen Aufpreis)<\/li><\/ul>\n<\/div>\n\n\n\n<div class=\"wp-block-column\">\n<figure class=\"wp-block-image size-large coquillage1-bottom-left\"><img loading=\"lazy\" width=\"1024\" height=\"493\" src=\"https:\/\/www.lacroixdusud.fr\/wp-content\/uploads\/2022\/10\/27-1024x493.jpg\" alt=\"camping barcares sportliche aktivit&#xE4;ten\" class=\"wp-image-2702\" srcset=\"https:\/\/www.lacroixdusud.fr\/wp-content\/uploads\/2022\/10\/27-1024x493.jpg 1024w, https:\/\/www.lacroixdusud.fr\/wp-content\/uploads\/2022\/10\/27-300x144.jpg 300w, https:\/\/www.lacroixdusud.fr\/wp-content\/uploads\/2022\/10\/27-768x370.jpg 768w, https:\/\/www.lacroixdusud.fr\/wp-content\/uploads\/2022\/10\/27.jpg 1350w\" sizes=\"(max-width: 1024px) 100vw, 1024px\" \/><\/figure>\n<\/div>\n<\/div>\n<\/div><\/section>\n\n<div class=\"wp-container-69de2e8d285db wp-block-group b-20-b\"><div class=\"wp-block-group__inner-container\">\n<div class=\"wp-block-columns are-vertically-aligned-center reverse-mob\">\n<div class=\"wp-block-column is-vertically-aligned-top\">\n<figure class=\"wp-block-image size-large fleur-top-right\"><img loading=\"lazy\" width=\"1024\" height=\"768\" src=\"https:\/\/www.lacroixdusud.fr\/wp-content\/uploads\/2022\/10\/294836529_10159902350663610_299537304779815175_n-1024x768.jpg\" alt=\"camping barcares animationen\" class=\"wp-image-2661\" srcset=\"https:\/\/www.lacroixdusud.fr\/wp-content\/uploads\/2022\/10\/294836529_10159902350663610_299537304779815175_n-1024x768.jpg 1024w, https:\/\/www.lacroixdusud.fr\/wp-content\/uploads\/2022\/10\/294836529_10159902350663610_299537304779815175_n-300x225.jpg 300w, https:\/\/www.lacroixdusud.fr\/wp-content\/uploads\/2022\/10\/294836529_10159902350663610_299537304779815175_n-768x576.jpg 768w, https:\/\/www.lacroixdusud.fr\/wp-content\/uploads\/2022\/10\/294836529_10159902350663610_299537304779815175_n-1536x1152.jpg 1536w, https:\/\/www.lacroixdusud.fr\/wp-content\/uploads\/2022\/10\/294836529_10159902350663610_299537304779815175_n.jpg 2048w\" sizes=\"(max-width: 1024px) 100vw, 1024px\" \/><\/figure>\n<\/div>\n\n\n\n<div class=\"wp-block-column is-vertically-aligned-top\">\n<h2 id=\"les-animations-du-soir-de-notre-camping-au-barcares\">Die Abendunterhaltung auf unserem Campingplatz in Barcares<\/h2>\n\n\n\n<p>Wenn am Abend die Nacht \u00fcber <strong>Barcar\u00e8s<\/strong> (66) hereinbricht, erstrahlt der Glitzer des <strong>Campingplatzes La Croix du Sud<\/strong> in tausend Lichtern. Der Tag mit Freizeit und sportlichen Aktivit\u00e4ten macht am Abend Platz f\u00fcr eine <strong>zauberhafte Welt<\/strong>.<\/p>\n\n\n\n<p>Von der \u00fcberdachten B\u00fchne aus entf\u00fchren Sie die <strong>K\u00fcnstler <\/strong>in die wunderbare Welt der Nacht. Sie werden von der <strong>F\u00fclle<\/strong> und <strong>Vielfalt<\/strong> unseres Programms \u00fcberrascht sein. Tr\u00e4umen Sie mit den <strong>Abendveranstaltungen, Hypnose oder Kabarett<\/strong>. Staunen mit den <strong>Showabenden (f\u00fcr alle Altersgruppen oder Kindershows), Spa\u00df mit den Schau<\/strong>mpartys. Lachen mit unseren <strong>Komikern und Themenabenden<\/strong>. F\u00fcr Nachtschw\u00e4rmer bieten wir <strong>DJ-Abende, Karaoke oder Tanzabende und Afterpartys <\/strong>in unserem Barraum an.<\/p>\n\n\n\n<p>Alle vereint eine gemeinsame Leidenschaft, vibrieren Sie mit uns bei den <strong>\u00dcbertragungen von Sportereignissen<\/strong>.<\/p>\n\n\n\n<div class=\"wp-container-69de2e8d2828f wp-block-buttons\">\n<div class=\"wp-block-button has-custom-width wp-block-button__width-50\"><a class=\"wp-block-button__link\" href=\"https:\/\/www.lacroixdusud.fr\/de\/galerie-medien\/\">Fotogalerie<\/a><\/div>\n<\/div>\n<\/div>\n<\/div>\n<\/div><\/div>\n\n<div style=\"height:100px\" aria-hidden=\"true\" class=\"wp-block-spacer\"><\/div>\n\n<div class=\"wp-block-group encart-information\"><div class=\"wp-block-group__inner-container\">\n<p class=\"has-text-align-center has-font-color has-text-color\">Gegen Aufpreis: <strong>Rafting<\/strong>, <strong>Paddeln<\/strong>, <strong>Jetski<\/strong>, <strong>Reiten<\/strong>, <strong>Water Jump<\/strong><strong> <\/strong>sowie <strong>Kartfahren, Bowling<\/strong> oder andere Aktivit\u00e4ten nach Reservierung.<br\/>F\u00fcr weitere Informationen wenden Sie sich bitte an die Rezeption des Campingplatzes.<\/p>\n<\/div><\/div>\n\n<div style=\"height:100px\" aria-hidden=\"true\" class=\"wp-block-spacer\"><\/div>\n\n<div class=\"wp-container-69de2e8d289c3 wp-block-group\"><div class=\"wp-block-group__inner-container\">\n<h2 class=\"has-text-align-center\" id=\"les-animations-hors-saison-au-camping-la-croix-du-sud\">Die Animationen au\u00dferhalb der Saison auf dem Campingplatz La Croix du Sud<\/h2>\n\n\n\n<p class=\"has-text-align-center has-bleu-color has-text-color\">Sanfte Animationen: von Anfang Juni bis zum 2. Juli und vom 3. bis Mitte September.<\/p>\n\n\n\n<p>In der Nebensaison begr\u00fc\u00dfen wir Senioren, die die Sonne genie\u00dfen m\u00f6chten, ebenso wie Paare mit Kleinkindern, Wanderer, die unsere sch\u00f6ne Region entdecken wollen, und viele andere\u2026 Unsere Animationen unterscheiden sich deutlich von denen der Hochsaison im Juli und August. <\/p>\n<\/div><\/div>\n\n<div class=\"wp-block-columns\">\n<div class=\"wp-block-column\">\n<h3 id=\"animations-en-journee\">Animationen am Tag<\/h3>\n\n\n\n<p>Morgens, an Wochentagen, k\u00f6nnen Sie am <strong>Muskelaufwachprogramm<\/strong> im beheizten Wasser des Pools teilnehmen oder an <strong>Spazierg\u00e4ngen auf dem Gr\u00fcnen Weg<\/strong> mit unserem Animateur, der es sich nicht nehmen l\u00e4sst, Ihnen die pikanten Geschichten unseres Departements zu erz\u00e4hlen.<\/p>\n\n\n\n<p>Wir organisieren drei <strong>P\u00e9tanque-Wettbewerbe<\/strong> pro Woche sowie den Nachbarschafts-Aperitif in einer Allee des Campingplatzes.<\/p>\n<\/div>\n\n\n\n<div class=\"wp-block-column\">\n<h3 id=\"animations-en-soiree\">Abendanimationen<\/h3>\n\n\n\n<p>Die Abendanimationen finden an 5 von 7 Tagen statt: <\/p>\n\n\n\n<p>Gesangsduo, Karaoke, Belote-Turnier, Lotto, Riesenquiz und Show f\u00fcr die Kleinsten.<\/p>\n<\/div>\n<\/div>\n\n<section class=\"wp-container-69de2e8d29253 wp-block-group b-05-a\"><div class=\"wp-block-group__inner-container\">\n<div class=\"wp-block-columns\">\n<div class=\"wp-block-column\">\n<h2 id=\"l-espace-detente-de-votre-camping-a-barcares\">Der Entspannungsbereich Ihres Campingplatzes in Barcares<\/h2>\n\n\n\n<p>Haben Sie Lust, sich w\u00e4hrend Ihres n\u00e4chsten Aufenthalts auf dem <strong>Campingplatz a Barcares<\/strong> zu pflegen? Damit Sie Momente im Zeichen des Wohlbefindens und der Entspannung genie\u00dfen k\u00f6nnen, bietet Ihnen der <a href=\"https:\/\/www.lacroixdusud.fr\/de\/\" data-type=\"page\" data-id=\"5\">4-Sterne-Campingplatz La Croix du Sud<\/a> die M\u00f6glichkeit, sich in seinem neuen <strong>Wellnessbereich<\/strong> zu entspannen. Hier finden Sie eine Sauna mit trockener Hitze (zwischen 70\u00b0 und 90\u00b0), ein Dampfbad mit feuchter Hitze, einen Manik\u00fcrbereich sowie einen Fitnessraum. So k\u00f6nnen Sie K\u00f6rper und Geist w\u00e4hrend Ihres Urlaubs entspannen!<\/p>\n\n\n\n<div class=\"wp-block-group lire-plus-mobile\"><div class=\"wp-block-group__inner-container\">\n<p>Read more<\/p>\n\n\n\n<div class=\"wp-container-69de2e8d28ebe wp-block-group\"><div class=\"wp-block-group__inner-container\">\n<h3 id=\"le-sauna\">Die Sauna<\/h3>\n\n\n\n<p>Die Sauna ist in den nordischen L\u00e4ndern wohlbekannt und wird wegen ihrer zahlreichen Vorteile, wie z. B. ihrer entspannenden und stressabbauenden Wirkung, genutzt. W\u00e4hrend einer Sitzung erm\u00f6glichen Sie Ihrem K\u00f6rper so, die Blutzirkulation anzuregen, die Muskeln nach einer k\u00f6rperlichen Aktivit\u00e4t zu entspannen, die Haut durch eine Tiefenreinigung zu versch\u00f6nern, etc.<\/p>\n\n\n\n<h3 id=\"le-hammam\">Das Hamam<\/h3>\n\n\n\n<p>Mit seiner feuchten W\u00e4rme zwischen 40\u00b0 und 50\u00b0 unterscheidet sich das Dampfbad von der Sauna durch seine Temperatur, seine Nutzung sowie seine Herkunft. Allerdings wird auch er Ihrem K\u00f6rper viele entspannende und entkrampfende Vorteile bieten.<\/p>\n\n\n\n<h3 id=\"l-espace-manucure\">Der Manik\u00fcrbereich<\/h3>\n\n\n\n<p>Nachdem Sie sich um Ihren K\u00f6rper gek\u00fcmmert haben, haben Sie auch die M\u00f6glichkeit, Ihre N\u00e4gel im Manik\u00fcrebereich neu zu gestalten.<\/p>\n<\/div><\/div>\n<\/div><\/div>\n<\/div>\n\n\n\n<div class=\"wp-block-column\">\n<figure class=\"wp-block-image size-full\"><img loading=\"lazy\" width=\"2560\" height=\"1758\" src=\"https:\/\/www.lacroixdusud.fr\/wp-content\/uploads\/2022\/07\/20190506_110448-scaled.jpg\" alt=\"camping barcares spa\" class=\"wp-image-991\" srcset=\"https:\/\/www.lacroixdusud.fr\/wp-content\/uploads\/2022\/07\/20190506_110448-scaled.jpg 2560w, https:\/\/www.lacroixdusud.fr\/wp-content\/uploads\/2022\/07\/20190506_110448-300x206.jpg 300w, https:\/\/www.lacroixdusud.fr\/wp-content\/uploads\/2022\/07\/20190506_110448-1024x703.jpg 1024w, https:\/\/www.lacroixdusud.fr\/wp-content\/uploads\/2022\/07\/20190506_110448-768x527.jpg 768w, https:\/\/www.lacroixdusud.fr\/wp-content\/uploads\/2022\/07\/20190506_110448-1536x1055.jpg 1536w, https:\/\/www.lacroixdusud.fr\/wp-content\/uploads\/2022\/07\/20190506_110448-2048x1406.jpg 2048w\" sizes=\"(max-width: 2560px) 100vw, 2560px\" \/><\/figure>\n<\/div>\n<\/div>\n<\/div><\/section>\n\n<section class=\"wp-container-69de2e8d299d1 wp-block-group b-00-b\"><div class=\"wp-block-group__inner-container\">\n<div class=\"wp-block-columns reverse-mob\">\n<div class=\"wp-block-column\">\n<figure class=\"wp-block-gallery has-nested-images columns-default is-cropped\">\n<figure class=\"wp-block-image size-large\"><img loading=\"lazy\" width=\"498\" height=\"1024\" src=\"https:\/\/www.lacroixdusud.fr\/wp-content\/uploads\/2022\/10\/20190501_164336-498x1024.jpg\" alt=\"camping barcares fitness\" class=\"wp-image-2715\" srcset=\"https:\/\/www.lacroixdusud.fr\/wp-content\/uploads\/2022\/10\/20190501_164336-498x1024.jpg 498w, https:\/\/www.lacroixdusud.fr\/wp-content\/uploads\/2022\/10\/20190501_164336-146x300.jpg 146w, https:\/\/www.lacroixdusud.fr\/wp-content\/uploads\/2022\/10\/20190501_164336-768x1580.jpg 768w, https:\/\/www.lacroixdusud.fr\/wp-content\/uploads\/2022\/10\/20190501_164336-747x1536.jpg 747w, https:\/\/www.lacroixdusud.fr\/wp-content\/uploads\/2022\/10\/20190501_164336-996x2048.jpg 996w, https:\/\/www.lacroixdusud.fr\/wp-content\/uploads\/2022\/10\/20190501_164336-scaled.jpg 1244w\" sizes=\"(max-width: 498px) 100vw, 498px\" \/><\/figure>\n\n\n\n<figure class=\"wp-block-image size-large\"><img loading=\"lazy\" width=\"1024\" height=\"498\" src=\"https:\/\/www.lacroixdusud.fr\/wp-content\/uploads\/2022\/07\/espace-fitness-1024x498.jpg\" alt=\"camping barcares fitness\" class=\"wp-image-478\" srcset=\"https:\/\/www.lacroixdusud.fr\/wp-content\/uploads\/2022\/07\/espace-fitness-1024x498.jpg 1024w, https:\/\/www.lacroixdusud.fr\/wp-content\/uploads\/2022\/07\/espace-fitness-300x146.jpg 300w, https:\/\/www.lacroixdusud.fr\/wp-content\/uploads\/2022\/07\/espace-fitness-768x373.jpg 768w, https:\/\/www.lacroixdusud.fr\/wp-content\/uploads\/2022\/07\/espace-fitness-1536x747.jpg 1536w, https:\/\/www.lacroixdusud.fr\/wp-content\/uploads\/2022\/07\/espace-fitness-2048x996.jpg 2048w\" sizes=\"(max-width: 1024px) 100vw, 1024px\" \/><\/figure>\n<\/figure>\n<\/div>\n\n\n\n<div class=\"wp-block-column\">\n<h2 id=\"la-salle-de-fitness\">Der Fitnessraum<\/h2>\n\n\n\n<p>Ob Sie nun wieder mit dem Sport beginnen oder Ihr Training auch w\u00e4hrend Ihres Aufenthalts auf dem Campingplatz a Barcares fortsetzen m\u00f6chten, im<strong> Fitnessraum des Campingplatzes<\/strong> k\u00f6nnen Sie sich auspowern. Je nach Ihren W\u00fcnschen, zwischen Kardio- und Krafttraining, k\u00f6nnen Sie in diesem Bereich w\u00e4hrend Ihrer Sporteinheit dank der verschiedenen vor Ort angebotenen Ger\u00e4te Ihren gesamten K\u00f6rper trainieren.<\/p>\n\n\n\n<p>Diese Einheiten k\u00f6nnen auch mit sportlichen Aktivit\u00e4ten im beheizten Wasserbereich des Campingplatzes verbunden werden. In der Sommersaison k\u00f6nnen Sie n\u00e4mlich auch die geplanten Muskelwecker nutzen.<\/p>\n\n\n\n<div class=\"wp-container-69de2e8d2969f wp-block-buttons\">\n<div class=\"wp-block-button has-custom-width wp-block-button__width-50\"><a class=\"wp-block-button__link\" href=\"https:\/\/www.lacroixdusud.fr\/de\/galerie-medien\/\">Fotogalerie<\/a><\/div>\n<\/div>\n<\/div>\n<\/div>\n<\/div><\/section>\n","protected":false},"excerpt":{"rendered":"<p>Campingplatz in Barcar\u00e8s mit Animationen Tags\u00fcber und abends steht auf unserem Campingplatz in Barcar\u00e8s eine Vielzahl von Animationen auf dem Programm, die f\u00fcr jeden Geschmack und jede Vorliebe etwas zu bieten haben! Der Kinderclub auf unserem Campingplatz in Barcar\u00e8s In der Hochsaison (Juli und August) steht im Kinderclub des Campingplatzes La Croix du Sud ein [&hellip;]<\/p>\n","protected":false},"author":1,"featured_media":4264,"parent":0,"menu_order":0,"comment_status":"closed","ping_status":"closed","template":"","meta":[],"acf":[],"_links":{"self":[{"href":"https:\/\/www.lacroixdusud.fr\/de\/wp-json\/wp\/v2\/pages\/4376"}],"collection":[{"href":"https:\/\/www.lacroixdusud.fr\/de\/wp-json\/wp\/v2\/pages"}],"about":[{"href":"https:\/\/www.lacroixdusud.fr\/de\/wp-json\/wp\/v2\/types\/page"}],"author":[{"embeddable":true,"href":"https:\/\/www.lacroixdusud.fr\/de\/wp-json\/wp\/v2\/users\/1"}],"replies":[{"embeddable":true,"href":"https:\/\/www.lacroixdusud.fr\/de\/wp-json\/wp\/v2\/comments?post=4376"}],"version-history":[{"count":6,"href":"https:\/\/www.lacroixdusud.fr\/de\/wp-json\/wp\/v2\/pages\/4376\/revisions"}],"predecessor-version":[{"id":7265,"href":"https:\/\/www.lacroixdusud.fr\/de\/wp-json\/wp\/v2\/pages\/4376\/revisions\/7265"}],"wp:featuredmedia":[{"embeddable":true,"href":"https:\/\/www.lacroixdusud.fr\/de\/wp-json\/wp\/v2\/media\/4264"}],"wp:attachment":[{"href":"https:\/\/www.lacroixdusud.fr\/de\/wp-json\/wp\/v2\/media?parent=4376"}],"curies":[{"name":"wp","href":"https:\/\/api.w.org\/{rel}","templated":true}]}}