{"id":4406,"date":"2023-12-06T11:40:53","date_gmt":"2023-12-06T10:40:53","guid":{"rendered":"https:\/\/www.lacroixdusud.fr\/barcare-port-standorte\/"},"modified":"2024-12-17T15:51:22","modified_gmt":"2024-12-17T14:51:22","slug":"barcare-port-standorte","status":"publish","type":"page","link":"https:\/\/www.lacroixdusud.fr\/de\/barcare-port-standorte\/","title":{"rendered":". Emplacement DE > Stellplatz"},"content":{"rendered":"\n<section class=\"wp-container-69f0ccab7a93a wp-block-group a-00-a\"><div class=\"wp-block-group__inner-container\">\n<div class=\"wp-block-cover alignfull is-light\"><span aria-hidden=\"true\" class=\"has-background-dim-0 wp-block-cover__gradient-background has-background-dim\"><\/span><img loading=\"lazy\" width=\"1200\" height=\"900\" class=\"wp-block-cover__image-background wp-image-860\" alt=\"\" src=\"https:\/\/www.lacroixdusud.fr\/wp-content\/uploads\/2022\/07\/la-croix-du-sud-emplacements-03.jpg\" style=\"object-position:60% 65%\" data-object-fit=\"cover\" data-object-position=\"60% 65%\" srcset=\"https:\/\/www.lacroixdusud.fr\/wp-content\/uploads\/2022\/07\/la-croix-du-sud-emplacements-03.jpg 1200w, https:\/\/www.lacroixdusud.fr\/wp-content\/uploads\/2022\/07\/la-croix-du-sud-emplacements-03-300x225.jpg 300w, https:\/\/www.lacroixdusud.fr\/wp-content\/uploads\/2022\/07\/la-croix-du-sud-emplacements-03-1024x768.jpg 1024w, https:\/\/www.lacroixdusud.fr\/wp-content\/uploads\/2022\/07\/la-croix-du-sud-emplacements-03-768x576.jpg 768w\" sizes=\"(max-width: 1200px) 100vw, 1200px\" \/><div class=\"wp-block-cover__inner-container\">\n<p class=\"has-text-align-center has-large-font-size\"><\/p>\n<\/div><\/div>\n\n\n\n<div class=\"wp-container-69f0ccab7a628 wp-block-group intro\"><div class=\"wp-block-group__inner-container\">\n<h2 class=\"has-text-align-left\" id=\"camping-port-barcares-dans-les-pyrenees-orientales\">Unsere Campingpl\u00e4tze in Port Barcar\u00e8s in den \u00f6stlichen Pyren\u00e4en<\/h2>\n\n\n\n<p>W\u00e4hlen Sie unseren Camping- und Wohnwagenplatz in Barcar\u00e8s f\u00fcr Ihren n\u00e4chsten Urlaub in den \u00f6stlichen Pyren\u00e4en! Wir bieten Campingpl\u00e4tze f\u00fcr Zelte, Wohnwagen und Wohnmobile auf schattigen oder halbschattigen Fl\u00e4chen mit Stroms\u00e4ulen.<\/p>\n<\/div><\/div>\n<\/div><\/section>\n\n\n\n<div class=\"wp-container-69f0ccab7b407 wp-block-group b-20-b\"><div class=\"wp-block-group__inner-container\">\n<div class=\"wp-block-columns are-vertically-aligned-center\">\n<div class=\"wp-block-column is-vertically-aligned-top\">\n<figure class=\"wp-block-image size-large papito-gauche\"><img loading=\"lazy\" width=\"1024\" height=\"683\" src=\"https:\/\/www.lacroixdusud.fr\/wp-content\/uploads\/2022\/10\/CDS_Tente-C_car_001-ConvertImage-1024x683.jpg\" alt=\"camping barcares stellplatz\" class=\"wp-image-2678\" srcset=\"https:\/\/www.lacroixdusud.fr\/wp-content\/uploads\/2022\/10\/CDS_Tente-C_car_001-ConvertImage-1024x683.jpg 1024w, https:\/\/www.lacroixdusud.fr\/wp-content\/uploads\/2022\/10\/CDS_Tente-C_car_001-ConvertImage-300x200.jpg 300w, https:\/\/www.lacroixdusud.fr\/wp-content\/uploads\/2022\/10\/CDS_Tente-C_car_001-ConvertImage-768x512.jpg 768w, https:\/\/www.lacroixdusud.fr\/wp-content\/uploads\/2022\/10\/CDS_Tente-C_car_001-ConvertImage-1536x1024.jpg 1536w, https:\/\/www.lacroixdusud.fr\/wp-content\/uploads\/2022\/10\/CDS_Tente-C_car_001-ConvertImage-2048x1365.jpg 2048w\" sizes=\"(max-width: 1024px) 100vw, 1024px\" \/><\/figure>\n<\/div>\n\n\n\n<div class=\"wp-block-column is-vertically-aligned-top\">\n<h3 class=\"titre\" id=\"le-camping-oui-mais-le-confort-d-abord\">Camping ja, aber Komfort zuerst!<\/h3>\n\n\n\n<p>Der <a href=\"https:\/\/www.lacroixdusud.fr\/de\/\" data-type=\"page\" data-id=\"5\">Campingplatz Port Barcares<\/a> La Croix du Sud bietet Ihnen auch ger\u00e4umige <strong>Campingpl\u00e4tze<\/strong> f\u00fcr <strong>Zelt, Wohnwagen oder Wohnmobil<\/strong>.<\/p>\n\n\n\n<p>Wir wissen, wie wichtig es ist, dass Sie sich wohlf\u00fchlen, um Ihren<strong> Campingurlaub im Departement Pyr\u00e9n\u00e9es-Orientales in<\/strong> vollen Z\u00fcgen genie\u00dfen zu k\u00f6nnen, und haben unsere Stellpl\u00e4tze mit gro\u00dfer Sorgfalt angelegt, um Ihnen den Aufenthalt so angenehm wie m\u00f6glich zu gestalten.<\/p>\n\n\n\n<div class=\"wp-block-group lire-plus-mobile\"><div class=\"wp-block-group__inner-container\">\n<p>Lesen Sie mehr<\/p>\n\n\n\n<div class=\"wp-container-69f0ccab7ad7d wp-block-group\"><div class=\"wp-block-group__inner-container\">\n<p>Mit seinen Stellpl\u00e4tzen, die durch Hecken aus Str\u00e4uchern, gro\u00dfen Zypressen, Lorbeerb\u00e4umen, Palmen und anderen gro\u00dfen B\u00e4umen abgegrenzt sind, verf\u00fcgt der Campingplatz Port Barcares \u00fcber Parzellen, die f\u00fcr alle Bed\u00fcrfnisse geeignet sind, um die Au\u00dfenwelt und ihre \u00fcppige Natur zu genie\u00dfen. So k\u00f6nnen Sie einen <strong>schattigen<\/strong> oder <strong>halbschattigen<\/strong> <strong>Zeltplatz<\/strong> w\u00e4hlen, ganz nach Ihren W\u00fcnschen! Jeder Stellplatz auf unserem <strong>Campingplatz Port Barcares<\/strong> ist gut abgegrenzt und verf\u00fcgt \u00fcber einen 10-Ampere-Elektroanschluss. Jeder der <strong>vermietbaren Stellpl\u00e4tze<\/strong> befindet sich in der N\u00e4he einer <strong>Wasserstelle<\/strong> und eines kollektiven <strong>Grillplatzes<\/strong>. Sie werden auch unsere verschiedenen Dienstleistungen (Lebensmittelgesch\u00e4ft, Fitnessraum, Entspannungsbereich, &#8230;) sowie unseren <a href=\"https:\/\/www.lacroixdusud.fr\/de\/schwimmbad-wasserpark\/\" data-type=\"page\" data-id=\"542\">Wasserbereich mit seinen zwei beheizten Pools<\/a> zu sch\u00e4tzen wissen. Das wird die ganze Familie begeistern!<\/p>\n<\/div><\/div>\n<\/div><\/div>\n\n\n\n<div class=\"wp-container-69f0ccab7b0f7 wp-block-buttons\">\n<div class=\"wp-block-button btn_resa\"><a class=\"wp-block-button__link\">Buchen<\/a><\/div>\n<\/div>\n<\/div>\n<\/div>\n<\/div><\/div>\n\n\n\n<section class=\"wp-container-69f0ccab7bb9b wp-block-group b-05-a\"><div class=\"wp-block-group__inner-container\">\n<div class=\"wp-block-columns\">\n<div class=\"wp-block-column\">\n<h3 class=\"titre\" id=\"les-equipements-et-services-a-proximite-des-emplacements-de-camping\">Einrichtungen und Dienstleistungen in der N\u00e4he von Campingpl\u00e4tzen<\/h3>\n\n\n\n<p>Wenn Sie sich auf einem der <strong>Stellpl\u00e4tze auf dem Campingplatz Port Barcares<\/strong> in La Croix du Sud aufhalten, haben Sie leichten Zugang zu den verschiedenen Einrichtungen, die daf\u00fcr bestimmt sind :<\/p>\n\n\n\n<ul id=\"block-270fecd2-be72-4aa4-98e7-1122eae25b10\"><li>Die Zwei Sanit\u00e4ranlagen mit Babykabinen und behindertengerechten Kabinen stehen Ihnen zur Verf\u00fcgung.<\/li><li>Der Grillplatz steht Ihnen ebenfalls zur Verf\u00fcgung, damit Sie mit Ihren Freunden und Verwandten ein leckeres Essen genie\u00dfen k\u00f6nnen, das nach Urlaub riecht.<\/li><\/ul>\n\n\n\n<p>Als Liebhaber von <strong>Wohnmobilen<\/strong> w\u00e4hlen Sie mit La Croix du Sud den <strong>Camping-Stellplatz<\/strong> f\u00fcr Ihren Urlaub und verbringen Sie einen <strong>unvergesslichen Aufenthalt in Port Barcar\u00e8s im Departement Pyr\u00e9n\u00e9es-Orientales<\/strong>.<\/p>\n\n\n\n<div class=\"wp-container-69f0ccab7b804 wp-block-buttons\">\n<div class=\"wp-block-button\"><a class=\"wp-block-button__link\" href=\"https:\/\/www.lacroixdusud.fr\/de\/tourismus-pyrenees-orientales\/\">Was kann man in der Umgebung des Campingplatzes unternehmen?<\/a><\/div>\n\n\n\n<div class=\"wp-block-button\"><a class=\"wp-block-button__link\" href=\"https:\/\/www.lacroixdusud.fr\/de\/dienstleistungen\/\">Entdecken Sie unsere Dienstleistungen<\/a><\/div>\n<\/div>\n<\/div>\n\n\n\n<div class=\"wp-block-column\">\n<figure class=\"wp-block-image size-large coquillage1-top-right\"><img loading=\"lazy\" width=\"1024\" height=\"683\" src=\"https:\/\/www.lacroixdusud.fr\/wp-content\/uploads\/2022\/10\/CDS_Tente-C_car_004-ConvertImage-1024x683.jpg\" alt=\"camping barcares stellplatz wohnmobil\" class=\"wp-image-2681\" srcset=\"https:\/\/www.lacroixdusud.fr\/wp-content\/uploads\/2022\/10\/CDS_Tente-C_car_004-ConvertImage-1024x683.jpg 1024w, https:\/\/www.lacroixdusud.fr\/wp-content\/uploads\/2022\/10\/CDS_Tente-C_car_004-ConvertImage-300x200.jpg 300w, https:\/\/www.lacroixdusud.fr\/wp-content\/uploads\/2022\/10\/CDS_Tente-C_car_004-ConvertImage-768x512.jpg 768w, https:\/\/www.lacroixdusud.fr\/wp-content\/uploads\/2022\/10\/CDS_Tente-C_car_004-ConvertImage-1536x1024.jpg 1536w, https:\/\/www.lacroixdusud.fr\/wp-content\/uploads\/2022\/10\/CDS_Tente-C_car_004-ConvertImage-2048x1365.jpg 2048w\" sizes=\"(max-width: 1024px) 100vw, 1024px\" \/><\/figure>\n<\/div>\n<\/div>\n<\/div><\/section>\n","protected":false},"excerpt":{"rendered":"<p>Unsere Campingpl\u00e4tze in Port Barcar\u00e8s in den \u00f6stlichen Pyren\u00e4en W\u00e4hlen Sie unseren Camping- und Wohnwagenplatz in Barcar\u00e8s f\u00fcr Ihren n\u00e4chsten Urlaub in den \u00f6stlichen Pyren\u00e4en! Wir bieten Campingpl\u00e4tze f\u00fcr Zelte, Wohnwagen und Wohnmobile auf schattigen oder halbschattigen Fl\u00e4chen mit Stroms\u00e4ulen. Camping ja, aber Komfort zuerst! Der Campingplatz Port Barcares La Croix du Sud bietet Ihnen [&hellip;]<\/p>\n","protected":false},"author":1,"featured_media":4408,"parent":0,"menu_order":0,"comment_status":"closed","ping_status":"closed","template":"","meta":[],"acf":[],"_links":{"self":[{"href":"https:\/\/www.lacroixdusud.fr\/de\/wp-json\/wp\/v2\/pages\/4406"}],"collection":[{"href":"https:\/\/www.lacroixdusud.fr\/de\/wp-json\/wp\/v2\/pages"}],"about":[{"href":"https:\/\/www.lacroixdusud.fr\/de\/wp-json\/wp\/v2\/types\/page"}],"author":[{"embeddable":true,"href":"https:\/\/www.lacroixdusud.fr\/de\/wp-json\/wp\/v2\/users\/1"}],"replies":[{"embeddable":true,"href":"https:\/\/www.lacroixdusud.fr\/de\/wp-json\/wp\/v2\/comments?post=4406"}],"version-history":[{"count":6,"href":"https:\/\/www.lacroixdusud.fr\/de\/wp-json\/wp\/v2\/pages\/4406\/revisions"}],"predecessor-version":[{"id":6583,"href":"https:\/\/www.lacroixdusud.fr\/de\/wp-json\/wp\/v2\/pages\/4406\/revisions\/6583"}],"wp:featuredmedia":[{"embeddable":true,"href":"https:\/\/www.lacroixdusud.fr\/de\/wp-json\/wp\/v2\/media\/4408"}],"wp:attachment":[{"href":"https:\/\/www.lacroixdusud.fr\/de\/wp-json\/wp\/v2\/media?parent=4406"}],"curies":[{"name":"wp","href":"https:\/\/api.w.org\/{rel}","templated":true}]}}