{"id":4416,"date":"2023-12-06T11:41:20","date_gmt":"2023-12-06T10:41:20","guid":{"rendered":"https:\/\/www.lacroixdusud.fr\/schwimmbad-wasserpark\/"},"modified":"2025-05-05T14:52:59","modified_gmt":"2025-05-05T12:52:59","slug":"schwimmbad-wasserpark","status":"publish","type":"page","link":"https:\/\/www.lacroixdusud.fr\/de\/schwimmbad-wasserpark\/","title":{"rendered":". Piscine DE"},"content":{"rendered":"\n<section class=\"wp-container-69f0ccad2b329 wp-block-group a-00-a\"><div class=\"wp-block-group__inner-container\">\n<div class=\"wp-block-cover alignfull is-light\"><span aria-hidden=\"true\" class=\"has-bleu-background-color has-background-dim-10 wp-block-cover__gradient-background has-background-dim\"><\/span><img loading=\"lazy\" width=\"1200\" height=\"800\" class=\"wp-block-cover__image-background wp-image-2149\" alt=\"\" src=\"https:\/\/www.lacroixdusud.fr\/wp-content\/uploads\/2022\/10\/1200x0_95_3_c_FFFFFF_208ac444405dd14fed781dd6fb359116.jpg\" style=\"object-position:54% 69%\" data-object-fit=\"cover\" data-object-position=\"54% 69%\" srcset=\"https:\/\/www.lacroixdusud.fr\/wp-content\/uploads\/2022\/10\/1200x0_95_3_c_FFFFFF_208ac444405dd14fed781dd6fb359116.jpg 1200w, https:\/\/www.lacroixdusud.fr\/wp-content\/uploads\/2022\/10\/1200x0_95_3_c_FFFFFF_208ac444405dd14fed781dd6fb359116-300x200.jpg 300w, https:\/\/www.lacroixdusud.fr\/wp-content\/uploads\/2022\/10\/1200x0_95_3_c_FFFFFF_208ac444405dd14fed781dd6fb359116-1024x683.jpg 1024w, https:\/\/www.lacroixdusud.fr\/wp-content\/uploads\/2022\/10\/1200x0_95_3_c_FFFFFF_208ac444405dd14fed781dd6fb359116-768x512.jpg 768w\" sizes=\"(max-width: 1200px) 100vw, 1200px\" \/><div class=\"wp-block-cover__inner-container\">\n<p class=\"has-text-align-center has-large-font-size\"><\/p>\n<\/div><\/div>\n\n\n\n<div class=\"wp-container-69f0ccad2afea wp-block-group intro papito\"><div class=\"wp-block-group__inner-container\">\n<h1 class=\"has-text-align-left\" id=\"camping-a-barcares-avec-parc-aquatique-dans-les-pyrenees-orientales\">Campingplatz in Barcares mit Wasserpark in den Pyr\u00e9n\u00e9es Orientales<\/h1>\n\n\n\n<p>W\u00e4hrend Ihres <strong>Aufenthalts in den \u00f6stlichen Pyren\u00e4en<\/strong> auf dem <a rel=\"noreferrer noopener\" href=\"https:\/\/www.lacroixdusud.fr\/de\/\" target=\"_blank\">Campingplatz La Croix du Sud in Barcar\u00e8s<\/a> k\u00f6nnen Sie die Freuden des Badens genie\u00dfen, indem Sie unseren <strong>beheizten<\/strong> <strong>Wasserbereich<\/strong> entdecken, der eine echte Bereicherung f\u00fcr Ihren Urlaub sein wird.<\/p>\n<\/div><\/div>\n<\/div><\/section>\n\n\n\n<section class=\"wp-container-69f0ccad2bab0 wp-block-group b-00-b\"><div class=\"wp-block-group__inner-container\">\n<div class=\"wp-block-columns\">\n<div class=\"wp-block-column\">\n<figure class=\"wp-block-gallery has-nested-images columns-default is-cropped fleur-top-right\">\n<figure class=\"wp-block-image size-large\"><img loading=\"lazy\" width=\"1024\" height=\"683\" src=\"https:\/\/www.lacroixdusud.fr\/wp-content\/uploads\/2022\/10\/1200x0_95_3_c_FFFFFF_a2f470a61a5b0e030c84dd409d76a441-1024x683.jpg\" alt=\"camping barcares wasserpark\" class=\"wp-image-2167\" srcset=\"https:\/\/www.lacroixdusud.fr\/wp-content\/uploads\/2022\/10\/1200x0_95_3_c_FFFFFF_a2f470a61a5b0e030c84dd409d76a441-1024x683.jpg 1024w, https:\/\/www.lacroixdusud.fr\/wp-content\/uploads\/2022\/10\/1200x0_95_3_c_FFFFFF_a2f470a61a5b0e030c84dd409d76a441-300x200.jpg 300w, https:\/\/www.lacroixdusud.fr\/wp-content\/uploads\/2022\/10\/1200x0_95_3_c_FFFFFF_a2f470a61a5b0e030c84dd409d76a441-768x512.jpg 768w, https:\/\/www.lacroixdusud.fr\/wp-content\/uploads\/2022\/10\/1200x0_95_3_c_FFFFFF_a2f470a61a5b0e030c84dd409d76a441.jpg 1198w\" sizes=\"(max-width: 1024px) 100vw, 1024px\" \/><\/figure>\n\n\n\n<figure class=\"wp-block-image size-full\"><img loading=\"lazy\" width=\"569\" height=\"800\" src=\"https:\/\/www.lacroixdusud.fr\/wp-content\/uploads\/2022\/07\/CDS_piscine_001_format.jpg\" alt=\"camping barcares wasserpark\" class=\"wp-image-887\" srcset=\"https:\/\/www.lacroixdusud.fr\/wp-content\/uploads\/2022\/07\/CDS_piscine_001_format.jpg 569w, https:\/\/www.lacroixdusud.fr\/wp-content\/uploads\/2022\/07\/CDS_piscine_001_format-213x300.jpg 213w\" sizes=\"(max-width: 569px) 100vw, 569px\" \/><\/figure>\n<\/figure>\n<\/div>\n\n\n\n<div class=\"wp-block-column\">\n<h2 id=\"camping-a-barcares-avec-toboggan-aquatique\">Campingplatz in Barcares mit Wasserrutsche<\/h2>\n\n\n\n<p>Der <strong>Wasserpark<\/strong> unseres Familiencampingplatzes ist ein Ort der Geselligkeit, des Lernens und des Teilens. Er wird Gro\u00df und Klein begeistern, die nicht nur Badespa\u00df, sondern auch Rutschvergn\u00fcgen genie\u00dfen m\u00f6chten! Auf unserem <strong>Campingplatz mit Wasserpark in Barcar\u00e8s<\/strong> haben wir auch <strong>an die Liebhaber des Nerven<\/strong>kitzels gedacht. Hier gibt es sowohl eine<strong> Spiralrutsche<\/strong> als auch eine <strong>zweispurige Slide-Rutsche<\/strong>, auf der Sie sicher und schnell nach unten rutschen k\u00f6nnen. Mit diesen drei Rutschm\u00f6glichkeiten werden die Kinder und Jugendlichen nur zu gerne die Rutschen des Wasserparks nutzen.<\/p>\n\n\n\n<div class=\"wp-container-69f0ccad2b795 wp-block-buttons\">\n<div class=\"wp-block-button has-custom-width wp-block-button__width-50\"><a class=\"wp-block-button__link\" href=\"https:\/\/www.lacroixdusud.fr\/de\/galerie-medien\/\">Fotogalerie<\/a><\/div>\n<\/div>\n<\/div>\n<\/div>\n<\/div><\/section>\n\n\n\n<section class=\"wp-container-69f0ccad2c213 wp-block-group b-25-b\"><div class=\"wp-block-group__inner-container\">\n<div class=\"wp-block-columns reverse-mob\">\n<div class=\"wp-block-column\">\n<h2 id=\"camping-pyrenees-orientales-avec-piscine-chauffee\">Campingplatz Pyr\u00e9n\u00e9es Orientales mit beheiztem Schwimmbad<\/h2>\n\n\n\n<p>Im <strong>Wasserpark des Campingplatzes<\/strong> La Croix du Sud sind die <strong>Becken beheizt<\/strong>. Was gibt es Sch\u00f6neres, als den Alltagsstress am <strong>Pool<\/strong> zu verdampfen?  <\/p>\n\n\n\n<p>Ein Sonnenbad auf den Liegen, die Ihnen freundlicherweise <strong>rund um den Pool<\/strong> zur Verf\u00fcgung gestellt werden, oder warum nicht von der Sonnenterrasse aus, die den Pool \u00fcberblickt, ein kleines Bad im Pool und alles ist vergessen. Unter der Sonne der \u00f6stlichen Pyren\u00e4en<strong> genie\u00dfen Sie Ihren Urlaub mit den F\u00fc\u00dfen im Wasser.<\/strong>..<\/p>\n\n\n\n<div class=\"wp-container-69f0ccad2be9f wp-block-buttons\">\n<div class=\"wp-block-button has-custom-width wp-block-button__width-50\"><a class=\"wp-block-button__link\" href=\"https:\/\/www.lacroixdusud.fr\/de\/dienstleistungen\/\">Unsere Dienstleistungen<\/a><\/div>\n<\/div>\n<\/div>\n\n\n\n<div class=\"wp-block-column\">\n<figure class=\"wp-block-image size-large coquillage2-bottom-left\"><img loading=\"lazy\" width=\"1024\" height=\"633\" src=\"https:\/\/www.lacroixdusud.fr\/wp-content\/uploads\/2022\/10\/piscine-1024x633.jpg\" alt=\"campingplatz barcares mit wasserpark\" class=\"wp-image-2075\" srcset=\"https:\/\/www.lacroixdusud.fr\/wp-content\/uploads\/2022\/10\/piscine-1024x633.jpg 1024w, https:\/\/www.lacroixdusud.fr\/wp-content\/uploads\/2022\/10\/piscine-300x185.jpg 300w, https:\/\/www.lacroixdusud.fr\/wp-content\/uploads\/2022\/10\/piscine-768x475.jpg 768w, https:\/\/www.lacroixdusud.fr\/wp-content\/uploads\/2022\/10\/piscine-1536x950.jpg 1536w, https:\/\/www.lacroixdusud.fr\/wp-content\/uploads\/2022\/10\/piscine-2048x1266.jpg 2048w\" sizes=\"(max-width: 1024px) 100vw, 1024px\" \/><\/figure>\n<\/div>\n<\/div>\n<\/div><\/section>\n\n\n\n<section class=\"wp-container-69f0ccad2cd4a wp-block-group b-10-a\"><div class=\"wp-block-group__inner-container\">\n<div class=\"wp-block-columns\">\n<div class=\"wp-block-column\">\n<figure class=\"wp-block-gallery has-nested-images columns-default is-cropped diaporama-mob\">\n<figure class=\"wp-block-image size-full\"><img loading=\"lazy\" width=\"569\" height=\"800\" src=\"https:\/\/www.lacroixdusud.fr\/wp-content\/uploads\/2022\/07\/CDS_piscine_001_format.jpg\" alt=\"camping barcares wasserpark planschbecken\" class=\"wp-image-887\" srcset=\"https:\/\/www.lacroixdusud.fr\/wp-content\/uploads\/2022\/07\/CDS_piscine_001_format.jpg 569w, https:\/\/www.lacroixdusud.fr\/wp-content\/uploads\/2022\/07\/CDS_piscine_001_format-213x300.jpg 213w\" sizes=\"(max-width: 569px) 100vw, 569px\" \/><\/figure>\n\n\n\n<figure class=\"wp-block-image size-full\"><img loading=\"lazy\" width=\"583\" height=\"900\" src=\"https:\/\/www.lacroixdusud.fr\/wp-content\/uploads\/2022\/07\/CDS_piscine_023_format.jpg\" alt=\"camping barcares wasserpark kinderplanschbecken\" class=\"wp-image-890\" srcset=\"https:\/\/www.lacroixdusud.fr\/wp-content\/uploads\/2022\/07\/CDS_piscine_023_format.jpg 583w, https:\/\/www.lacroixdusud.fr\/wp-content\/uploads\/2022\/07\/CDS_piscine_023_format-194x300.jpg 194w\" sizes=\"(max-width: 583px) 100vw, 583px\" \/><\/figure>\n\n\n\n<figure class=\"wp-block-image size-large\"><img loading=\"lazy\" width=\"617\" height=\"1024\" src=\"https:\/\/www.lacroixdusud.fr\/wp-content\/uploads\/2022\/07\/CDS_piscine_025_format-617x1024.jpg\" alt=\"camping barcares wasserpark kinder\" class=\"wp-image-893\" srcset=\"https:\/\/www.lacroixdusud.fr\/wp-content\/uploads\/2022\/07\/CDS_piscine_025_format-617x1024.jpg 617w, https:\/\/www.lacroixdusud.fr\/wp-content\/uploads\/2022\/07\/CDS_piscine_025_format-181x300.jpg 181w, https:\/\/www.lacroixdusud.fr\/wp-content\/uploads\/2022\/07\/CDS_piscine_025_format-768x1274.jpg 768w, https:\/\/www.lacroixdusud.fr\/wp-content\/uploads\/2022\/07\/CDS_piscine_025_format.jpg 900w\" sizes=\"(max-width: 617px) 100vw, 617px\" \/><\/figure>\n<\/figure>\n<\/div>\n\n\n\n<div class=\"wp-block-column\">\n<h2 id=\"la-pataugeoire-a-l-eau-les-petits\">Das Planschbecken: Ab ins Wasser, die Kleinen<\/h2>\n\n\n\n<p>Genie\u00dfen Sie Ihren <strong>Urlaub mit den F\u00fc\u00dfen im Wasser in den \u00f6stlichen Pyren\u00e4en<\/strong> von klein auf dank des zweiten Schwimmbads <strong>des Campingplatzes Barcar\u00e8s<\/strong> &#8220;speziell f\u00fcr Kleinkinder&#8221; und seiner Wasserspiele aller Art.<\/p>\n\n\n\n<p>Hier finden Sie ein <strong>spielerisches Planschbecken in Form einer Schildkr\u00f6te<\/strong> mit Blasen in jedem Bein, um die Kleinsten zum Staunen zu bringen. Sie finden auch <strong>Wasserspiele<\/strong> wie die Gie\u00dfmelone, die sich nach und nach f\u00fcllt und sich dann in einem Wasserfall ergie\u00dft; und das auf einmal, zur gro\u00dfen \u00dcberraschung der Kinder!  <\/p>\n\n\n\n<p>Hier findest du auch den <strong>Wassergarten aus Bambus<\/strong> mit kleinen Rutschen und Multid\u00fcsen. Die Kleinen finden in diesem <strong>Planschbecken<\/strong> einen besonderen Raum, in dem sie ungest\u00f6rt planschen k\u00f6nnen. Ein idealer Ort f\u00fcr Familien mit Kleinkindern, um den Urlaub so angenehm wie m\u00f6glich zu gestalten.  <\/p>\n\n\n\n<div class=\"wp-block-group lire-plus-mobile\"><div class=\"wp-block-group__inner-container\">\n<p>Lesen Sie mehr<\/p>\n\n\n\n<div class=\"wp-container-69f0ccad2c6e7 wp-block-group\"><div class=\"wp-block-group__inner-container\">\n<p>Rund um das Planschbecken gibt es breite Str\u00e4nde, an denen Eltern ihre Kinder sicher beaufsichtigen k\u00f6nnen, und auf den bereitgestellten Sonnenliegen k\u00f6nnen Faulenzer in der Sonne liegen. Nicht zu vergessen eine zus\u00e4tzliche Sonnenterrasse, die alle zwei Pools \u00fcberblickt.<strong> <\/strong>des <strong>4-Sterne-Campingplatzes in<\/strong> <strong>Barcar\u00e8s<\/strong>.<\/p>\n<\/div><\/div>\n<\/div><\/div>\n\n\n\n<div class=\"wp-container-69f0ccad2ca25 wp-block-buttons\">\n<div class=\"wp-block-button\"><a class=\"wp-block-button__link\" href=\"https:\/\/www.lacroixdusud.fr\/de\/aktivitaeten\/\">Aktivit\u00e4ten auf dem Campingplatz<\/a><\/div>\n<\/div>\n<\/div>\n<\/div>\n<\/div><\/section>\n\n\n\n<section class=\"wp-container-69f0ccad2d806 wp-block-group b-05-a\"><div class=\"wp-block-group__inner-container\">\n<div class=\"wp-block-columns\">\n<div class=\"wp-block-column\">\n<h2 id=\"profitez-des-bienfaits-de-l-eau-des-le-matin\">Nutzen Sie die Vorteile des Wassers schon am Morgen<\/h2>\n\n\n\n<p>Im Campingurlaub hat man Zeit, sich um sich selbst und seinen K\u00f6rper zu k\u00fcmmern. Nutzen Sie die Gelegenheit, um aus Ihrem <a href=\"https:\/\/www.lacroixdusud.fr\/de\/mobil-homes-barcares\/\" data-type=\"page\" data-id=\"538\" target=\"_blank\" rel=\"noreferrer noopener\">Mobilheimverleih Barcares<\/a> herauszukommen und nehmen Sie an unseren <strong>Wassererweckungen<\/strong> teil, bei denen Sie mit der Zusammenarbeit des Wassers arbeiten. Morgens um 11 Uhr erwartet Sie unser(e) Animateur(in) zur t\u00e4glichen <strong>Wassergymnastikstunde<\/strong> in geselliger Runde. Am Nachmittag gibt es wieder ein wenig Animation mit der Organisation von Poolspielen wie <strong>Wasserpolo<\/strong> in unserem Campingclub La Croix du Sud.<\/p>\n\n\n\n<div class=\"wp-block-group lire-plus-mobile\"><div class=\"wp-block-group__inner-container\">\n<p>Lesen Sie mehr<\/p>\n\n\n\n<div class=\"wp-container-69f0ccad2d147 wp-block-group\"><div class=\"wp-block-group__inner-container\">\n<p>Wir bieten den Urlaubern auch einen Moment der Bewegung im Trockenen mit dem <strong>Muskelwecker<\/strong> (Juli\/August) oder f\u00fcr diejenigen, die es vorziehen, einfach nur ein <strong>wenig Entspannung und Erholung mit den Hydro-Massaged\u00fcsen und dem Wasserfall<\/strong>. Die progressiven Stufen f\u00fchren Sie zu einer Vielzahl von M\u00f6glichkeiten in diesem Wellnessbereich unseres Wasserkomplexes.<\/p>\n\n\n\n<p>Nach der Anstrengung begeben Sie sich in Ihr Mobilheim oder suchen Sie die Snackbar und das Bar-Restaurant auf, um sich zu st\u00e4rken.<\/p>\n\n\n\n<p>Seien Sie sicher, dass Sie dank des Schwimmbads im Campingdorf La Croix du Sud einen tollen Urlaub im Languedoc Roussillon verbringen werden!<\/p>\n<\/div><\/div>\n<\/div><\/div>\n\n\n\n<div class=\"wp-container-69f0ccad2d496 wp-block-buttons\">\n<div class=\"wp-block-button\"><a class=\"wp-block-button__link\" href=\"https:\/\/www.lacroixdusud.fr\/de\/mobil-homes-barcares\/\">Unsere Mobilheime  <\/a><\/div>\n<\/div>\n<\/div>\n\n\n\n<div class=\"wp-block-column\">\n<figure class=\"wp-block-image size-large feuille-top-right coquillage1-bottom-right\"><img loading=\"lazy\" width=\"1024\" height=\"683\" src=\"https:\/\/www.lacroixdusud.fr\/wp-content\/uploads\/2022\/07\/espace-aquatique-croix-du-sud-09-1024x683.jpg\" alt=\"camping barcares wasserpark wassergymnastik\" class=\"wp-image-905\" srcset=\"https:\/\/www.lacroixdusud.fr\/wp-content\/uploads\/2022\/07\/espace-aquatique-croix-du-sud-09-1024x683.jpg 1024w, https:\/\/www.lacroixdusud.fr\/wp-content\/uploads\/2022\/07\/espace-aquatique-croix-du-sud-09-300x200.jpg 300w, https:\/\/www.lacroixdusud.fr\/wp-content\/uploads\/2022\/07\/espace-aquatique-croix-du-sud-09-768x513.jpg 768w, https:\/\/www.lacroixdusud.fr\/wp-content\/uploads\/2022\/07\/espace-aquatique-croix-du-sud-09.jpg 1500w\" sizes=\"(max-width: 1024px) 100vw, 1024px\" \/><\/figure>\n<\/div>\n<\/div>\n<\/div><\/section>\n","protected":false},"excerpt":{"rendered":"<p>Campingplatz in Barcares mit Wasserpark in den Pyr\u00e9n\u00e9es Orientales W\u00e4hrend Ihres Aufenthalts in den \u00f6stlichen Pyren\u00e4en auf dem Campingplatz La Croix du Sud in Barcar\u00e8s k\u00f6nnen Sie die Freuden des Badens genie\u00dfen, indem Sie unseren beheizten Wasserbereich entdecken, der eine echte Bereicherung f\u00fcr Ihren Urlaub sein wird. Campingplatz in Barcares mit Wasserrutsche Der Wasserpark unseres [&hellip;]<\/p>\n","protected":false},"author":1,"featured_media":4419,"parent":0,"menu_order":0,"comment_status":"closed","ping_status":"closed","template":"","meta":[],"acf":[],"_links":{"self":[{"href":"https:\/\/www.lacroixdusud.fr\/de\/wp-json\/wp\/v2\/pages\/4416"}],"collection":[{"href":"https:\/\/www.lacroixdusud.fr\/de\/wp-json\/wp\/v2\/pages"}],"about":[{"href":"https:\/\/www.lacroixdusud.fr\/de\/wp-json\/wp\/v2\/types\/page"}],"author":[{"embeddable":true,"href":"https:\/\/www.lacroixdusud.fr\/de\/wp-json\/wp\/v2\/users\/1"}],"replies":[{"embeddable":true,"href":"https:\/\/www.lacroixdusud.fr\/de\/wp-json\/wp\/v2\/comments?post=4416"}],"version-history":[{"count":5,"href":"https:\/\/www.lacroixdusud.fr\/de\/wp-json\/wp\/v2\/pages\/4416\/revisions"}],"predecessor-version":[{"id":7068,"href":"https:\/\/www.lacroixdusud.fr\/de\/wp-json\/wp\/v2\/pages\/4416\/revisions\/7068"}],"wp:featuredmedia":[{"embeddable":true,"href":"https:\/\/www.lacroixdusud.fr\/de\/wp-json\/wp\/v2\/media\/4419"}],"wp:attachment":[{"href":"https:\/\/www.lacroixdusud.fr\/de\/wp-json\/wp\/v2\/media?parent=4416"}],"curies":[{"name":"wp","href":"https:\/\/api.w.org\/{rel}","templated":true}]}}