{"id":4426,"date":"2023-12-06T11:41:45","date_gmt":"2023-12-06T10:41:45","guid":{"rendered":"https:\/\/www.lacroixdusud.fr\/mobil-homes-barcares\/"},"modified":"2026-03-25T11:25:10","modified_gmt":"2026-03-25T10:25:10","slug":"mobilheim-barcares","status":"publish","type":"page","link":"https:\/\/www.lacroixdusud.fr\/de\/mobilheim-barcares\/","title":{"rendered":". MH DE"},"content":{"rendered":"\n<section class=\"wp-container-69f0c892b4818 wp-block-group a-00-a\"><div class=\"wp-block-group__inner-container\">\n<div class=\"wp-block-cover alignfull is-light\"><span aria-hidden=\"true\" class=\"has-bleu-background-color has-background-dim-0 wp-block-cover__gradient-background has-background-dim\"><\/span><img loading=\"lazy\" width=\"1865\" height=\"955\" class=\"wp-block-cover__image-background wp-image-2666\" alt=\"\" src=\"https:\/\/www.lacroixdusud.fr\/wp-content\/uploads\/2022\/10\/12.jpg\" style=\"object-position:64% 43%\" data-object-fit=\"cover\" data-object-position=\"64% 43%\" srcset=\"https:\/\/www.lacroixdusud.fr\/wp-content\/uploads\/2022\/10\/12.jpg 1865w, https:\/\/www.lacroixdusud.fr\/wp-content\/uploads\/2022\/10\/12-300x154.jpg 300w, https:\/\/www.lacroixdusud.fr\/wp-content\/uploads\/2022\/10\/12-1024x524.jpg 1024w, https:\/\/www.lacroixdusud.fr\/wp-content\/uploads\/2022\/10\/12-768x393.jpg 768w, https:\/\/www.lacroixdusud.fr\/wp-content\/uploads\/2022\/10\/12-1536x787.jpg 1536w\" sizes=\"(max-width: 1865px) 100vw, 1865px\" \/><div class=\"wp-block-cover__inner-container\">\n<p class=\"has-text-align-center has-large-font-size\"><\/p>\n<\/div><\/div>\n\n\n\n<div class=\"wp-container-69f0c892b44f7 wp-block-group intro\"><div class=\"wp-block-group__inner-container\">\n<h1 class=\"has-text-align-left\" id=\"mobil-home-barcares-les-locations-de-notre-camping\">Mobilheim Barcares: die Unterk\u00fcnfte unseres Campingplatzes<\/h1>\n\n\n\n<p>Genie\u00dfen Sie eine gro\u00dfe Auswahl an<strong> Mobilheimen in Barcares<\/strong>, die all Ihre W\u00fcnsche erf\u00fcllen werden, von der Essentielle- bis zur Tropical Luxe-Reihe, f\u00fcr Ihren n\u00e4chsten <strong>Campingurlaub in Barcares<\/strong> in der Region Okzitanien, zwischen den Bergen der Pyren\u00e4en und dem Mittelmeer.<\/p>\n<\/div><\/div>\n<\/div><\/section>\n\n\n\n<section class=\"wp-container-69f0c892b5001 wp-block-group b-00-b\"><div class=\"wp-block-group__inner-container\">\n<div class=\"wp-block-columns\">\n<div class=\"wp-block-column\">\n<figure class=\"wp-block-gallery has-nested-images columns-default is-cropped coquillage2-top-right\">\n<figure class=\"wp-block-image size-large\"><img loading=\"lazy\" width=\"1024\" height=\"683\" src=\"https:\/\/www.lacroixdusud.fr\/wp-content\/uploads\/2022\/09\/suite-family-terrasse-1024x683.jpg\" alt=\"\" class=\"wp-image-1832\"\/><\/figure>\n\n\n\n<figure class=\"wp-block-image size-large\"><img loading=\"lazy\" width=\"1024\" height=\"683\" src=\"https:\/\/www.lacroixdusud.fr\/wp-content\/uploads\/2022\/09\/suite-family-sejour-cuisine-1024x683.jpg\" alt=\"\" class=\"wp-image-1818\" srcset=\"https:\/\/www.lacroixdusud.fr\/wp-content\/uploads\/2022\/09\/suite-family-sejour-cuisine-1024x683.jpg 1024w, https:\/\/www.lacroixdusud.fr\/wp-content\/uploads\/2022\/09\/suite-family-sejour-cuisine-300x200.jpg 300w, https:\/\/www.lacroixdusud.fr\/wp-content\/uploads\/2022\/09\/suite-family-sejour-cuisine-768x512.jpg 768w, https:\/\/www.lacroixdusud.fr\/wp-content\/uploads\/2022\/09\/suite-family-sejour-cuisine.jpg 1200w\" sizes=\"(max-width: 1024px) 100vw, 1024px\" \/><\/figure>\n<\/figure>\n<\/div>\n\n\n\n<div class=\"wp-block-column\">\n<h2 id=\"choisir-sa-location-mobil-home-barcares-au-camping-la-croix-du-sud\">Auswahl der Mobilheimmiete Barcar\u00e8s auf dem Campingplatz La Croix du Sud<\/h2>\n\n\n\n<p><a href=\"https:\/\/www.lacroixdusud.fr\/de\/\" data-type=\"page\" data-id=\"5\" target=\"_blank\" rel=\"noreferrer noopener\">Der 4-Sterne-Campingplatz Pyr\u00e9n\u00e9es Orientales<\/a> La Croix du Sud in <strong>Barcar\u00e8s<\/strong> (66) bietet Ihnen <strong>verschiedene Angebote f\u00fcr Mobilheime<\/strong>, die alle Erwartungen erf\u00fcllen und nur <strong>800 Meter vom Meer entfernt<\/strong> liegen. Unter unseren <strong>Unterk\u00fcnften<\/strong>, die Sie mieten k\u00f6nnen, bieten wir Ihnen auf unserem <strong>Campingplatz in Barcares<\/strong> 4 verschiedene Unterkunftsreihen an.  <\/p>\n\n\n\n<p>Unsere <a href=\"https:\/\/www.lacroixdusud.fr\/de\/mobil-homes-barcares\/\" data-type=\"page\" data-id=\"4426\">Mobilheimvermietungen in Barcar\u00e8s<\/a> bieten (au\u00dfer der Grundausstattung): mindestens 2 Schlafzimmer, eine voll ausgestattete K\u00fcche, ein Badezimmer, eine Terrasse mit Gartenm\u00f6beln.  <\/p>\n\n\n\n<div class=\"wp-container-69f0c892b4cd5 wp-block-buttons\">\n<div class=\"wp-block-button btn_resa\"><a class=\"wp-block-button__link\">Verf\u00fcgbarkeiten ansehen<\/a><\/div>\n\n\n\n<div class=\"wp-block-button has-custom-width wp-block-button__width-50\"><a class=\"wp-block-button__link\" href=\"https:\/\/www.lacroixdusud.fr\/de\/galerie-medien\/\">Fotogalerie<\/a><\/div>\n<\/div>\n<\/div>\n<\/div>\n<\/div><\/section>\n\n\n\n<p class=\"has-text-align-center titre-locations\">Entdecken Sie unser Angebot an Unterk\u00fcnften f\u00fcr jedes Budget<\/p>\n\n\n\n<section class=\"wp-container-69f0c892b5471 wp-block-group b-35-a tropical\"><div class=\"wp-block-group__inner-container\">\n<div class=\"wp-block-columns reverse-mob\">\n<div class=\"wp-block-column\"><ul class=\"liste-locations\"><li class=\"liste-locations__item\"><a href=\"https:\/\/www.lacroixdusud.fr\/de\/locations\/mobil-home-riviera-tropical\/\">\r\n\t\t\t\t\t\t\t\t\t\t\t\t<span class=\"liste-locations__item__titre\">Mobil Home Riviera<\/span>\r\n\t\t\t\t\t\t\t\t\t\t\t\t<span class=\"liste-locations__item__texte\">2 Zimmer 4\/6 Personen<\/span>\r\n\t\t\t\t\t\t\t\t\t\t\t\t<figure><img src=\"https:\/\/www.lacroixdusud.fr\/wp-content\/uploads\/2022\/09\/jardin-2-riviera-tropical-e1666864150619.jpg\" alt=\"Mobil Home Riviera\"><\/figure>\r\n\t\t\t\t\t\t\t\t\t\t<\/a><\/li><li class=\"liste-locations__item\"><a href=\"https:\/\/www.lacroixdusud.fr\/de\/locations\/mobil-home-bora-bora-tropical\/\">\r\n\t\t\t\t\t\t\t\t\t\t\t\t<span class=\"liste-locations__item__titre\">Mobil Home Bora Bora<\/span>\r\n\t\t\t\t\t\t\t\t\t\t\t\t<span class=\"liste-locations__item__texte\">2 Zimmer 4\/6 Personen<\/span>\r\n\t\t\t\t\t\t\t\t\t\t\t\t<figure><img src=\"https:\/\/www.lacroixdusud.fr\/wp-content\/uploads\/2022\/09\/IMG_20220930_104825-ConvertImage-scaled-e1666863890245.jpg\" alt=\"Mobil Home Bora Bora\"><\/figure>\r\n\t\t\t\t\t\t\t\t\t\t<\/a><\/li><li class=\"liste-locations__item\"><a href=\"https:\/\/www.lacroixdusud.fr\/de\/locations\/mobil-home-moorea-tropical\/\">\r\n\t\t\t\t\t\t\t\t\t\t\t\t<span class=\"liste-locations__item__titre\">Mobil Home Moorea<\/span>\r\n\t\t\t\t\t\t\t\t\t\t\t\t<span class=\"liste-locations__item__texte\">2 Zimmer 4 Personen<\/span>\r\n\t\t\t\t\t\t\t\t\t\t\t\t<figure><img src=\"https:\/\/www.lacroixdusud.fr\/wp-content\/uploads\/2022\/09\/IMG_20220930_105608-ConvertImage-scaled-e1666872877144.jpg\" alt=\"Mobil Home Moorea\"><\/figure>\r\n\t\t\t\t\t\t\t\t\t\t<\/a><\/li><\/ul>\n<\/div>\n\n\n\n<div class=\"wp-block-column\" style=\"flex-basis:48%\">\n<h2 id=\"mobil-home-tropical-luxe-fa-icon-icon-far-fa-tree-palm-fa-icon-icon-far-fa-tree-palm-fa-icon-icon-far-fa-tree-palm-fa-icon-icon-far-fa-tree-palm\">Mobilheim Tropical Luxe <i class=\"far fa-star\"><\/i><i class=\"far fa-star\"><\/i><i class=\"far fa-star\"><\/i><i class=\"far fa-star\"><\/i><\/h2>\n\n\n\n<p>F\u00fcr diejenigen, die bei ihrem Aufenthalt auf dem <strong>Campingplatz Barcar\u00e8s<\/strong> maximalen Komfort und unsere Einrichtungen genie\u00dfen m\u00f6chten, bieten wir die M\u00f6glichkeit, in unseren exklusiven Mietunterk\u00fcnften in exotischer Umgebung zu \u00fcbernachten. Wir haben eine neue Produktreihe &#8220;Tropical Luxe&#8221; eingef\u00fchrt, in der ein VIP-Paket im Preis inbegriffen ist, das Zugang zum Fitnessbereich, zum Entspannungsbereich (Dampfbad und Sauna) und auch einen unbegrenzten Internetcode (f\u00fcr ein Ger\u00e4t) bietet.  <\/p>\n\n\n\n<ul class=\"pictos\"><li><i class=\"far fa-air-conditioner\"><\/i>  Klimaanlage<\/li><li><i class=\"far fa-tv\"><\/i>  Fernsehen<\/li><li><i class=\"far fa-utensils\"><\/i>  Ausgestattete K\u00fcche<\/li><li><i class=\"far fa-wifi\"><\/i>  Unbegrenztes Wifi<\/li><li><i class=\"far fa-umbrella-beach\"><\/i>  \u00dcberdachte Terrasse<\/li><li><i class=\"far fa-spa\"><\/i>  Entspannungsbereich<\/li><\/ul>\n<\/div>\n<\/div>\n<\/div><\/section>\n\n\n\n<section class=\"wp-container-69f0c892b58a6 wp-block-group b-35-a fun has-jauneclair-background-color has-background\"><div class=\"wp-block-group__inner-container\">\n<div class=\"wp-block-columns\">\n<div class=\"wp-block-column\" style=\"flex-basis:48%\">\n<h2 id=\"mobil-home-fun-fa-icon-icon-far-fa-tree-palm-fa-icon-icon-far-fa-tree-palm-fa-icon-icon-far-fa-tree-palm\">Mobilheim Fun <i class=\"far fa-star\"><\/i><i class=\"far fa-star\"><\/i><i class=\"far fa-star\"><\/i><\/h2>\n\n\n\n<p>Diese ger\u00e4umigen und hellen Unterk\u00fcnfte eignen sich perfekt f\u00fcr alle, die ein Mobilheim Barcar\u00e8s suchen, das sowohl modern als auch funktional ist, dank der zahlreichen Einrichtungen, die Ihren Urlaub erleichtern. Dazu geh\u00f6ren mehr Stauraum, Liegest\u00fchle, eine Elternsuite, F\u00f6hn, die halbschattige Terrasse mit einer Leinwand und vieles mehr.<\/p>\n\n\n\n<ul class=\"pictos\"><li><i class=\"far fa-air-conditioner\"><\/i>  Klimaanlage<\/li><li><i class=\"far fa-tv\"><\/i>  Fernsehen<\/li><li><i class=\"far fa-utensils\"><\/i>  Ausgestattete K\u00fcche<\/li><li><i class=\"far fa-home-heart\"><\/i>  Ger\u00e4umige Unterkunft<\/li><li><i class=\"far fa-umbrella-beach\"><\/i>  Halbschattige Terrasse<\/li><\/ul>\n<\/div>\n\n\n\n<div class=\"wp-block-column\"><ul class=\"liste-locations\"><li class=\"liste-locations__item\"><a href=\"https:\/\/www.lacroixdusud.fr\/de\/locations\/mobil-home-suite-family\/\">\r\n\t\t\t\t\t\t\t\t\t\t\t\t<span class=\"liste-locations__item__titre\">Mobil Home Suite Family<\/span>\r\n\t\t\t\t\t\t\t\t\t\t\t\t<span class=\"liste-locations__item__texte\">3 Zimmer 6\/8 Personen<\/span>\r\n\t\t\t\t\t\t\t\t\t\t\t\t<figure><img src=\"https:\/\/www.lacroixdusud.fr\/wp-content\/uploads\/2022\/09\/suite-family-terrasse2-ConvertImage.jpg\" alt=\"Mobil Home Suite Family\"><\/figure>\r\n\t\t\t\t\t\t\t\t\t\t<\/a><\/li><li class=\"liste-locations__item\"><a href=\"https:\/\/www.lacroixdusud.fr\/de\/locations\/mobil-home-summer\/\">\r\n\t\t\t\t\t\t\t\t\t\t\t\t<span class=\"liste-locations__item__titre\">Mobil Home Sommer<\/span>\r\n\t\t\t\t\t\t\t\t\t\t\t\t<span class=\"liste-locations__item__texte\">2 Zimmer 4\/6 Personen<\/span>\r\n\t\t\t\t\t\t\t\t\t\t\t\t<figure><img src=\"https:\/\/www.lacroixdusud.fr\/wp-content\/uploads\/2022\/09\/IMG_1692-scaled.jpg\" alt=\"Mobil Home Sommer\"><\/figure>\r\n\t\t\t\t\t\t\t\t\t\t<\/a><\/li><li class=\"liste-locations__item\"><a href=\"https:\/\/www.lacroixdusud.fr\/de\/locations\/mobil-home-twiny\/\">\r\n\t\t\t\t\t\t\t\t\t\t\t\t<span class=\"liste-locations__item__titre\">Mobil Home Twiny<\/span>\r\n\t\t\t\t\t\t\t\t\t\t\t\t<span class=\"liste-locations__item__texte\">1 Zimmer 2\/4 Personen<\/span>\r\n\t\t\t\t\t\t\t\t\t\t\t\t<figure><img src=\"https:\/\/www.lacroixdusud.fr\/wp-content\/uploads\/2022\/09\/twiny-exterieur-4.jpg\" alt=\"Mobil Home Twiny\"><\/figure>\r\n\t\t\t\t\t\t\t\t\t\t<\/a><\/li><\/ul>\n<\/div>\n<\/div>\n<\/div><\/section>\n\n\n\n<section class=\"wp-container-69f0c892b5cbc wp-block-group b-35-a confort\"><div class=\"wp-block-group__inner-container\">\n<div class=\"wp-block-columns reverse-mob\">\n<div class=\"wp-block-column\"><ul class=\"liste-locations\"><li class=\"liste-locations__item \"><a href=\"https:\/\/www.lacroixdusud.fr\/de\/locations\/mobil-home-cordelia\/\">\r\n\t\t\t\t\t\t\t\t\t\t\t\t<span class=\"liste-locations__item__titre\">Mobil Home Cord\u00e9lia<\/span>\r\n\t\t\t\t\t\t\t\t\t\t\t\t<span class=\"liste-locations__item__texte\">3 Zimmer 6\/8 Personen<\/span>\r\n\t\t\t\t\t\t\t\t\t\t\t\t<figure><img src=\"https:\/\/www.lacroixdusud.fr\/wp-content\/uploads\/2022\/09\/Terrasse-Cordelia-1-scaled.jpg\" alt=\"Mobil Home Cord\u00e9lia\"><\/figure>\r\n\t\t\t\t\t\t\t\t\t\t<\/a><\/li><li class=\"liste-locations__item pmr\"><a href=\"https:\/\/www.lacroixdusud.fr\/de\/locations\/mobil-home-helios\/\">\r\n\t\t\t\t\t\t\t\t\t\t\t\t<span class=\"liste-locations__item__titre\">Mobil Home H\u00e9lios<\/span>\r\n\t\t\t\t\t\t\t\t\t\t\t\t<span class=\"liste-locations__item__texte\">2 Zimmer 4\/5 Personen<\/span>\r\n\t\t\t\t\t\t\t\t\t\t\t\t<figure><img src=\"https:\/\/www.lacroixdusud.fr\/wp-content\/uploads\/2022\/09\/terrasse-4-helios.jpg\" alt=\"Mobil Home H\u00e9lios\"><\/figure>\r\n\t\t\t\t\t\t\t\t\t\t<\/a><\/li><li class=\"liste-locations__item \"><a href=\"https:\/\/www.lacroixdusud.fr\/de\/locations\/mobil-home-loggia\/\">\r\n\t\t\t\t\t\t\t\t\t\t\t\t<span class=\"liste-locations__item__titre\">Mobil Home Loggia<\/span>\r\n\t\t\t\t\t\t\t\t\t\t\t\t<span class=\"liste-locations__item__texte\">2 Zimmer 4\/6 Personen<\/span>\r\n\t\t\t\t\t\t\t\t\t\t\t\t<figure><img src=\"https:\/\/www.lacroixdusud.fr\/wp-content\/uploads\/2022\/09\/Extrieur-LOGGIA-ConvertImage.jpg\" alt=\"Mobil Home Loggia\"><\/figure>\r\n\t\t\t\t\t\t\t\t\t\t<\/a><\/li><li class=\"liste-locations__item \"><a href=\"https:\/\/www.lacroixdusud.fr\/de\/locations\/mobil-home-loggia-compact\/\">\r\n\t\t\t\t\t\t\t\t\t\t\t\t<span class=\"liste-locations__item__titre\">Mobil Home Loggia compact<\/span>\r\n\t\t\t\t\t\t\t\t\t\t\t\t<span class=\"liste-locations__item__texte\">2 Zimmer 4 Personen<\/span>\r\n\t\t\t\t\t\t\t\t\t\t\t\t<figure><img src=\"https:\/\/www.lacroixdusud.fr\/wp-content\/uploads\/2022\/09\/Exterieur-LOGGIA-COMPACT-scaled.jpg\" alt=\"Mobil Home Loggia compact\"><\/figure>\r\n\t\t\t\t\t\t\t\t\t\t<\/a><\/li><li class=\"liste-locations__item \"><a href=\"https:\/\/www.lacroixdusud.fr\/de\/locations\/mobil-home-cordelia-new\/\">\r\n\t\t\t\t\t\t\t\t\t\t\t\t<span class=\"liste-locations__item__titre\">Mobilheim Cordelia Neu<\/span>\r\n\t\t\t\t\t\t\t\t\t\t\t\t<span class=\"liste-locations__item__texte\">3 Zimmer 6\/8 Personen<\/span>\r\n\t\t\t\t\t\t\t\t\t\t\t\t<figure><img src=\"https:\/\/www.lacroixdusud.fr\/wp-content\/uploads\/2022\/09\/Terrasse-Cordelia-1-scaled.jpg\" alt=\"Mobilheim Cordelia Neu\"><\/figure>\r\n\t\t\t\t\t\t\t\t\t\t<\/a><\/li><\/ul>\n<\/div>\n\n\n\n<div class=\"wp-block-column\" style=\"flex-basis:30%\">\n<h2 id=\"mobil-home-confort-fa-icon-icon-far-fa-tree-palm-fa-icon-icon-far-fa-tree-palm\">Mobilheim Komfort <i class=\"far fa-star\"><\/i><i class=\"far fa-star\"><\/i><\/h2>\n\n\n\n<p>Die <strong>Mobilheime der Reihe &#8220;Confort&#8221;<\/strong> eignen sich f\u00fcr einen Aufenthalt mit der Familie oder mit Freunden und bieten mehr Platz und zus\u00e4tzliche Einrichtungen in den verschiedenen Unterk\u00fcnften, sodass Sie einen unbeschwerten Urlaub verbringen k\u00f6nnen, ohne auf verschiedene Annehmlichkeiten verzichten zu m\u00fcssen, die Sie auf einem <strong>Campingplatz in Barcar\u00e8s<\/strong> ben\u00f6tigen.<\/p>\n\n\n\n<ul class=\"pictos\"><li><i class=\"far fa-air-conditioner\"><\/i>  Klimaanlage<\/li><li><i class=\"far fa-tv\"><\/i>  Fernsehen<\/li><li><i class=\"far fa-utensils\"><\/i>  Ausgestattete K\u00fcche<\/li><\/ul>\n<\/div>\n<\/div>\n<\/div><\/section>\n\n\n\n<section class=\"wp-container-69f0c892b60eb wp-block-group b-35-a-bis has-jauneclair-background-color has-background\"><div class=\"wp-block-group__inner-container\">\n<div class=\"wp-block-columns\">\n<div class=\"wp-block-column\" style=\"flex-basis:48%\">\n<h2 id=\"mobil-home-essentiel-fa-icon-icon-far-fa-tree-palm\">Mobilheim Essentiel  <i class=\"far fa-star\"><\/i><\/h2>\n\n\n\n<p id=\"la-gamme-essentiel-est-ideal-pour-ceux-qui-privilegient-une-location-au-camping-a-barcares-a-prix-doux-pour-cela-ils-peuvent-compter-sur-des-mobil-homes-comprenant-2-chambres-mais-aussi-sur-des-coco-sweet-tente-amenagee-ces-logements-insolites-qui-s-apparentent-a-des-cabanes-pour-les-plus-petits-ont-de-quoi-ravir-toute-la-famille\">Die Produktreihe &#8220;Essentiel&#8221; ist ideal f\u00fcr diejenigen, die eine preisg\u00fcnstige Unterkunft auf dem <strong>Campingplatz a Barcar\u00e8s<\/strong> bevorzugen. Daf\u00fcr stehen ihnen Mobilheime mit 2 oder 3 Schlafzimmern, aber auch Coco Sweet <strong>(eingerichtetes Zelt<\/strong>) zur Verf\u00fcgung. Diese <strong>ungew\u00f6hnlichen Unterk\u00fcnfte<\/strong>, die f\u00fcr die Kleinsten wie &#8220;H\u00fctten&#8221; aussehen, haben es in sich und begeistern die ganze Familie.<\/p>\n\n\n\n<ul class=\"pictos\"><li><i class=\"far fa-euro-sign\"><\/i>  Minipreis<\/li><li><i class=\"far fa-house-tree\"><\/i>  Ungew\u00f6hnlicher Aufenthalt<\/li><li><i class=\"far fa-campfire\"><\/i>  Campinggeist<\/li><\/ul>\n<\/div>\n\n\n\n<div class=\"wp-block-column\"><ul class=\"liste-locations\"><li class=\"liste-locations__item\"><a href=\"https:\/\/www.lacroixdusud.fr\/de\/locations\/mobil-home-ophea\/\">\r\n\t\t\t\t\t\t\t\t\t\t\t\t<span class=\"liste-locations__item__titre\">Mobil Home O\u2019Ph\u00e9a<\/span>\r\n\t\t\t\t\t\t\t\t\t\t\t\t<span class=\"liste-locations__item__texte\">3 Schlafzimmer 6 Personen<\/span>\r\n\t\t\t\t\t\t\t\t\t\t\t\t<figure><img src=\"https:\/\/www.lacroixdusud.fr\/wp-content\/uploads\/2022\/09\/terrasse-ophea.jpg\" alt=\"Mobil Home O\u2019Ph\u00e9a\"><\/figure>\r\n\t\t\t\t\t\t\t\t\t\t<\/a><\/li><li class=\"liste-locations__item\"><a href=\"https:\/\/www.lacroixdusud.fr\/de\/locations\/mobil-home-domino\/\">\r\n\t\t\t\t\t\t\t\t\t\t\t\t<span class=\"liste-locations__item__titre\">Mobil Home Domino<\/span>\r\n\t\t\t\t\t\t\t\t\t\t\t\t<span class=\"liste-locations__item__texte\">2 Zimmer 4 Personen + 1 Baby<\/span>\r\n\t\t\t\t\t\t\t\t\t\t\t\t<figure><img src=\"https:\/\/www.lacroixdusud.fr\/wp-content\/uploads\/2022\/09\/terrasse-ophea-2.jpg\" alt=\"Mobil Home Domino\"><\/figure>\r\n\t\t\t\t\t\t\t\t\t\t<\/a><\/li><\/ul>\n<\/div>\n<\/div>\n<\/div><\/section>\n\n\n\n<div class=\"wp-block-group encart-information\"><div class=\"wp-block-group__inner-container\">\n<p class=\"has-text-align-center\">Dank unserer <strong>verschiedenen 4-Sterne-Ferienh\u00e4user<\/strong> k\u00f6nnen Sie sich f\u00fcr ein <strong>Mobilheim Barcares<\/strong> entscheiden, das Ihren W\u00fcnschen und Ihrem Budget entspricht.<\/p>\n<\/div><\/div>\n\n\n\n<section class=\"wp-container-69f0c892b688e wp-block-group b-25-a papito\"><div class=\"wp-block-group__inner-container\">\n<div class=\"wp-block-columns\">\n<div class=\"wp-block-column\">\n<h2 id=\"sejourner-en-mobil-home-au-camping-a-barcares-la-croix-du-sud\">Aufenthalt in einem Mobilheim auf dem Campingplatz in Barcar\u00e8s, La Croix du Sud<\/h2>\n\n\n\n<p>Egal, f\u00fcr welche <strong>Mietunterkunft<\/strong> <strong>Sie<\/strong> sich entscheiden, <strong>wir garantieren Ihnen h\u00f6chsten Komfort und Sauberkeit<\/strong> f\u00fcr Ihren Urlaub auf dem Campingplatz in Barcares im Departement <strong>Pyr\u00e9n\u00e9es-Orientales<\/strong>. Sie haben auch die M\u00f6glichkeit, die zahlreichen Dienstleistungen und <a href=\"https:\/\/www.lacroixdusud.fr\/de\/aktivitaeten\/\" data-type=\"page\" data-id=\"544\">Animationen<\/a> unseres <a href=\"https:\/\/www.lacroixdusud.fr\/de\/schwimmbad-wasserpark\/\" data-type=\"page\" data-id=\"542\">Campingplatzes in Barcares mit Wasserpark<\/a> im Languedoc Roussillon zu nutzen. Au\u00dferdem k\u00f6nnen Sie sich auf Ihrem Zeltplatz ins <strong>WIFI<\/strong> einloggen (10 Min. gratis zum Kennenlernen, dann kostenpflichtige Pauschale nach dem aktuellen Tarif) oder kostenlos im &#8220;hotzone caf\u00e9&#8221; (30 Min. alle 6 Stunden).<\/p>\n\n\n\n<p>Ein Aufenthalt in einem <strong>Mobilheim in Port Barcar\u00e8s<\/strong> ist ideal f\u00fcr einen Urlaub in S\u00fcdfrankreich, weniger als einen Kilometer von der Mittelmeerk\u00fcste entfernt. Genie\u00dfen Sie die Sandstr\u00e4nde, die Aktivit\u00e4ten in Port Barcar\u00e8s und den Markt im Dorf, auf dem Sie die besten Produkte der Region finden. Barcares ist ein sch\u00f6ner Ort in der N\u00e4he von Perpignan, Canet en Roussillon, Saint Cyprien und vielen h\u00fcbschen D\u00f6rfern der \u00f6stlichen Pyren\u00e4en.  <\/p>\n\n\n\n<div class=\"wp-container-69f0c892b6500 wp-block-buttons\">\n<div class=\"wp-block-button btn_resa\"><a class=\"wp-block-button__link\">Verf\u00fcgbarkeiten<\/a><\/div>\n<\/div>\n<\/div>\n\n\n\n<div class=\"wp-block-column\">\n<figure class=\"wp-block-image size-large\"><img loading=\"lazy\" width=\"1024\" height=\"768\" src=\"https:\/\/www.lacroixdusud.fr\/wp-content\/uploads\/2022\/10\/IMG_20220930_105651-ConvertImage-1024x768.jpg\" alt=\"\" class=\"wp-image-2672\" srcset=\"https:\/\/www.lacroixdusud.fr\/wp-content\/uploads\/2022\/10\/IMG_20220930_105651-ConvertImage-1024x768.jpg 1024w, https:\/\/www.lacroixdusud.fr\/wp-content\/uploads\/2022\/10\/IMG_20220930_105651-ConvertImage-300x225.jpg 300w, https:\/\/www.lacroixdusud.fr\/wp-content\/uploads\/2022\/10\/IMG_20220930_105651-ConvertImage-768x576.jpg 768w, https:\/\/www.lacroixdusud.fr\/wp-content\/uploads\/2022\/10\/IMG_20220930_105651-ConvertImage-1536x1152.jpg 1536w, https:\/\/www.lacroixdusud.fr\/wp-content\/uploads\/2022\/10\/IMG_20220930_105651-ConvertImage-2048x1536.jpg 2048w\" sizes=\"(max-width: 1024px) 100vw, 1024px\" \/><\/figure>\n<\/div>\n<\/div>\n<\/div><\/section>\n","protected":false},"excerpt":{"rendered":"<p>Mobilheim Barcares: die Unterk\u00fcnfte unseres Campingplatzes Genie\u00dfen Sie eine gro\u00dfe Auswahl an Mobilheimen in Barcares, die all Ihre W\u00fcnsche erf\u00fcllen werden, von der Essentielle- bis zur Tropical Luxe-Reihe, f\u00fcr Ihren n\u00e4chsten Campingurlaub in Barcares in der Region Okzitanien, zwischen den Bergen der Pyren\u00e4en und dem Mittelmeer. Auswahl der Mobilheimmiete Barcar\u00e8s auf dem Campingplatz La Croix [&hellip;]<\/p>\n","protected":false},"author":1,"featured_media":4429,"parent":0,"menu_order":0,"comment_status":"closed","ping_status":"closed","template":"","meta":[],"acf":[],"_links":{"self":[{"href":"https:\/\/www.lacroixdusud.fr\/de\/wp-json\/wp\/v2\/pages\/4426"}],"collection":[{"href":"https:\/\/www.lacroixdusud.fr\/de\/wp-json\/wp\/v2\/pages"}],"about":[{"href":"https:\/\/www.lacroixdusud.fr\/de\/wp-json\/wp\/v2\/types\/page"}],"author":[{"embeddable":true,"href":"https:\/\/www.lacroixdusud.fr\/de\/wp-json\/wp\/v2\/users\/1"}],"replies":[{"embeddable":true,"href":"https:\/\/www.lacroixdusud.fr\/de\/wp-json\/wp\/v2\/comments?post=4426"}],"version-history":[{"count":6,"href":"https:\/\/www.lacroixdusud.fr\/de\/wp-json\/wp\/v2\/pages\/4426\/revisions"}],"predecessor-version":[{"id":7668,"href":"https:\/\/www.lacroixdusud.fr\/de\/wp-json\/wp\/v2\/pages\/4426\/revisions\/7668"}],"wp:featuredmedia":[{"embeddable":true,"href":"https:\/\/www.lacroixdusud.fr\/de\/wp-json\/wp\/v2\/media\/4429"}],"wp:attachment":[{"href":"https:\/\/www.lacroixdusud.fr\/de\/wp-json\/wp\/v2\/media?parent=4426"}],"curies":[{"name":"wp","href":"https:\/\/api.w.org\/{rel}","templated":true}]}}