{"id":4517,"date":"2023-12-06T11:57:06","date_gmt":"2023-12-06T10:57:06","guid":{"rendered":"https:\/\/www.lacroixdusud.fr\/animations-barcares\/"},"modified":"2023-12-06T15:50:32","modified_gmt":"2023-12-06T14:50:32","slug":"animations-barcares","status":"publish","type":"page","link":"https:\/\/www.lacroixdusud.fr\/de\/animations-barcares\/","title":{"rendered":"Barcar\u00e8s Animationen"},"content":{"rendered":"\n<section class=\"wp-container-69d08b5d6c559 wp-block-group a-00-a\"><div class=\"wp-block-group__inner-container\">\n<div class=\"wp-block-cover alignfull is-light\"><span aria-hidden=\"true\" class=\"has-bleu-background-color has-background-dim-0 wp-block-cover__gradient-background has-background-dim\"><\/span><img loading=\"lazy\" width=\"1920\" height=\"1438\" class=\"wp-block-cover__image-background wp-image-1236\" alt=\"\" src=\"https:\/\/www.lacroixdusud.fr\/wp-content\/uploads\/2022\/07\/tim-oun-iMM3buqcK_M-unsplash.jpg\" style=\"object-position:56% 34%\" data-object-fit=\"cover\" data-object-position=\"56% 34%\" srcset=\"https:\/\/www.lacroixdusud.fr\/wp-content\/uploads\/2022\/07\/tim-oun-iMM3buqcK_M-unsplash.jpg 1920w, https:\/\/www.lacroixdusud.fr\/wp-content\/uploads\/2022\/07\/tim-oun-iMM3buqcK_M-unsplash-300x225.jpg 300w, https:\/\/www.lacroixdusud.fr\/wp-content\/uploads\/2022\/07\/tim-oun-iMM3buqcK_M-unsplash-1024x767.jpg 1024w, https:\/\/www.lacroixdusud.fr\/wp-content\/uploads\/2022\/07\/tim-oun-iMM3buqcK_M-unsplash-768x575.jpg 768w, https:\/\/www.lacroixdusud.fr\/wp-content\/uploads\/2022\/07\/tim-oun-iMM3buqcK_M-unsplash-1536x1150.jpg 1536w\" sizes=\"(max-width: 1920px) 100vw, 1920px\" \/><div class=\"wp-block-cover__inner-container\">\n<h1 class=\"has-text-align-center has-white-color has-text-color\" id=\"animations-barcares\">Animationen Barcar\u00e8s<\/h1>\n<\/div><\/div>\n<\/div><\/section>\n\n\n\n<div class=\"wp-container-69d08b5d6c90d wp-block-group seo\"><div class=\"wp-block-group__inner-container\">\n<div class=\"wp-block-columns\">\n<div class=\"wp-block-column\">\n<figure class=\"wp-block-image size-large\"><img loading=\"lazy\" width=\"1024\" height=\"683\" src=\"https:\/\/www.lacroixdusud.fr\/wp-content\/uploads\/2022\/07\/loisirs-croix-du-sud-01-1024x683.jpg\" alt=\"\" class=\"wp-image-1351\" srcset=\"https:\/\/www.lacroixdusud.fr\/wp-content\/uploads\/2022\/07\/loisirs-croix-du-sud-01-1024x683.jpg 1024w, https:\/\/www.lacroixdusud.fr\/wp-content\/uploads\/2022\/07\/loisirs-croix-du-sud-01-300x200.jpg 300w, https:\/\/www.lacroixdusud.fr\/wp-content\/uploads\/2022\/07\/loisirs-croix-du-sud-01-768x512.jpg 768w, https:\/\/www.lacroixdusud.fr\/wp-content\/uploads\/2022\/07\/loisirs-croix-du-sud-01.jpg 1500w\" sizes=\"(max-width: 1024px) 100vw, 1024px\" \/><\/figure>\n<\/div>\n\n\n\n<div class=\"wp-block-column\">\n<p>Barcar\u00e8s ist eine Hafenstadt im S\u00fcdwesten Frankreichs in der Region Languedoc-Roussillon-Midi-Pyr\u00e9n\u00e9es. Sie erstreckt sich \u00fcber mehrere Kilometer der Mittelmeerk\u00fcste und besitzt einen wundersch\u00f6nen, 7000 Hektar gro\u00dfen Meeressee. Es handelt sich um eine Fischerstadt, in der der traditionelle Fischfang noch sehr beliebt ist, was sie ber\u00fchmt gemacht hat. Die lebhafte Stadt ist auch f\u00fcr ihre festliche Atmosph\u00e4re bekannt. Dieses Reiseziel ist ideal, um einen Traumurlaub am Meer zu verbringen.<br>Hunderte von Touristen kommen jedes Jahr nach <strong>Barcar\u00e8s<\/strong>, um an den vielen lebhaften Veranstaltungen teilzunehmen, die hier vor allem w\u00e4hrend der Sommermonate stattfinden. Zu den beliebtesten geh\u00f6rten die Toro-Pool-Show, die Alchemie-Ausstellung, die Ausstellung \u00fcber Stillleben und Meereslandschaften, Tischfu\u00dfball, Beach Sports oder der Nachtmarkt am gro\u00dfen Strand&#8230;<\/p>\n\n\n\n<h2 id=\"activites-a-barcares\">Aktivit\u00e4ten in Barcares<\/h2>\n\n\n\n<p>Sie werden sich in diesem Hafen sicher nicht langweilen, wo es das ganze Jahr \u00fcber und zu jeder Jahreszeit von unserem <a href=\"https:\/\/www.lacroixdusud.fr\/de\/\" data-type=\"page\" data-id=\"5\">Campingplatz La Croix du Sud in Barcar\u00e8s<\/a> aus an Aktivit\u00e4ten nicht mangelt. Jeder, ob gro\u00df oder klein, kann die besondere fr\u00f6hliche Atmosph\u00e4re dieser Kleinstadt genie\u00dfen. Barcares hat in der Tat eine reiche Vereinst\u00e4tigkeit, deren Ziel es ist, in dieser so gut organisierten Stadt soziale Harmonie zu schaffen. Hier werden Ihnen verschiedene Aktivit\u00e4ten angeboten, von Tanz \u00fcber Fahrten mit katalanischen Booten, lebhafte Festivals, Beachsport bis hin zum Faulenzen am sch\u00f6nen Sandstrand. F\u00fcr Kinder gibt es zahlreiche Aktivit\u00e4ten wie &#8220;Kindermorgen&#8221; oder die lustigen Turniere, die regelm\u00e4\u00dfig veranstaltet werden. Zwischen Boule-Spielen, Zirkus und Paraden oder traditionellem Angeln wird Ihr Aufenthalt gut ausgef\u00fcllt sein.<\/p>\n<\/div>\n<\/div>\n<\/div><\/div>\n\n\n\n<div class=\"wp-container-69d08b5d6ccb1 wp-block-group seo\"><div class=\"wp-block-group__inner-container\">\n<div class=\"wp-block-columns\">\n<div class=\"wp-block-column\">\n<h2 id=\"feu-d-artifice-barcares\">Feuerwerk Barcares<\/h2>\n\n\n\n<p>Um einen sch\u00f6nen, lebhaften Tag oder ein besonderes Ereignis abzuschlie\u00dfen, ist es in Barcares Tradition, den Himmel mit Feuerwerk zu schm\u00fccken. Dies bietet immer ein wunderbares und bewegendes Schauspiel, das Jung und Alt begeistert. Diese magischen Momente, in denen Sie den farbenfrohen Himmel bewundern, werden Ihren Aufenthalt zu einem unvergesslichen Erlebnis machen.<\/p>\n\n\n\n<h2 id=\"marche-barcares\">Barcares-Markt<\/h2>\n\n\n\n<p>Da sie eine Hafenstadt ist, heben die M\u00e4rkte in Barcares ihren maritimen Reichtum hervor. Frische und gut zubereitete Wasserprodukte sind daher die Stars in den Regalen. Jeden Dienstag findet auf dem Place de la Martinique der Morgenmarkt von Coudal\u00e8re statt. Hier finden Sie eine gro\u00dfe Auswahl an Fisch, der frisch am Hafenufer gefangen wurde. Im Juli und August findet am gro\u00dfen Strand zweimal pro Woche ein Nachtmarkt statt. Verpassen Sie im selben Zeitraum nicht den Markt f\u00fcr Regionales und Traditionelles, der jeden Dienstag auf dem Parkplatz von Lydia stattfindet. Der Morgen- und Abendmarkt des Dorfes findet das ganze Jahr \u00fcber 3 Mal pro Woche auf dem Place de la R\u00e9publique statt.<\/p>\n<\/div>\n\n\n\n<div class=\"wp-block-column\">\n<figure class=\"wp-block-image size-large\"><img loading=\"lazy\" width=\"685\" height=\"1024\" src=\"https:\/\/www.lacroixdusud.fr\/wp-content\/uploads\/2022\/07\/service-camping-croix-du-sud-06-685x1024.jpg\" alt=\"\" class=\"wp-image-1074\" srcset=\"https:\/\/www.lacroixdusud.fr\/wp-content\/uploads\/2022\/07\/service-camping-croix-du-sud-06-685x1024.jpg 685w, https:\/\/www.lacroixdusud.fr\/wp-content\/uploads\/2022\/07\/service-camping-croix-du-sud-06-201x300.jpg 201w, https:\/\/www.lacroixdusud.fr\/wp-content\/uploads\/2022\/07\/service-camping-croix-du-sud-06-768x1147.jpg 768w, https:\/\/www.lacroixdusud.fr\/wp-content\/uploads\/2022\/07\/service-camping-croix-du-sud-06.jpg 1004w\" sizes=\"(max-width: 685px) 100vw, 685px\" \/><\/figure>\n<\/div>\n<\/div>\n<\/div><\/div>\n\n\n\n<div class=\"wp-container-69d08b5d6d033 wp-block-group seo\"><div class=\"wp-block-group__inner-container\">\n<div class=\"wp-block-columns\">\n<div class=\"wp-block-column\">\n<figure class=\"wp-block-image size-full\"><img loading=\"lazy\" width=\"980\" height=\"480\" src=\"https:\/\/www.lacroixdusud.fr\/wp-content\/uploads\/2022\/07\/electrobeach-barcares.jpg\" alt=\"\" class=\"wp-image-1289\" srcset=\"https:\/\/www.lacroixdusud.fr\/wp-content\/uploads\/2022\/07\/electrobeach-barcares.jpg 980w, https:\/\/www.lacroixdusud.fr\/wp-content\/uploads\/2022\/07\/electrobeach-barcares-300x147.jpg 300w, https:\/\/www.lacroixdusud.fr\/wp-content\/uploads\/2022\/07\/electrobeach-barcares-768x376.jpg 768w\" sizes=\"(max-width: 980px) 100vw, 980px\" \/><\/figure>\n<\/div>\n\n\n\n<div class=\"wp-block-column\">\n<h2 id=\"feu-d-artifice-barcares\">Jahrmarkt<\/h2>\n\n\n\n<p>W\u00e4hrend der Sommerferien ist die Kirmes in Barcar\u00e8s beeindruckend. Die Teilnehmer, oftmals soziale Vereinigungen, legen sich m\u00e4chtig ins Zeug, um diese Momente unvergesslich zu machen. Es gibt allerlei Animationen und unterhaltsame Turniere, bei denen es tolle Preise zu gewinnen gibt. Die Attraktionen sind grandios, zur Freude der Kleinen, aber auch der Gro\u00dfen. W\u00e4hrend des Jahrmarkts werden Animationen zu den Themen Meer und Solidarit\u00e4t angeboten, und die Gewinne werden oft an wohlt\u00e4tige Organisationen gespendet oder sind f\u00fcr Entwicklungsma\u00dfnahmen der Stadt bestimmt.<\/p>\n\n\n\n<h2 id=\"marche-barcares\">Electrobeach-Festival<\/h2>\n\n\n\n<p>In Barcar\u00e8s findet auch ein gro\u00dfes Festival f\u00fcr elektronische Musik statt: dasElectrobeach. Das Festival belebt die Stadt Barcar\u00e8s drei Tage lang und empf\u00e4ngt bis zu 170 000 Festivalbesucher.<\/p>\n<\/div>\n<\/div>\n<\/div><\/div>\n","protected":false},"excerpt":{"rendered":"<p>Barcar\u00e8s ist eine Hafenstadt im S\u00fcdwesten Frankreichs in der Region Languedoc-Roussillon-Midi-Pyr\u00e9n\u00e9es. Sie erstreckt sich \u00fcber mehrere Kilometer der Mittelmeerk\u00fcste und besitzt einen wundersch\u00f6nen, 7000 Hektar gro\u00dfen Meeressee. Es handelt sich um eine Fischerstadt, in der der traditionelle Fischfang noch sehr beliebt ist, was sie ber\u00fchmt gemacht hat. Die lebhafte Stadt ist auch f\u00fcr ihre festliche [&hellip;]<\/p>\n","protected":false},"author":1,"featured_media":0,"parent":0,"menu_order":0,"comment_status":"closed","ping_status":"closed","template":"","meta":[],"acf":[],"_links":{"self":[{"href":"https:\/\/www.lacroixdusud.fr\/de\/wp-json\/wp\/v2\/pages\/4517"}],"collection":[{"href":"https:\/\/www.lacroixdusud.fr\/de\/wp-json\/wp\/v2\/pages"}],"about":[{"href":"https:\/\/www.lacroixdusud.fr\/de\/wp-json\/wp\/v2\/types\/page"}],"author":[{"embeddable":true,"href":"https:\/\/www.lacroixdusud.fr\/de\/wp-json\/wp\/v2\/users\/1"}],"replies":[{"embeddable":true,"href":"https:\/\/www.lacroixdusud.fr\/de\/wp-json\/wp\/v2\/comments?post=4517"}],"version-history":[{"count":2,"href":"https:\/\/www.lacroixdusud.fr\/de\/wp-json\/wp\/v2\/pages\/4517\/revisions"}],"predecessor-version":[{"id":5081,"href":"https:\/\/www.lacroixdusud.fr\/de\/wp-json\/wp\/v2\/pages\/4517\/revisions\/5081"}],"wp:attachment":[{"href":"https:\/\/www.lacroixdusud.fr\/de\/wp-json\/wp\/v2\/media?parent=4517"}],"curies":[{"name":"wp","href":"https:\/\/api.w.org\/{rel}","templated":true}]}}