{"id":4611,"date":"2023-12-06T12:00:46","date_gmt":"2023-12-06T11:00:46","guid":{"rendered":"https:\/\/www.lacroixdusud.fr\/domaine-de-la-vigne-barbe\/"},"modified":"2024-12-17T14:08:36","modified_gmt":"2024-12-17T13:08:36","slug":"domaine-de-la-vigne-barbe","status":"publish","type":"page","link":"https:\/\/www.lacroixdusud.fr\/de\/domaine-de-la-vigne-barbe\/","title":{"rendered":". Dom\u00e4ne La Vigne Barb\u00e9"},"content":{"rendered":"\n<section class=\"wp-container-69f0cc9f6a7cf wp-block-group a-00-a\"><div class=\"wp-block-group__inner-container\">\n<div class=\"wp-block-cover alignfull is-light\"><span aria-hidden=\"true\" class=\"has-white-background-color has-background-dim-0 wp-block-cover__gradient-background has-background-dim\"><\/span><img loading=\"lazy\" width=\"1442\" height=\"638\" class=\"wp-block-cover__image-background wp-image-3068\" alt=\"\" src=\"https:\/\/www.lacroixdusud.fr\/wp-content\/uploads\/2022\/11\/217725045_3203693799870961_7770376367156207837_n.jpg\" style=\"object-position:52% 52%\" data-object-fit=\"cover\" data-object-position=\"52% 52%\" srcset=\"https:\/\/www.lacroixdusud.fr\/wp-content\/uploads\/2022\/11\/217725045_3203693799870961_7770376367156207837_n.jpg 1442w, https:\/\/www.lacroixdusud.fr\/wp-content\/uploads\/2022\/11\/217725045_3203693799870961_7770376367156207837_n-300x133.jpg 300w, https:\/\/www.lacroixdusud.fr\/wp-content\/uploads\/2022\/11\/217725045_3203693799870961_7770376367156207837_n-1024x453.jpg 1024w, https:\/\/www.lacroixdusud.fr\/wp-content\/uploads\/2022\/11\/217725045_3203693799870961_7770376367156207837_n-768x340.jpg 768w\" sizes=\"(max-width: 1442px) 100vw, 1442px\" \/><div class=\"wp-block-cover__inner-container\">\n<h1 class=\"has-text-align-center has-white-color has-text-color\" id=\"domaine-la-vigne-barbe\">Dom\u00e4ne La Vigne Barb\u00e9<\/h1>\n<\/div><\/div>\n<\/div><\/section>\n\n\n\n<section class=\"wp-container-69f0cc9f6b164 wp-block-group b-25-c\"><div class=\"wp-block-group__inner-container\">\n<div class=\"wp-block-columns\">\n<div class=\"wp-block-column\">\n<p>Die Domaine La Vigne Barb\u00e9 liegt in der Ebene von Roussillon auf einer Fl\u00e4che von etwa 50 Hektar und genie\u00dft das ganze Jahr \u00fcber au\u00dfergew\u00f6hnlich viel Sonnenschein.<\/p>\n\n\n\n<p>Unsere verschiedenen Weine sind alle biologisch angebaut und werden aus edlen Rebsorten wie Merlot, Syrah, Grenache Noir und Blancs, Chardonnay, Carignan sowie Muscat d&#8217;Alexandrie und Petit Grain hergestellt.<\/p>\n\n\n\n<p>Wir bieten kostenlose Besichtigungen des Weinguts, eine Fahrt mit dem kleinen Zug durch die Weinberge und eine Weinprobe w\u00e4hrend der gesamten Hochsaison (Juni bis September) an.<\/p>\n\n\n\n<div class=\"wp-block-group encart-information\"><div class=\"wp-block-group__inner-container\">\n<p><strong>Informationen und Reservierungen per Telefon: 04 68 52 32 23<\/strong><br><strong>Oder per E-Mail unter lavignebarbe@orange.fr<\/strong><\/p>\n\n\n\n<p>Adresse: Domaine La Vigne Barb\u00e9, Chemin du Mas Rovira 66530 CLAIRA<\/p>\n<\/div><\/div>\n\n\n\n<div class=\"wp-container-69f0cc9f6ac4a wp-block-buttons\">\n<div class=\"wp-block-button btn_resa\"><a class=\"wp-block-button__link\" href=\"https:\/\/www.lavignebarbe.com\/\" target=\"_blank\" rel=\"noreferrer noopener\">Zur Website der Domaine<\/a><\/div>\n\n\n\n<div class=\"wp-block-button\"><a class=\"wp-block-button__link\" href=\"https:\/\/www.lacroixdusud.fr\/de\/\">Zur\u00fcck zur Startseite<\/a><\/div>\n<\/div>\n<\/div>\n\n\n\n<div class=\"wp-block-column\">\n<div class=\"wp-block-image\"><figure class=\"aligncenter size-medium is-resized\"><img loading=\"lazy\" src=\"https:\/\/www.lacroixdusud.fr\/wp-content\/uploads\/2022\/11\/218219718_3203693873204287_788771090782065965_n-284x300.jpg\" alt=\"\" class=\"wp-image-3062\" width=\"142\" height=\"150\" srcset=\"https:\/\/www.lacroixdusud.fr\/wp-content\/uploads\/2022\/11\/218219718_3203693873204287_788771090782065965_n-284x300.jpg 284w, https:\/\/www.lacroixdusud.fr\/wp-content\/uploads\/2022\/11\/218219718_3203693873204287_788771090782065965_n-768x811.jpg 768w, https:\/\/www.lacroixdusud.fr\/wp-content\/uploads\/2022\/11\/218219718_3203693873204287_788771090782065965_n.jpg 909w\" sizes=\"(max-width: 142px) 100vw, 142px\" \/><\/figure><\/div>\n<\/div>\n<\/div>\n<\/div><\/section>\n\n\n\n<p><\/p>\n","protected":false},"excerpt":{"rendered":"<p>Die Domaine La Vigne Barb\u00e9 liegt in der Ebene von Roussillon auf einer Fl\u00e4che von etwa 50 Hektar und genie\u00dft das ganze Jahr \u00fcber au\u00dfergew\u00f6hnlich viel Sonnenschein. Unsere verschiedenen Weine sind alle biologisch angebaut und werden aus edlen Rebsorten wie Merlot, Syrah, Grenache Noir und Blancs, Chardonnay, Carignan sowie Muscat d&#8217;Alexandrie und Petit Grain hergestellt. [&hellip;]<\/p>\n","protected":false},"author":1,"featured_media":4891,"parent":0,"menu_order":0,"comment_status":"closed","ping_status":"closed","template":"","meta":[],"acf":[],"_links":{"self":[{"href":"https:\/\/www.lacroixdusud.fr\/de\/wp-json\/wp\/v2\/pages\/4611"}],"collection":[{"href":"https:\/\/www.lacroixdusud.fr\/de\/wp-json\/wp\/v2\/pages"}],"about":[{"href":"https:\/\/www.lacroixdusud.fr\/de\/wp-json\/wp\/v2\/types\/page"}],"author":[{"embeddable":true,"href":"https:\/\/www.lacroixdusud.fr\/de\/wp-json\/wp\/v2\/users\/1"}],"replies":[{"embeddable":true,"href":"https:\/\/www.lacroixdusud.fr\/de\/wp-json\/wp\/v2\/comments?post=4611"}],"version-history":[{"count":3,"href":"https:\/\/www.lacroixdusud.fr\/de\/wp-json\/wp\/v2\/pages\/4611\/revisions"}],"predecessor-version":[{"id":6524,"href":"https:\/\/www.lacroixdusud.fr\/de\/wp-json\/wp\/v2\/pages\/4611\/revisions\/6524"}],"wp:featuredmedia":[{"embeddable":true,"href":"https:\/\/www.lacroixdusud.fr\/de\/wp-json\/wp\/v2\/media\/4891"}],"wp:attachment":[{"href":"https:\/\/www.lacroixdusud.fr\/de\/wp-json\/wp\/v2\/media?parent=4611"}],"curies":[{"name":"wp","href":"https:\/\/api.w.org\/{rel}","templated":true}]}}