{"id":4618,"date":"2023-12-06T12:02:45","date_gmt":"2023-12-06T11:02:45","guid":{"rendered":"https:\/\/www.lacroixdusud.fr\/faqs\/"},"modified":"2024-12-05T11:44:54","modified_gmt":"2024-12-05T10:44:54","slug":"faqs","status":"publish","type":"page","link":"https:\/\/www.lacroixdusud.fr\/de\/faqs\/","title":{"rendered":". FAQ DE"},"content":{"rendered":"\n<section class=\"wp-container-69f2d9a7123c6 wp-block-group a-00-a\"><div class=\"wp-block-group__inner-container\">\n<div class=\"wp-block-cover alignfull is-light\"><span aria-hidden=\"true\" class=\"has-white-background-color has-background-dim-0 wp-block-cover__gradient-background has-background-dim\"><\/span><img loading=\"lazy\" width=\"1920\" height=\"1280\" class=\"wp-block-cover__image-background wp-image-1182\" alt=\"\" src=\"https:\/\/www.lacroixdusud.fr\/wp-content\/uploads\/2022\/07\/CDS_piscine_005-format.jpg\" style=\"object-position:52% 52%\" data-object-fit=\"cover\" data-object-position=\"52% 52%\" srcset=\"https:\/\/www.lacroixdusud.fr\/wp-content\/uploads\/2022\/07\/CDS_piscine_005-format.jpg 1920w, https:\/\/www.lacroixdusud.fr\/wp-content\/uploads\/2022\/07\/CDS_piscine_005-format-300x200.jpg 300w, https:\/\/www.lacroixdusud.fr\/wp-content\/uploads\/2022\/07\/CDS_piscine_005-format-1024x683.jpg 1024w, https:\/\/www.lacroixdusud.fr\/wp-content\/uploads\/2022\/07\/CDS_piscine_005-format-768x512.jpg 768w, https:\/\/www.lacroixdusud.fr\/wp-content\/uploads\/2022\/07\/CDS_piscine_005-format-1536x1024.jpg 1536w\" sizes=\"(max-width: 1920px) 100vw, 1920px\" \/><div class=\"wp-block-cover__inner-container\">\n<h1 class=\"has-text-align-center has-white-color has-text-color\" id=\"foire-aux-questions\">H\u00e4ufig gestellte Fragen<\/h1>\n<\/div><\/div>\n<\/div><\/section>\n\n<div style=\"height:50px\" aria-hidden=\"true\" class=\"wp-block-spacer\"><\/div>\n\n<div class=\"wp-container-69f2d9a7138a7 wp-block-group faq\"><div class=\"wp-block-group__inner-container\">\n<div class=\"wp-block-group accordeon\"><div class=\"wp-block-group__inner-container\">\n<p>Mittel zur Beilegung<\/p>\n\n\n\n<div class=\"wp-container-69f2d9a7127a0 wp-block-group\"><div class=\"wp-block-group__inner-container\">\n<p>Welche Zahlungsmittel werden akzeptiert?<\/p>\n\n\n\n<ul><li>Bankscheck (akzeptiert bei der Buchung und Zahlung 6 Wochen vor der Ankunft)<\/li><li>Bankkarte und VAD (Fernverkauf)<\/li><li>Europ\u00e4ische Bank\u00fcberweisung (Bankverbindung des Campingplatzes: IBAN-Code = FR76 1710 6000 0930 0074 0819 251 \/ BIC-Code = AGRIFRPP871)<\/li><li>Ferienschecks werden akzeptiert (keine Begrenzung des Betrags), auch an der Bar und im Lebensmittelgesch\u00e4ft (kein Wechselgeld) <em>(Bitte schneiden Sie den abtrennbaren Coupon nicht aus, sondern schicken Sie ihn uns als Ganzes)<\/em><\/li><li>Essensmarke in der Bar und im Lebensmittelgesch\u00e4ft (kein Wechselgeld)<\/li><\/ul>\n<\/div><\/div>\n<\/div><\/div>\n\n\n\n<div class=\"wp-block-group accordeon\"><div class=\"wp-block-group__inner-container\">\n<p>Entfernungen<\/p>\n\n\n\n<div class=\"wp-container-69f2d9a712b2c wp-block-group\"><div class=\"wp-block-group__inner-container\">\n<ul><li>Wie weit ist der Strand entfernt? Der Campingplatz befindet sich 600 m vom Strand entfernt (10 Minuten zu Fu\u00df)<\/li><li>Wie weit ist das Dorf entfernt? Der Campingplatz liegt 1 km vom Dorf entfernt;<\/li><li>Wie weit ist der Hafen entfernt? Der Campingplatz liegt 3 km vom Hafen entfernt;<\/li><li>Wie weit ist das Einkaufszentrum entfernt? Der Campingplatz liegt 1 km vom Einkaufszentrum (INTER MARCHE, Lidl und ALDI) entfernt 1.5 km SUPER U<\/li><li>Wie weit ist die spanische Grenze entfernt? Der Campingplatz liegt 40 km von der spanischen Grenze entfernt;<\/li><\/ul>\n<\/div><\/div>\n<\/div><\/div>\n\n\n\n<div class=\"wp-block-group accordeon\"><div class=\"wp-block-group__inner-container\">\n<p>Swimmingpool<\/p>\n\n\n\n<div class=\"wp-container-69f2d9a712ea1 wp-block-group\"><div class=\"wp-block-group__inner-container\">\n<ul><li>Baden erlaubt mit Slips und Boxershorts, Bikinis und einteiligen Badeanz\u00fcgen<\/li><li>Verboten sind: Badeshorts, Burka oder andere Kleidungsst\u00fccke.<\/li><li>Erkennungsarmband w\u00e4hrend des gesamten Aufenthalts obligatorisch, auch f\u00fcr Personen, die nicht ins Schwimmbad gehen, da das Armband ben\u00f6tigt wird, um in das Innere des <a href=\"https:\/\/www.lacroixdusud.fr\/de\/\" data-type=\"page\" data-id=\"5\">Camping Barcares<\/a>.<\/li><\/ul>\n<\/div><\/div>\n<\/div><\/div>\n\n\n\n<div class=\"wp-block-group accordeon\"><div class=\"wp-block-group__inner-container\">\n<p>Wahl eines Standorts<\/p>\n\n\n\n<div class=\"wp-container-69f2d9a713223 wp-block-group\"><div class=\"wp-block-group__inner-container\">\n<p>Wie werden die Standorte zugewiesen?<\/p>\n\n\n\n<ul><li>Die Pl\u00e4tze werden unterschiedslos von der Reservierungsabteilung vergeben.<\/li><li>Sie k\u00f6nnen jedoch einen Wunsch angeben (in der N\u00e4he der sanit\u00e4ren Anlagen oder in der N\u00e4he des Eingangs oder Seite an Seite mit einem Freund oder der Familie. Wir werden uns bem\u00fchen, Ihnen den Platz zuzuweisen, der Ihren Erwartungen am ehesten entspricht. (vorbehaltlich der Verf\u00fcgbarkeit)<\/li><li>Bei Wohnwagen oder Wohnmobilen ist es wichtig, die Gr\u00f6\u00dfe Ihrer Ausr\u00fcstung anzugeben, damit Ihnen der richtige Platz zugewiesen werden kann.<\/li><li><strong>F\u00fcr die Wahl eines Standorts fallen keine zus\u00e4tzlichen Kosten an.<\/strong><\/li><\/ul>\n<\/div><\/div>\n<\/div><\/div>\n\n\n\n<div class=\"wp-block-group accordeon\"><div class=\"wp-block-group__inner-container\">\n<p>Ausstattung der Mietunterk\u00fcnfte<\/p>\n\n\n\n<div class=\"wp-container-69f2d9a71358f wp-block-group\"><div class=\"wp-block-group__inner-container\">\n<ul><li>Bettdecken und Kopfkissen sind in allen Mobilheimen bereitgestellt;<\/li><li>Bettw\u00e4sche wird nicht gestellt (kann gemietet werden)<\/li><li>Die vollst\u00e4ndige Liste der bereitgestellten Ausr\u00fcstung befindet sich in der Beschreibung jeder Unterkunft und wird Ihnen mit Ihrer Best\u00e4tigung zugesandt;<\/li><li>Fernseher und Klimaanlage in allen Mobilheimen der Serien CONFORT, FUN und TROPICAL LUXE<\/li><\/ul>\n<\/div><\/div>\n<\/div><\/div>\n<\/div><\/div>\n\n<div style=\"height:50px\" aria-hidden=\"true\" class=\"wp-block-spacer\"><\/div>\n\n<div class=\"wp-container-69f2d9a713c1e wp-block-buttons\">\n<div class=\"wp-block-button btn_resa\"><a class=\"wp-block-button__link\">Meinen Aufenthalt buchen<\/a><\/div>\n\n\n\n<div class=\"wp-block-button\"><a class=\"wp-block-button__link\" href=\"https:\/\/www.lacroixdusud.fr\/de\/\">Zur\u00fcck zur Homepage<\/a><\/div>\n<\/div>\n","protected":false},"excerpt":{"rendered":"","protected":false},"author":1,"featured_media":0,"parent":0,"menu_order":0,"comment_status":"closed","ping_status":"closed","template":"","meta":[],"acf":[],"_links":{"self":[{"href":"https:\/\/www.lacroixdusud.fr\/de\/wp-json\/wp\/v2\/pages\/4618"}],"collection":[{"href":"https:\/\/www.lacroixdusud.fr\/de\/wp-json\/wp\/v2\/pages"}],"about":[{"href":"https:\/\/www.lacroixdusud.fr\/de\/wp-json\/wp\/v2\/types\/page"}],"author":[{"embeddable":true,"href":"https:\/\/www.lacroixdusud.fr\/de\/wp-json\/wp\/v2\/users\/1"}],"replies":[{"embeddable":true,"href":"https:\/\/www.lacroixdusud.fr\/de\/wp-json\/wp\/v2\/comments?post=4618"}],"version-history":[{"count":2,"href":"https:\/\/www.lacroixdusud.fr\/de\/wp-json\/wp\/v2\/pages\/4618\/revisions"}],"predecessor-version":[{"id":6434,"href":"https:\/\/www.lacroixdusud.fr\/de\/wp-json\/wp\/v2\/pages\/4618\/revisions\/6434"}],"wp:attachment":[{"href":"https:\/\/www.lacroixdusud.fr\/de\/wp-json\/wp\/v2\/media?parent=4618"}],"curies":[{"name":"wp","href":"https:\/\/api.w.org\/{rel}","templated":true}]}}