{"id":6942,"date":"2025-04-02T14:11:03","date_gmt":"2025-04-02T12:11:03","guid":{"rendered":"https:\/\/www.lacroixdusud.fr\/strand-barcares\/"},"modified":"2025-04-02T14:11:04","modified_gmt":"2025-04-02T12:11:04","slug":"strand-barcares","status":"publish","type":"page","link":"https:\/\/www.lacroixdusud.fr\/de\/strand-barcares\/","title":{"rendered":"Barcares-Strand"},"content":{"rendered":"\n<section class=\"wp-container-69f2455d02b05 wp-block-group a-00-a\"><div class=\"wp-block-group__inner-container\">\n<div class=\"wp-block-cover alignfull is-light\"><span aria-hidden=\"true\" class=\"has-bleu-background-color has-background-dim-0 wp-block-cover__gradient-background has-background-dim\"><\/span><img loading=\"lazy\" width=\"1280\" height=\"847\" class=\"wp-block-cover__image-background wp-image-3250\" alt=\"plage barcares\" src=\"https:\/\/www.lacroixdusud.fr\/wp-content\/uploads\/2022\/12\/beach-gee10199eb_1280.jpg\" style=\"object-position:51% 54%\" data-object-fit=\"cover\" data-object-position=\"51% 54%\" srcset=\"https:\/\/www.lacroixdusud.fr\/wp-content\/uploads\/2022\/12\/beach-gee10199eb_1280.jpg 1280w, https:\/\/www.lacroixdusud.fr\/wp-content\/uploads\/2022\/12\/beach-gee10199eb_1280-300x199.jpg 300w, https:\/\/www.lacroixdusud.fr\/wp-content\/uploads\/2022\/12\/beach-gee10199eb_1280-1024x678.jpg 1024w, https:\/\/www.lacroixdusud.fr\/wp-content\/uploads\/2022\/12\/beach-gee10199eb_1280-768x508.jpg 768w\" sizes=\"(max-width: 1280px) 100vw, 1280px\" \/><div class=\"wp-block-cover__inner-container\">\n<p class=\"has-text-align-center has-large-font-size\"><\/p>\n<\/div><\/div>\n\n\n\n<div class=\"wp-container-69f2455d027ca wp-block-group intro\"><div class=\"wp-block-group__inner-container\">\n<h1 class=\"has-text-align-left\" id=\"profitez-de-vos-vacances-au-plus-pres-des-plages-de-sable-a-barcares\">Genie\u00dfen Sie Ihren Urlaub in unmittelbarer N\u00e4he der Sandstr\u00e4nde in Barcar\u00e8s<\/h1>\n\n\n\n<p>Haben Sie Lust, die K\u00fcste der <strong>Pyr\u00e9n\u00e9es-Orientales<\/strong> zu entdecken? <strong>Barcar\u00e8s strand<\/strong> ist das ideale Reiseziel f\u00fcr Ihren n\u00e4chsten Sommerurlaub. Dieser Badeort wird mit seinen kilometerlangen, feinen Sandstr\u00e4nden der ganzen Familie gefallen. Bleiben Sie auf unserem <a href=\"https:\/\/www.lacroixdusud.fr\/de\/\">Campingplatz in Barcar\u00e8s<\/a> am Meer, um in der Sonne zu liegen oder verschiedene Wassersportaktivit\u00e4ten auszuprobieren.  <\/p>\n<\/div><\/div>\n<\/div><\/section>\n\n<div class=\"wp-container-69f2455d02f82 wp-block-group b-20-b\"><div class=\"wp-block-group__inner-container\">\n<div class=\"wp-block-columns are-vertically-aligned-center\">\n<div class=\"wp-block-column is-vertically-aligned-top\">\n<figure class=\"wp-block-image size-large coquillage2-bottom-right\"><img loading=\"lazy\" width=\"1024\" height=\"678\" src=\"https:\/\/www.lacroixdusud.fr\/wp-content\/uploads\/2022\/12\/beach-gee10199eb_1280-1024x678.jpg\" alt=\"strand barcares\" class=\"wp-image-3250\" srcset=\"https:\/\/www.lacroixdusud.fr\/wp-content\/uploads\/2022\/12\/beach-gee10199eb_1280-1024x678.jpg 1024w, https:\/\/www.lacroixdusud.fr\/wp-content\/uploads\/2022\/12\/beach-gee10199eb_1280-300x199.jpg 300w, https:\/\/www.lacroixdusud.fr\/wp-content\/uploads\/2022\/12\/beach-gee10199eb_1280-768x508.jpg 768w, https:\/\/www.lacroixdusud.fr\/wp-content\/uploads\/2022\/12\/beach-gee10199eb_1280.jpg 1280w\" sizes=\"(max-width: 1024px) 100vw, 1024px\" \/><\/figure>\n<\/div>\n\n\n\n<div class=\"wp-block-column is-vertically-aligned-top\">\n<h2 id=\"ou-se-baigner-a-barcares-decouvrez-les-etendues-de-sable-du-littoral-catalan\">Wo kann man in Barcar\u00e8s baden? Entdecken Sie die Sandstr\u00e4nde der katalanischen K\u00fcste <\/h2>\n\n\n\n<p>Unser 4<strong>-Sterne-Campingplatz in Port Barcar\u00e8s<\/strong> ist ideal gelegen und nur 800 Meter vom Mittelmeer entfernt. 8 km Strand erwarten Sie in einer paradiesischen Umgebung zwischen feinem <strong>Sand und azurblauem Meer<\/strong>. Ein weiterer Pluspunkt ist, dass Barcar\u00e8s das <strong>Label Pavillon bleu<\/strong> besitzt, das eine einwandfreie Wasserqualit\u00e4t und Sauberkeit des Ufers garantiert.  <\/p>\n\n\n\n<p>Ihre Kinder k\u00f6nnen in aller Sicherheit baden, Beachvolleyball oder Tennisschl\u00e4ger spielen. Der <strong>lange Strand von Barcar\u00e8s<\/strong> wird w\u00e4hrend der Sommersaison t\u00e4glich \u00fcberwacht. Nutzen Sie die Gelegenheit, um sich einen <strong>faulen Tag<\/strong> zu g\u00f6nnen. Es steht Ihnen frei, in der Sonne zu faulenzen oder in einem Liegestuhl am Biblio plage in einem Buch zu schm\u00f6kern.   <\/p>\n\n\n\n<p>Und nach einem Vormittag, an dem die ganze Familie Sandburgen gebaut hat, sollten Sie unbedingt eine Pause einlegen. Entlang der K\u00fcste von Port Barcar\u00e8s gibt es zahlreiche <strong>Restaurants<\/strong>. Sie bieten k\u00f6stliche Mahlzeiten und Cocktails an und sorgen so f\u00fcr einen absolut entspannten Moment mit den <strong>F\u00fc\u00dfen im Wasser<\/strong>.  <\/p>\n\n\n\n<h3 id=\"la-plage-du-lydia\">Der Strand von Lydia<\/h3>\n\n\n\n<p>Kommt und erlebt ein einzigartiges Abenteuer am <strong>Strand von Lydia<\/strong>. Dort k\u00f6nnt ihr das \u00e4lteste und einzige im Sand eingebettete Passagierschiff der Welt entdecken. Es wurde in den 1930er Jahren gebaut und ist \u00fcber 90 Meter lang. An diesem geselligen Strand findet im Juli das gr\u00f6\u00dfte elektronische Musikfestival Frankreichs statt: das <a href=\"https:\/\/www.lacroixdusud.fr\/electrobeach-barcares\/\" data-type=\"page\" data-id=\"1285\">Electrobeach Music Festival<\/a>.   <\/p>\n<\/div>\n<\/div>\n<\/div><\/div>\n\n<section class=\"wp-container-69f2455d0337c wp-block-group b-25-a\"><div class=\"wp-block-group__inner-container\">\n<div class=\"wp-block-columns\">\n<div class=\"wp-block-column\">\n<h2 id=\"que-faire-sur-les-plages-de-barcares-toutes-les-activites-a-pratiquer-en-famille\">Was kann man an den Str\u00e4nden von Barcar\u00e8s unternehmen? Alle Aktivit\u00e4ten f\u00fcr die ganze Familie <\/h2>\n\n\n\n<p>Barcar\u00e8s ist ein wahres Paradies f\u00fcr Liebhaber von <strong>Wassersportarten<\/strong>. Ein wundersch\u00f6ner <strong>Salzwassersee mit 7.000 Hektar<\/strong> Fl\u00e4che grenzt direkt an den Badeort. Dieses wahre Binnenmeer ist der ideale Ort, um erste Erfahrungen mit dem Gleitsport zu sammeln. Kitesurfen, Wakeboarden, Windsurfen und Wasserski begeistern alle, die den Nervenkitzel suchen. Der See eignet sich aber auch perfekt f\u00fcr ruhigere Aktivit\u00e4ten wie Stand-Up-Paddling, Tretbootfahren, Kanufahren oder Segeln.    <\/p>\n\n\n\n<p><strong>An der Mittelmeerseite<\/strong> kommen <strong>Wassersportfans<\/strong> jeden Alters auf ihre Kosten. Jetski, Flyboard und die beliebten Bananenboote sind entlang der gesamten K\u00fcste im Angebot. Lust auf einen Ausflug aufs offene Meer? <strong>Port Barcar\u00e8s<\/strong> bietet Bootstouren an, um die <strong>katalanische K\u00fcste<\/strong> zu bewundern \u2013 oder um das Hochseeangeln und das Tauchen f\u00fcr sich zu entdecken. In Barcar\u00e8s erwartet euch eine <a href=\"https:\/\/www.lacroixdusud.fr\/a-voir-a-faire-proche-camping-barcares\/\" data-type=\"page\" data-id=\"1328\">Vielzahl an Aktivit\u00e4ten<\/a>.    <\/p>\n\n\n\n<p>Die <strong>Naturr\u00e4ume<\/strong> tragen ebenfalls zum Ruf von Barcar\u00e8s bei. Zwischen Land und Meer bieten die Lagune von Salses-Leucate, der Pinienwald und die D\u00fcnenlandschaften einen gesch\u00fctzten Lebensraum f\u00fcr eine gro\u00dfe Vielfalt an Pflanzen- und Tierarten. Diese \u00d6kosysteme lassen sich wunderbar bei Wanderungen, Ausritten oder vor allem bei <strong>Fahrradtouren<\/strong> entdecken. Zahlreiche Radwege, die f\u00fcr jedes Niveau geeignet sind, stehen Urlaubern zur Verf\u00fcgung.   <\/p>\n<\/div>\n\n\n\n<div class=\"wp-block-column\">\n<figure class=\"wp-block-image size-large\"><img loading=\"lazy\" width=\"1024\" height=\"682\" src=\"https:\/\/www.lacroixdusud.fr\/wp-content\/uploads\/2022\/12\/Paddle-1024x682.jpg\" alt=\"paddle barcares strand\" class=\"wp-image-3247\" srcset=\"https:\/\/www.lacroixdusud.fr\/wp-content\/uploads\/2022\/12\/Paddle-1024x682.jpg 1024w, https:\/\/www.lacroixdusud.fr\/wp-content\/uploads\/2022\/12\/Paddle-300x200.jpg 300w, https:\/\/www.lacroixdusud.fr\/wp-content\/uploads\/2022\/12\/Paddle-768x512.jpg 768w, https:\/\/www.lacroixdusud.fr\/wp-content\/uploads\/2022\/12\/Paddle.jpg 1280w\" sizes=\"(max-width: 1024px) 100vw, 1024px\" \/><\/figure>\n<\/div>\n<\/div>\n<\/div><\/section>\n\n<h2 id=\"sejourner-en-camping-en-bord-de-mer-a-la-croix-du-sud\">Am Meer campen im \u201eLa Croix du Sud\u201c<\/h2>\n\n<p>Unser Campingplatz \u201eLa Croix du Sud\u201c liegt in unmittelbarer N\u00e4he zum <strong>Strand von Barcar\u00e8s<\/strong>. Das Mittelmeer ist nur 800 Meter von Ihrem Stellplatz oder Ihrem gemieteten <a href=\"https:\/\/www.lacroixdusud.fr\/de\/mobil-homes-barcares\/\">Mobilheim entfernt<\/a>. Keine langen Autofahrten n\u00f6tig \u2013 ein erfrischendes Bad in traumhafter Umgebung ist nur wenige Gehminuten entfernt. Ein weitl\u00e4ufiger, warmer Sandstrand wartet schon auf Sie.   <\/p>\n\n<p>Der Strand von Barcar\u00e8s z\u00e4hlt zu den sch\u00f6nsten der <strong>Region Okzitanien<\/strong>. Er ist der perfekte Ort, um ein erfrischendes Bad im Meer zu nehmen, die Sonne zu genie\u00dfen oder einfach mit den Kindern im goldenen Sand zu spielen. Was gibt es Sch\u00f6neres als <strong>Urlaub am Meer<\/strong>, um unvergessliche Momente mit der <strong>Familie<\/strong> zu verbringen? <\/p>\n\n<p>Auf dem <strong>Campingplatz \u201eLa Croix du Sud\u201c in Barcar\u00e8s<\/strong> k\u00f6nnen sich Ihre Kinder im Wasserpark mit beheiztem Pool, Rutsche und Planschbecken vergn\u00fcgen. Und wenn das noch nicht genug ist, gibt es nur wenige hundert Meter entfernt am Meer zahlreiche Wassersportangebote. In der Zwischenzeit k\u00f6nnen Sie sich ganz entspannt in der Sonne in einem der vielen Strandclubs erholen.  <\/p>\n\n<p>Unser 4-Sterne-Campingplatz in Barcar\u00e8s ist auch ein idealer Ausgangspunkt, um das D\u00e9partement der <strong>Pyr\u00e9n\u00e9es-Orientales<\/strong> zu entdecken. Die K\u00fcste bietet zahlreiche Sandstr\u00e4nde, idyllische Buchten und authentische D\u00f6rfer. Die Region punktet mit einem reichen kulturellen Erbe, das jeden Urlauber begeistert. Die sandige K\u00fcste von Barcar\u00e8s vereint alle Vorz\u00fcge des <strong>Mittelmeerraums<\/strong>: funkelnd blaues Wasser, 300 Sonnentage im Jahr, 8 Kilometer feiner Sandstrand, traumhafte Landschaften und gesch\u00fctzte Naturr\u00e4ume. Diese Traumkulisse ist perfekt, um die <strong>Strandfreuden mit der Familie<\/strong> in vollen Z\u00fcgen zu genie\u00dfen.    <\/p>\n","protected":false},"excerpt":{"rendered":"<p>Genie\u00dfen Sie Ihren Urlaub in unmittelbarer N\u00e4he der Sandstr\u00e4nde in Barcar\u00e8s Haben Sie Lust, die K\u00fcste der Pyr\u00e9n\u00e9es-Orientales zu entdecken? Barcar\u00e8s strand ist das ideale Reiseziel f\u00fcr Ihren n\u00e4chsten Sommerurlaub. Dieser Badeort wird mit seinen kilometerlangen, feinen Sandstr\u00e4nden der ganzen Familie gefallen. Bleiben Sie auf unserem Campingplatz in Barcar\u00e8s am Meer, um in der Sonne [&hellip;]<\/p>\n","protected":false},"author":1,"featured_media":4867,"parent":0,"menu_order":0,"comment_status":"closed","ping_status":"closed","template":"","meta":[],"acf":[],"_links":{"self":[{"href":"https:\/\/www.lacroixdusud.fr\/de\/wp-json\/wp\/v2\/pages\/6942"}],"collection":[{"href":"https:\/\/www.lacroixdusud.fr\/de\/wp-json\/wp\/v2\/pages"}],"about":[{"href":"https:\/\/www.lacroixdusud.fr\/de\/wp-json\/wp\/v2\/types\/page"}],"author":[{"embeddable":true,"href":"https:\/\/www.lacroixdusud.fr\/de\/wp-json\/wp\/v2\/users\/1"}],"replies":[{"embeddable":true,"href":"https:\/\/www.lacroixdusud.fr\/de\/wp-json\/wp\/v2\/comments?post=6942"}],"version-history":[{"count":1,"href":"https:\/\/www.lacroixdusud.fr\/de\/wp-json\/wp\/v2\/pages\/6942\/revisions"}],"predecessor-version":[{"id":6943,"href":"https:\/\/www.lacroixdusud.fr\/de\/wp-json\/wp\/v2\/pages\/6942\/revisions\/6943"}],"wp:featuredmedia":[{"embeddable":true,"href":"https:\/\/www.lacroixdusud.fr\/de\/wp-json\/wp\/v2\/media\/4867"}],"wp:attachment":[{"href":"https:\/\/www.lacroixdusud.fr\/de\/wp-json\/wp\/v2\/media?parent=6942"}],"curies":[{"name":"wp","href":"https:\/\/api.w.org\/{rel}","templated":true}]}}