{"id":7069,"date":"2025-05-05T15:00:49","date_gmt":"2025-05-05T13:00:49","guid":{"rendered":"https:\/\/www.lacroixdusud.fr\/burg-von-salses\/"},"modified":"2025-05-05T15:00:50","modified_gmt":"2025-05-05T13:00:50","slug":"burg-von-salses","status":"publish","type":"page","link":"https:\/\/www.lacroixdusud.fr\/de\/burg-von-salses\/","title":{"rendered":"\u00d6stliche Pyren\u00e4en &#8211; Salses &#8211; Das Schloss"},"content":{"rendered":"\n<section class=\"wp-container-69eb95a0d7f1f wp-block-group a-00-a\"><div class=\"wp-block-group__inner-container\">\n<div class=\"wp-block-cover alignfull\"><span aria-hidden=\"true\" class=\"has-bleu-background-color has-background-dim-0 wp-block-cover__gradient-background has-background-dim\"><\/span><img loading=\"lazy\" width=\"2560\" height=\"1440\" class=\"wp-block-cover__image-background wp-image-6439\" alt=\"\" src=\"https:\/\/www.lacroixdusud.fr\/wp-content\/uploads\/2024\/12\/ADO-Salses-le-Chateau-camping-2-scaled.jpeg\" style=\"object-position:49% 75%\" data-object-fit=\"cover\" data-object-position=\"49% 75%\" srcset=\"https:\/\/www.lacroixdusud.fr\/wp-content\/uploads\/2024\/12\/ADO-Salses-le-Chateau-camping-2-scaled.jpeg 2560w, https:\/\/www.lacroixdusud.fr\/wp-content\/uploads\/2024\/12\/ADO-Salses-le-Chateau-camping-2-300x169.jpeg 300w, https:\/\/www.lacroixdusud.fr\/wp-content\/uploads\/2024\/12\/ADO-Salses-le-Chateau-camping-2-1024x576.jpeg 1024w, https:\/\/www.lacroixdusud.fr\/wp-content\/uploads\/2024\/12\/ADO-Salses-le-Chateau-camping-2-768x432.jpeg 768w, https:\/\/www.lacroixdusud.fr\/wp-content\/uploads\/2024\/12\/ADO-Salses-le-Chateau-camping-2-1536x864.jpeg 1536w, https:\/\/www.lacroixdusud.fr\/wp-content\/uploads\/2024\/12\/ADO-Salses-le-Chateau-camping-2-2048x1152.jpeg 2048w\" sizes=\"(max-width: 2560px) 100vw, 2560px\" \/><div class=\"wp-block-cover__inner-container\">\n<p class=\"has-text-align-center has-large-font-size\"><\/p>\n<\/div><\/div>\n\n\n\n<div class=\"wp-container-69eb95a0d7bf0 wp-block-group intro\"><div class=\"wp-block-group__inner-container\">\n<h1 class=\"has-text-align-left\" id=\"salses-le-chateau-pres-du-camping-dans-les-pyrenees-orientales\">Salses Le Ch\u00e2teau in der N\u00e4he des Campingplatzes in den \u00f6stlichen Pyren\u00e4en<\/h1>\n\n\n\n<p>Weniger als 14 km von <a href=\"https:\/\/www.lacroixdusud.fr\/de\/\" data-type=\"page\" data-id=\"1232\">Barcar\u00e8s<\/a> entfernt bietet <strong>Burg von Salses<\/strong> einen angenehmen Zwischenstopp f\u00fcr die Urlauber des <strong>Campingplatzes La Croix du Sud<\/strong>. Diese kleine Stadt am Ufer des<strong>Teichs von Leucate<\/strong> und in der N\u00e4he der <strong>C\u00f4te Vermeille<\/strong> hat zwischen historischen St\u00e4tten, Natur und Familienaktivit\u00e4ten einiges zu bieten! <\/p>\n<\/div><\/div>\n<\/div><\/section>\n\n<div class=\"wp-container-69eb95a0d834b wp-block-group seo\"><div class=\"wp-block-group__inner-container\">\n<div class=\"wp-block-columns\">\n<div class=\"wp-block-column\">\n<figure class=\"wp-block-image size-large\"><img loading=\"lazy\" width=\"1024\" height=\"425\" src=\"https:\/\/www.lacroixdusud.fr\/wp-content\/uploads\/2024\/12\/ADO-Salses-le-Chateau-camping-1-1024x425.jpeg\" alt=\"\" class=\"wp-image-6444\" srcset=\"https:\/\/www.lacroixdusud.fr\/wp-content\/uploads\/2024\/12\/ADO-Salses-le-Chateau-camping-1-1024x425.jpeg 1024w, https:\/\/www.lacroixdusud.fr\/wp-content\/uploads\/2024\/12\/ADO-Salses-le-Chateau-camping-1-300x124.jpeg 300w, https:\/\/www.lacroixdusud.fr\/wp-content\/uploads\/2024\/12\/ADO-Salses-le-Chateau-camping-1-768x318.jpeg 768w, https:\/\/www.lacroixdusud.fr\/wp-content\/uploads\/2024\/12\/ADO-Salses-le-Chateau-camping-1-1536x637.jpeg 1536w, https:\/\/www.lacroixdusud.fr\/wp-content\/uploads\/2024\/12\/ADO-Salses-le-Chateau-camping-1-2048x849.jpeg 2048w\" sizes=\"(max-width: 1024px) 100vw, 1024px\" \/><\/figure>\n<\/div>\n\n\n\n<div class=\"wp-block-column\">\n<h2 id=\"decouvrir-salses-le-chateaux\">Entdecken Sie Salses le Ch\u00e2teau in den \u00f6stlichen Pyren\u00e4en<\/h2>\n\n\n\n<p>Liebhaber von Geschichte, Architektur und Natur kommen hier voll auf ihre Kosten! Denn Salse le ch\u00e2teau l\u00e4sst sich \u00fcber sein historisches und nat\u00fcrliches Erbe entdecken, das sich in seiner <strong>pr\u00e4chtigen Festung und <\/strong> seinen zahlreichen <strong> Wanderwegen<\/strong> widerspiegelt. <\/p>\n\n\n\n<p>Die <strong>Festung von Salses<\/strong> ist zweifellos der Ort, den man in Salses-le-Ch\u00e2teau unbedingt besichtigen sollte. Das ehemalige Milit\u00e4rgeb\u00e4ude wurde zum Schutz der alten Grenze im 15. Jahrhunderterbaut und lag strategisch g\u00fcnstig zwischen <strong>dem Etang de Salses-Leucate<\/strong> und den <strong>Corbi\u00e8res<\/strong>. Mit seinen beeindruckenden Ausma\u00dfen und seiner spanischen Architektur lernen Sie beieinem 45-min\u00fctigen Rundgang eines der Bauwerke kennen, die <strong>die katalanische Geschichte<\/strong> gepr\u00e4gt haben. F\u00fcr Besucher mit Kindern gibt es au\u00dferdem eine<strong> Rallye<\/strong>, bei der die Kleinen die Geschichte der <a href=\"https:\/\/www.tourismus-mittelmeerpyrenaen.de\/forteresse-de-salses\"> katalanischenFestung<\/a> kennenlernen k\u00f6nnen.  <\/p>\n\n\n\n<p>Das Tor <strong> der <\/strong> katalanischen L\u00e4nder <strong>(Porta dels Pa\u00efsos Catalans <\/strong>) befindet sich auf den Anh\u00f6hen von Salses und wird durch ein 12 Meter hohes Werk des Bildhauers Emili Armengol verk\u00f6rpert. Von hier aus kann man einen herrlichen<strong> Blick auf das Mittelmeer<\/strong> genie\u00dfen. <\/p>\n<\/div>\n<\/div>\n<\/div><\/div>\n\n<p><\/p>\n\n<div class=\"wp-container-69eb95a0d8a8d wp-block-group\"><div class=\"wp-block-group__inner-container\">\n<section class=\"wp-container-69eb95a0d8784 wp-block-group b-05-a\"><div class=\"wp-block-group__inner-container\">\n<div class=\"wp-block-columns\">\n<div class=\"wp-block-column\">\n<h2 id=\"sejournez-en-camping-pres-de-salses-le-chateau\">Aufenthalt auf einem Campingplatz in der N\u00e4he von Salses le Ch\u00e2teau<\/h2>\n\n\n\n<p>In der N\u00e4he der ber\u00fchmten <strong>Festung von Salses<\/strong> bietet Ihnen der Campingplatz La Croix du Sud in Barcar\u00e8s mit seinen <strong> hochwertigen<\/strong> <strong>Unterk\u00fcnften<\/strong> einen unvergesslichen Aufenthalt. Profitieren Sie voneiner gro\u00dfen Auswahl an komfortablen Mobilheimen, die so ausgestattet sind, dass sie Ihren Bed\u00fcrfnissen entsprechen. <strong>Entdecken<\/strong> Sie <strong> den Komfort der Mobilheime auf dem Campingplatz La Croix du Sud in Barcar\u00e8s<\/strong>, einem idealen Reiseziel f\u00fcr einen Urlaub mit der Familie oder mit Freunden. Dieser<a href=\"https:\/\/www.lacroixdusud.fr\/camping-pyrenees-orientales\/\"> 4-Sterne-Campingplatz im Departement Pyr\u00e9n\u00e9es Orientales<\/a> liegt nur wenige Schritte vom Meer und den Str\u00e4nden entfernt und bietet moderne und perfekt ausgestattete Mietunterk\u00fcnfte, die einen <strong>Aufenthalt mit allem Komfort<\/strong> garantieren.  <\/p>\n\n\n\n<p>Genie\u00dfen Sie eine au\u00dfergew\u00f6hnliche nat\u00fcrliche Umgebung und einen Wasserpark f\u00fcr unvergessliche Entspannungsmomente. Dank der g\u00fcnstigen Lage in Barcar\u00e8s haben Sie leichten Zugang zu den Str\u00e4nden, Wassersportm\u00f6glichkeiten und Sehensw\u00fcrdigkeiten. Der<strong> Wasserpark<\/strong> mit Rutschen und Swimmingpools begeistert Kinder und Erwachsene, w\u00e4hrend die <strong> Freizeitm\u00f6glichkeiten<\/strong> f\u00fcr Entspannung und Unterhaltung sorgen.   <\/p>\n\n\n\n<p>Der Campingplatz bietet ein <strong>abwechslungsreiches <\/strong>Unterhaltungsprogramm, <strong> Wasserspa\u00df<\/strong> undeinen Kinderclub, um die ganze Familie zu unterhalten. Auch in der Umgebung gibt es viel zu entdecken: Machen Sie eine <strong>Wanderung<\/strong> durch die Landschaft der Corbi\u00e8res oder erkunden Sie die historischen und nat\u00fcrlichen Sch\u00e4tze der Region. F\u00fcr <strong>Sport- und Wellnessliebhaber<\/strong> werden geeignete Aktivit\u00e4ten f\u00fcr einen aktiven und erholsamen Aufenthalt angeboten.   <\/p>\n<\/div>\n\n\n\n<div class=\"wp-block-column\">\n<figure class=\"wp-block-image size-large feuille-top-right coquillage1-bottom-right\"><img loading=\"lazy\" width=\"768\" height=\"1024\" src=\"https:\/\/www.lacroixdusud.fr\/wp-content\/uploads\/2022\/09\/IMG_E1783-768x1024.jpg\" alt=\"terrasse loggia kompakte lage mobil home barcares\" class=\"wp-image-2953\" srcset=\"https:\/\/www.lacroixdusud.fr\/wp-content\/uploads\/2022\/09\/IMG_E1783-768x1024.jpg 768w, https:\/\/www.lacroixdusud.fr\/wp-content\/uploads\/2022\/09\/IMG_E1783-225x300.jpg 225w, https:\/\/www.lacroixdusud.fr\/wp-content\/uploads\/2022\/09\/IMG_E1783-1152x1536.jpg 1152w, https:\/\/www.lacroixdusud.fr\/wp-content\/uploads\/2022\/09\/IMG_E1783-1536x2048.jpg 1536w, https:\/\/www.lacroixdusud.fr\/wp-content\/uploads\/2022\/09\/IMG_E1783-scaled.jpg 1920w\" sizes=\"(max-width: 768px) 100vw, 768px\" \/><\/figure>\n<\/div>\n<\/div>\n<\/div><\/section>\n<\/div><\/div>\n\n<div class=\"wp-block-columns\">\n<div class=\"wp-block-column\">\n<figure class=\"wp-block-image size-large\"><img loading=\"lazy\" width=\"1024\" height=\"683\" src=\"https:\/\/www.lacroixdusud.fr\/wp-content\/uploads\/2024\/11\/Ado-vignoble-pyrenees-orientales-1024x683.jpeg\" alt=\"wein Pyr&#xE9;n&#xE9;es orientales\" class=\"wp-image-6349\" srcset=\"https:\/\/www.lacroixdusud.fr\/wp-content\/uploads\/2024\/11\/Ado-vignoble-pyrenees-orientales-1024x683.jpeg 1024w, https:\/\/www.lacroixdusud.fr\/wp-content\/uploads\/2024\/11\/Ado-vignoble-pyrenees-orientales-300x200.jpeg 300w, https:\/\/www.lacroixdusud.fr\/wp-content\/uploads\/2024\/11\/Ado-vignoble-pyrenees-orientales-768x512.jpeg 768w, https:\/\/www.lacroixdusud.fr\/wp-content\/uploads\/2024\/11\/Ado-vignoble-pyrenees-orientales-1536x1024.jpeg 1536w, https:\/\/www.lacroixdusud.fr\/wp-content\/uploads\/2024\/11\/Ado-vignoble-pyrenees-orientales-2048x1365.jpeg 2048w\" sizes=\"(max-width: 1024px) 100vw, 1024px\" \/><\/figure>\n<\/div>\n\n\n\n<div class=\"wp-block-column\">\n<h2 id=\"decouvrir-salses-le-chateaux\">Was kann man in der Umgebung von Salses le Ch\u00e2teau besichtigen?<\/h2>\n\n\n\n<p>Bei Ihrem Besuch der <strong>Festung von Salses<\/strong> k\u00f6nnen Sie einige der nahe gelegenen Sehensw\u00fcrdigkeiten erkunden, die Sie nicht verpassen sollten. Das <strong>M\u00e9morial du Camp de Rivesaltes <\/strong> zeichnet ein pr\u00e4gendes Kapitel der Zeitgeschichtenach. Entdecken Sie die Eleganz der<strong> Abtei von Fontfroide<\/strong>, ein Meisterwerk der Zisterzienser, das in die Natur eingebettet ist. Genie\u00dfen Sie die unber\u00fchrte Landschaft rund um den <strong>\u00c9tang de Salses &#8211; Leucate<\/strong>, ideal f\u00fcr Naturliebhaber. Tauchen Sie mit dem<strong> Oppidum und dem arch\u00e4ologischen Museum von Ens\u00e9rune<\/strong>, einer bedeutenden arch\u00e4ologischen St\u00e4tte, in die antike Geschichte ein. Beenden Sie Ihre Rundreise mit einem<strong> mittelalterlichen<\/strong> Erlebnis<strong> in der Burg und den Stadtmauern der Stadt Carcassonne<\/strong>, die zum Weltkulturerbe geh\u00f6rt. Planen Sie jetzt Ihre Route f\u00fcr ein abwechslungsreiches Erlebnis.      <\/p>\n\n\n\n<p>Urlauber, <strong>die mit ihrer Familie Salses-le-Ch\u00e2teau<\/strong> besuchen , haben auch die M\u00f6glichkeit,<strong> den Etang de Salses Leucate<\/strong> zu erreichen, den zweitgr\u00f6\u00dften See im Languedoc-Roussillon. Vor Ort haben Sie die Qual der Wahl! Vom Baden, \u00fcber verschiedene motorisierte Sportarten wie Jetski oder Wasserski, bis hin zu Brettsportarten (Windsurfen, Katamaran, Optimist, Kitesurfen, Kajak), haben Gro\u00df und Klein alles, was sie f\u00fcr einen angenehmen Familienurlaub brauchen.  <\/p>\n\n\n\n<p>Nach dem Besuch von Salses k\u00f6nnen Urlauber in eine andere Epoche der Geschichte eintauchen, indem sie die <strong>Gedenkst\u00e4tte Camp de Rivesaltes<\/strong> besuchen. Diese Gedenkst\u00e4tte befindet sich nur 5 km s\u00fcdlich von Salses und weniger als 20 km von Barcar\u00e8s entfernt. Mit seiner Dauerausstellung zeichnet die Gedenkst\u00e4tte das Schicksal der 60.000 Menschen nach, die die Geschichte dieses Lagers gepr\u00e4gt haben.  <\/p>\n<\/div>\n<\/div>\n\n<div style=\"height:100px\" aria-hidden=\"true\" class=\"wp-block-spacer\"><\/div>\n\n<h2 id=\"decouvrir-les-pyrenees-orientales\">Entdecken Sie die \u00f6stlichen Pyren\u00e4en<\/h2>\n\n<p>Das Departement <strong>Pyr\u00e9n\u00e9es-Orientales<\/strong> ist ein ideales Reiseziel f\u00fcr Natur- und Kulturliebhaber. Entdecken Sie <a href=\"https:\/\/www.lacroixdusud.fr\/camping-canet-en-roussillon\/\">Canet-en-Roussillon<\/a>, einen dynamischen Badeort, oder erkunden Sie die wundersch\u00f6ne <strong>C\u00f4te Vermeille<\/strong>, die f\u00fcr ihre Str\u00e4nde und malerischen D\u00f6rfer bekannt ist. Verpassen Sie nicht <strong>Salses-le-Ch\u00e2teau<\/strong>, eine beeindruckende historische St\u00e4tte, oder <a href=\"https:\/\/www.lacroixdusud.fr\/visiter-sejourner-camping-saint-cyprien-plage\/\">Saint-Cyprien-Plage<\/a>, perfekt f\u00fcr einen Urlaub am Meer. <a href=\"https:\/\/www.lacroixdusud.fr\/camping-perpignan\/\">Perpignan <\/a>bietet ein reiches kulturelles Erbe, w\u00e4hrend <a href=\"https:\/\/www.lacroixdusud.fr\/camping-sainte-marie-la-mer\/\">Sainte-Marie-la-Mer<\/a> mit seinem authentischen Charme und seinen ruhigen Str\u00e4nden besticht.  <\/p>\n\n<p>Buchen Sie jetzt auf dem Campingplatz La Croix du Sud und erleben Sie einen <strong> unvergesslichenUrlaub am Mittelmeer<\/strong>! Unsere <strong>4-Sterne-Anlage<\/strong> in den \u00f6stlichen Pyren\u00e4en bietet komfortable <strong>Unterk\u00fcnfte<\/strong> f\u00fcr jede <strong>Jahreszeit<\/strong> von Fr\u00fchling bis Herbst. Genie\u00dfen Sie den <strong>Pool<\/strong>, die <strong>Spielpl\u00e4tze<\/strong>, sowie die <strong>Abendveranstaltungen<\/strong> und die zahlreichen Aktivit\u00e4ten und Animationen. Unsere <strong>G\u00e4ste<\/strong> sch\u00e4tzen den erstklassigen <strong>Service<\/strong> und die nat\u00fcrliche Umgebung, die von <strong>Pinien<\/strong> und <strong>W\u00e4ldern<\/strong> umgeben ist . Mit einer wachsenden <strong>Anzahl an<\/strong> Bewertungen bietet der Campingplatz Einrichtungen, die f\u00fcr eine <strong>internationale<\/strong> Klientel geeignet sind . F\u00fcr weitere<strong>Informationen<\/strong>, z\u00f6gern Sie nicht uns zu kontaktieren. Genie\u00dfen Sieeinen au\u00dfergew\u00f6hnlichen Aufenthalt zu einem erschwinglichen <strong>Betrag<\/strong>!     <\/p>\n","protected":false},"excerpt":{"rendered":"<p>Salses Le Ch\u00e2teau in der N\u00e4he des Campingplatzes in den \u00f6stlichen Pyren\u00e4en Weniger als 14 km von Barcar\u00e8s entfernt bietet Burg von Salses einen angenehmen Zwischenstopp f\u00fcr die Urlauber des Campingplatzes La Croix du Sud. Diese kleine Stadt am Ufer desTeichs von Leucate und in der N\u00e4he der C\u00f4te Vermeille hat zwischen historischen St\u00e4tten, Natur [&hellip;]<\/p>\n","protected":false},"author":1,"featured_media":6442,"parent":0,"menu_order":0,"comment_status":"closed","ping_status":"closed","template":"","meta":[],"acf":[],"_links":{"self":[{"href":"https:\/\/www.lacroixdusud.fr\/de\/wp-json\/wp\/v2\/pages\/7069"}],"collection":[{"href":"https:\/\/www.lacroixdusud.fr\/de\/wp-json\/wp\/v2\/pages"}],"about":[{"href":"https:\/\/www.lacroixdusud.fr\/de\/wp-json\/wp\/v2\/types\/page"}],"author":[{"embeddable":true,"href":"https:\/\/www.lacroixdusud.fr\/de\/wp-json\/wp\/v2\/users\/1"}],"replies":[{"embeddable":true,"href":"https:\/\/www.lacroixdusud.fr\/de\/wp-json\/wp\/v2\/comments?post=7069"}],"version-history":[{"count":1,"href":"https:\/\/www.lacroixdusud.fr\/de\/wp-json\/wp\/v2\/pages\/7069\/revisions"}],"predecessor-version":[{"id":7070,"href":"https:\/\/www.lacroixdusud.fr\/de\/wp-json\/wp\/v2\/pages\/7069\/revisions\/7070"}],"wp:featuredmedia":[{"embeddable":true,"href":"https:\/\/www.lacroixdusud.fr\/de\/wp-json\/wp\/v2\/media\/6442"}],"wp:attachment":[{"href":"https:\/\/www.lacroixdusud.fr\/de\/wp-json\/wp\/v2\/media?parent=7069"}],"curies":[{"name":"wp","href":"https:\/\/api.w.org\/{rel}","templated":true}]}}