{"id":7082,"date":"2025-05-14T11:06:25","date_gmt":"2025-05-14T09:06:25","guid":{"rendered":"https:\/\/www.lacroixdusud.fr\/was-zu-sehen-perpignan\/"},"modified":"2025-05-14T11:06:29","modified_gmt":"2025-05-14T09:06:29","slug":"was-zu-sehen-perpignan","status":"publish","type":"page","link":"https:\/\/www.lacroixdusud.fr\/de\/was-zu-sehen-perpignan\/","title":{"rendered":"Perpignan was zu sehen"},"content":{"rendered":"\n<section class=\"wp-container-69ebb36870ae9 wp-block-group a-00-a\"><div class=\"wp-block-group__inner-container\">\n<div class=\"wp-block-cover alignfull is-light\"><span aria-hidden=\"true\" class=\"has-background-dim-0 wp-block-cover__gradient-background has-background-dim\"><\/span><img loading=\"lazy\" width=\"2560\" height=\"907\" class=\"wp-block-cover__image-background wp-image-6035\" alt=\"Barcares camping\" src=\"https:\/\/www.lacroixdusud.fr\/wp-content\/uploads\/2024\/09\/AdobeStock_678802633-1-scaled.jpeg\" style=\"object-position:51% 61%\" data-object-fit=\"cover\" data-object-position=\"51% 61%\" srcset=\"https:\/\/www.lacroixdusud.fr\/wp-content\/uploads\/2024\/09\/AdobeStock_678802633-1-scaled.jpeg 2560w, https:\/\/www.lacroixdusud.fr\/wp-content\/uploads\/2024\/09\/AdobeStock_678802633-1-300x106.jpeg 300w, https:\/\/www.lacroixdusud.fr\/wp-content\/uploads\/2024\/09\/AdobeStock_678802633-1-1024x363.jpeg 1024w, https:\/\/www.lacroixdusud.fr\/wp-content\/uploads\/2024\/09\/AdobeStock_678802633-1-768x272.jpeg 768w, https:\/\/www.lacroixdusud.fr\/wp-content\/uploads\/2024\/09\/AdobeStock_678802633-1-1536x544.jpeg 1536w, https:\/\/www.lacroixdusud.fr\/wp-content\/uploads\/2024\/09\/AdobeStock_678802633-1-2048x726.jpeg 2048w\" sizes=\"(max-width: 2560px) 100vw, 2560px\" \/><div class=\"wp-block-cover__inner-container\">\n<p class=\"has-text-align-center has-large-font-size\"><\/p>\n<\/div><\/div>\n\n\n\n<div class=\"wp-container-69ebb36870785 wp-block-group intro papito\"><div class=\"wp-block-group__inner-container\">\n<h1 id=\"que-voir-a-perpignan-lors-de-votre-sejour\">Was kann man bei einem Aufenthalt in Perpignan sehen?<\/h1>\n\n\n\n<p><strong>Perpignan<\/strong>, eine sonnenverw\u00f6hnte Stadt im Herzen der Region Katalonien, erwartet Sie mit ihren kulturellen Sch\u00e4tzen und symboltr\u00e4chtigen Sehensw\u00fcrdigkeiten. F\u00fcr entdeckungsfreudige <a href=\"https:\/\/www.lacroixdusud.fr\/de\/tourismus-pyrenees-orientales\/\" data-type=\"page\" data-id=\"5093\">Familien<\/a> und Reisende auf der Suche nach einzigartigen Erlebnissen bietet Perpignan eine Vielzahl von Attraktionen , die Ihre Fantasie befl\u00fcgeln und Ihre Abenteuerlust in den <strong>Pyr\u00e9n\u00e9es Orientales<\/strong> n\u00e4hren werden.  <\/p>\n\n\n\n<p>Das sonnige Klima, die freundliche Atmosph\u00e4re und die N\u00e4he zu den <strong>Pyren\u00e4en<\/strong>, den <a href=\"https:\/\/www.perpignanmediterranee-tourisme.com\/de\/a-vivre\/nos-experiences\/mediterranee\/les-plus-belles-plages-de-perpignan-mediterranee\/\" data-type=\"page\" data-id=\"3972\">Str\u00e4nden <\/a>und <strong>Spanien<\/strong> sind nur einige der vielen Vorteile dieser Stadt. Somit ist Perpignan ein ideales Ziel f\u00fcr einen Campingurlaub. Dar\u00fcber hinaus bietet diese <strong>katalanische Stadt<\/strong> ein reiches kulturelles und religi\u00f6ses Erbe, insbesondere das Castillet und die Kathedrale Saint-Jean-Baptiste, die zu den unumg\u00e4nglichen Sehensw\u00fcrdigkeiten der Stadt geh\u00f6ren. Entdecken Sie w\u00e4hrend Ihres Campingurlaubs alle Reicht\u00fcmer dieser <strong>ehemaligen Hauptstadt des K\u00f6nigreichs Mallorca<\/strong>.   <\/p>\n<\/div><\/div>\n<\/div><\/section>\n\n<div style=\"height:100px\" aria-hidden=\"true\" class=\"wp-block-spacer\"><\/div>\n\n<h2 id=\"un-voyage-a-travers-les-tresors-de-perpignan-dans-les-pyrenees-orientales\">Eine Reise durch die Sch\u00e4tze von Perpignan in den \u00f6stlichen Pyren\u00e4en<\/h2>\n\n<div class=\"wp-block-columns\">\n<div class=\"wp-block-column\">\n<p>Beginnen Sie Ihre Reise mit einem Besuch des <strong>Palastes der K\u00f6nige von Mallorca<\/strong>, einem architektonischen Wunderwerk aus dem 13. Jahrhundert, das von der glanzvollen Geschichte der Stadt zeugt. Schlendern Sie durch die \u00fcppigen G\u00e4rten und genie\u00dfen Sie den <strong> Panoramablick<\/strong> auf Perpignan von den Stadtmauern aus, der Ihre Sinne mit der einstigen Gr\u00f6\u00dfe dieser <strong> mittelalterlichenStadt<\/strong> erf\u00fcllt . <\/p>\n\n\n\n<p>Tauchen Sie dann in die bezaubernde Atmosph\u00e4re des historischen Viertels ein, wo die gepflasterten Stra\u00dfen Sie dazu einladen, durch die Jahrhunderte zu schlendern. Verpassen Sie nicht die <strong>majest\u00e4tische Kathedrale Saint-Jean-Baptiste<\/strong>, ein architektonisches Meisterwerk, das Gotik und Barock miteinander verbindet und von Perpignans <strong>kulturellem Reichtum <\/strong>zeugt. <\/p>\n\n\n\n<p>Um ganz in die <strong> katalanischeKultur<\/strong> einzutauchen , sollten Sie einen Abstecher zum <strong>Castillet<\/strong>, dem Wahrzeichen der Stadt, machen. Dieses <strong> mittelalterlicheMonument<\/strong> beherbergt heute das <strong> KatalanischeMuseum f\u00fcr <\/strong> Volkskunst und Traditionen, wo Sie anhand einer faszinierenden Sammlung von Objekten und Artefakten die Br\u00e4uche und Traditionen der Vorfahren der Region kennen lernen k\u00f6nnen. <\/p>\n\n\n\n<p>Kunstliebhaber kommen auch im <strong>Kunstmuseum Hyacinthe Rigaud<\/strong>auf ihre Kosten, wo eine beeindruckende Sammlung von Gem\u00e4lden und Skulpturen Sie in die kreative Welt der katalanischen K\u00fcnstler eintauchen l\u00e4sst. Erkunden Sie die Umgebung von Perpignan , von den <strong> goldenen Sandstr\u00e4nden des Mittelmeers<\/strong> bis hin zu den malerischen Pfaden der <strong>Pyr\u00e9n\u00e9es-Orientales<\/strong>, die eine vielf\u00e4ltige Palette an Outdoor-Aktivit\u00e4ten f\u00fcr jeden Geschmack bieten. <\/p>\n<\/div>\n\n\n\n<div class=\"wp-block-column\">\n<figure class=\"wp-block-image size-large\"><img loading=\"lazy\" width=\"1024\" height=\"683\" src=\"https:\/\/www.lacroixdusud.fr\/wp-content\/uploads\/2024\/02\/AdobeStock_186084633-1024x683.jpeg\" alt=\"was gibt es in Perpignan zu sehen\" class=\"wp-image-5366\" srcset=\"https:\/\/www.lacroixdusud.fr\/wp-content\/uploads\/2024\/02\/AdobeStock_186084633-1024x683.jpeg 1024w, https:\/\/www.lacroixdusud.fr\/wp-content\/uploads\/2024\/02\/AdobeStock_186084633-300x200.jpeg 300w, https:\/\/www.lacroixdusud.fr\/wp-content\/uploads\/2024\/02\/AdobeStock_186084633-768x512.jpeg 768w, https:\/\/www.lacroixdusud.fr\/wp-content\/uploads\/2024\/02\/AdobeStock_186084633-1536x1024.jpeg 1536w, https:\/\/www.lacroixdusud.fr\/wp-content\/uploads\/2024\/02\/AdobeStock_186084633-2048x1365.jpeg 2048w\" sizes=\"(max-width: 1024px) 100vw, 1024px\" \/><\/figure>\n<\/div>\n<\/div>\n\n<div style=\"height:80px\" aria-hidden=\"true\" class=\"wp-block-spacer\"><\/div>\n\n<div class=\"wp-block-columns\">\n<div class=\"wp-block-column\">\n<figure class=\"wp-block-image size-large\"><img loading=\"lazy\" width=\"1024\" height=\"696\" src=\"https:\/\/www.lacroixdusud.fr\/wp-content\/uploads\/2024\/02\/ADO_Perpignan_castillet-1024x696.jpeg\" alt=\"Perpignan Castillet\" class=\"wp-image-5373\" srcset=\"https:\/\/www.lacroixdusud.fr\/wp-content\/uploads\/2024\/02\/ADO_Perpignan_castillet-1024x696.jpeg 1024w, https:\/\/www.lacroixdusud.fr\/wp-content\/uploads\/2024\/02\/ADO_Perpignan_castillet-300x204.jpeg 300w, https:\/\/www.lacroixdusud.fr\/wp-content\/uploads\/2024\/02\/ADO_Perpignan_castillet-768x522.jpeg 768w, https:\/\/www.lacroixdusud.fr\/wp-content\/uploads\/2024\/02\/ADO_Perpignan_castillet-1536x1044.jpeg 1536w, https:\/\/www.lacroixdusud.fr\/wp-content\/uploads\/2024\/02\/ADO_Perpignan_castillet-2048x1392.jpeg 2048w\" sizes=\"(max-width: 1024px) 100vw, 1024px\" \/><\/figure>\n<\/div>\n\n\n\n<div class=\"wp-block-column\">\n<h2 id=\"explorer-le-castillet\">Erkunden Le Castillet<\/h2>\n\n\n\n<p>Das Castillet, das im 14. Jahrhundert erbaut wurde, ist ein kultureller und architektonischer Schatz in Perpignan. Das historische Bauwerk, das auch Porte Notre-Dame genannt wird, wurde 1889 unter Denkmalschutz gestellt und ist ein Zeugnis der reichen historischen Vergangenheit der Stadt. Das Castillet war eines der Eingangstore der Stadt, aber auch ein Staatsgef\u00e4ngnis. Heute beherbergt es das Museum Casa Pairal, das auch als Museum f\u00fcr katalanische Volkskunst und Traditionen bekannt ist.    <\/p>\n\n\n\n<p>Im Jahr 2002 wurde ihm die Bezeichnung &#8220;Mus\u00e9e de France&#8221; verliehen. Das 1963 er\u00f6ffnete Museum hat sich an die heutigen Pr\u00e4sentationsbedingungen angepasst und dabei seine Authentizit\u00e4t bewahrt. Hier k\u00f6nnen Sie anhand von ethnografischen und Kunstausstellungen einen Einblick in die katalanische Kultur gewinnen. Der Besuch endet mit einem spektakul\u00e4ren Aussichtspunkt. Nachdem Sie die 142 Stufen bis zur Spitze des Turms erklommen haben, k\u00f6nnen Sie das Panorama \u00fcber die Stadt, die <strong>Ebenen des Roussillon<\/strong> und die Berge der <strong>Pyren\u00e4en<\/strong> bewundern. Das Castillet ist ein idealer Ausgangspunkt, um die katalanische Stadt zu erkunden.     <\/p>\n<\/div>\n<\/div>\n\n<div style=\"height:65px\" aria-hidden=\"true\" class=\"wp-block-spacer\"><\/div>\n\n<h2 id=\"admirer-la-cathedrale-de-saint-jean-baptiste-de-perpignan\">Die Kathedrale Saint-Jean-Baptiste in Perpignan bewundern<\/h2>\n\n<p>Auf dem Place Gambetta entdecken Sie die wundersch\u00f6ne<strong> Kathedrale Saint Jean Baptiste<\/strong>. Dieses Meisterwerk der s\u00fcdl\u00e4ndischen gotischen Architektur wurde 1324 erbaut, aber die Bauarbeiten wurden aufgrund des Zusammenbruchs des K\u00f6nigreichs Mallorca und einer Pestepidemie erst 1509 beendet. Die einschiffige Kirche wurde 1602 zur Kathedrale. Im Laufe der Jahrhunderte wurde dieses gewaltige religi\u00f6se Monument mit einem Vorbau an seiner Fassade im 17. Jahrhundert und einem schmiedeeisernen Glockenturm im 18. Jahrhundert versch\u00f6nert. Das Innere der Kathedrale ist reich verziert. Bewundern Sie hinter dem Altar das Altarbild aus wei\u00dfem Marmor, die denkmalgesch\u00fctzte Orgel aus dem 16. Jahrhundert oder auch die pr\u00e4chtigen neogotischen Glasfenster.     <\/p>\n\n<p>In der N\u00e4he der Kathedrale befindet sich die romanischeKirche Saint Jean le Vieux, die alte Kirche von Perpignan, die zu klein geworden war. Sie wurde nicht zerst\u00f6rt und steht noch immer neben der Kathedrale. Ihr Erhaltungszustand ist sehr gut , obwohl sie zwischen dem 12. und 13. Jahrhundert erbaut wurde. Die Kathedrale St. Johannes der T\u00e4ufer bildet einen gro\u00dfen Stiftskomplex mit der alten Kirche St. Johannes der \u00c4ltere, aber auch mit der Funeraria-Kapelle aus dem 14. Jahrhundert, der Devot-Christus-Kapelle und dem Kreuzgang Campo Santo Friedhof. Letzterer bietet einen sch\u00f6nen Blick auf die Kathedrale. Sie k\u00f6nnen die Kathedrale von Perpignan an jedem Tag der Woche von Montag bis Samstag von 8:00 bis 18:00 Uhr besichtigen, au\u00dfer am Sonntag, nur von 14:00 bis 18:00 Uhr.     <\/p>\n\n<div style=\"height:59px\" aria-hidden=\"true\" class=\"wp-block-spacer\"><\/div>\n\n<h2 id=\"sejourner-au-camping-la-croix-du-sud-a-barcares\"> Aufenthalt auf dem Campingplatz La Croix du Sud in Barcar\u00e8s<\/h2>\n\n<p>Unser<strong> 16 km entfernter<\/strong> <a href=\"https:\/\/www.lacroixdusud.fr\/camping-perpignan\/\" data-type=\"page\" data-id=\"1312\">Campingplatz La Croix du Sud in  der N\u00e4he von Perpignan<\/a> empf\u00e4ngt Sie <strong> direktam Meer<\/strong> in Le Barcar\u00e8s. Verbringen Sie Ihren Aufenthalt inmitten eines weitl\u00e4ufigen, schattigen und bl\u00fchenden Parks in voll ausgestatteten Mobilheimen verschiedener Kategorien (von der Essentielle-Reihe bis zur Spitzenklasse mit Zugang zu Sauna und Fitness inklusive + Klimaanlage). Dieser<strong> 4-Sterne-Campingplatz in der N\u00e4he von Perpignan <\/strong>bietet auch ger\u00e4umige und baumbestandene Stellpl\u00e4tze f\u00fcr Liebhaber des traditionellen Campings.   <\/p>\n\n<p>W\u00e4hrend Ihres Aufenthalts k\u00f6nnen Sie den Wasserbereich mit beheiztem Pool, Rutschen und Planschbecken nutzen. F\u00fcr Unterhaltung sorgen die zahlreichen Aktivit\u00e4ten und Animationen des Campingplatzes La Croix du Sud: Kinderclub, Sportturniere, Wassergymnastik, Themenabende etc. Nicht weit von unserem Campingplatz entfernt, entdecken Sie auch den Wein auf unserer Domaine de la Vigne Barb\u00e9.   <\/p>\n","protected":false},"excerpt":{"rendered":"<p>Was kann man bei einem Aufenthalt in Perpignan sehen? Perpignan, eine sonnenverw\u00f6hnte Stadt im Herzen der Region Katalonien, erwartet Sie mit ihren kulturellen Sch\u00e4tzen und symboltr\u00e4chtigen Sehensw\u00fcrdigkeiten. F\u00fcr entdeckungsfreudige Familien und Reisende auf der Suche nach einzigartigen Erlebnissen bietet Perpignan eine Vielzahl von Attraktionen , die Ihre Fantasie befl\u00fcgeln und Ihre Abenteuerlust in den Pyr\u00e9n\u00e9es [&hellip;]<\/p>\n","protected":false},"author":1,"featured_media":5100,"parent":0,"menu_order":0,"comment_status":"closed","ping_status":"closed","template":"","meta":[],"acf":[],"_links":{"self":[{"href":"https:\/\/www.lacroixdusud.fr\/de\/wp-json\/wp\/v2\/pages\/7082"}],"collection":[{"href":"https:\/\/www.lacroixdusud.fr\/de\/wp-json\/wp\/v2\/pages"}],"about":[{"href":"https:\/\/www.lacroixdusud.fr\/de\/wp-json\/wp\/v2\/types\/page"}],"author":[{"embeddable":true,"href":"https:\/\/www.lacroixdusud.fr\/de\/wp-json\/wp\/v2\/users\/1"}],"replies":[{"embeddable":true,"href":"https:\/\/www.lacroixdusud.fr\/de\/wp-json\/wp\/v2\/comments?post=7082"}],"version-history":[{"count":3,"href":"https:\/\/www.lacroixdusud.fr\/de\/wp-json\/wp\/v2\/pages\/7082\/revisions"}],"predecessor-version":[{"id":7085,"href":"https:\/\/www.lacroixdusud.fr\/de\/wp-json\/wp\/v2\/pages\/7082\/revisions\/7085"}],"wp:featuredmedia":[{"embeddable":true,"href":"https:\/\/www.lacroixdusud.fr\/de\/wp-json\/wp\/v2\/media\/5100"}],"wp:attachment":[{"href":"https:\/\/www.lacroixdusud.fr\/de\/wp-json\/wp\/v2\/media?parent=7082"}],"curies":[{"name":"wp","href":"https:\/\/api.w.org\/{rel}","templated":true}]}}