{"id":7174,"date":"2025-06-02T15:15:18","date_gmt":"2025-06-02T13:15:18","guid":{"rendered":"https:\/\/www.lacroixdusud.fr\/camping-perpignan\/"},"modified":"2025-06-02T15:15:19","modified_gmt":"2025-06-02T13:15:19","slug":"camping-perpignan","status":"publish","type":"page","link":"https:\/\/www.lacroixdusud.fr\/de\/camping-perpignan\/","title":{"rendered":"Perpignan Campingplatz"},"content":{"rendered":"\n<section class=\"wp-container-69d21380e9857 wp-block-group a-00-a\"><div class=\"wp-block-group__inner-container\">\n<div class=\"wp-block-cover alignfull is-light\"><span aria-hidden=\"true\" class=\"has-font-dark-background-color has-background-dim-0 wp-block-cover__gradient-background has-background-dim\"><\/span><img loading=\"lazy\" width=\"1280\" height=\"853\" class=\"wp-block-cover__image-background wp-image-1370\" alt=\"\" src=\"https:\/\/www.lacroixdusud.fr\/wp-content\/uploads\/2022\/07\/Cour_du_Campo_Santo.jpg\" style=\"object-position:53% 46%\" data-object-fit=\"cover\" data-object-position=\"53% 46%\" srcset=\"https:\/\/www.lacroixdusud.fr\/wp-content\/uploads\/2022\/07\/Cour_du_Campo_Santo.jpg 1280w, https:\/\/www.lacroixdusud.fr\/wp-content\/uploads\/2022\/07\/Cour_du_Campo_Santo-300x200.jpg 300w, https:\/\/www.lacroixdusud.fr\/wp-content\/uploads\/2022\/07\/Cour_du_Campo_Santo-1024x682.jpg 1024w, https:\/\/www.lacroixdusud.fr\/wp-content\/uploads\/2022\/07\/Cour_du_Campo_Santo-768x512.jpg 768w\" sizes=\"(max-width: 1280px) 100vw, 1280px\" \/><div class=\"wp-block-cover__inner-container\">\n<p><\/p>\n<\/div><\/div>\n\n\n\n<div class=\"wp-container-69d21380e9570 wp-block-group intro\"><div class=\"wp-block-group__inner-container\">\n<h1 class=\"has-text-align-left\" id=\"decouvrir-perpignan-pres-de-notre-camping\">Entdecken Sie Perpignan in der N\u00e4he unseres Campingplatzes<\/h1>\n\n\n\n<p>Haben Sie Lust auf einen Urlaub <strong>zwischen dem Mittelmeer<\/strong>, der Sonne<strong> S\u00fcdfrankreichs <\/strong>und den Bergen der <strong>Pyren\u00e4en <\/strong>? Die <strong>Pyr\u00e9n\u00e9es-Orientales<\/strong> und ihre <strong>C\u00f4te Vermeille<\/strong> strecken ihre Arme nach Ihnen aus! Zwischen seinen traumhaften Landschaften, seinem bemerkenswerten Kulturerbe und seinen katalanischen Traditionen fehlt es diesem Teil des<strong> Languedoc Roussillon<\/strong> nicht an Tr\u00fcmpfen, um zu gefallen.  <\/p>\n\n\n\n<p>Was die Wahl Ihres Urlaubsziels betrifft, so bietet Ihnen ein <strong>Campingurlaub in der N\u00e4he von Perpignan<\/strong> dank seiner N\u00e4he zu <a href=\"https:\/\/www.lacroixdusud.fr\/de\/\" data-type=\"page\" data-id=\"1232\">Barcares<\/a>, <a href=\"https:\/\/www.lacroixdusud.fr\/camping-canet-en-roussillon\/\" data-type=\"page\" data-id=\"1310\">Canet en Roussillon<\/a>, St Cyprien und vielen anderen zahlreiche M\u00f6glichkeiten f\u00fcr Besichtigungen und Aktivit\u00e4ten. Au\u00dferdem ist Perpignan, das nur 30 km von der <strong>spanischen Grenze<\/strong> entfernt liegt, auch wegen seiner idealen Lage beliebt! <\/p>\n<\/div><\/div>\n<\/div><\/section>\n\n<div style=\"height:50px\" aria-hidden=\"true\" class=\"wp-block-spacer\"><\/div>\n\n<section class=\"wp-container-69d21380e9c8c wp-block-group b-00-b\"><div class=\"wp-block-group__inner-container\">\n<div class=\"wp-block-columns\">\n<div class=\"wp-block-column\">\n<figure class=\"wp-block-gallery has-nested-images columns-default is-cropped fleur-top-right\">\n<figure class=\"wp-block-image size-full\"><img loading=\"lazy\" width=\"640\" height=\"966\" src=\"https:\/\/www.lacroixdusud.fr\/wp-content\/uploads\/2022\/07\/perpignan1.jpg\" alt=\"\" class=\"wp-image-1374\" srcset=\"https:\/\/www.lacroixdusud.fr\/wp-content\/uploads\/2022\/07\/perpignan1.jpg 640w, https:\/\/www.lacroixdusud.fr\/wp-content\/uploads\/2022\/07\/perpignan1-199x300.jpg 199w\" sizes=\"(max-width: 640px) 100vw, 640px\" \/><\/figure>\n\n\n\n<figure class=\"wp-block-image size-large\"><img loading=\"lazy\" width=\"1024\" height=\"631\" src=\"https:\/\/www.lacroixdusud.fr\/wp-content\/uploads\/2023\/10\/perpignan-chateau-1024x631.jpg\" alt=\"perpignan\" class=\"wp-image-4012\" srcset=\"https:\/\/www.lacroixdusud.fr\/wp-content\/uploads\/2023\/10\/perpignan-chateau-1024x631.jpg 1024w, https:\/\/www.lacroixdusud.fr\/wp-content\/uploads\/2023\/10\/perpignan-chateau-300x185.jpg 300w, https:\/\/www.lacroixdusud.fr\/wp-content\/uploads\/2023\/10\/perpignan-chateau-768x473.jpg 768w, https:\/\/www.lacroixdusud.fr\/wp-content\/uploads\/2023\/10\/perpignan-chateau-1536x946.jpg 1536w, https:\/\/www.lacroixdusud.fr\/wp-content\/uploads\/2023\/10\/perpignan-chateau-2048x1262.jpg 2048w\" sizes=\"(max-width: 1024px) 100vw, 1024px\" \/><\/figure>\n<\/figure>\n<\/div>\n\n\n\n<div class=\"wp-block-column\">\n<h2 id=\"visiter-perpignan-a-travers-son-histoire-dans-les-pyrenees-orientales\">Besuchen Sie Perpignan durch seine Geschichte in den \u00f6stlichen Pyren\u00e4en<\/h2>\n\n\n\n<p>Wenn man in die Geschichte von <strong>Perpignan<\/strong> eintaucht, entdeckt man, dass die Stadt bis zum 17. Jahrhundert spanisch war, bevor sie auf die franz\u00f6sische Seite wechselte. Es ist alsonicht verwunderlich, dass man in dieser Stadt im Languedoc den katalanischen Geist wiederfindet. Die ehemalige Hauptstadt des K\u00f6nigreichs Mallorca (13. Jahrhundert) liegt nur einen Katzensprung von der C\u00f4te Vermeille entfernt und bietet Besuchern eine wahre Zeitreise in die Vergangenheit. Aufgrund ihres reichen Kulturerbes wurde sie zur Stadt der <strong>Kunst und Geschichte<\/strong> erkl\u00e4rt .   <\/p>\n\n\n\n<p>Der <strong>Palast der K\u00f6nige von Mallorca<\/strong> ist eines der perfekten Beispiele daf\u00fcr und sollte bei einem Besuch in Perpignan nicht verpasst werden. Dort werden F\u00fchrungen und Veranstaltungen (Konzerte) organisiert, um die Geschichte dieses <a href=\"https:\/\/www.perpignantourisme.com\/decouvrir\/voir-faire\/monuments\/palais-rois-majorque\">mittelalterlichen Palastes<\/a> aus dem 13. Jahrhundert zu entdecken.  <\/p>\n\n\n\n<p><a href=\"https:\/\/www.lacroixdusud.fr\/de\/was-zu-sehen-perpignan\/\" data-type=\"page\" data-id=\"5275\">Was gibt es in Perpignan zu sehen<\/a>? Zu den weiteren unumg\u00e4nglichen Sehensw\u00fcrdigkeiten in Perpignan geh\u00f6rt das <strong>Castillet<\/strong> mit seiner herrlichen Terrasse, von der aus man einen atemberaubenden Blick auf die Stadt hat. Fr\u00fcher diente es als Stadttor von Perpignan und sp\u00e4ter als Gef\u00e4ngnis, heute ist es der Ausstellungsort des Mus\u00e9e Catalan des Arts et Traditions Populaires. Museumsliebhaber und Neugierige k\u00f6nnen auch das <strong>Mus\u00e9e des Monnaies et M\u00e9dailles Joseph Puig<\/strong>, das <strong>Mus\u00e9e Hyacinthe Rigaud<\/strong>, das <strong>Mus\u00e9e d&#8217;Art contemporain<\/strong> oder das <strong>Mus\u00e9e d&#8217;Histoire naturelle<\/strong> besuchen. Geschichtsinteressierte k\u00f6nnen ihre Reise durch die Zeit in der<strong> arch\u00e4ologischen St\u00e4tte von Ruscino<\/strong> fortsetzen.    <\/p>\n\n\n\n<p>Bei einem Rundgang durch die Stadt und ihre Architektur, in der die Gotik vorherrscht, kann man eine Vielzahl religi\u00f6ser Monumente (Kapellen, Kirchen) aus dem 13. und 14. Jahrhundert entdecken, aber auch die bemerkenswerte <strong>Basilika-Kathedrale Saint-Jean-Baptiste de Perpignan<\/strong>.<\/p>\n\n\n\n<div style=\"height:58px\" aria-hidden=\"true\" class=\"wp-block-spacer\"><\/div>\n<\/div>\n<\/div>\n<\/div><\/section>\n\n<section class=\"wp-container-69d21380ea06b wp-block-group b-10-a\"><div class=\"wp-block-group__inner-container\">\n<div class=\"wp-block-columns\">\n<div class=\"wp-block-column\">\n<figure class=\"wp-block-gallery has-nested-images columns-default is-cropped diaporama-mob\">\n<figure class=\"wp-block-image size-large\"><img loading=\"lazy\" width=\"1024\" height=\"683\" src=\"https:\/\/www.lacroixdusud.fr\/wp-content\/uploads\/2023\/02\/plage-2-1024x683.jpg\" alt=\"plage camping barcares\" class=\"wp-image-3423\" srcset=\"https:\/\/www.lacroixdusud.fr\/wp-content\/uploads\/2023\/02\/plage-2-1024x683.jpg 1024w, https:\/\/www.lacroixdusud.fr\/wp-content\/uploads\/2023\/02\/plage-2-300x200.jpg 300w, https:\/\/www.lacroixdusud.fr\/wp-content\/uploads\/2023\/02\/plage-2-768x512.jpg 768w, https:\/\/www.lacroixdusud.fr\/wp-content\/uploads\/2023\/02\/plage-2-1536x1024.jpg 1536w, https:\/\/www.lacroixdusud.fr\/wp-content\/uploads\/2023\/02\/plage-2.jpg 1920w\" sizes=\"(max-width: 1024px) 100vw, 1024px\" \/><\/figure>\n<\/figure>\n<\/div>\n\n\n\n<div class=\"wp-block-column\">\n<h2 id=\"profiter-de-la-cote-mediterraneenne-pendant-votre-sejour-dans-les-pyrenees-orientales\">Genie\u00dfen Sie die Mittelmeerk\u00fcste w\u00e4hrend Ihres Aufenthalts in den Pyr\u00e9n\u00e9es-Orientales<\/h2>\n\n\n\n<p>Entdecken Sie in der N\u00e4he von Perpignan auch die K\u00fcste und ihre <a href=\"https:\/\/www.perpignanmediterranee-tourisme.com\/de\/a-vivre\/nos-experiences\/mediterranee\/les-plus-belles-plages-de-perpignan-mediterranee\/\">Str\u00e4nde <\/a>, an denen Sie sich erfrischen k\u00f6nnen. <\/p>\n\n\n\n<h3 id=\"le-bord-de-mer-et-les-plages-pres-de-perpignan\">Das Meer und die Str\u00e4nde in der N\u00e4he von Perpignan<\/h3>\n\n\n\n<p>Die <strong> Mittelmeerk\u00fcste<\/strong> in der N\u00e4he von Perpignan ist \u00fcbers\u00e4t mit wundersch\u00f6nen Sandstr\u00e4nden. Besonders beliebt sind die Str\u00e4nde des Badeortes <strong>Canet-en-Roussillon<\/strong>, die eine ideale Kulisse zum Schwimmen, Wassersport und Entspannen in der Sonne bieten.  <\/p>\n\n\n\n<p>Neben dem Schwimmen bieten die <strong>Str\u00e4nde von Perpignan<\/strong> eine Vielzahl von Aktivit\u00e4ten wie Windsurfen, Kitesurfen, Beachvolleyball , Angeln und Schnorcheln. Au\u00dferdem gibt es Restaurants und Strandbars , in denen Sie eine k\u00f6stliche <strong> mediterraneK\u00fcche<\/strong> genie\u00dfen k\u00f6nnen.  <\/p>\n\n\n\n<p>Die Region um Perpignan ist gepr\u00e4gt von <strong> malerischenLandschaften<\/strong>, mit den <strong>Bergen der Pyren\u00e4en<\/strong> im Hintergrund. Die Str\u00e4nde bieten einen spektakul\u00e4ren Blick auf das <strong> Mittelmeer<\/strong>, wodurch ein idealer Rahmen f\u00fcr Entspannung und Kontemplation geschaffen wird. <\/p>\n\n\n\n<h3 id=\"la-nature-et-les-balades\">Natur und Spazierg\u00e4nge<\/h3>\n\n\n\n<p>Die <strong>\u00f6stlichen Pyren\u00e4en<\/strong> bieten f\u00fcr Fahrr\u00e4der ausgebaute Wege, die sich ideal f\u00fcr Ausfl\u00fcge eignen, um die K\u00fcste oder das Flachland auf malerischen Stra\u00dfen zu erkunden. Die <strong>Radtour auf dem Gr\u00fcnen Weg <\/strong>zwischen Perpignan und Sainte Marie de la Mer bietet ein unvergessliches Erlebnis durch die wundersch\u00f6ne mediterrane Landschaft. Das Fremdenverkehrsamt von Perpignan bietet im Sommer auch Fahrradtouren durch die Stadt an.<br\/>Auch Spazierg\u00e4nge und Wanderungen zu Fu\u00df sind nicht zu verachten. Bei einem Spaziergang entlang der <strong>Bew\u00e4sserungskan\u00e4le in Perpignan <\/strong>k\u00f6nnen Sie die friedliche Sch\u00f6nheit dieser Wasserwege entdecken und die Stadt auf einzigartige Weise erleben.   <\/p>\n<\/div>\n<\/div>\n<\/div><\/section>\n\n<h2 id=\"perpignan-la-cite-catalane\">Perpignan, die katalanische Stadt<\/h2>\n\n<p id=\"perpignan-est-fortement-influencee-par-la-culture-catalane-en-raison-de-sa-proximite-avec-la-catalogne-espagnole-vous-pouvez-decouvrir-la-langue-catalane-la-cuisine-catalane-et-les-festivites-locales-y-compris-les-fetes-traditionnelles-catalanes-decouvrez-par-exemple-la-sardane-la-danse-traditionnelle-du-pays-catalan-se-danse-en-rond-elle-est-le-symbole-de-fraternite-en-vous-baladant-au-pied-du-castellet-l-ete-vous-apercevrez-surement-les-danseurs-chausses-de-leurs-typiques-vigatanes-ses-espadrilles-lacees-jusqu-au-genou-ne-ratez-pas-la-sant-jordi-en-avril-ou-la-sant-joan-le-saint-patron-de-perpignan-pour-la-festa-major-le-24-juin-avec-son-grand-feu-sur-le-canigou-n-oubliez-pas-de-decouvrir-le-grenat-de-perpignan-cette-pierre-sacree-des-catalans-d-un-rouge-profond-souvent-porte-en-bijou-montee-sur-or-elle-represente-les-couleurs-catalanes\">Perpignan ist aufgrund seiner N\u00e4he zum spanischen Katalonien stark von der <strong>katalanischen Kultur<\/strong> beeinflusst. Sie k\u00f6nnen die katalanische Sprache, die katalanische K\u00fcche und die lokalen Feierlichkeiten, einschlie\u00dflich der traditionellen katalanischen Feste, kennenlernen. Entdecken Sie zum Beispiel <strong>die Sardane<\/strong>, der traditionelle Tanz des katalanischen Landes wird im Kreis getanzt und ist ein Symbol der Br\u00fcderlichkeit. Wenn Sie im Sommer <strong>am Fu\u00dfe von Le Castellet<\/strong> spazieren gehen, werden Sie sicherlich die T\u00e4nzer in ihren typischen <strong>Vigatanes<\/strong>, den knielangen, geschn\u00fcrten Turnschuhen, sehen. Verpassen Sie nicht <strong>Sant Jordi<\/strong> im April oder<strong> Sant Joan<\/strong>, den Schutzheiligen von Perpignan, bei der Festa Major am 24. Juni mit einem gro\u00dfen Feuer auf dem Canigou.<br\/>Vergessen Sie nicht, den <strong>Granat von Perpignan<\/strong> zu entdecken, den tiefroten, heiligen Stein der Katalanen. Er wird oft als Schmuckst\u00fcck getragen, das in Gold gefasst ist und die katalanischen Farben repr\u00e4sentiert.     <\/p>\n\n<div class=\"wp-container-69d21380ea40e wp-block-group seo\"><div class=\"wp-block-group__inner-container\">\n<div class=\"wp-block-columns\">\n<div class=\"wp-block-column\">\n<h2 id=\"visiter-perpignan-pendant-un-sejour-dans-les-pyrenees-orientales\">Aufenthalt auf einem Campingplatz in der N\u00e4he von Perpignan <\/h2>\n\n\n\n<p>Wie w\u00e4re es mit einem Aufenthalt in Perpignan? F\u00fcr Ihren n\u00e4chsten Urlaub auf einem <strong>Campingplatz in der N\u00e4he von Perpignan<\/strong> k\u00f6nnen Sie auf die zahlreichen Unterk\u00fcnfte und die vier verschiedenen Angebote des Campingplatzes La Croix du Sud z\u00e4hlen. So haben Sie eine gro\u00dfe Auswahl an Mobilheimen zum besten Preis, in den Pyr\u00e9n\u00e9es Orientales nach Ihren Vorstellungen.  <\/p>\n\n\n\n<p>Au\u00dferdem verf\u00fcgt der <strong>Campingplatz bei Perpignan<\/strong> mit Wasserbereich \u00fcber unz\u00e4hlige 4-Sterne-Services und Animationen f\u00fcr <a href=\"https:\/\/www.lacroixdusud.fr\/de\/tourismus-pyrenees-orientales\/\" data-type=\"page\" data-id=\"5093\">Familien <\/a>mit Kindern, die Ihren <strong>Urlaub bei Perpignan <\/strong>noch angenehmer machen werden. Wellnessbereich, Sporthalle, Schwimmbad, Restaurants &#8211; f\u00fcr jeden Geschmack ist etwas dabei! <\/p>\n\n\n\n<p>Unser Campingplatz ist der ideale Ausgangspunkt f\u00fcr Urlauber, die Perpignan, seine Umgebung und ganz allgemein die \u00f6stlichen Pyren\u00e4en erkunden m\u00f6chten. <\/p>\n<\/div>\n\n\n\n<div class=\"wp-block-column\">\n<figure class=\"wp-block-image size-full\"><img loading=\"lazy\" width=\"640\" height=\"360\" src=\"https:\/\/www.lacroixdusud.fr\/wp-content\/uploads\/2022\/07\/perpignan2.jpg\" alt=\"\" class=\"wp-image-1378\" srcset=\"https:\/\/www.lacroixdusud.fr\/wp-content\/uploads\/2022\/07\/perpignan2.jpg 640w, https:\/\/www.lacroixdusud.fr\/wp-content\/uploads\/2022\/07\/perpignan2-300x169.jpg 300w\" sizes=\"(max-width: 640px) 100vw, 640px\" \/><\/figure>\n<\/div>\n<\/div>\n<\/div><\/div>\n","protected":false},"excerpt":{"rendered":"<p>Entdecken Sie Perpignan in der N\u00e4he unseres Campingplatzes Haben Sie Lust auf einen Urlaub zwischen dem Mittelmeer, der Sonne S\u00fcdfrankreichs und den Bergen der Pyren\u00e4en ? Die Pyr\u00e9n\u00e9es-Orientales und ihre C\u00f4te Vermeille strecken ihre Arme nach Ihnen aus! Zwischen seinen traumhaften Landschaften, seinem bemerkenswerten Kulturerbe und seinen katalanischen Traditionen fehlt es diesem Teil des Languedoc [&hellip;]<\/p>\n","protected":false},"author":1,"featured_media":4302,"parent":0,"menu_order":0,"comment_status":"closed","ping_status":"closed","template":"","meta":[],"acf":[],"_links":{"self":[{"href":"https:\/\/www.lacroixdusud.fr\/de\/wp-json\/wp\/v2\/pages\/7174"}],"collection":[{"href":"https:\/\/www.lacroixdusud.fr\/de\/wp-json\/wp\/v2\/pages"}],"about":[{"href":"https:\/\/www.lacroixdusud.fr\/de\/wp-json\/wp\/v2\/types\/page"}],"author":[{"embeddable":true,"href":"https:\/\/www.lacroixdusud.fr\/de\/wp-json\/wp\/v2\/users\/1"}],"replies":[{"embeddable":true,"href":"https:\/\/www.lacroixdusud.fr\/de\/wp-json\/wp\/v2\/comments?post=7174"}],"version-history":[{"count":1,"href":"https:\/\/www.lacroixdusud.fr\/de\/wp-json\/wp\/v2\/pages\/7174\/revisions"}],"predecessor-version":[{"id":7175,"href":"https:\/\/www.lacroixdusud.fr\/de\/wp-json\/wp\/v2\/pages\/7174\/revisions\/7175"}],"wp:featuredmedia":[{"embeddable":true,"href":"https:\/\/www.lacroixdusud.fr\/de\/wp-json\/wp\/v2\/media\/4302"}],"wp:attachment":[{"href":"https:\/\/www.lacroixdusud.fr\/de\/wp-json\/wp\/v2\/media?parent=7174"}],"curies":[{"name":"wp","href":"https:\/\/api.w.org\/{rel}","templated":true}]}}