{"id":7266,"date":"2025-08-22T14:33:32","date_gmt":"2025-08-22T12:33:32","guid":{"rendered":"https:\/\/www.lacroixdusud.fr\/?page_id=7266"},"modified":"2025-08-22T14:41:52","modified_gmt":"2025-08-22T12:41:52","slug":"sudfrankreich-camping-am-meer","status":"publish","type":"page","link":"https:\/\/www.lacroixdusud.fr\/de\/sudfrankreich-camping-am-meer\/","title":{"rendered":"S\u00fcdfrankreich camping am meer"},"content":{"rendered":"\n<section class=\"wp-container-6a047bd3ab38d wp-block-group a-00-a\"><div class=\"wp-block-group__inner-container\">\n<div class=\"wp-block-cover alignfull is-light\"><span aria-hidden=\"true\" class=\"has-background-dim-0 wp-block-cover__gradient-background has-background-dim\"><\/span><img loading=\"lazy\" width=\"1865\" height=\"955\" class=\"wp-block-cover__image-background wp-image-2649\" alt=\"Wasserbereich des Campingplatzes am Meer in S\u00fcdfrankreich, La Croix du Sud\" src=\"https:\/\/www.lacroixdusud.fr\/wp-content\/uploads\/2022\/10\/parc_aquatique_HP.png\" style=\"object-position:51% 61%\" data-object-fit=\"cover\" data-object-position=\"51% 61%\" srcset=\"https:\/\/www.lacroixdusud.fr\/wp-content\/uploads\/2022\/10\/parc_aquatique_HP.png 1865w, https:\/\/www.lacroixdusud.fr\/wp-content\/uploads\/2022\/10\/parc_aquatique_HP-300x154.png 300w, https:\/\/www.lacroixdusud.fr\/wp-content\/uploads\/2022\/10\/parc_aquatique_HP-1024x524.png 1024w, https:\/\/www.lacroixdusud.fr\/wp-content\/uploads\/2022\/10\/parc_aquatique_HP-768x393.png 768w, https:\/\/www.lacroixdusud.fr\/wp-content\/uploads\/2022\/10\/parc_aquatique_HP-1536x787.png 1536w\" sizes=\"(max-width: 1865px) 100vw, 1865px\" \/><div class=\"wp-block-cover__inner-container\">\n<p class=\"has-text-align-center has-large-font-size\"><\/p>\n<\/div><\/div>\n\n\n\n<div class=\"wp-container-6a047bd3ab0aa wp-block-group intro papito\"><div class=\"wp-block-group__inner-container\">\n<p class=\"has-text-align-center titre\">Willkommen auf dem <strong>Campingplatz La Croix du Sud<\/strong><\/p>\n\n\n<p>[barre_reservation]<\/p>\n<\/div><\/div>\n<\/div><\/section>\n\n\n\n<section class=\"wp-container-6a047bd3aba82 wp-block-group b-00-a\"><div class=\"wp-block-group__inner-container\">\n<div class=\"wp-block-columns\">\n<div class=\"wp-block-column\">\n<figure class=\"wp-block-gallery has-nested-images columns-default is-cropped fleur-top-right\">\n<figure class=\"wp-block-image size-large\"><img loading=\"lazy\" width=\"1024\" height=\"683\" src=\"https:\/\/www.lacroixdusud.fr\/wp-content\/uploads\/2022\/07\/suite-family-exterieur-1024x683.jpg\" alt=\"Mobilheim auf dem Campingplatz La Croix du Sud in S\u00fcdfrankreich\" class=\"wp-image-756\" srcset=\"https:\/\/www.lacroixdusud.fr\/wp-content\/uploads\/2022\/07\/suite-family-exterieur-1024x683.jpg 1024w, https:\/\/www.lacroixdusud.fr\/wp-content\/uploads\/2022\/07\/suite-family-exterieur-300x200.jpg 300w, https:\/\/www.lacroixdusud.fr\/wp-content\/uploads\/2022\/07\/suite-family-exterieur-768x512.jpg 768w, https:\/\/www.lacroixdusud.fr\/wp-content\/uploads\/2022\/07\/suite-family-exterieur.jpg 1200w\" sizes=\"(max-width: 1024px) 100vw, 1024px\" \/><\/figure>\n\n\n\n<figure class=\"wp-block-image size-large\"><img loading=\"lazy\" width=\"1024\" height=\"683\" src=\"https:\/\/www.lacroixdusud.fr\/wp-content\/uploads\/2022\/10\/1200x0_95_3_c_FFFFFF_2069c58be0e92050048df8d93022921e-1024x683.jpg\" alt=\"Wasserpark - La Croix du Sud, Campingplatz S\u00fcdfrankreich\" class=\"wp-image-2158\" srcset=\"https:\/\/www.lacroixdusud.fr\/wp-content\/uploads\/2022\/10\/1200x0_95_3_c_FFFFFF_2069c58be0e92050048df8d93022921e-1024x683.jpg 1024w, https:\/\/www.lacroixdusud.fr\/wp-content\/uploads\/2022\/10\/1200x0_95_3_c_FFFFFF_2069c58be0e92050048df8d93022921e-300x200.jpg 300w, https:\/\/www.lacroixdusud.fr\/wp-content\/uploads\/2022\/10\/1200x0_95_3_c_FFFFFF_2069c58be0e92050048df8d93022921e-768x512.jpg 768w, https:\/\/www.lacroixdusud.fr\/wp-content\/uploads\/2022\/10\/1200x0_95_3_c_FFFFFF_2069c58be0e92050048df8d93022921e.jpg 1198w\" sizes=\"(max-width: 1024px) 100vw, 1024px\" \/><\/figure>\n<\/figure>\n<\/div>\n\n\n\n<div class=\"wp-block-column\">\n<h1 id=\"sudfrankreich-camping-am-meer-la-croix-du-sud\">S\u00fcdfrankreich camping am meer, la Croix du Sud<\/h1>\n\n\n\n<p>Gelegen in Barcar\u00e8s, im Herzen der katalanischen K\u00fcste, bietet Ihnen der <a href=\"https:\/\/www.lacroixdusud.fr\/de\/\" target=\"_blank\" rel=\"noreferrer noopener\">Campingplatz La Croix du Sud<\/a> den idealen Rahmen f\u00fcr einen Urlaub im <strong>S\u00fcdfrankreich Camping am Meer<\/strong>. Zwischen langen Sandstr\u00e4nden, Wassersportaktivit\u00e4ten und mediterraner Atmosph\u00e4re genie\u00dfen Sie einen Aufenthalt direkt am Wasser \u2013 Campingferien in S\u00fcdfrankreich, wie sie sein sollten.<\/p>\n\n\n\n<div class=\"wp-container-6a047bd3ab79f wp-block-buttons\">\n<div class=\"wp-block-button btn_resa is-style-fill\"><a class=\"wp-block-button__link\">Verf\u00fcgbarkeiten<\/a><\/div>\n<\/div>\n<\/div>\n<\/div>\n<\/div><\/section>\n\n\n\n<section class=\"wp-container-6a047bd3ac43a wp-block-group b-05-a\"><div class=\"wp-block-group__inner-container\">\n<div class=\"wp-block-columns reverse-mob\">\n<div class=\"wp-block-column\">\n<h2 id=\"entdecken-sie-le-barcares-und-seine-mediterranen-vorzuge\">Entdecken Sie Le Barcar\u00e8s und seine mediterranen Vorz\u00fcge<\/h2>\n\n\n\n<p>Im Norden der Pyr\u00e9n\u00e9es-Orientales begeistert <strong>Le Barcar\u00e8s<\/strong> mit seiner privilegierten Lage zwischen dem Mittelmeer und der Lagune von Salses-Leucate. Dieser Badeort an der katalanischen K\u00fcste ist bekannt f\u00fcr seine acht Kilometer langen Sandstr\u00e4nde \u2013 ideal zum Baden mit der Familie oder einfach zum Sonnen und Entspannen. Das mediterrane Klima sorgt fast das ganze Jahr \u00fcber f\u00fcr reichlich Sonnenschein \u2013 die beste Voraussetzung f\u00fcr gelungene Ferien im <strong>S\u00fcdfrankreich Camping am Meer<\/strong>.<\/p>\n\n\n\n<p>Doch <strong>Le Barcar\u00e8s<\/strong> ist weit mehr als nur ein Badeort. Das Dorf ist gepr\u00e4gt von seiner maritimen Geschichte, unter anderem durch den <strong>Ozeandampfer Le Lydia<\/strong>, der absichtlich im Sand auf Grund gesetzt wurde und heute ein kulturelles Wahrzeichen ist. Den ganzen Sommer \u00fcber sorgen Kunsthandwerksm\u00e4rkte, Konzerte und Animationen f\u00fcr gesellige Abende, die besonders von Besuchern aus Nordeuropa gesch\u00e4tzt werden.<\/p>\n\n\n\n<div class=\"wp-block-group lire-plus-pc\"><div class=\"wp-block-group__inner-container\">\n<p>Lire plus<\/p>\n\n\n\n<div class=\"wp-container-6a047bd3abe22 wp-block-group\"><div class=\"wp-block-group__inner-container\">\n<p>Dank seiner Lage ist <strong>Le Barcar\u00e8s<\/strong> auch ein hervorragender Ausgangspunkt, um die Umgebung zu erkunden: Perpignan mit seinem katalanischen Erbe, die Weinberge der Corbi\u00e8res oder die unber\u00fchrten Landschaften der nahen Pyren\u00e4en. Naturliebhaber k\u00f6nnen Strandtage mit Ausfl\u00fcgen rund um die Lagune verbinden, die reich an Tierwelt ist und Wassersportarten wie Segeln oder Paddeln erm\u00f6glicht.<\/p>\n\n\n\n<p>Zwischen katalanischer Authentizit\u00e4t, lebendigem Badeort und direktem Zugang zum Mittelmeer verk\u00f6rpert Le Barcar\u00e8s perfekt die Idee von Ferien im <strong>S\u00fcdfrankreich Camping am Meer<\/strong>.<\/p>\n<\/div><\/div>\n<\/div><\/div>\n\n\n\n<div class=\"wp-container-6a047bd3ac11e wp-block-buttons\">\n<div class=\"wp-block-button\"><a class=\"wp-block-button__link\" href=\"https:\/\/www.lacroixdusud.fr\/de\/mobilheim-barcares\/\" target=\"_blank\" rel=\"noreferrer noopener\">Unsere Mobilheime<\/a><\/div>\n\n\n\n<div class=\"wp-block-button\"><a class=\"wp-block-button__link\" href=\"https:\/\/www.lacroixdusud.fr\/de\/barcare-port-standorte\/\" target=\"_blank\" rel=\"noreferrer noopener\">Siehe unsere Standorte<\/a><\/div>\n<\/div>\n<\/div>\n\n\n\n<div class=\"wp-block-column\">\n<figure class=\"wp-block-image size-large feuille-top-right coquillage1-bottom-right\"><img loading=\"lazy\" width=\"1024\" height=\"681\" src=\"https:\/\/www.lacroixdusud.fr\/wp-content\/uploads\/2022\/09\/jardin-2-riviera-tropical-1024x681.jpg\" alt=\"Mobilheim Riviera mit Garten - Camping La Croix du Sud am Meer, S\u00fcdfrankreich\" class=\"wp-image-1908\"\/><\/figure>\n<\/div>\n<\/div>\n<\/div><\/section>\n\n\n\n<section class=\"wp-container-6a047bd3ad0c8 wp-block-group b-10-a\"><div class=\"wp-block-group__inner-container\">\n<div class=\"wp-block-columns\">\n<div class=\"wp-block-column\">\n<figure class=\"wp-block-gallery has-nested-images columns-default is-cropped diaporama-mob\">\n<figure class=\"wp-block-image size-large\"><img loading=\"lazy\" width=\"1024\" height=\"683\" src=\"https:\/\/www.lacroixdusud.fr\/wp-content\/uploads\/2022\/10\/292826068_565349948400718_4816239169746463013_n-1024x683.jpg\" alt=\"Animation auf dem Campingplatz La Croix du Sud in S\u00fcdfrankreich am Meer\" class=\"wp-image-4345\" srcset=\"https:\/\/www.lacroixdusud.fr\/wp-content\/uploads\/2022\/10\/292826068_565349948400718_4816239169746463013_n-1024x683.jpg 1024w, https:\/\/www.lacroixdusud.fr\/wp-content\/uploads\/2022\/10\/292826068_565349948400718_4816239169746463013_n-300x200.jpg 300w, https:\/\/www.lacroixdusud.fr\/wp-content\/uploads\/2022\/10\/292826068_565349948400718_4816239169746463013_n-768x512.jpg 768w, https:\/\/www.lacroixdusud.fr\/wp-content\/uploads\/2022\/10\/292826068_565349948400718_4816239169746463013_n-1536x1024.jpg 1536w, https:\/\/www.lacroixdusud.fr\/wp-content\/uploads\/2022\/10\/292826068_565349948400718_4816239169746463013_n.jpg 2048w\" sizes=\"(max-width: 1024px) 100vw, 1024px\" \/><\/figure>\n\n\n\n<figure class=\"wp-block-image size-large\"><img loading=\"lazy\" width=\"1024\" height=\"683\" src=\"https:\/\/www.lacroixdusud.fr\/wp-content\/uploads\/2022\/07\/CDS_piscine_007-1024x683.jpg\" alt=\"Wasserrutschen des Campingplatzes La Croix du Sud in S\u00fcdfrankreich am Meer\" class=\"wp-image-645\" srcset=\"https:\/\/www.lacroixdusud.fr\/wp-content\/uploads\/2022\/07\/CDS_piscine_007-1024x683.jpg 1024w, https:\/\/www.lacroixdusud.fr\/wp-content\/uploads\/2022\/07\/CDS_piscine_007-300x200.jpg 300w, https:\/\/www.lacroixdusud.fr\/wp-content\/uploads\/2022\/07\/CDS_piscine_007-768x512.jpg 768w, https:\/\/www.lacroixdusud.fr\/wp-content\/uploads\/2022\/07\/CDS_piscine_007.jpg 1200w\" sizes=\"(max-width: 1024px) 100vw, 1024px\" \/><\/figure>\n\n\n\n<figure class=\"wp-block-image size-large\"><img loading=\"lazy\" width=\"1024\" height=\"683\" src=\"https:\/\/www.lacroixdusud.fr\/wp-content\/uploads\/2022\/07\/piscine03-1024x683.jpg\" alt=\"Swimmingpool des Campingplatzes La Croix du Sud - S\u00fcdfrankreich Meeresk\u00fcste\" class=\"wp-image-648\" srcset=\"https:\/\/www.lacroixdusud.fr\/wp-content\/uploads\/2022\/07\/piscine03-1024x683.jpg 1024w, https:\/\/www.lacroixdusud.fr\/wp-content\/uploads\/2022\/07\/piscine03-300x200.jpg 300w, https:\/\/www.lacroixdusud.fr\/wp-content\/uploads\/2022\/07\/piscine03-768x512.jpg 768w, https:\/\/www.lacroixdusud.fr\/wp-content\/uploads\/2022\/07\/piscine03.jpg 1200w\" sizes=\"(max-width: 1024px) 100vw, 1024px\" \/><\/figure>\n<\/figure>\n\n\n\n<div style=\"height:44px\" aria-hidden=\"true\" class=\"wp-block-spacer\"><\/div>\n\n\n\n<div class=\"wp-container-6a047bd3ac807 wp-block-buttons\">\n<div class=\"wp-block-button\"><a class=\"wp-block-button__link\" href=\"https:\/\/www.lacroixdusud.fr\/de\/galerie-medien\/\" target=\"_blank\" rel=\"noreferrer noopener\">Fotogalerie<\/a><\/div>\n<\/div>\n<\/div>\n\n\n\n<div class=\"wp-block-column\">\n<h2 id=\"das-erlebnis-des-campingplatzes-la-croix-du-sud-direkt-am-meer\">Das Erlebnis des Campingplatzes La Croix du Sud direkt am Meer<\/h2>\n\n\n\n<p>Verbringen Sie Ihren Urlaub auf dem <strong>3-Sterne-Campingplatz La Croix du Sud in Barcar\u00e8s<\/strong>, einem <strong>S\u00fcdfrankreich Camping am Meer<\/strong>, ideal gelegen f\u00fcr unvergessliche Ferien. Hier genie\u00dfen Sie eine gesellige und herzliche Atmosph\u00e4re \u2013 perfekt f\u00fcr <strong>Familienurlaub ebenso wie f\u00fcr Ferien mit Freunden<\/strong>. Der Campingplatz verf\u00fcgt \u00fcber ein <a href=\"https:\/\/www.lacroixdusud.fr\/de\/schwimmbad-wasserpark\/\">gro\u00dfes Wasserparadies mit beheizten Pools, Rutschen und Spielbereichen<\/a>, wo sich Jung und Alt treffen, um entspannte Momente zu teilen. F\u00fcr Kinder gibt es altersgerechte Clubs mit abwechslungsreichen Aktivit\u00e4ten unter Anleitung von Animateuren, w\u00e4hrend die Eltern an Aquagym-Kursen oder Fitnesseinheiten teilnehmen k\u00f6nnen.<\/p>\n\n\n\n<div class=\"wp-block-group lire-plus-pc\"><div class=\"wp-block-group__inner-container\">\n<p>Lire plus<\/p>\n\n\n\n<div class=\"wp-container-6a047bd3acb3e wp-block-group\"><div class=\"wp-block-group__inner-container\">\n<p>Auch die Abende sind ein Highlight des Campinglebens. Konzerte, Shows, Themenabende oder gesellige Animationen pr\u00e4gen den Sommer und schaffen die warme Atmosph\u00e4re, die so typisch f\u00fcr <strong>Ferien in S\u00fcdfrankreich<\/strong> ist. Wer die Ruhe sucht, kann sich in den Wellnessbereichen entspannen oder die Sportanlagen wie Volleyballfelder, Boulepl\u00e4tze oder Tischtennis nutzen.<\/p>\n\n\n\n<p><strong>Nur wenige Schritte vom Strand von Barcar\u00e8s entfernt<\/strong> haben Sie die Freiheit, zwischen einem Bad im Mittelmeer oder entspannter Erholung am Pool zu w\u00e4hlen.<\/p>\n<\/div><\/div>\n<\/div><\/div>\n\n\n\n<div class=\"wp-container-6a047bd3ace15 wp-block-buttons\">\n<div class=\"wp-block-button\"><a class=\"wp-block-button__link\" href=\"https:\/\/www.lacroixdusud.fr\/de\/schwimmbad-wasserpark\/\" target=\"_blank\" rel=\"noreferrer noopener\">Den Wasserbereich ansehen<\/a><\/div>\n<\/div>\n<\/div>\n<\/div>\n<\/div><\/section>\n\n\n\n<section class=\"wp-container-6a047bd3ad786 wp-block-group b-15-a\"><div class=\"wp-block-group__inner-container\">\n<div class=\"wp-block-columns are-vertically-aligned-center\">\n<div class=\"wp-block-column is-vertically-aligned-center\">\n<h2 class=\"titre\" id=\"in-unseren-unterkunften-in-barcares-ubernachten\">In unseren Unterk\u00fcnften in Barcar\u00e8s \u00fcbernachten<\/h2>\n\n\n\n<p>Auf dem <strong>Campingplatz La Croix du Sud, S\u00fcdfrankreich Camping am Meer<\/strong>, findet jeder Urlauber die passende Unterkunft f\u00fcr einen komfortablen Aufenthalt direkt an der K\u00fcste. Liebhaber des traditionellen Campings sch\u00e4tzen die <a href=\"https:\/\/www.lacroixdusud.fr\/de\/barcare-port-standorte\/\">gro\u00dfz\u00fcgigen Stellpl\u00e4tze f\u00fcr Zelt, Wohnwagen oder Wohnmobil<\/a>, wahlweise schattig oder sonnig \u2013 ganz nach Wunsch. F\u00fcr noch mehr Komfort bietet der Campingplatz eine gro\u00dfe Auswahl an <a href=\"https:\/\/www.lacroixdusud.fr\/de\/mobilheim-barcares\/\">modernen und funktionalen Mobilheimen<\/a>, die sowohl f\u00fcr Paare als auch f\u00fcr gro\u00dfe Familien geeignet sind.<\/p>\n\n\n\n<p>Diese Unterk\u00fcnfte sind so gestaltet, dass sie die Freiheit des Campings im Freien mit praktischer Ausstattung verbinden: eine eingerichtete K\u00fcche, eine private Terrasse f\u00fcr die mediterranen Sommerabende sowie durchdachte Innenr\u00e4ume, in denen sich jeder wohlf\u00fchlt. Einige Modelle verf\u00fcgen \u00fcber eine Klimaanlage \u2013 ein gesch\u00e4tzter Vorteil w\u00e4hrend der hei\u00dfen Sommertage in Barcar\u00e8s.<\/p>\n\n\n\n<p>Ob Sie die Authentizit\u00e4t eines Aufenthalts unter Zeltplanen oder den Komfort eines voll ausgestatteten Mobilheims suchen \u2013 der Campingplatz La Croix du Sud bietet Ihnen die passende L\u00f6sung f\u00fcr einen gelungenen Urlaub im <strong>S\u00fcdfrankreich Camping am Meer, direkt an der Mittelmeerk\u00fcste<\/strong>.<\/p>\n\n\n\n<div class=\"wp-container-6a047bd3ad42d wp-block-buttons\">\n<div class=\"wp-block-button\"><a class=\"wp-block-button__link\" href=\"https:\/\/www.lacroixdusud.fr\/de\/aktivitaeten\/\" target=\"_blank\" rel=\"noreferrer noopener\">Aktivit\u00e4ten auf dem Campingplatz ansehen<\/a><\/div>\n<\/div>\n<\/div>\n\n\n\n<div class=\"wp-block-column is-vertically-aligned-center\">\n<figure class=\"wp-block-gallery has-nested-images columns-1 is-cropped\">\n<figure class=\"wp-block-image size-large\"><img loading=\"lazy\" width=\"1024\" height=\"681\" src=\"https:\/\/www.lacroixdusud.fr\/wp-content\/uploads\/2022\/09\/twiny-exterieur-4-1024x681.jpg\" alt=\"Mobilheim 'Twiny' S\u00fcdfrankreich camping am meer - Camping la Croix du Sud\" class=\"wp-image-4813\" srcset=\"https:\/\/www.lacroixdusud.fr\/wp-content\/uploads\/2022\/09\/twiny-exterieur-4-1024x681.jpg 1024w, https:\/\/www.lacroixdusud.fr\/wp-content\/uploads\/2022\/09\/twiny-exterieur-4-300x200.jpg 300w, https:\/\/www.lacroixdusud.fr\/wp-content\/uploads\/2022\/09\/twiny-exterieur-4-768x511.jpg 768w, https:\/\/www.lacroixdusud.fr\/wp-content\/uploads\/2022\/09\/twiny-exterieur-4-1536x1022.jpg 1536w, https:\/\/www.lacroixdusud.fr\/wp-content\/uploads\/2022\/09\/twiny-exterieur-4.jpg 2000w\" sizes=\"(max-width: 1024px) 100vw, 1024px\" \/><\/figure>\n\n\n\n<figure class=\"wp-block-image size-large\"><img loading=\"lazy\" width=\"768\" height=\"1024\" src=\"https:\/\/www.lacroixdusud.fr\/wp-content\/uploads\/2022\/09\/IMG_20220930_105608-ConvertImage-768x1024.jpg\" alt=\"Moorea - Mobilheim S\u00fcdfrankreich camping am meer - La Croix du Sud\" class=\"wp-image-4791\"\/><\/figure>\n<\/figure>\n<\/div>\n<\/div>\n<\/div><\/section>\n","protected":false},"excerpt":{"rendered":"<p>Willkommen auf dem Campingplatz La Croix du Sud S\u00fcdfrankreich camping am meer, la Croix du Sud Gelegen in Barcar\u00e8s, im Herzen der katalanischen K\u00fcste, bietet Ihnen der Campingplatz La Croix du Sud den idealen Rahmen f\u00fcr einen Urlaub im S\u00fcdfrankreich Camping am Meer. Zwischen langen Sandstr\u00e4nden, Wassersportaktivit\u00e4ten und mediterraner Atmosph\u00e4re genie\u00dfen Sie einen Aufenthalt direkt [&hellip;]<\/p>\n","protected":false},"author":1,"featured_media":0,"parent":0,"menu_order":0,"comment_status":"closed","ping_status":"closed","template":"","meta":[],"acf":[],"_links":{"self":[{"href":"https:\/\/www.lacroixdusud.fr\/de\/wp-json\/wp\/v2\/pages\/7266"}],"collection":[{"href":"https:\/\/www.lacroixdusud.fr\/de\/wp-json\/wp\/v2\/pages"}],"about":[{"href":"https:\/\/www.lacroixdusud.fr\/de\/wp-json\/wp\/v2\/types\/page"}],"author":[{"embeddable":true,"href":"https:\/\/www.lacroixdusud.fr\/de\/wp-json\/wp\/v2\/users\/1"}],"replies":[{"embeddable":true,"href":"https:\/\/www.lacroixdusud.fr\/de\/wp-json\/wp\/v2\/comments?post=7266"}],"version-history":[{"count":6,"href":"https:\/\/www.lacroixdusud.fr\/de\/wp-json\/wp\/v2\/pages\/7266\/revisions"}],"predecessor-version":[{"id":7288,"href":"https:\/\/www.lacroixdusud.fr\/de\/wp-json\/wp\/v2\/pages\/7266\/revisions\/7288"}],"wp:attachment":[{"href":"https:\/\/www.lacroixdusud.fr\/de\/wp-json\/wp\/v2\/media?parent=7266"}],"curies":[{"name":"wp","href":"https:\/\/api.w.org\/{rel}","templated":true}]}}