{"id":8033,"date":"2026-04-20T16:12:57","date_gmt":"2026-04-20T14:12:57","guid":{"rendered":"https:\/\/www.lacroixdusud.fr\/ciela-village\/"},"modified":"2026-04-20T16:12:57","modified_gmt":"2026-04-20T14:12:57","slug":"ciela-village","status":"publish","type":"page","link":"https:\/\/www.lacroixdusud.fr\/de\/ciela-village\/","title":{"rendered":"Ciela Village"},"content":{"rendered":"\n<section class=\"wp-container-69e66d2f792b7 wp-block-group a-00-a\"><div class=\"wp-block-group__inner-container\">\n<div class=\"wp-block-cover alignfull is-light\"><span aria-hidden=\"true\" class=\"has-background-dim-0 wp-block-cover__gradient-background has-background-dim\"><\/span><img loading=\"lazy\" width=\"1865\" height=\"955\" class=\"wp-block-cover__image-background wp-image-2649\" alt=\"\" src=\"https:\/\/www.lacroixdusud.fr\/wp-content\/uploads\/2022\/10\/parc_aquatique_HP.png\" style=\"object-position:51% 61%\" data-object-fit=\"cover\" data-object-position=\"51% 61%\" srcset=\"https:\/\/www.lacroixdusud.fr\/wp-content\/uploads\/2022\/10\/parc_aquatique_HP.png 1865w, https:\/\/www.lacroixdusud.fr\/wp-content\/uploads\/2022\/10\/parc_aquatique_HP-300x154.png 300w, https:\/\/www.lacroixdusud.fr\/wp-content\/uploads\/2022\/10\/parc_aquatique_HP-1024x524.png 1024w, https:\/\/www.lacroixdusud.fr\/wp-content\/uploads\/2022\/10\/parc_aquatique_HP-768x393.png 768w, https:\/\/www.lacroixdusud.fr\/wp-content\/uploads\/2022\/10\/parc_aquatique_HP-1536x787.png 1536w\" sizes=\"(max-width: 1865px) 100vw, 1865px\" \/><div class=\"wp-block-cover__inner-container\">\n<p class=\"has-text-align-center has-large-font-size\"><\/p>\n\n\n\n<div class=\"wp-container-69e66d2f78f7a wp-block-buttons\">\n<div class=\"wp-block-button btn_resa btn-header-home\"><a class=\"wp-block-button__link\"><i class=\"fas fa-arrow-right\"><\/i> Ich reserviere!<\/a><\/div>\n<\/div>\n<\/div><\/div>\n<\/div><\/section>\n\n<div style=\"height:50px\" aria-hidden=\"true\" class=\"wp-block-spacer hide-mob\"><\/div>\n\n<div class=\"wp-container-69e66d2f7969a wp-block-group\"><div class=\"wp-block-group__inner-container\">\n<h1 class=\"has-text-align-center\" id=\"ciela-village\">Ciela Village<\/h1>\n\n\n\n<h2 class=\"has-text-align-center has-vert-color has-text-color\" id=\"partez-en-vacances-dans-des-campings-etoiles-avec-le-groupe-ciela-village\">Machen Sie Urlaub auf Sterne-Campingpl\u00e4tzen mit der Ciela Village-Gruppe<\/h2>\n\n\n\n<p class=\"has-text-align-center\">Verbringen Sie einen ma\u00dfgeschneiderten Familienurlaub in Frankreich auf den Campingpl\u00e4tzen von Ciela Village, erstklassigen, mit Sternen ausgezeichneten Freiluftanlagen. G\u00f6nnen Sie sich einen traumhaften Aufenthalt auf einem unserer mit Sternen ausgezeichneten Campingpl\u00e4tze in ganz Frankreich und genie\u00dfen Sie Ihren Urlaub in vollen Z\u00fcgen. <\/p>\n\n\n\n<p class=\"has-text-align-center\">Mit unber\u00fchrter Natur, hochwertigen Unterk\u00fcnften, Wasserparks, erstklassigem Service und einer famili\u00e4ren Atmosph\u00e4re bieten unsere Campingpl\u00e4tze eine gro\u00dfe Auswahl an Aktivit\u00e4ten f\u00fcr jedes Alter. Lassen Sie den Alltagsstress hinter sich und genie\u00dfen Sie unbeschwerte Momente auf den Campingpl\u00e4tzen von Ciela Village. <\/p>\n\n\n\n<p class=\"has-text-align-center\">Um alle unsere Campingpl\u00e4tze zu entdecken, besuchen Sie unsere <a rel=\"noreferrer noopener\" href=\"https:\/\/cielavillage.fr\/\" target=\"_blank\">Website Ciela Village.<\/a><\/p>\n<\/div><\/div>\n\r\n<section id=\"fc-ciela\" class=\"wp-block-columns fc_ciela\">\r\n\r\n  <div id=\"listing-ciela\" class=\"wp-block-column\">\r\n    \r\n    <div class=\"filtres\">\r\n      <div>\r\n        <input id=\"all\" name=\"filter\" type=\"radio\" class=\"all-input\" checked=\"checked\" \/>\r\n        <label for=\"all\" class=\"all-label\">Alle Regionen<\/label>\r\n      <\/div>\r\n      <div><input id=\"auvergne-rhone-alpes\" name=\"filter\" type=\"radio\" \/><label for=\"auvergne-rhone-alpes\">Auvergne-Rh\u00f4ne-Alpes<\/label><\/div><div><input id=\"grand-est\" name=\"filter\" type=\"radio\" \/><label for=\"grand-est\">Grand Est<\/label><\/div><div><input id=\"nouvelle-aquitaine\" name=\"filter\" type=\"radio\" \/><label for=\"nouvelle-aquitaine\">Nouvelle Aquitaine<\/label><\/div><div><input id=\"occitanie\" name=\"filter\" type=\"radio\" \/><label for=\"occitanie\">Occitanie<\/label><\/div><div><input id=\"paca\" name=\"filter\" type=\"radio\" \/><label for=\"paca\">PACA<\/label><\/div>      <input type='hidden' id='current_page'\/>\r\n      <input type='hidden' id='show_per_page'\/>\r\n    <\/div>\r\n\r\n    <div id=\"listing\">\r\n              <a href=\"https:\/\/cielavillage.fr\/de\/campings\/atlantica-st-jean-de-luz\/\" target=\"_blank\" class=\"lieu-ciela currentCat visuel\" data-cat=\"nouvelle-aquitaine\" data-slug=\"atlantica\" data-icone=\"\" data-couleur=\"\" data-latitude=\"43.4155645\" data-longitude=\"-1.6168286\">\r\n          <div class=\"texte-lieu\">\r\n            <p class=\"categorie-lieu decouvrir\">\r\n              Entdecken            <\/p>\r\n            <p class=\"titre-lieu\">Atlantica<\/p>\r\n            <p class=\"ville-lieu\">Saint-Jean-de-Luz<\/p>\r\n          <\/div>\r\n                        <img src=\"https:\/\/www.lacroixdusud.fr\/wp-content\/uploads\/2026\/04\/Atlantica.jpg-420x315-1.webp\" alt=\"\" \/>\r\n                  <\/a>\r\n              <a href=\"https:\/\/cielavillage.fr\/de\/campings\/beau-rivage\/\" target=\"_blank\" class=\"lieu-ciela currentCat visuel\" data-cat=\"occitanie\" data-slug=\"beau-rivage\" data-icone=\"\" data-couleur=\"\" data-latitude=\"43.4297373\" data-longitude=\"3.612076\">\r\n          <div class=\"texte-lieu\">\r\n            <p class=\"categorie-lieu decouvrir\">\r\n              Entdecken            <\/p>\r\n            <p class=\"titre-lieu\">Beau Rivage<\/p>\r\n            <p class=\"ville-lieu\">M\u00e8ze<\/p>\r\n          <\/div>\r\n                        <img src=\"https:\/\/www.lacroixdusud.fr\/wp-content\/uploads\/2026\/04\/batch_beau-rivage-420x240-1.jpg\" alt=\"\" \/>\r\n                  <\/a>\r\n              <a href=\"https:\/\/cielavillage.fr\/de\/campings\/la-buissiere\/\" target=\"_blank\" class=\"lieu-ciela currentCat visuel\" data-cat=\"occitanie\" data-slug=\"la-buissiere\" data-icone=\"\" data-couleur=\"\" data-latitude=\"44.31378\" data-longitude=\"4.366677\">\r\n          <div class=\"texte-lieu\">\r\n            <p class=\"categorie-lieu decouvrir\">\r\n              Entdecken            <\/p>\r\n            <p class=\"titre-lieu\">La Buissi\u00e8re<\/p>\r\n            <p class=\"ville-lieu\">Barjac<\/p>\r\n          <\/div>\r\n                        <img src=\"https:\/\/www.lacroixdusud.fr\/wp-content\/uploads\/2026\/04\/buissiere-420x315-1.jpg\" alt=\"\" \/>\r\n                  <\/a>\r\n              <a href=\"https:\/\/cielavillage.fr\/de\/campings\/camping-la-farigoulette-st-laurent-du-verdon\/\" target=\"_blank\" class=\"lieu-ciela currentCat visuel\" data-cat=\"paca\" data-slug=\"la-farigoulette\" data-icone=\"\" data-couleur=\"\" data-latitude=\"43.7339183\" data-longitude=\"6.07621\">\r\n          <div class=\"texte-lieu\">\r\n            <p class=\"categorie-lieu decouvrir\">\r\n              Entdecken            <\/p>\r\n            <p class=\"titre-lieu\">La Farigoulette<\/p>\r\n            <p class=\"ville-lieu\">Saint-Laurent-du-Verdon<\/p>\r\n          <\/div>\r\n                        <img src=\"https:\/\/www.lacroixdusud.fr\/wp-content\/uploads\/2026\/04\/farigoulette1.jpg-420x280-1.webp\" alt=\"\" \/>\r\n                  <\/a>\r\n              <a href=\"https:\/\/cielavillage.fr\/de\/campings\/la-liez\/\" target=\"_blank\" class=\"lieu-ciela currentCat visuel\" data-cat=\"grand-est\" data-slug=\"la-liez\" data-icone=\"\" data-couleur=\"\" data-latitude=\"47.8707206\" data-longitude=\"5.3796069\">\r\n          <div class=\"texte-lieu\">\r\n            <p class=\"categorie-lieu decouvrir\">\r\n              Entdecken            <\/p>\r\n            <p class=\"titre-lieu\">La Liez<\/p>\r\n            <p class=\"ville-lieu\">Peigney<\/p>\r\n          <\/div>\r\n                        <img src=\"https:\/\/www.lacroixdusud.fr\/wp-content\/uploads\/2026\/04\/batch_liez-420x280-1.jpg\" alt=\"\" \/>\r\n                  <\/a>\r\n              <a href=\"https:\/\/cielavillage.fr\/de\/campings\/le-bontemps\/\" target=\"_blank\" class=\"lieu-ciela currentCat visuel\" data-cat=\"auvergne-rhone-alpes\" data-slug=\"le-bontemps\" data-icone=\"\" data-couleur=\"\" data-latitude=\"\" data-longitude=\"\">\r\n          <div class=\"texte-lieu\">\r\n            <p class=\"categorie-lieu decouvrir\">\r\n              Entdecken            <\/p>\r\n            <p class=\"titre-lieu\">Le Bontemps<\/p>\r\n            <p class=\"ville-lieu\">Vernioz<\/p>\r\n          <\/div>\r\n                        <img src=\"https:\/\/www.lacroixdusud.fr\/wp-content\/uploads\/2026\/04\/batch_bontemps-420x280-1.jpg\" alt=\"\" \/>\r\n                  <\/a>\r\n              <a href=\"https:\/\/cielavillage.fr\/de\/campings\/le-caussanel\/\" target=\"_blank\" class=\"lieu-ciela currentCat visuel\" data-cat=\"occitanie\" data-slug=\"le-caussanel\" data-icone=\"\" data-couleur=\"\" data-latitude=\"44.2144226\" data-longitude=\"2.76694\">\r\n          <div class=\"texte-lieu\">\r\n            <p class=\"categorie-lieu decouvrir\">\r\n              Entdecken            <\/p>\r\n            <p class=\"titre-lieu\">Le Caussanel<\/p>\r\n            <p class=\"ville-lieu\">Canet-de-Salars<\/p>\r\n          <\/div>\r\n                        <img src=\"https:\/\/www.lacroixdusud.fr\/wp-content\/uploads\/2026\/04\/batch_caussanel-420x236-1.jpg\" alt=\"\" \/>\r\n                  <\/a>\r\n              <a href=\"https:\/\/cielavillage.fr\/de\/campings\/le-chaponnet\/\" target=\"_blank\" class=\"lieu-ciela currentCat visuel\" data-cat=\"nouvelle-aquitaine\" data-slug=\"le-chaponnet\" data-icone=\"\" data-couleur=\"\" data-latitude=\"46.6040804\" data-longitude=\"-1.8321603\">\r\n          <div class=\"texte-lieu\">\r\n            <p class=\"categorie-lieu decouvrir\">\r\n              Entdecken            <\/p>\r\n            <p class=\"titre-lieu\">Le Chaponnet<\/p>\r\n            <p class=\"ville-lieu\">Brem-sur-Mer<\/p>\r\n          <\/div>\r\n                        <img src=\"https:\/\/www.lacroixdusud.fr\/wp-content\/uploads\/2026\/04\/le-chaponnet-1-420x315-1.jpeg\" alt=\"\" \/>\r\n                  <\/a>\r\n              <a href=\"https:\/\/cielavillage.fr\/de\/campings\/le-chateau-de-rochetaillee\/\" target=\"_blank\" class=\"lieu-ciela currentCat visuel\" data-cat=\"auvergne-rhone-alpes\" data-slug=\"le-chateau-de-rochetaillee\" data-icone=\"\" data-couleur=\"\" data-latitude=\"45.1152021\" data-longitude=\"6.0054606\">\r\n          <div class=\"texte-lieu\">\r\n            <p class=\"categorie-lieu decouvrir\">\r\n              Entdecken            <\/p>\r\n            <p class=\"titre-lieu\">Le Ch\u00e2teau de Rochetaill\u00e9e<\/p>\r\n            <p class=\"ville-lieu\">Bourg d&#8217;Oisans<\/p>\r\n          <\/div>\r\n                        <img src=\"https:\/\/www.lacroixdusud.fr\/wp-content\/uploads\/2026\/04\/rochetaillee-420x315-1.jpg\" alt=\"\" \/>\r\n                  <\/a>\r\n              <a href=\"https:\/\/cielavillage.fr\/de\/campings\/le-colporteur\/\" target=\"_blank\" class=\"lieu-ciela currentCat visuel\" data-cat=\"auvergne-rhone-alpes\" data-slug=\"le-colporteur\" data-icone=\"\" data-couleur=\"\" data-latitude=\"45.052007\" data-longitude=\"6.035198\">\r\n          <div class=\"texte-lieu\">\r\n            <p class=\"categorie-lieu decouvrir\">\r\n              Entdecken            <\/p>\r\n            <p class=\"titre-lieu\">Le Colporteur<\/p>\r\n            <p class=\"ville-lieu\">Le Bourg-d&#8217;Oisans<\/p>\r\n          <\/div>\r\n                        <img src=\"https:\/\/www.lacroixdusud.fr\/wp-content\/uploads\/2026\/04\/batch_colporteur-420x280-1.jpg\" alt=\"\" \/>\r\n                  <\/a>\r\n              <a href=\"https:\/\/cielavillage.fr\/de\/campings\/le-floride\/\" target=\"_blank\" class=\"lieu-ciela currentCat visuel\" data-cat=\"occitanie\" data-slug=\"le-floride\" data-icone=\"\" data-couleur=\"\" data-latitude=\"42.7789221\" data-longitude=\"3.0296429\">\r\n          <div class=\"texte-lieu\">\r\n            <p class=\"categorie-lieu decouvrir\">\r\n              Entdecken            <\/p>\r\n            <p class=\"titre-lieu\">Le Floride<\/p>\r\n            <p class=\"ville-lieu\">Barcar\u00e8s<\/p>\r\n          <\/div>\r\n                        <img src=\"https:\/\/www.lacroixdusud.fr\/wp-content\/uploads\/2026\/04\/floride-420x315-1.jpg\" alt=\"\" \/>\r\n                  <\/a>\r\n              <a href=\"https:\/\/cielavillage.fr\/de\/campings\/le-lac-bleu\/\" target=\"_blank\" class=\"lieu-ciela currentCat visuel\" data-cat=\"auvergne-rhone-alpes\" data-slug=\"le-lac-bleu\" data-icone=\"\" data-couleur=\"\" data-latitude=\"44.6831303\" data-longitude=\"5.4493865\">\r\n          <div class=\"texte-lieu\">\r\n            <p class=\"categorie-lieu decouvrir\">\r\n              Entdecken            <\/p>\r\n            <p class=\"titre-lieu\">Le Lac Bleu<\/p>\r\n            <p class=\"ville-lieu\">Ch\u00e2tillon-en-Diois<\/p>\r\n          <\/div>\r\n                        <img src=\"https:\/\/www.lacroixdusud.fr\/wp-content\/uploads\/2026\/04\/batch_lac-bleu-420x236-1.jpg\" alt=\"\" \/>\r\n                  <\/a>\r\n              <a href=\"https:\/\/cielavillage.fr\/de\/campings\/le-lac-de-thoux\/\" target=\"_blank\" class=\"lieu-ciela currentCat visuel\" data-cat=\"occitanie\" data-slug=\"le-lac-de-thoux\" data-icone=\"\" data-couleur=\"\" data-latitude=\"43.6865118\" data-longitude=\"1.0017879\">\r\n          <div class=\"texte-lieu\">\r\n            <p class=\"categorie-lieu decouvrir\">\r\n              Entdecken            <\/p>\r\n            <p class=\"titre-lieu\">Le Lac de Thoux<\/p>\r\n            <p class=\"ville-lieu\">Thoux<\/p>\r\n          <\/div>\r\n                        <img src=\"https:\/\/www.lacroixdusud.fr\/wp-content\/uploads\/2026\/04\/batch_lac-thoux-420x235-1.jpg\" alt=\"\" \/>\r\n                  <\/a>\r\n              <a href=\"https:\/\/cielavillage.fr\/de\/campings\/le-pommier-villeneuve-de-berg\/\" target=\"_blank\" class=\"lieu-ciela currentCat visuel\" data-cat=\"auvergne-rhone-alpes\" data-slug=\"le-pommier\" data-icone=\"\" data-couleur=\"\" data-latitude=\"44.5723028\" data-longitude=\"4.5097287\">\r\n          <div class=\"texte-lieu\">\r\n            <p class=\"categorie-lieu decouvrir\">\r\n              Entdecken            <\/p>\r\n            <p class=\"titre-lieu\">Le Pommier<\/p>\r\n            <p class=\"ville-lieu\">Villeneuve-de-Berg<\/p>\r\n          <\/div>\r\n                        <img src=\"https:\/\/www.lacroixdusud.fr\/wp-content\/uploads\/2026\/04\/le-pommier-scaled-1.jpg-420x280-1.webp\" alt=\"\" \/>\r\n                  <\/a>\r\n              <a href=\"https:\/\/cielavillage.fr\/de\/campings\/le-domaine-des-2-soleils-serres\/\" target=\"_blank\" class=\"lieu-ciela currentCat visuel\" data-cat=\"paca\" data-slug=\"les-2-soleils\" data-icone=\"\" data-couleur=\"\" data-latitude=\"44.4212093\" data-longitude=\"5.7291026\">\r\n          <div class=\"texte-lieu\">\r\n            <p class=\"categorie-lieu decouvrir\">\r\n              Entdecken            <\/p>\r\n            <p class=\"titre-lieu\">Les 2 Soleils<\/p>\r\n            <p class=\"ville-lieu\">Serres<\/p>\r\n          <\/div>\r\n                        <img src=\"https:\/\/www.lacroixdusud.fr\/wp-content\/uploads\/2026\/04\/2-SOLEILS-scaled.jpg-420x315-1-300x225-1.webp\" alt=\"\" \/>\r\n                  <\/a>\r\n              <a href=\"https:\/\/cielavillage.fr\/de\/campings\/les-cantarelles\/\" target=\"_blank\" class=\"lieu-ciela currentCat visuel\" data-cat=\"occitanie\" data-slug=\"les-cantarelles\" data-icone=\"\" data-couleur=\"\" data-latitude=\"44.1066358\" data-longitude=\"2.6894746\">\r\n          <div class=\"texte-lieu\">\r\n            <p class=\"categorie-lieu decouvrir\">\r\n              Entdecken            <\/p>\r\n            <p class=\"titre-lieu\">Les Cantarelles<\/p>\r\n            <p class=\"ville-lieu\">Alrance<\/p>\r\n          <\/div>\r\n                        <img src=\"https:\/\/www.lacroixdusud.fr\/wp-content\/uploads\/2026\/04\/cantarelles-420x280-1.jpg\" alt=\"\" \/>\r\n                  <\/a>\r\n              <a href=\"https:\/\/cielavillage.fr\/de\/campings\/les-cigales\/\" target=\"_blank\" class=\"lieu-ciela currentCat visuel\" data-cat=\"occitanie\" data-slug=\"les-cigales\" data-icone=\"\" data-couleur=\"\" data-latitude=\"44.80536\" data-longitude=\"1.6319072\">\r\n          <div class=\"texte-lieu\">\r\n            <p class=\"categorie-lieu decouvrir\">\r\n              Entdecken            <\/p>\r\n            <p class=\"titre-lieu\">Les Cigales<\/p>\r\n            <p class=\"ville-lieu\">Rocamadour<\/p>\r\n          <\/div>\r\n                        <img src=\"https:\/\/www.lacroixdusud.fr\/wp-content\/uploads\/2026\/04\/batch_cigales-420x236-1.jpg\" alt=\"\" \/>\r\n                  <\/a>\r\n              <a href=\"https:\/\/cielavillage.fr\/de\/campings\/les-fontaines-pernes-les-fontaines\/\" target=\"_blank\" class=\"lieu-ciela currentCat visuel\" data-cat=\"paca\" data-slug=\"les-fontaines\" data-icone=\"\" data-couleur=\"\" data-latitude=\"44.0061241\" data-longitude=\"5.0386118\">\r\n          <div class=\"texte-lieu\">\r\n            <p class=\"categorie-lieu decouvrir\">\r\n              Entdecken            <\/p>\r\n            <p class=\"titre-lieu\">Les Fontaines<\/p>\r\n            <p class=\"ville-lieu\">Pernes-les-Fontaines<\/p>\r\n          <\/div>\r\n                        <img src=\"https:\/\/www.lacroixdusud.fr\/wp-content\/uploads\/2026\/04\/les-fontaines-scaled-1.jpg-420x315-1.webp\" alt=\"\" \/>\r\n                  <\/a>\r\n              <a href=\"https:\/\/cielavillage.fr\/de\/campings\/les-gorges-du-chambon\/\" target=\"_blank\" class=\"lieu-ciela currentCat visuel\" data-cat=\"nouvelle-aquitaine\" data-slug=\"les-gorges-du-chambon\" data-icone=\"\" data-couleur=\"\" data-latitude=\"45.6591774\" data-longitude=\"0.5592224\">\r\n          <div class=\"texte-lieu\">\r\n            <p class=\"categorie-lieu decouvrir\">\r\n              Entdecken            <\/p>\r\n            <p class=\"titre-lieu\">Les Gorges du Chambon<\/p>\r\n            <p class=\"ville-lieu\">Eymouthiers<\/p>\r\n          <\/div>\r\n                        <img src=\"https:\/\/www.lacroixdusud.fr\/wp-content\/uploads\/2026\/04\/batch_gorges-du-chambon-420x280-1.jpg\" alt=\"\" \/>\r\n                  <\/a>\r\n              <a href=\"https:\/\/cielavillage.fr\/de\/campings\/les-marsouins-argeles-sur-mer\/\" target=\"_blank\" class=\"lieu-ciela currentCat visuel\" data-cat=\"occitanie\" data-slug=\"les-marsouins\" data-icone=\"\" data-couleur=\"\" data-latitude=\"42.564393\" data-longitude=\"3.0329085\">\r\n          <div class=\"texte-lieu\">\r\n            <p class=\"categorie-lieu decouvrir\">\r\n              Entdecken            <\/p>\r\n            <p class=\"titre-lieu\">Les Marsouins<\/p>\r\n            <p class=\"ville-lieu\">Argel\u00e8s-sur-Mer<\/p>\r\n          <\/div>\r\n                        <img src=\"https:\/\/www.lacroixdusud.fr\/wp-content\/uploads\/2026\/04\/004-Envoi-Anticipe-Marsouins-Parc-Aquatique-2023-scaled.jpg-420x315-1.webp\" alt=\"\" \/>\r\n                  <\/a>\r\n              <a href=\"https:\/\/cielavillage.fr\/de\/campings\/les-princes-dorange\/\" target=\"_blank\" class=\"lieu-ciela currentCat visuel\" data-cat=\"paca\" data-slug=\"les-princes-dorange\" data-icone=\"\" data-couleur=\"\" data-latitude=\"44.311594\" data-longitude=\"5.6955816\">\r\n          <div class=\"texte-lieu\">\r\n            <p class=\"categorie-lieu decouvrir\">\r\n              Entdecken            <\/p>\r\n            <p class=\"titre-lieu\">Les Princes d&#8217;Orange<\/p>\r\n            <p class=\"ville-lieu\">Orpierre<\/p>\r\n          <\/div>\r\n                        <img src=\"https:\/\/www.lacroixdusud.fr\/wp-content\/uploads\/2026\/04\/princes-dorange-420x315-1.jpg\" alt=\"\" \/>\r\n                  <\/a>\r\n              <a href=\"https:\/\/www.camping-routes-de-provence.fr\/\/de\/campings\/\" target=\"_blank\" class=\"lieu-ciela currentCat visuel\" data-cat=\"paca\" data-slug=\"les-routes-de-provence\" data-icone=\"\" data-couleur=\"\" data-latitude=\"43.9623381\" data-longitude=\"5.7873858\">\r\n          <div class=\"texte-lieu\">\r\n            <p class=\"categorie-lieu decouvrir\">\r\n              Entdecken            <\/p>\r\n            <p class=\"titre-lieu\">Les Routes de Provence<\/p>\r\n            <p class=\"ville-lieu\">Forcalquier<\/p>\r\n          <\/div>\r\n                        <img src=\"https:\/\/www.lacroixdusud.fr\/wp-content\/uploads\/2026\/04\/batch_Camping-le-Forcalquier-4-420x236-1.jpg\" alt=\"\" \/>\r\n                  <\/a>\r\n              <a href=\"https:\/\/cielavillage.fr\/de\/campings\/terra-verdon-castellane\/\" target=\"_blank\" class=\"lieu-ciela currentCat visuel\" data-cat=\"paca\" data-slug=\"terra-verdon\" data-icone=\"\" data-couleur=\"\" data-latitude=\"43.8587232\" data-longitude=\"6.4984781\">\r\n          <div class=\"texte-lieu\">\r\n            <p class=\"categorie-lieu decouvrir\">\r\n              Entdecken            <\/p>\r\n            <p class=\"titre-lieu\">Terra Verdon<\/p>\r\n            <p class=\"ville-lieu\">Castellane<\/p>\r\n          <\/div>\r\n                        <img src=\"https:\/\/www.lacroixdusud.fr\/wp-content\/uploads\/2026\/04\/Terra-Verdon.jpg-420x280-1.webp\" alt=\"\" \/>\r\n                  <\/a>\r\n          <\/div>\r\n    <div id='page_navigation'><\/div>\r\n  <\/div>\r\n\r\n  <div id=\"map-ciela\" class=\"wp-block-column\">\r\n    <div id=\"map-ciela\"><\/div>\r\n  <\/div>\r\n\r\n<\/section>\r\n\r\n","protected":false},"excerpt":{"rendered":"<p>Ciela Village Machen Sie Urlaub auf Sterne-Campingpl\u00e4tzen mit der Ciela Village-Gruppe Verbringen Sie einen ma\u00dfgeschneiderten Familienurlaub in Frankreich auf den Campingpl\u00e4tzen von Ciela Village, erstklassigen, mit Sternen ausgezeichneten Freiluftanlagen. G\u00f6nnen Sie sich einen traumhaften Aufenthalt auf einem unserer mit Sternen ausgezeichneten Campingpl\u00e4tze in ganz Frankreich und genie\u00dfen Sie Ihren Urlaub in vollen Z\u00fcgen. Mit unber\u00fchrter [&hellip;]<\/p>\n","protected":false},"author":1,"featured_media":0,"parent":0,"menu_order":0,"comment_status":"closed","ping_status":"closed","template":"","meta":[],"acf":[],"_links":{"self":[{"href":"https:\/\/www.lacroixdusud.fr\/de\/wp-json\/wp\/v2\/pages\/8033"}],"collection":[{"href":"https:\/\/www.lacroixdusud.fr\/de\/wp-json\/wp\/v2\/pages"}],"about":[{"href":"https:\/\/www.lacroixdusud.fr\/de\/wp-json\/wp\/v2\/types\/page"}],"author":[{"embeddable":true,"href":"https:\/\/www.lacroixdusud.fr\/de\/wp-json\/wp\/v2\/users\/1"}],"replies":[{"embeddable":true,"href":"https:\/\/www.lacroixdusud.fr\/de\/wp-json\/wp\/v2\/comments?post=8033"}],"version-history":[{"count":1,"href":"https:\/\/www.lacroixdusud.fr\/de\/wp-json\/wp\/v2\/pages\/8033\/revisions"}],"predecessor-version":[{"id":8034,"href":"https:\/\/www.lacroixdusud.fr\/de\/wp-json\/wp\/v2\/pages\/8033\/revisions\/8034"}],"wp:attachment":[{"href":"https:\/\/www.lacroixdusud.fr\/de\/wp-json\/wp\/v2\/media?parent=8033"}],"curies":[{"name":"wp","href":"https:\/\/api.w.org\/{rel}","templated":true}]}}