{"id":2243,"date":"2022-10-13T16:31:57","date_gmt":"2022-10-13T14:31:57","guid":{"rendered":"https:\/\/www.lacroixdusud.fr\/home\/"},"modified":"2026-03-25T11:05:41","modified_gmt":"2026-03-25T10:05:41","slug":"home","status":"publish","type":"page","link":"https:\/\/www.lacroixdusud.fr\/en\/","title":{"rendered":". Home"},"content":{"rendered":"\n<section class=\"wp-container-69f09a73582e1 wp-block-group a-00-a\"><div class=\"wp-block-group__inner-container\">\n<div class=\"wp-block-cover alignfull is-light\"><span aria-hidden=\"true\" class=\"has-background-dim-0 wp-block-cover__gradient-background has-background-dim\"><\/span><img loading=\"lazy\" width=\"1865\" height=\"955\" class=\"wp-block-cover__image-background wp-image-3027\" alt=\"\" src=\"https:\/\/www.lacroixdusud.fr\/wp-content\/uploads\/2022\/11\/parc_aquatique_HP.jpg\" style=\"object-position:70% 65%\" data-object-fit=\"cover\" data-object-position=\"70% 65%\" srcset=\"https:\/\/www.lacroixdusud.fr\/wp-content\/uploads\/2022\/11\/parc_aquatique_HP.jpg 1865w, https:\/\/www.lacroixdusud.fr\/wp-content\/uploads\/2022\/11\/parc_aquatique_HP-300x154.jpg 300w, https:\/\/www.lacroixdusud.fr\/wp-content\/uploads\/2022\/11\/parc_aquatique_HP-1024x524.jpg 1024w, https:\/\/www.lacroixdusud.fr\/wp-content\/uploads\/2022\/11\/parc_aquatique_HP-768x393.jpg 768w, https:\/\/www.lacroixdusud.fr\/wp-content\/uploads\/2022\/11\/parc_aquatique_HP-1536x787.jpg 1536w\" sizes=\"(max-width: 1865px) 100vw, 1865px\" \/><div class=\"wp-block-cover__inner-container\">\n<p class=\"has-text-align-center has-large-font-size\"><\/p>\n\n\n\n<div class=\"wp-container-69f09a7357d2f wp-block-buttons\">\n<div class=\"wp-block-button btn_resa btn-header-home\"><a class=\"wp-block-button__link\"><i class=\"fas fa-arrow-right\"><\/i> I&#8217;ll book it!<\/a><\/div>\n<\/div>\n<\/div><\/div>\n<\/div><\/section>\n\n\n\n<section class=\"wp-container-69f09a73590ed wp-block-group b-00-a\"><div class=\"wp-block-group__inner-container\">\n<div class=\"wp-block-columns\">\n<div class=\"wp-block-column\">\n<figure class=\"wp-block-gallery has-nested-images columns-default is-cropped fleur-top-right\">\n<figure class=\"wp-block-image size-large\"><img loading=\"lazy\" width=\"1024\" height=\"683\" src=\"https:\/\/www.lacroixdusud.fr\/wp-content\/uploads\/2022\/07\/suite-family-exterieur-1024x683.jpg\" alt=\"camping barcares mobil home\" class=\"wp-image-756\" srcset=\"https:\/\/www.lacroixdusud.fr\/wp-content\/uploads\/2022\/07\/suite-family-exterieur-1024x683.jpg 1024w, https:\/\/www.lacroixdusud.fr\/wp-content\/uploads\/2022\/07\/suite-family-exterieur-300x200.jpg 300w, https:\/\/www.lacroixdusud.fr\/wp-content\/uploads\/2022\/07\/suite-family-exterieur-768x512.jpg 768w, https:\/\/www.lacroixdusud.fr\/wp-content\/uploads\/2022\/07\/suite-family-exterieur.jpg 1200w\" sizes=\"(max-width: 1024px) 100vw, 1024px\" \/><\/figure>\n\n\n\n<figure class=\"wp-block-image size-large\"><img loading=\"lazy\" width=\"1024\" height=\"683\" src=\"https:\/\/www.lacroixdusud.fr\/wp-content\/uploads\/2022\/10\/1200x0_95_3_c_FFFFFF_2069c58be0e92050048df8d93022921e-1024x683.jpg\" alt=\"camping barcares parc aquatique\" class=\"wp-image-2158\" srcset=\"https:\/\/www.lacroixdusud.fr\/wp-content\/uploads\/2022\/10\/1200x0_95_3_c_FFFFFF_2069c58be0e92050048df8d93022921e-1024x683.jpg 1024w, https:\/\/www.lacroixdusud.fr\/wp-content\/uploads\/2022\/10\/1200x0_95_3_c_FFFFFF_2069c58be0e92050048df8d93022921e-300x200.jpg 300w, https:\/\/www.lacroixdusud.fr\/wp-content\/uploads\/2022\/10\/1200x0_95_3_c_FFFFFF_2069c58be0e92050048df8d93022921e-768x512.jpg 768w, https:\/\/www.lacroixdusud.fr\/wp-content\/uploads\/2022\/10\/1200x0_95_3_c_FFFFFF_2069c58be0e92050048df8d93022921e.jpg 1198w\" sizes=\"(max-width: 1024px) 100vw, 1024px\" \/><\/figure>\n<\/figure>\n<\/div>\n\n\n\n<div class=\"wp-block-column\">\n<h1 id=\"camping-a-barcares-entre-leucate-et-perpignan\">Camping in Barcar\u00e8s between Leucate and Perpignan<\/h1>\n\n\n\n<p>Want to take a vacation in the <strong>Pyr\u00e9n\u00e9es-Orientales(66)<\/strong>? The 4 star campsite &#8220;<strong>La Croix du Sud<\/strong>&#8221; in <a href=\"https:\/\/www.lacroixdusud.fr\/camping-barcares\/\" data-type=\"page\" data-id=\"1232\">Barcar\u00e8s<\/a> benefits from an ideal location by the sea (800 m) and offers a multitude of leisure activities and comfort for <strong>the whole family<\/strong>. Small overview of your future <strong>camping vacations in Barcar\u00e8s on the Mediterranean coast, in the Eastern Pyrenees<\/strong>&#8230;<\/p>\n\n\n\n<div class=\"wp-container-69f09a7358b36 wp-block-buttons\">\n<div class=\"wp-block-button btn_resa is-style-fill\"><a class=\"wp-block-button__link\">Availability<\/a><\/div>\n\n\n\n<div class=\"wp-block-button\"><a class=\"wp-block-button__link\" href=\"https:\/\/www.lacroixdusud.fr\/en\/mobile-homes\/\">Discover our mobile homes<\/a><\/div>\n<\/div>\n<\/div>\n<\/div>\n<\/div><\/section>\n\n\n\n<section class=\"wp-container-69f09a735a469 wp-block-group b-05-a\"><div class=\"wp-block-group__inner-container\">\n<div class=\"wp-block-columns reverse-mob\">\n<div class=\"wp-block-column\">\n<h2 id=\"sejournez-en-camping-4-etoiles-dans-les-pyrenees-orientales-66\">Stay at a 4-star campsite in Pyr\u00e9n\u00e9es-Orientales (66)<\/h2>\n\n\n\n<p>Our <strong>campsite in Port-Barcar\u00e8s<\/strong> welcomes you from <strong>April 6 to September 29, 2024<\/strong>, in an enchanting setting just <strong>800 m from Le Barcar\u00e8s beach<\/strong>. Ideal for a seaside holiday at our 4-star campsite in the Pyr\u00e9n\u00e9es-Orientales! What&#8217;s more, you&#8217;ll have on-site access to the shady park with its flowered paths planted with pines, palms and oleanders, the perfect setting for a moment of pleasure close to the Vermeille coast.<\/p>\n\n\n\n<div class=\"wp-block-group lire-plus-mobile\"><div class=\"wp-block-group__inner-container\">\n<p>Read more<\/p>\n\n\n\n<div class=\"wp-container-69f09a7359840 wp-block-group\"><div class=\"wp-block-group__inner-container\">\n<p>Our <strong>4-star Barcar\u00e8s camps <\/strong>ite welcomes you for your vacations on the Mediterranean coast. Our <strong>campsite in Barcar\u00e8s<\/strong> offers mobile home rentals to <strong>suit all budget<\/strong>s: from the Essentielle range to the top-of-the-range Tropical Luxe. <\/p>\n\n\n\n<p>Take advantage of <strong>our comfortable mobile home rentals<\/strong> 800 metres from the seafront. Luxury. Our luxury tropical mobile homes include a VIP package with fitness and spa access. <\/p>\n\n\n\n<p>We also offer <strong>camping pitches<\/strong> for your <strong>tent<\/strong>, <strong>caravan<\/strong> or <strong>motorhome<\/strong>. Check out our <a href=\"http:\/\/offres-speciales\/\" data-type=\"URL\" data-id=\"offres-speciales\/\">special offers<\/a> and long-stay deals.<\/p>\n<\/div><\/div>\n<\/div><\/div>\n\n\n\n<div class=\"wp-container-69f09a7359e2a wp-block-buttons\">\n<div class=\"wp-block-button\"><a class=\"wp-block-button__link\" href=\"https:\/\/www.lacroixdusud.fr\/en\/locations\/\">See our locations<\/a><\/div>\n<\/div>\n<\/div>\n\n\n\n<div class=\"wp-block-column\">\n<figure class=\"wp-block-image size-large feuille-top-right coquillage1-bottom-right\"><img loading=\"lazy\" width=\"1024\" height=\"768\" src=\"https:\/\/www.lacroixdusud.fr\/wp-content\/uploads\/2022\/10\/IMG_20220930_104825-min-1024x768.jpg\" alt=\"rental mobil camping barcares\" class=\"wp-image-2655\" srcset=\"https:\/\/www.lacroixdusud.fr\/wp-content\/uploads\/2022\/10\/IMG_20220930_104825-min-1024x768.jpg 1024w, https:\/\/www.lacroixdusud.fr\/wp-content\/uploads\/2022\/10\/IMG_20220930_104825-min-300x225.jpg 300w, https:\/\/www.lacroixdusud.fr\/wp-content\/uploads\/2022\/10\/IMG_20220930_104825-min-768x576.jpg 768w, https:\/\/www.lacroixdusud.fr\/wp-content\/uploads\/2022\/10\/IMG_20220930_104825-min-1536x1152.jpg 1536w, https:\/\/www.lacroixdusud.fr\/wp-content\/uploads\/2022\/10\/IMG_20220930_104825-min-2048x1536.jpg 2048w\" sizes=\"(max-width: 1024px) 100vw, 1024px\" \/><\/figure>\n<\/div>\n<\/div>\n<\/div><\/section>\n\n\n\n<section class=\"wp-container-69f09a735bad1 wp-block-group b-10-a\"><div class=\"wp-block-group__inner-container\">\n<div class=\"wp-block-columns\">\n<div class=\"wp-block-column\">\n<figure class=\"wp-block-gallery has-nested-images columns-default is-cropped diaporama-mob\">\n<figure class=\"wp-block-image size-full\"><img loading=\"lazy\" width=\"569\" height=\"800\" src=\"https:\/\/www.lacroixdusud.fr\/wp-content\/uploads\/2022\/07\/CDS_piscine_001_format.jpg\" alt=\"paddling pool camping barcares with swimming pool\" class=\"wp-image-887\" srcset=\"https:\/\/www.lacroixdusud.fr\/wp-content\/uploads\/2022\/07\/CDS_piscine_001_format.jpg 569w, https:\/\/www.lacroixdusud.fr\/wp-content\/uploads\/2022\/07\/CDS_piscine_001_format-213x300.jpg 213w\" sizes=\"(max-width: 569px) 100vw, 569px\" \/><\/figure>\n\n\n\n<figure class=\"wp-block-image size-large\"><img loading=\"lazy\" width=\"1024\" height=\"683\" src=\"https:\/\/www.lacroixdusud.fr\/wp-content\/uploads\/2022\/07\/CDS_piscine_007-1024x683.jpg\" alt=\"toboggan camping barcares water park\" class=\"wp-image-645\" srcset=\"https:\/\/www.lacroixdusud.fr\/wp-content\/uploads\/2022\/07\/CDS_piscine_007-1024x683.jpg 1024w, https:\/\/www.lacroixdusud.fr\/wp-content\/uploads\/2022\/07\/CDS_piscine_007-300x200.jpg 300w, https:\/\/www.lacroixdusud.fr\/wp-content\/uploads\/2022\/07\/CDS_piscine_007-768x512.jpg 768w, https:\/\/www.lacroixdusud.fr\/wp-content\/uploads\/2022\/07\/CDS_piscine_007.jpg 1200w\" sizes=\"(max-width: 1024px) 100vw, 1024px\" \/><\/figure>\n\n\n\n<figure class=\"wp-block-image size-large\"><img loading=\"lazy\" width=\"1024\" height=\"683\" src=\"https:\/\/www.lacroixdusud.fr\/wp-content\/uploads\/2022\/07\/piscine03-1024x683.jpg\" alt=\"swimming pool camping barcares\" class=\"wp-image-648\" srcset=\"https:\/\/www.lacroixdusud.fr\/wp-content\/uploads\/2022\/07\/piscine03-1024x683.jpg 1024w, https:\/\/www.lacroixdusud.fr\/wp-content\/uploads\/2022\/07\/piscine03-300x200.jpg 300w, https:\/\/www.lacroixdusud.fr\/wp-content\/uploads\/2022\/07\/piscine03-768x512.jpg 768w, https:\/\/www.lacroixdusud.fr\/wp-content\/uploads\/2022\/07\/piscine03.jpg 1200w\" sizes=\"(max-width: 1024px) 100vw, 1024px\" \/><\/figure>\n<\/figure>\n\n\n\n<div style=\"height:44px\" aria-hidden=\"true\" class=\"wp-block-spacer\"><\/div>\n\n\n\n<div class=\"wp-container-69f09a735ac09 wp-block-buttons\">\n<div class=\"wp-block-button\"><a class=\"wp-block-button__link\" href=\"https:\/\/www.lacroixdusud.fr\/en\/media-gallery\/\">Photo gallery<\/a><\/div>\n<\/div>\n<\/div>\n\n\n\n<div class=\"wp-block-column\">\n<h2 id=\"se-detendre-et-s-amuser-dans-un-camping-a-barcares-avec-piscine\">Relax and have fun at a campsite in Barcar\u00e8s with swimming pool<\/h2>\n\n\n\n<p>Want to enjoy swimming during your stay? For this, go to the pool in our new  <strong>heated aquatic area with slide and paddling pool<\/strong>or by the sea,  <strong>only 800 m from the beach<\/strong>&#8230; When you do not enjoy the Mediterranean Sea located a few hundred meters away, the  <strong>heated swimming pool of the campsite  <\/strong>will also offer to the vacationers a place to relax. With its large pool and paddling pool for the little ones, there&#8217;s a fun <strong>aquatic area<\/strong> for everyone!<\/p>\n\n\n\n<div class=\"wp-block-group lire-plus-mobile\"><div class=\"wp-block-group__inner-container\">\n<p>Read more<\/p>\n\n\n\n<div class=\"wp-container-69f09a735b27a wp-block-group\"><div class=\"wp-block-group__inner-container\">\n<p>And to complete our services and leisure facilities, since 2019 the campground also has a <strong>new wellness area<\/strong>, including a <strong>sauna\/hammam spa<\/strong>, a sensory shower, an ice fountain and a hydromassage table. In addition, every day, you will be offered an <strong>aquatic wake-up session <\/strong>supervised by a qualified sports instructor. The perfect opportunity to let off steam and have fun.<\/p>\n<\/div><\/div>\n<\/div><\/div>\n\n\n\n<div class=\"wp-container-69f09a735b608 wp-block-buttons\">\n<div class=\"wp-block-button\"><a class=\"wp-block-button__link\" href=\"https:\/\/www.lacroixdusud.fr\/en\/aquatic-area\/\">See the aquatic area<\/a><\/div>\n<\/div>\n<\/div>\n<\/div>\n<\/div><\/section>\n\n\n\n<section class=\"wp-container-69f09a735c8ef wp-block-group b-15-a\"><div class=\"wp-block-group__inner-container\">\n<div class=\"wp-block-columns are-vertically-aligned-center\">\n<div class=\"wp-block-column is-vertically-aligned-center\">\n<h3 class=\"titre\" id=\"les-activites-et-animations-au-camping-a-port-barcares\">Evening entertainment at our campsite in Port-Barcar\u00e8s<\/h3>\n\n\n\n<p>Take advantage of the campsite&#8217;s many seasonal activities. Children can have fun in the playground and the kids&#8217; club, with a wide range of activities for children aged 6 and over.  <\/p>\n\n\n\n<p>If the day is full, the evenings are not less animated. Under the starry sky, <strong>a world of magical evenings<\/strong> where wild parties and dreamy shows alternate to delight the whole family. Discover all the <a href=\"https:\/\/www.lacroixdusud.fr\/en\/activities\/\" data-type=\"page\" data-id=\"544\">activities of Barcares camping<\/a>!<\/p>\n\n\n\n<p>From the campsite, you can also access all the entertainment on offer in the town: farmers&#8217; markets, funfairs, fireworks displays and the famous <a href=\"https:\/\/www.lacroixdusud.fr\/electrobeach-barcares\/\" data-type=\"page\" data-id=\"1285\">Electrobeach<\/a> and <a href=\"https:\/\/www.lacroixdusud.fr\/les-deferlantes-barcares\/\" data-type=\"page\" data-id=\"4052\">D\u00e9ferlantes festivals<\/a>. <\/p>\n\n\n\n<div class=\"wp-container-69f09a735c1d7 wp-block-buttons\">\n<div class=\"wp-block-button\"><a class=\"wp-block-button__link\" href=\"https:\/\/www.lacroixdusud.fr\/en\/activities\/\">Discover the activities at the campsite<\/a><\/div>\n<\/div>\n<\/div>\n\n\n\n<div class=\"wp-block-column is-vertically-aligned-center\">\n<figure class=\"wp-block-gallery has-nested-images columns-1 is-cropped\">\n<figure class=\"wp-block-image size-large\"><img loading=\"lazy\" width=\"1024\" height=\"683\" src=\"https:\/\/www.lacroixdusud.fr\/wp-content\/uploads\/2022\/10\/292826068_565349948400718_4816239169746463013_n-1024x683.jpg\" alt=\"animation camping barcares\" class=\"wp-image-2658\" srcset=\"https:\/\/www.lacroixdusud.fr\/wp-content\/uploads\/2022\/10\/292826068_565349948400718_4816239169746463013_n-1024x683.jpg 1024w, https:\/\/www.lacroixdusud.fr\/wp-content\/uploads\/2022\/10\/292826068_565349948400718_4816239169746463013_n-300x200.jpg 300w, https:\/\/www.lacroixdusud.fr\/wp-content\/uploads\/2022\/10\/292826068_565349948400718_4816239169746463013_n-768x512.jpg 768w, https:\/\/www.lacroixdusud.fr\/wp-content\/uploads\/2022\/10\/292826068_565349948400718_4816239169746463013_n-1536x1024.jpg 1536w, https:\/\/www.lacroixdusud.fr\/wp-content\/uploads\/2022\/10\/292826068_565349948400718_4816239169746463013_n.jpg 2048w\" sizes=\"(max-width: 1024px) 100vw, 1024px\" \/><\/figure>\n\n\n\n<figure class=\"wp-block-image size-large\"><img loading=\"lazy\" width=\"1024\" height=\"768\" src=\"https:\/\/www.lacroixdusud.fr\/wp-content\/uploads\/2022\/10\/294836529_10159902350663610_299537304779815175_n-1024x768.jpg\" alt=\"animations camping barcares\" class=\"wp-image-2661\" srcset=\"https:\/\/www.lacroixdusud.fr\/wp-content\/uploads\/2022\/10\/294836529_10159902350663610_299537304779815175_n-1024x768.jpg 1024w, https:\/\/www.lacroixdusud.fr\/wp-content\/uploads\/2022\/10\/294836529_10159902350663610_299537304779815175_n-300x225.jpg 300w, https:\/\/www.lacroixdusud.fr\/wp-content\/uploads\/2022\/10\/294836529_10159902350663610_299537304779815175_n-768x576.jpg 768w, https:\/\/www.lacroixdusud.fr\/wp-content\/uploads\/2022\/10\/294836529_10159902350663610_299537304779815175_n-1536x1152.jpg 1536w, https:\/\/www.lacroixdusud.fr\/wp-content\/uploads\/2022\/10\/294836529_10159902350663610_299537304779815175_n.jpg 2048w\" sizes=\"(max-width: 1024px) 100vw, 1024px\" \/><\/figure>\n<\/figure>\n<\/div>\n<\/div>\n<\/div><\/section>\n\n\n\n<div class=\"wp-container-69f09a735dd88 wp-block-group b-20-a\"><div class=\"wp-block-group__inner-container\">\n<div class=\"wp-block-columns are-vertically-aligned-top reverse-mob\">\n<div class=\"wp-block-column is-vertically-aligned-top\">\n<figure class=\"wp-block-image size-large\"><img loading=\"lazy\" width=\"1024\" height=\"683\" src=\"https:\/\/www.lacroixdusud.fr\/wp-content\/uploads\/2022\/07\/coilloure01-1024x683.jpg\" alt=\"camping Pyr\u00e9n\u00e9es orientales\" class=\"wp-image-1383\" srcset=\"https:\/\/www.lacroixdusud.fr\/wp-content\/uploads\/2022\/07\/coilloure01-1024x683.jpg 1024w, https:\/\/www.lacroixdusud.fr\/wp-content\/uploads\/2022\/07\/coilloure01-300x200.jpg 300w, https:\/\/www.lacroixdusud.fr\/wp-content\/uploads\/2022\/07\/coilloure01-768x512.jpg 768w, https:\/\/www.lacroixdusud.fr\/wp-content\/uploads\/2022\/07\/coilloure01-1536x1024.jpg 1536w, https:\/\/www.lacroixdusud.fr\/wp-content\/uploads\/2022\/07\/coilloure01.jpg 1920w\" sizes=\"(max-width: 1024px) 100vw, 1024px\" \/><\/figure>\n<\/div>\n\n\n\n<div class=\"wp-block-column is-vertically-aligned-top\">\n<h2 id=\"camping-barcares-visitez-les-alentours-et-la-region\">Camping Barcares: visit the surroundings and the region<\/h2>\n\n\n\n<p>The <a href=\"https:\/\/www.lacroixdusud.fr\/en\/in-the-vicinity\/\" data-type=\"URL\" data-id=\"https:\/\/www.lacroixdusud.fr\/tourisme-pyrenees-orientales\/\">Pyr\u00e9n\u00e9es-Orientales<\/a> is a region of natural treasures, situated between the Mediterranean Sea and the mountains. A stay in the region and more particularly <strong>in Le Barcar\u00e8s<\/strong> offers you great walks and hikes to do.<\/p>\n\n\n\n<div class=\"wp-block-group lire-plus-mobile\"><div class=\"wp-block-group__inner-container\">\n<p>Read more<\/p>\n\n\n\n<div class=\"wp-container-69f09a735d108 wp-block-group\"><div class=\"wp-block-group__inner-container\">\n<p>The campsite is located not far from <strong>Port Leucate<\/strong>, <a href=\"https:\/\/www.lacroixdusud.fr\/camping-perpignan\/\">Perpignan<\/a> and many other towns and villages that deserve to be visited! Depending on what you want to do, you can visit nearby <strong>Salses-le-Ch\u00e2teau<\/strong> and immerse yourself in history, <strong>Canet-en-Roussillon<\/strong>, <strong>Saint-Cyprien<\/strong> or <strong>Collioure<\/strong> and its Royal fortress, as well as the Canal du Midi, and so on. This will also delight vacationers who are looking for history, local heritage and all kinds of discoveries. <\/p>\n\n\n\n<p>In addition, in the vicinity, many activities await you to discover the region <strong> during your camping vacations<\/strong>: the  <em>markets of Port Barcares<\/em>, nautical activities, visit of castles and one of the biggest vineyards<em> of Languedoc-Roussillon<\/em>, discovery of the <strong>Catalan country<\/strong> and its villages, the department of<strong>Aude<\/strong>&#8230; More information on the various <a href=\"https:\/\/www.lacroixdusud.fr\/a-voir-a-faire-proche-camping-barcares\/\">visits around the campsite in Barcar\u00e8s<\/a> not to be missed.<\/p>\n<\/div><\/div>\n<\/div><\/div>\n\n\n\n<div class=\"wp-block-group encart-information\"><div class=\"wp-block-group__inner-container\">\n<blockquote class=\"wp-block-quote\"><p>We are sure that you will have a wonderful stay in our campsite in Barcares&#8230;<\/p><\/blockquote>\n<\/div><\/div>\n\n\n\n<p>In the meantime, all the information you need to prepare your stay in <strong>Port-Barcar\u00e8s<\/strong> can be found here, accessible in a few clicks. If you would like more information, please contact us, we will be happy to answer you. Quick response guaranteed!<\/p>\n\n\n\n<div class=\"wp-container-69f09a735d79b wp-block-buttons\">\n<div class=\"wp-block-button\"><a class=\"wp-block-button__link\" href=\"https:\/\/www.lacroixdusud.fr\/en\/in-the-vicinity\/\">What to do around the campsite?<\/a><\/div>\n<\/div>\n<\/div>\n<\/div>\n<\/div><\/div>\n\n\n\n<p><\/p>\n","protected":false},"excerpt":{"rendered":"<p>Camping in Barcar\u00e8s between Leucate and Perpignan Want to take a vacation in the Pyr\u00e9n\u00e9es-Orientales(66)? The 4 star campsite &#8220;La Croix du Sud&#8221; in Barcar\u00e8s benefits from an ideal location by the sea (800 m) and offers a multitude of leisure activities and comfort for the whole family. Small overview of your future camping vacations [&hellip;]<\/p>\n","protected":false},"author":1,"featured_media":881,"parent":0,"menu_order":0,"comment_status":"closed","ping_status":"closed","template":"","meta":[],"acf":[],"_links":{"self":[{"href":"https:\/\/www.lacroixdusud.fr\/en\/wp-json\/wp\/v2\/pages\/2243"}],"collection":[{"href":"https:\/\/www.lacroixdusud.fr\/en\/wp-json\/wp\/v2\/pages"}],"about":[{"href":"https:\/\/www.lacroixdusud.fr\/en\/wp-json\/wp\/v2\/types\/page"}],"author":[{"embeddable":true,"href":"https:\/\/www.lacroixdusud.fr\/en\/wp-json\/wp\/v2\/users\/1"}],"replies":[{"embeddable":true,"href":"https:\/\/www.lacroixdusud.fr\/en\/wp-json\/wp\/v2\/comments?post=2243"}],"version-history":[{"count":6,"href":"https:\/\/www.lacroixdusud.fr\/en\/wp-json\/wp\/v2\/pages\/2243\/revisions"}],"predecessor-version":[{"id":7655,"href":"https:\/\/www.lacroixdusud.fr\/en\/wp-json\/wp\/v2\/pages\/2243\/revisions\/7655"}],"wp:featuredmedia":[{"embeddable":true,"href":"https:\/\/www.lacroixdusud.fr\/en\/wp-json\/wp\/v2\/media\/881"}],"wp:attachment":[{"href":"https:\/\/www.lacroixdusud.fr\/en\/wp-json\/wp\/v2\/media?parent=2243"}],"curies":[{"name":"wp","href":"https:\/\/api.w.org\/{rel}","templated":true}]}}