{"id":2324,"date":"2022-10-13T16:45:27","date_gmt":"2022-10-13T14:45:27","guid":{"rendered":"https:\/\/www.lacroixdusud.fr\/mobile-homes\/"},"modified":"2026-03-25T11:24:43","modified_gmt":"2026-03-25T10:24:43","slug":"mobile-homes","status":"publish","type":"page","link":"https:\/\/www.lacroixdusud.fr\/en\/mobile-homes\/","title":{"rendered":"Mobile homes"},"content":{"rendered":"\n<section class=\"wp-container-69f0b043654d9 wp-block-group a-00-a\"><div class=\"wp-block-group__inner-container\">\n<div class=\"wp-block-cover alignfull\"><span aria-hidden=\"true\" class=\"has-bleu-background-color has-background-dim-0 wp-block-cover__gradient-background has-background-dim\"><\/span><img loading=\"lazy\" width=\"1200\" height=\"800\" class=\"wp-block-cover__image-background wp-image-1873\" alt=\"\" src=\"https:\/\/www.lacroixdusud.fr\/wp-content\/uploads\/2022\/09\/twiny-terrasse3.jpg\" style=\"object-position:50% 79%\" data-object-fit=\"cover\" data-object-position=\"50% 79%\" srcset=\"https:\/\/www.lacroixdusud.fr\/wp-content\/uploads\/2022\/09\/twiny-terrasse3.jpg 1200w, https:\/\/www.lacroixdusud.fr\/wp-content\/uploads\/2022\/09\/twiny-terrasse3-300x200.jpg 300w, https:\/\/www.lacroixdusud.fr\/wp-content\/uploads\/2022\/09\/twiny-terrasse3-1024x683.jpg 1024w, https:\/\/www.lacroixdusud.fr\/wp-content\/uploads\/2022\/09\/twiny-terrasse3-768x512.jpg 768w\" sizes=\"(max-width: 1200px) 100vw, 1200px\" \/><div class=\"wp-block-cover__inner-container\">\n<p class=\"has-text-align-center has-large-font-size\"><\/p>\n<\/div><\/div>\n\n\n\n<div class=\"wp-container-69f0b04365199 wp-block-group intro\"><div class=\"wp-block-group__inner-container\">\n<h1 class=\"has-text-align-left\" id=\"mobil-home-barcares-nos-locations\">Mobile home Barcares : our rentals<\/h1>\n\n\n\n<p>Take advantage of a <strong>wide range of mobile homes<\/strong> that will satisfy all your desires for your next stay in <strong>Barcares<\/strong>.<\/p>\n<\/div><\/div>\n<\/div><\/section>\n\n\n\n<section class=\"wp-container-69f0b04365ccd wp-block-group b-00-b\"><div class=\"wp-block-group__inner-container\">\n<div class=\"wp-block-columns\">\n<div class=\"wp-block-column\">\n<figure class=\"wp-block-gallery has-nested-images columns-default is-cropped coquillage2-top-right\">\n<figure class=\"wp-block-image size-large\"><img loading=\"lazy\" width=\"684\" height=\"1024\" src=\"https:\/\/www.lacroixdusud.fr\/wp-content\/uploads\/2022\/07\/loggia-compact-interieur1-684x1024.jpg\" alt=\"\" class=\"wp-image-759\" srcset=\"https:\/\/www.lacroixdusud.fr\/wp-content\/uploads\/2022\/07\/loggia-compact-interieur1-684x1024.jpg 684w, https:\/\/www.lacroixdusud.fr\/wp-content\/uploads\/2022\/07\/loggia-compact-interieur1-200x300.jpg 200w, https:\/\/www.lacroixdusud.fr\/wp-content\/uploads\/2022\/07\/loggia-compact-interieur1-768x1150.jpg 768w, https:\/\/www.lacroixdusud.fr\/wp-content\/uploads\/2022\/07\/loggia-compact-interieur1.jpg 1000w\" sizes=\"(max-width: 684px) 100vw, 684px\" \/><\/figure>\n\n\n\n<figure class=\"wp-block-image size-large\"><img loading=\"lazy\" width=\"1024\" height=\"681\" src=\"https:\/\/www.lacroixdusud.fr\/wp-content\/uploads\/2022\/07\/ensemble-5-helios-1024x681.jpg\" alt=\"\" class=\"wp-image-867\" srcset=\"https:\/\/www.lacroixdusud.fr\/wp-content\/uploads\/2022\/07\/ensemble-5-helios-1024x681.jpg 1024w, https:\/\/www.lacroixdusud.fr\/wp-content\/uploads\/2022\/07\/ensemble-5-helios-300x200.jpg 300w, https:\/\/www.lacroixdusud.fr\/wp-content\/uploads\/2022\/07\/ensemble-5-helios-768x511.jpg 768w, https:\/\/www.lacroixdusud.fr\/wp-content\/uploads\/2022\/07\/ensemble-5-helios-1536x1022.jpg 1536w, https:\/\/www.lacroixdusud.fr\/wp-content\/uploads\/2022\/07\/ensemble-5-helios.jpg 2000w\" sizes=\"(max-width: 1024px) 100vw, 1024px\" \/><\/figure>\n<\/figure>\n<\/div>\n\n\n\n<div class=\"wp-block-column\">\n<h2 id=\"choisir-sa-location-mobil-home-barcares-au-camping-la-croix-du-sud\">Choose your mobile home rental in Barcares at La Croix du Sud<\/h2>\n\n\n\n<p><a href=\"https:\/\/www.lacroixdusud.fr\/en\/\" data-type=\"page\" data-id=\"5\">The 4 star campsite Pyr\u00e9n\u00e9es Orientales<\/a> La Croix du Sud in <strong>Barcar\u00e8s<\/strong> (66) offers you <strong>different mobile homes <\/strong>that will meet all your expectations at only <strong>600 meters from the sea<\/strong>. Among our<strong> accommodation <\/strong>available for rent, we offer <strong>4 ranges of accommodation<\/strong> in our <strong>campsite in Barcares<\/strong>:<\/p>\n\n\n\n<div class=\"wp-container-69f0b043659a8 wp-block-buttons\">\n<div class=\"wp-block-button btn_resa\"><a class=\"wp-block-button__link\">Book my stay<\/a><\/div>\n\n\n\n<div class=\"wp-block-button has-custom-width wp-block-button__width-50\"><a class=\"wp-block-button__link\" href=\"https:\/\/www.lacroixdusud.fr\/en\/media-gallery\/\">Photo gallery<\/a><\/div>\n<\/div>\n<\/div>\n<\/div>\n<\/div><\/section>\n\n\n\n<p class=\"has-text-align-center titre-locations\">Discover our range of accommodation for all budgets<\/p>\n\n\n\n<section class=\"wp-container-69f0b0436618a wp-block-group b-35-a tropical\"><div class=\"wp-block-group__inner-container\">\n<div class=\"wp-block-columns reverse-mob\">\n<div class=\"wp-block-column\"><ul class=\"liste-locations\"><li class=\"liste-locations__item\"><a href=\"https:\/\/www.lacroixdusud.fr\/en\/locations\/mobil-home-riviera\/\">\r\n\t\t\t\t\t\t\t\t\t\t\t\t<span class=\"liste-locations__item__titre\">Mobil Home Riviera<\/span>\r\n\t\t\t\t\t\t\t\t\t\t\t\t<span class=\"liste-locations__item__texte\">2 rooms 4\/6 persons<\/span>\r\n\t\t\t\t\t\t\t\t\t\t\t\t<figure><img src=\"https:\/\/www.lacroixdusud.fr\/wp-content\/uploads\/2022\/09\/jardin-2-riviera-tropical-e1666864150619.jpg\" alt=\"Mobil Home Riviera\"><\/figure>\r\n\t\t\t\t\t\t\t\t\t\t<\/a><\/li><li class=\"liste-locations__item\"><a href=\"https:\/\/www.lacroixdusud.fr\/en\/locations\/mobil-home-bora-bora\/\">\r\n\t\t\t\t\t\t\t\t\t\t\t\t<span class=\"liste-locations__item__titre\">Mobil Home Bora Bora<\/span>\r\n\t\t\t\t\t\t\t\t\t\t\t\t<span class=\"liste-locations__item__texte\">2 rooms 4\/6 persons<\/span>\r\n\t\t\t\t\t\t\t\t\t\t\t\t<figure><img src=\"https:\/\/www.lacroixdusud.fr\/wp-content\/uploads\/2022\/09\/IMG_20220930_104825-ConvertImage-scaled-e1666863890245.jpg\" alt=\"Mobil Home Bora Bora\"><\/figure>\r\n\t\t\t\t\t\t\t\t\t\t<\/a><\/li><li class=\"liste-locations__item\"><a href=\"https:\/\/www.lacroixdusud.fr\/en\/locations\/mobil-home-moorea\/\">\r\n\t\t\t\t\t\t\t\t\t\t\t\t<span class=\"liste-locations__item__titre\">Mobil Home Moorea<\/span>\r\n\t\t\t\t\t\t\t\t\t\t\t\t<span class=\"liste-locations__item__texte\">2 rooms 4 persons<\/span>\r\n\t\t\t\t\t\t\t\t\t\t\t\t<figure><img src=\"https:\/\/www.lacroixdusud.fr\/wp-content\/uploads\/2022\/09\/IMG_20220930_105608-ConvertImage-scaled-e1666872877144.jpg\" alt=\"Mobil Home Moorea\"><\/figure>\r\n\t\t\t\t\t\t\t\t\t\t<\/a><\/li><\/ul>\n<\/div>\n\n\n\n<div class=\"wp-block-column\" style=\"flex-basis:48%\">\n<h2 id=\"tropical-luxe\">Tropical Luxury <i class=\"far fa-star\"><\/i><i class=\"far fa-star\"><\/i><i class=\"far fa-star\"><\/i><i class=\"far fa-star\"><\/i><\/h2>\n\n\n\n<p>For those who see things in a big way for their stay at the <strong>Barcar\u00e8s campsite<\/strong>, they can stay in our luxury rentals in an exotic setting. We have integrated a new range &#8220;Tropical Luxury&#8221;, where you will find included in the rate a VIP formula, with access to the fitness area, to the relaxation area and also an unlimited internet code.<\/p>\n\n\n\n<ul class=\"pictos\"><li><i class=\"far fa-air-conditioner\"><\/i>  Air conditioning<\/li><li><i class=\"far fa-tv\"><\/i>  Television<\/li><li><i class=\"far fa-utensils\"><\/i>  Equipped kitchen<\/li><li><i class=\"far fa-wifi\"><\/i>  Unlimited Wifi<\/li><li><i class=\"far fa-umbrella-beach\"><\/i>  Covered terrace<\/li><li><i class=\"far fa-spa\"><\/i>  Relaxation area<\/li><\/ul>\n<\/div>\n<\/div>\n<\/div><\/section>\n\n\n\n<section class=\"wp-container-69f0b043665a2 wp-block-group b-35-a fun has-jauneclair-background-color has-background\"><div class=\"wp-block-group__inner-container\">\n<div class=\"wp-block-columns\">\n<div class=\"wp-block-column\" style=\"flex-basis:48%\">\n<h2 id=\"fun-fa-icon-icon-far-fa-star-fa-icon-icon-far-fa-star-fa-icon-icon-far-fa-star\">Fun <i class=\"far fa-star\"><\/i><i class=\"far fa-star\"><\/i><i class=\"far fa-star\"><\/i><\/h2>\n\n\n\n<p>These spacious and bright accommodations are perfect for anyone looking for a modern and functional mobile home in Barcar\u00e8s, thanks to its many amenities that make organizing your vacation easier. Among them, you can find a dressing room, a master suite, hair dryers, the shaded terrace with a net, etc.<\/p>\n\n\n\n<ul class=\"pictos\"><li><i class=\"far fa-air-conditioner\"><\/i>  Air conditioning<\/li><li><i class=\"far fa-tv\"><\/i>  Television<\/li><li><i class=\"far fa-utensils\"><\/i>  Equipped kitchen<\/li><li><i class=\"far fa-home-heart\"><\/i>  Spacious accommodation<\/li><li><i class=\"far fa-umbrella-beach\"><\/i>  Semi-shaded terrace<\/li><\/ul>\n<\/div>\n\n\n\n<div class=\"wp-block-column\"><ul class=\"liste-locations\"><li class=\"liste-locations__item\"><a href=\"https:\/\/www.lacroixdusud.fr\/en\/locations\/mobil-home-suite-family\/\">\r\n\t\t\t\t\t\t\t\t\t\t\t\t<span class=\"liste-locations__item__titre\">Mobil Home Suite Family<\/span>\r\n\t\t\t\t\t\t\t\t\t\t\t\t<span class=\"liste-locations__item__texte\">3 rooms for 6 people<\/span>\r\n\t\t\t\t\t\t\t\t\t\t\t\t<figure><img src=\"https:\/\/www.lacroixdusud.fr\/wp-content\/uploads\/2022\/09\/suite-family-terrasse2-ConvertImage.jpg\" alt=\"Mobil Home Suite Family\"><\/figure>\r\n\t\t\t\t\t\t\t\t\t\t<\/a><\/li><li class=\"liste-locations__item\"><a href=\"https:\/\/www.lacroixdusud.fr\/en\/locations\/mobil-home-summer\/\">\r\n\t\t\t\t\t\t\t\t\t\t\t\t<span class=\"liste-locations__item__titre\">Mobil Home Summer<\/span>\r\n\t\t\t\t\t\t\t\t\t\t\t\t<span class=\"liste-locations__item__texte\">2 rooms 4\/6 persons<\/span>\r\n\t\t\t\t\t\t\t\t\t\t\t\t<figure><img src=\"https:\/\/www.lacroixdusud.fr\/wp-content\/uploads\/2022\/09\/IMG_1692-scaled.jpg\" alt=\"Mobil Home Summer\"><\/figure>\r\n\t\t\t\t\t\t\t\t\t\t<\/a><\/li><li class=\"liste-locations__item\"><a href=\"https:\/\/www.lacroixdusud.fr\/en\/locations\/mobil-home-twiny\/\">\r\n\t\t\t\t\t\t\t\t\t\t\t\t<span class=\"liste-locations__item__titre\">Mobil Home Twiny<\/span>\r\n\t\t\t\t\t\t\t\t\t\t\t\t<span class=\"liste-locations__item__texte\">1 room 2\/4 persons<\/span>\r\n\t\t\t\t\t\t\t\t\t\t\t\t<figure><img src=\"https:\/\/www.lacroixdusud.fr\/wp-content\/uploads\/2022\/09\/twiny-exterieur-4.jpg\" alt=\"Mobil Home Twiny\"><\/figure>\r\n\t\t\t\t\t\t\t\t\t\t<\/a><\/li><\/ul>\n<\/div>\n<\/div>\n<\/div><\/section>\n\n\n\n<section class=\"wp-container-69f0b043669af wp-block-group b-35-a confort\"><div class=\"wp-block-group__inner-container\">\n<div class=\"wp-block-columns reverse-mob\">\n<div class=\"wp-block-column\"><ul class=\"liste-locations\"><li class=\"liste-locations__item \"><a href=\"https:\/\/www.lacroixdusud.fr\/en\/locations\/mobil-home-cordelia\/\">\r\n\t\t\t\t\t\t\t\t\t\t\t\t<span class=\"liste-locations__item__titre\">Mobil Home Cordelia<\/span>\r\n\t\t\t\t\t\t\t\t\t\t\t\t<span class=\"liste-locations__item__texte\">3 rooms for 6 people<\/span>\r\n\t\t\t\t\t\t\t\t\t\t\t\t<figure><img src=\"https:\/\/www.lacroixdusud.fr\/wp-content\/uploads\/2022\/09\/Terrasse-Cordelia-1-scaled.jpg\" alt=\"Mobil Home Cordelia\"><\/figure>\r\n\t\t\t\t\t\t\t\t\t\t<\/a><\/li><li class=\"liste-locations__item pmr\"><a href=\"https:\/\/www.lacroixdusud.fr\/en\/locations\/mobil-home-helios\/\">\r\n\t\t\t\t\t\t\t\t\t\t\t\t<span class=\"liste-locations__item__titre\">Mobil Home H\u00e9lios<\/span>\r\n\t\t\t\t\t\t\t\t\t\t\t\t<span class=\"liste-locations__item__texte\">2 rooms 4\/5 persons<\/span>\r\n\t\t\t\t\t\t\t\t\t\t\t\t<figure><img src=\"https:\/\/www.lacroixdusud.fr\/wp-content\/uploads\/2022\/09\/terrasse-4-helios.jpg\" alt=\"Mobil Home H\u00e9lios\"><\/figure>\r\n\t\t\t\t\t\t\t\t\t\t<\/a><\/li><li class=\"liste-locations__item \"><a href=\"https:\/\/www.lacroixdusud.fr\/en\/locations\/mobil-home-loggia\/\">\r\n\t\t\t\t\t\t\t\t\t\t\t\t<span class=\"liste-locations__item__titre\">Mobil Home Loggia<\/span>\r\n\t\t\t\t\t\t\t\t\t\t\t\t<span class=\"liste-locations__item__texte\">2 rooms 4 persons<\/span>\r\n\t\t\t\t\t\t\t\t\t\t\t\t<figure><img src=\"https:\/\/www.lacroixdusud.fr\/wp-content\/uploads\/2022\/09\/Extrieur-LOGGIA-ConvertImage.jpg\" alt=\"Mobil Home Loggia\"><\/figure>\r\n\t\t\t\t\t\t\t\t\t\t<\/a><\/li><li class=\"liste-locations__item \"><a href=\"https:\/\/www.lacroixdusud.fr\/en\/locations\/mobil-home-loggia-compact\/\">\r\n\t\t\t\t\t\t\t\t\t\t\t\t<span class=\"liste-locations__item__titre\">Mobil Home Loggia compact<\/span>\r\n\t\t\t\t\t\t\t\t\t\t\t\t<span class=\"liste-locations__item__texte\">2 rooms 4 persons<\/span>\r\n\t\t\t\t\t\t\t\t\t\t\t\t<figure><img src=\"https:\/\/www.lacroixdusud.fr\/wp-content\/uploads\/2022\/09\/Exterieur-LOGGIA-COMPACT-scaled.jpg\" alt=\"Mobil Home Loggia compact\"><\/figure>\r\n\t\t\t\t\t\t\t\t\t\t<\/a><\/li><li class=\"liste-locations__item \"><a href=\"https:\/\/www.lacroixdusud.fr\/en\/locations\/mobil-home-cordelia-new\/\">\r\n\t\t\t\t\t\t\t\t\t\t\t\t<span class=\"liste-locations__item__titre\">Mobile Home Cordelia New<\/span>\r\n\t\t\t\t\t\t\t\t\t\t\t\t<span class=\"liste-locations__item__texte\">3 bedrooms for 6\/8 people<\/span>\r\n\t\t\t\t\t\t\t\t\t\t\t\t<figure><img src=\"https:\/\/www.lacroixdusud.fr\/wp-content\/uploads\/2022\/09\/Terrasse-Cordelia-1-scaled.jpg\" alt=\"Mobile Home Cordelia New\"><\/figure>\r\n\t\t\t\t\t\t\t\t\t\t<\/a><\/li><\/ul>\n<\/div>\n\n\n\n<div class=\"wp-block-column\" style=\"flex-basis:30%\">\n<h2 id=\"confort\">Comfort <i class=\"far fa-star\"><\/i><i class=\"far fa-star\"><\/i><\/h2>\n\n\n\n<p>Ideal for stays with family or friends, the mobile homes in the &#8220;Comfort&#8221; range will provide additional space and equipment in the various accommodations, so that you can spend a serene vacation with access to various amenities needed in camping in Barcar\u00e8s.<\/p>\n\n\n\n<ul class=\"pictos\"><li><i class=\"far fa-air-conditioner\"><\/i>  Air conditioning<\/li><li><i class=\"far fa-tv\"><\/i>  Television<\/li><li><i class=\"far fa-utensils\"><\/i>  Equipped kitchen<\/li><\/ul>\n<\/div>\n<\/div>\n<\/div><\/section>\n\n\n\n<section class=\"wp-container-69f0b04366df3 wp-block-group b-35-a-bis has-jauneclair-background-color has-background\"><div class=\"wp-block-group__inner-container\">\n<div class=\"wp-block-columns\">\n<div class=\"wp-block-column\" style=\"flex-basis:48%\">\n<h2 id=\"essentiel\">Essential <i class=\"far fa-star\"><\/i><\/h2>\n\n\n\n<p id=\"la-gamme-essentiel-est-ideal-pour-ceux-qui-privilegient-une-location-au-camping-a-barcares-a-prix-doux-pour-cela-ils-peuvent-compter-sur-des-mobil-homes-comprenant-2-chambres-mais-aussi-sur-des-coco-sweet-tente-amenagee-ces-logements-insolites-qui-s-apparentent-a-des-cabanes-pour-les-plus-petits-ont-de-quoi-ravir-toute-la-famille\">The &#8221; Essential &#8221; range is ideal for those who prefer a low cost rental at the <strong>Barcar\u00e8s campsite<\/strong>. For this, they can count on mobile homes with 2 bedrooms, but also on Coco Sweet<strong>(fitted tent<\/strong>). These <strong>unusual accommodations<\/strong>, which are similar to &#8220;cabins&#8221; for the little ones, are sure to delight the whole family.<\/p>\n\n\n\n<ul class=\"pictos\"><li><i class=\"far fa-euro-sign\"><\/i>  Min. price<\/li><li><i class=\"far fa-house-tree\"><\/i>  Unusual stay<\/li><li><i class=\"far fa-campfire\"><\/i>  Camping spirit<\/li><\/ul>\n<\/div>\n\n\n\n<div class=\"wp-block-column\"><ul class=\"liste-locations\"><li class=\"liste-locations__item\"><a href=\"https:\/\/www.lacroixdusud.fr\/en\/locations\/mobil-home-ophea\/\">\r\n\t\t\t\t\t\t\t\t\t\t\t\t<span class=\"liste-locations__item__titre\">Mobil Home O&#8217;Ph\u00e9a<\/span>\r\n\t\t\t\t\t\t\t\t\t\t\t\t<span class=\"liste-locations__item__texte\">3 rooms for 6 people<\/span>\r\n\t\t\t\t\t\t\t\t\t\t\t\t<figure><img src=\"https:\/\/www.lacroixdusud.fr\/wp-content\/uploads\/2022\/09\/terrasse-ophea.jpg\" alt=\"Mobil Home O&#8217;Ph\u00e9a\"><\/figure>\r\n\t\t\t\t\t\t\t\t\t\t<\/a><\/li><li class=\"liste-locations__item\"><a href=\"https:\/\/www.lacroixdusud.fr\/en\/locations\/mobile-home-domino\/\">\r\n\t\t\t\t\t\t\t\t\t\t\t\t<span class=\"liste-locations__item__titre\">Mobile Home Domino<\/span>\r\n\t\t\t\t\t\t\t\t\t\t\t\t<span class=\"liste-locations__item__texte\">2 rooms 4 persons + 1 baby<\/span>\r\n\t\t\t\t\t\t\t\t\t\t\t\t<figure><img src=\"https:\/\/www.lacroixdusud.fr\/wp-content\/uploads\/2022\/09\/terrasse-ophea-2.jpg\" alt=\"Mobile Home Domino\"><\/figure>\r\n\t\t\t\t\t\t\t\t\t\t<\/a><\/li><\/ul>\n<\/div>\n<\/div>\n<\/div><\/section>\n\n\n\n<div class=\"wp-block-group encart-information\"><div class=\"wp-block-group__inner-container\">\n<p class=\"has-text-align-center\">Thanks to our <strong>different ranges of 4 star rentals<\/strong>, choose a <strong>mobile home rental in Barcares<\/strong> according to your desires and your budget.<\/p>\n<\/div><\/div>\n\n\n\n<section class=\"wp-container-69f0b04367579 wp-block-group b-25-a papito\"><div class=\"wp-block-group__inner-container\">\n<div class=\"wp-block-columns\">\n<div class=\"wp-block-column\">\n<h2 id=\"sejourner-en-mobil-home-au-camping-a-barcares-la-croix-du-sud\">Staying in a mobile home in Barcares, La Croix du Sud<\/h2>\n\n\n\n<p>Whatever your choice of <strong>accommodation<\/strong>, <strong>we guarantee you maximum comfort and cleanliness<\/strong> for your vacation at the campsite in Barcares in the <strong>Pyrenees-Orientales<\/strong>. You will also have the possibility to enjoy the <a href=\"https:\/\/www.lacroixdusud.fr\/en\/services\/\" data-type=\"page\" data-id=\"2348\">numerous services <\/a>and <a href=\"https:\/\/www.lacroixdusud.fr\/en\/activities\/\" data-type=\"page\" data-id=\"544\">animations<\/a> of our <strong>barcares camping with water park<\/strong>. Moreover, you will be able to connect to the <strong>WIFI<\/strong> on your site (10 min free to discover then paying fixed price according to current rate) or in a free way in the &#8220;hot zone coffee&#8221; (30 min every 6 hours).<\/p>\n\n\n\n<div class=\"wp-container-69f0b04367202 wp-block-buttons\">\n<div class=\"wp-block-button btn_resa\"><a class=\"wp-block-button__link\">Book<\/a><\/div>\n<\/div>\n<\/div>\n\n\n\n<div class=\"wp-block-column\">\n<figure class=\"wp-block-image size-full\"><img loading=\"lazy\" width=\"1015\" height=\"929\" src=\"https:\/\/www.lacroixdusud.fr\/wp-content\/uploads\/2022\/07\/Terrasse-MOOREA-1-1.jpg\" alt=\"\" class=\"wp-image-870\" srcset=\"https:\/\/www.lacroixdusud.fr\/wp-content\/uploads\/2022\/07\/Terrasse-MOOREA-1-1.jpg 1015w, https:\/\/www.lacroixdusud.fr\/wp-content\/uploads\/2022\/07\/Terrasse-MOOREA-1-1-300x275.jpg 300w, https:\/\/www.lacroixdusud.fr\/wp-content\/uploads\/2022\/07\/Terrasse-MOOREA-1-1-768x703.jpg 768w\" sizes=\"(max-width: 1015px) 100vw, 1015px\" \/><\/figure>\n<\/div>\n<\/div>\n<\/div><\/section>\n","protected":false},"excerpt":{"rendered":"<p>Mobile home Barcares : our rentals Take advantage of a wide range of mobile homes that will satisfy all your desires for your next stay in Barcares. Choose your mobile home rental in Barcares at La Croix du Sud The 4 star campsite Pyr\u00e9n\u00e9es Orientales La Croix du Sud in Barcar\u00e8s (66) offers you different [&hellip;]<\/p>\n","protected":false},"author":1,"featured_media":2936,"parent":0,"menu_order":0,"comment_status":"closed","ping_status":"closed","template":"","meta":[],"acf":[],"_links":{"self":[{"href":"https:\/\/www.lacroixdusud.fr\/en\/wp-json\/wp\/v2\/pages\/2324"}],"collection":[{"href":"https:\/\/www.lacroixdusud.fr\/en\/wp-json\/wp\/v2\/pages"}],"about":[{"href":"https:\/\/www.lacroixdusud.fr\/en\/wp-json\/wp\/v2\/types\/page"}],"author":[{"embeddable":true,"href":"https:\/\/www.lacroixdusud.fr\/en\/wp-json\/wp\/v2\/users\/1"}],"replies":[{"embeddable":true,"href":"https:\/\/www.lacroixdusud.fr\/en\/wp-json\/wp\/v2\/comments?post=2324"}],"version-history":[{"count":6,"href":"https:\/\/www.lacroixdusud.fr\/en\/wp-json\/wp\/v2\/pages\/2324\/revisions"}],"predecessor-version":[{"id":7667,"href":"https:\/\/www.lacroixdusud.fr\/en\/wp-json\/wp\/v2\/pages\/2324\/revisions\/7667"}],"wp:featuredmedia":[{"embeddable":true,"href":"https:\/\/www.lacroixdusud.fr\/en\/wp-json\/wp\/v2\/media\/2936"}],"wp:attachment":[{"href":"https:\/\/www.lacroixdusud.fr\/en\/wp-json\/wp\/v2\/media?parent=2324"}],"curies":[{"name":"wp","href":"https:\/\/api.w.org\/{rel}","templated":true}]}}