{"id":2332,"date":"2022-10-13T16:46:05","date_gmt":"2022-10-13T14:46:05","guid":{"rendered":"https:\/\/www.lacroixdusud.fr\/partners\/"},"modified":"2022-10-13T16:46:06","modified_gmt":"2022-10-13T14:46:06","slug":"partners","status":"publish","type":"page","link":"https:\/\/www.lacroixdusud.fr\/en\/partners\/","title":{"rendered":"Partners"},"content":{"rendered":"\n<section class=\"wp-container-69f09a6cc2260 wp-block-group a-00-a\"><div class=\"wp-block-group__inner-container\">\n<div class=\"wp-block-cover alignfull is-light\"><span aria-hidden=\"true\" class=\"has-white-background-color has-background-dim-0 wp-block-cover__gradient-background has-background-dim\"><\/span><img loading=\"lazy\" width=\"1920\" height=\"1280\" class=\"wp-block-cover__image-background wp-image-1182\" alt=\"\" src=\"https:\/\/www.lacroixdusud.fr\/wp-content\/uploads\/2022\/07\/CDS_piscine_005-format.jpg\" style=\"object-position:52% 52%\" data-object-fit=\"cover\" data-object-position=\"52% 52%\" srcset=\"https:\/\/www.lacroixdusud.fr\/wp-content\/uploads\/2022\/07\/CDS_piscine_005-format.jpg 1920w, https:\/\/www.lacroixdusud.fr\/wp-content\/uploads\/2022\/07\/CDS_piscine_005-format-300x200.jpg 300w, https:\/\/www.lacroixdusud.fr\/wp-content\/uploads\/2022\/07\/CDS_piscine_005-format-1024x683.jpg 1024w, https:\/\/www.lacroixdusud.fr\/wp-content\/uploads\/2022\/07\/CDS_piscine_005-format-768x512.jpg 768w, https:\/\/www.lacroixdusud.fr\/wp-content\/uploads\/2022\/07\/CDS_piscine_005-format-1536x1024.jpg 1536w\" sizes=\"(max-width: 1920px) 100vw, 1920px\" \/><div class=\"wp-block-cover__inner-container\">\n<h1 class=\"has-text-align-center has-white-color has-text-color\" id=\"les-partenaires-du-camping-a-barcares-la-croix-du-sud\">The partners of the Camping \u00e0 Barcar\u00e8s La Croix du sud<\/h1>\n<\/div><\/div>\n<\/div><\/section>\n\n<div class=\"wp-block-columns\">\n<div class=\"wp-block-column\">\n<div class=\"wp-container-69f09a6cc2974 wp-block-group partenaire\"><div class=\"wp-block-group__inner-container\">\n<h2 id=\"aqualand-le-barcares\">Aqualand Le Barcar\u00e8s<\/h2>\n\n\n\n<h3 id=\"parc-d-attraction-aquatique-10-min-du-barcares\">Aquatic theme park \/ 10 min from Le Barcar\u00e8s<\/h3>\n\n\n\n<p>A cascade of water attractions of all kinds for the whole family. Between Leucate and Le Barcar\u00e8s, Aqualand is a world of sensational water slides. You will also enjoy the huge wave pool in the park, with buoys, with several people or by yourself.<\/p>\n\n\n\n<div class=\"wp-container-69f09a6cc2652 wp-block-buttons\">\n<div class=\"wp-block-button\"><a class=\"wp-block-button__link\" href=\"https:\/\/www.aqualand.fr\/\" target=\"_blank\" rel=\"noreferrer noopener\">Aqualand<\/a><\/div>\n<\/div>\n<\/div><\/div>\n\n\n\n<div class=\"wp-container-69f09a6cc301e wp-block-group partenaire\"><div class=\"wp-block-group__inner-container\">\n<h2 id=\"reserve-africaine-de-sigean\">African Reserve of Sigean<\/h2>\n\n\n\n<h3 id=\"zoo-30-min-du-barcares\">Zoo \/ 30 min from Barcar\u00e8s<\/h3>\n\n\n\n<p>Unique in Europe! More than 3800 animals spread over 300 hectares of land. Only a few kilometers from the campsite, dare to go on safari in Languedoc Roussillon in a semi-natural animal park large enough for the animals to feel as if they were in freedom, almost in the wild.<\/p>\n\n\n\n<div class=\"wp-container-69f09a6cc2d26 wp-block-buttons\">\n<div class=\"wp-block-button\"><a class=\"wp-block-button__link\" href=\"https:\/\/www.reserveafricainesigean.fr\/\" target=\"_blank\" rel=\"noreferrer noopener\">African Reserve of Sigean<\/a><\/div>\n<\/div>\n<\/div><\/div>\n\n\n\n<div class=\"wp-container-69f09a6cc3396 wp-block-group partenaire\"><div class=\"wp-block-group__inner-container\">\n<h2 id=\"reserve-africaine-de-sigean\">The gorges of the Fou<\/h2>\n\n\n\n<h3 id=\"zoo-30-min-du-barcares\">Stroll \/ 1h from Barcar\u00e8s<\/h3>\n\n\n\n<p>The narrowest gorges in the world are in Arles sur Tech. Come and discover a unique and amazing geological case. Gigantic cliffs with red streaks shelter a suspended path hidden from all eyes. Rediscover the feeling of immensity as you walk along these marble limestone walls.<\/p>\n<\/div><\/div>\n\n\n\n<div class=\"wp-container-69f09a6cc3713 wp-block-group partenaire\"><div class=\"wp-block-group__inner-container\">\n<h2 id=\"reserve-africaine-de-sigean\">The Adventurers of St. John<\/h2>\n\n\n\n<h3 id=\"zoo-30-min-du-barcares\">Adventure course \/ 30 min from Barcar\u00e8s<\/h3>\n\n\n\n<p>Discover new sensations with the Aventuriers de St Jean tree courses. At the edge of the lake of St Jean Pla de Corts, acrobatic courses and tyroliennes will make you live an extraordinary adventure whatever your physical condition and whatever your age.<\/p>\n<\/div><\/div>\n\n\n\n<div class=\"wp-container-69f09a6cc3af7 wp-block-group partenaire\"><div class=\"wp-block-group__inner-container\">\n<h2 id=\"reserve-africaine-de-sigean\">Ski-Tow<\/h2>\n\n\n\n<h3 id=\"zoo-30-min-du-barcares\">Water sports \/ In Port Barcar\u00e8s<\/h3>\n\n\n\n<p>On the marine lake of Barcar\u00e8s offer you a moment of aerial glide. Water ski, wakeboard or kneeboard. From April to November, every day, the T\u00e9l\u00e9ski offers you initiation or hourly packages from 18 \u20ac. A unique activity in the region and strong sensations.<\/p>\n<\/div><\/div>\n\n\n\n<div class=\"wp-container-69f09a6cc3e9f wp-block-group partenaire\"><div class=\"wp-block-group__inner-container\">\n<h2 id=\"reserve-africaine-de-sigean\">UCPA<\/h2>\n\n\n\n<h3 id=\"zoo-30-min-du-barcares\">Sailing and windsurfing<\/h3>\n\n\n\n<p>Windsurf, catamaran, stand up, padle. A la carte courses, rentals, internships and sports stays. Open from 19\/04 to 31\/10<\/p>\n<\/div><\/div>\n<\/div>\n\n\n\n<div class=\"wp-block-column\">\n<div class=\"wp-container-69f09a6cc4577 wp-block-group partenaire\"><div class=\"wp-block-group__inner-container\">\n<h2 id=\"aqualand-le-barcares\">The Octopus<\/h2>\n\n\n\n<h3 id=\"parc-d-attraction-aquatique-10-min-du-barcares\">Diving center \/ In Barcar\u00e8s : Port St Ange<\/h3>\n\n\n\n<p>Close to the campsite, for an immersion in the beauty of the sea, to discover the depths and the populations of the deep. Jean-Marc Badie welcomes you for a young initiation, a first dive, an exploration or a training course in his diving center in Port St Ange de Barcar\u00e8s.<\/p>\n\n\n\n<div class=\"wp-container-69f09a6cc425d wp-block-buttons\">\n<div class=\"wp-block-button\"><a class=\"wp-block-button__link\" href=\"https:\/\/www.le-poulpe.com\/\" target=\"_blank\" rel=\"noreferrer noopener\">Le Poulpe diving center<\/a><\/div>\n<\/div>\n<\/div><\/div>\n\n\n\n<div class=\"wp-container-69f09a6cc4922 wp-block-group partenaire\"><div class=\"wp-block-group__inner-container\">\n<h2 id=\"aqualand-le-barcares\">South Rafting<\/h2>\n\n\n\n<h3 id=\"parc-d-attraction-aquatique-10-min-du-barcares\">White water sports \/ Axat in Aude<\/h3>\n\n\n\n<p>Sud Rafting offers you to discover the multiple facets of our department through nature and white water activities supervised by professionals. Canyoning, rafting, hydrospeed, hot-dog, via feratta, accrobranche&#8230;<\/p>\n<\/div><\/div>\n\n\n\n<div class=\"wp-container-69f09a6cc4cb6 wp-block-group partenaire\"><div class=\"wp-block-group__inner-container\">\n<h2 id=\"aqualand-le-barcares\">Pony\/horse ride : the colony<\/h2>\n\n\n\n<h3 id=\"parc-d-attraction-aquatique-10-min-du-barcares\">Equestrian center \/ In Barcar\u00e8s<\/h3>\n\n\n\n<p>The equestrian center &#8220;La Colonie&#8221; is open all year round. It offers riding lessons but also delicious pony or horse rides. During your stay at our campground, consider making an appointment for a half-hour, one-hour or two-hour horse or pony ride.<\/p>\n\n\n\n<p>To contact them : 06 12 47 06 77<\/p>\n<\/div><\/div>\n\n\n\n<div class=\"wp-container-69f09a6cc5384 wp-block-group partenaire\"><div class=\"wp-block-group__inner-container\">\n<h2 id=\"aqualand-le-barcares\">The Lydia<\/h2>\n\n\n\n<h3 id=\"parc-d-attraction-aquatique-10-min-du-barcares\">Casino \/ Au barcar\u00e8s<\/h3>\n\n\n\n<p>Stranded on the beach of Barcar\u00e8s for years, the boat Lydia was offered a second life with the installation not of a museum or a fish colony but of a luxurious Casino! Slot machines, Hold&#8217;em Poker, traditional games, restaurant and nightclub are installed in this converted liner.<\/p>\n\n\n\n<div class=\"wp-container-69f09a6cc508d wp-block-buttons\">\n<div class=\"wp-block-button\"><a class=\"wp-block-button__link\" href=\"http:\/\/histoireduroussillon.free.fr\/Thematiques\/Batiments\/Histoire\/Lydia.php\" target=\"_blank\" rel=\"noreferrer noopener\">A little history on the Lydia<\/a><\/div>\n<\/div>\n<\/div><\/div>\n\n\n\n<div class=\"wp-container-69f09a6cc5704 wp-block-group partenaire\"><div class=\"wp-block-group__inner-container\">\n<h2 id=\"aqualand-le-barcares\">Lunapark<\/h2>\n\n\n\n<h3 id=\"parc-d-attraction-aquatique-10-min-du-barcares\">Park of sensational rides \/ Au Barcar\u00e8s<\/h3>\n\n\n\n<p>Open from July 1st to August 31st, come and have fun every night from 9pm. The toon&#8217;s are waiting for you for special evenings, fireworks, surprises or half-price evenings on the rides. The showmen will give you their best welcome.<\/p>\n<\/div><\/div>\n\n\n\n<div class=\"wp-container-69f09a6cc5aba wp-block-group partenaire\"><div class=\"wp-block-group__inner-container\">\n<h2 id=\"aqualand-le-barcares\">Thalassol<\/h2>\n\n\n\n<h3 id=\"parc-d-attraction-aquatique-10-min-du-barcares\">Thalassotherapy \/ Au Barcar\u00e8s<\/h3>\n\n\n\n<p>To erase the dullness of everyday life, revitalize yourself, fill up with energy or resculpt your figure. The Thalassol thalassotherapy center offers several cures and formulas of 5 to 6 days for a complete program and total care.<\/p>\n<\/div><\/div>\n<\/div>\n<\/div>\n\n<div class=\"wp-container-69f09a6cc5e85 wp-block-buttons\">\n<div class=\"wp-block-button btn_resa\"><a class=\"wp-block-button__link\">Book my stay<\/a><\/div>\n\n\n\n<div class=\"wp-block-button\"><a class=\"wp-block-button__link\" href=\"https:\/\/www.lacroixdusud.fr\/en\/\">Back to the home page<\/a><\/div>\n<\/div>\n","protected":false},"excerpt":{"rendered":"<p>Aqualand Le Barcar\u00e8s Aquatic theme park \/ 10 min from Le Barcar\u00e8s A cascade of water attractions of all kinds for the whole family. Between Leucate and Le Barcar\u00e8s, Aqualand is a world of sensational water slides. You will also enjoy the huge wave pool in the park, with buoys, with several people or by [&hellip;]<\/p>\n","protected":false},"author":1,"featured_media":0,"parent":0,"menu_order":0,"comment_status":"closed","ping_status":"closed","template":"","meta":[],"acf":[],"_links":{"self":[{"href":"https:\/\/www.lacroixdusud.fr\/en\/wp-json\/wp\/v2\/pages\/2332"}],"collection":[{"href":"https:\/\/www.lacroixdusud.fr\/en\/wp-json\/wp\/v2\/pages"}],"about":[{"href":"https:\/\/www.lacroixdusud.fr\/en\/wp-json\/wp\/v2\/types\/page"}],"author":[{"embeddable":true,"href":"https:\/\/www.lacroixdusud.fr\/en\/wp-json\/wp\/v2\/users\/1"}],"replies":[{"embeddable":true,"href":"https:\/\/www.lacroixdusud.fr\/en\/wp-json\/wp\/v2\/comments?post=2332"}],"version-history":[{"count":3,"href":"https:\/\/www.lacroixdusud.fr\/en\/wp-json\/wp\/v2\/pages\/2332\/revisions"}],"predecessor-version":[{"id":2335,"href":"https:\/\/www.lacroixdusud.fr\/en\/wp-json\/wp\/v2\/pages\/2332\/revisions\/2335"}],"wp:attachment":[{"href":"https:\/\/www.lacroixdusud.fr\/en\/wp-json\/wp\/v2\/media?parent=2332"}],"curies":[{"name":"wp","href":"https:\/\/api.w.org\/{rel}","templated":true}]}}