{"id":2246,"date":"2022-10-13T16:32:11","date_gmt":"2022-10-13T14:32:11","guid":{"rendered":"https:\/\/www.lacroixdusud.fr\/inicio\/"},"modified":"2026-03-25T11:06:49","modified_gmt":"2026-03-25T10:06:49","slug":"inicio","status":"publish","type":"page","link":"https:\/\/www.lacroixdusud.fr\/es\/","title":{"rendered":". Inicio"},"content":{"rendered":"\n<section class=\"wp-container-69f20a41d0d88 wp-block-group a-00-a\"><div class=\"wp-block-group__inner-container\">\n<div class=\"wp-block-cover alignfull is-light\"><span aria-hidden=\"true\" class=\"has-background-dim-0 wp-block-cover__gradient-background has-background-dim\"><\/span><img loading=\"lazy\" width=\"1865\" height=\"955\" class=\"wp-block-cover__image-background wp-image-3027\" alt=\"\" src=\"https:\/\/www.lacroixdusud.fr\/wp-content\/uploads\/2022\/11\/parc_aquatique_HP.jpg\" style=\"object-position:70% 65%\" data-object-fit=\"cover\" data-object-position=\"70% 65%\" srcset=\"https:\/\/www.lacroixdusud.fr\/wp-content\/uploads\/2022\/11\/parc_aquatique_HP.jpg 1865w, https:\/\/www.lacroixdusud.fr\/wp-content\/uploads\/2022\/11\/parc_aquatique_HP-300x154.jpg 300w, https:\/\/www.lacroixdusud.fr\/wp-content\/uploads\/2022\/11\/parc_aquatique_HP-1024x524.jpg 1024w, https:\/\/www.lacroixdusud.fr\/wp-content\/uploads\/2022\/11\/parc_aquatique_HP-768x393.jpg 768w, https:\/\/www.lacroixdusud.fr\/wp-content\/uploads\/2022\/11\/parc_aquatique_HP-1536x787.jpg 1536w\" sizes=\"(max-width: 1865px) 100vw, 1865px\" \/><div class=\"wp-block-cover__inner-container\">\n<p class=\"has-text-align-center has-large-font-size\"><\/p>\n\n\n\n<div class=\"wp-container-69f20a41d0a28 wp-block-buttons\">\n<div class=\"wp-block-button btn_resa btn-header-home\"><a class=\"wp-block-button__link\"><i class=\"fas fa-arrow-right\"><\/i> \u00a1Voy a reservar!<\/a><\/div>\n<\/div>\n<\/div><\/div>\n<\/div><\/section>\n\n\n\n<section class=\"wp-container-69f20a41d15cb wp-block-group b-00-a\"><div class=\"wp-block-group__inner-container\">\n<div class=\"wp-block-columns\">\n<div class=\"wp-block-column\">\n<figure class=\"wp-block-gallery has-nested-images columns-default is-cropped fleur-top-right\">\n<figure class=\"wp-block-image size-large\"><img loading=\"lazy\" width=\"1024\" height=\"683\" src=\"https:\/\/www.lacroixdusud.fr\/wp-content\/uploads\/2022\/07\/suite-family-exterieur-1024x683.jpg\" alt=\"camping barcares mobil home\" class=\"wp-image-756\" srcset=\"https:\/\/www.lacroixdusud.fr\/wp-content\/uploads\/2022\/07\/suite-family-exterieur-1024x683.jpg 1024w, https:\/\/www.lacroixdusud.fr\/wp-content\/uploads\/2022\/07\/suite-family-exterieur-300x200.jpg 300w, https:\/\/www.lacroixdusud.fr\/wp-content\/uploads\/2022\/07\/suite-family-exterieur-768x512.jpg 768w, https:\/\/www.lacroixdusud.fr\/wp-content\/uploads\/2022\/07\/suite-family-exterieur.jpg 1200w\" sizes=\"(max-width: 1024px) 100vw, 1024px\" \/><\/figure>\n\n\n\n<figure class=\"wp-block-image size-large\"><img loading=\"lazy\" width=\"1024\" height=\"683\" src=\"https:\/\/www.lacroixdusud.fr\/wp-content\/uploads\/2022\/10\/1200x0_95_3_c_FFFFFF_2069c58be0e92050048df8d93022921e-1024x683.jpg\" alt=\"camping barcares parc aquatique\" class=\"wp-image-2158\" srcset=\"https:\/\/www.lacroixdusud.fr\/wp-content\/uploads\/2022\/10\/1200x0_95_3_c_FFFFFF_2069c58be0e92050048df8d93022921e-1024x683.jpg 1024w, https:\/\/www.lacroixdusud.fr\/wp-content\/uploads\/2022\/10\/1200x0_95_3_c_FFFFFF_2069c58be0e92050048df8d93022921e-300x200.jpg 300w, https:\/\/www.lacroixdusud.fr\/wp-content\/uploads\/2022\/10\/1200x0_95_3_c_FFFFFF_2069c58be0e92050048df8d93022921e-768x512.jpg 768w, https:\/\/www.lacroixdusud.fr\/wp-content\/uploads\/2022\/10\/1200x0_95_3_c_FFFFFF_2069c58be0e92050048df8d93022921e.jpg 1198w\" sizes=\"(max-width: 1024px) 100vw, 1024px\" \/><\/figure>\n<\/figure>\n<\/div>\n\n\n\n<div class=\"wp-block-column\">\n<h1 id=\"camping-a-barcares-entre-leucate-et-perpignan\">Camping en Barcar\u00e8s entre Leucate y Perpignan<\/h1>\n\n\n\n<p>\u00bfQuiere <strong>pasar unas vacaciones en los Pirineos Orientales<\/strong><strong>(66<\/strong>)? El <strong>camping de 4 estrellas \u00abLa Croix du Sud<\/strong> \u00bb de <a href=\"https:\/\/www.lacroixdusud.fr\/camping-barcares\/\" data-type=\"page\" data-id=\"1232\">Barcar\u00e8s<\/a> est\u00e1 idealmente situado junto al mar (a 800 m) y ofrece multitud de actividades de ocio y confort para toda la familia. Un breve resumen de sus futuras <strong>vacaciones de camping en Barcar\u00e8s, en la costa mediterr\u00e1nea, en los Pirineos Orientales<\/strong>&#8230;<\/p>\n\n\n\n<div class=\"wp-container-69f20a41d1262 wp-block-buttons\">\n<div class=\"wp-block-button btn_resa is-style-fill\"><a class=\"wp-block-button__link\">Disponibilidad<\/a><\/div>\n\n\n\n<div class=\"wp-block-button\"><a class=\"wp-block-button__link\" href=\"https:\/\/www.lacroixdusud.fr\/es\/casas-moviles\/\">Descubra nuestras casas m\u00f3viles<\/a><\/div>\n<\/div>\n<\/div>\n<\/div>\n<\/div><\/section>\n\n\n\n<section class=\"wp-container-69f20a41d2113 wp-block-group b-05-a\"><div class=\"wp-block-group__inner-container\">\n<div class=\"wp-block-columns reverse-mob\">\n<div class=\"wp-block-column\">\n<h2 id=\"sejournez-en-camping-4-etoiles-dans-les-pyrenees-orientales-66\">Estancia en un camping de 4 estrellas en los Pirineos Orientales (66)<\/h2>\n\n\n\n<p>Nuestro <strong>camping en Port-Barcar\u00e8s<\/strong> le acoge del <strong>6 de abril al 29 de septiembre de 2024<\/strong> en un marco encantador a <strong>800 m de la playa de Le Barcar\u00e8s<\/strong>. Ideal para disfrutar de unas vacaciones junto al mar en nuestro  <a href=\"https:\/\/www.lacroixdusud.fr\/les-plus-beaux-villages-des-pyrenees-orientales\/\" data-type=\"page\" data-id=\"1319\">Camping 4 estrellas Pirineos Orientales<\/a>  \u00a1! Adem\u00e1s, tendr\u00e1 acceso in situ al parque sombreado con sus avenidas floridas plantadas de pinos, palmeras y adelfas, el marco perfecto para un momento de placer cerca de la costa.  <a href=\"https:\/\/www.lacroixdusud.fr\/camping-cote-vermeille\/\" data-type=\"page\" data-id=\"1314\">Vermeille<\/a>.<\/p>\n\n\n\n<div class=\"wp-block-group lire-plus-mobile\"><div class=\"wp-block-group__inner-container\">\n<p>Seguir leyendo<\/p>\n\n\n\n<div class=\"wp-container-69f20a41d19e3 wp-block-group\"><div class=\"wp-block-group__inner-container\">\n<p>Nuestro <strong>camping de 4 estrellas Barcar\u00e8s <\/strong>le da la bienvenida para sus vacaciones en la costa mediterr\u00e1nea. Nuestro <strong>camping en Barcares<\/strong> ofrece <strong>alquileres de mobil-homes<\/strong> para todos los presupuestos: desde la gama Essential hasta la gama alta Tropical Luxe.  <\/p>\n\n\n\n<p>Tambi\u00e9n ofrecemos <strong>parcelas<\/strong> para <strong>tiendas<\/strong>, <strong>caravanas<\/strong> o <strong>autocaravanas<\/strong>. No olvide consultar <a href=\"http:\/\/offres-speciales\/\" data-type=\"URL\" data-id=\"offres-speciales\/\"><strong>nuestras promociones y ofertas de<\/strong> <strong>larga estancia<\/strong>.<\/a> Para m\u00e1s informaci\u00f3n sobre nuestros diferentes tipos de alojamiento y las gamas disponibles, visite la p\u00e1gina de <a href=\"https:\/\/www.lacroixdusud.fr\/es\/casas-moviles\/\">alquiler de mobil-homes Pyr\u00e9n\u00e9es Orientales<\/a> o la p\u00e1gina dedicada a las <a href=\"https:\/\/www.lacroixdusud.fr\/es\/ubicaciones\/\" data-type=\"page\" data-id=\"540\">parcelas de caravaning<\/a>.<\/p>\n<\/div><\/div>\n<\/div><\/div>\n\n\n\n<div class=\"wp-container-69f20a41d1d6f wp-block-buttons\">\n<div class=\"wp-block-button\"><a class=\"wp-block-button__link\" href=\"https:\/\/www.lacroixdusud.fr\/es\/ubicaciones\/\">Ver nuestras ubicaciones<\/a><\/div>\n<\/div>\n<\/div>\n\n\n\n<div class=\"wp-block-column\">\n<figure class=\"wp-block-image size-large feuille-top-right coquillage1-bottom-right\"><img loading=\"lazy\" width=\"1024\" height=\"768\" src=\"https:\/\/www.lacroixdusud.fr\/wp-content\/uploads\/2022\/10\/IMG_20220930_104825-min-1024x768.jpg\" alt=\"alquiler mobil home camping barcares\" class=\"wp-image-2655\" srcset=\"https:\/\/www.lacroixdusud.fr\/wp-content\/uploads\/2022\/10\/IMG_20220930_104825-min-1024x768.jpg 1024w, https:\/\/www.lacroixdusud.fr\/wp-content\/uploads\/2022\/10\/IMG_20220930_104825-min-300x225.jpg 300w, https:\/\/www.lacroixdusud.fr\/wp-content\/uploads\/2022\/10\/IMG_20220930_104825-min-768x576.jpg 768w, https:\/\/www.lacroixdusud.fr\/wp-content\/uploads\/2022\/10\/IMG_20220930_104825-min-1536x1152.jpg 1536w, https:\/\/www.lacroixdusud.fr\/wp-content\/uploads\/2022\/10\/IMG_20220930_104825-min-2048x1536.jpg 2048w\" sizes=\"(max-width: 1024px) 100vw, 1024px\" \/><\/figure>\n<\/div>\n<\/div>\n<\/div><\/section>\n\n\n\n<section class=\"wp-container-69f20a41d3020 wp-block-group b-10-a\"><div class=\"wp-block-group__inner-container\">\n<div class=\"wp-block-columns\">\n<div class=\"wp-block-column\">\n<figure class=\"wp-block-gallery has-nested-images columns-default is-cropped diaporama-mob\">\n<figure class=\"wp-block-image size-full\"><img loading=\"lazy\" width=\"569\" height=\"800\" src=\"https:\/\/www.lacroixdusud.fr\/wp-content\/uploads\/2022\/07\/CDS_piscine_001_format.jpg\" alt=\"piscina infantil camping barcares con piscina\" class=\"wp-image-887\" srcset=\"https:\/\/www.lacroixdusud.fr\/wp-content\/uploads\/2022\/07\/CDS_piscine_001_format.jpg 569w, https:\/\/www.lacroixdusud.fr\/wp-content\/uploads\/2022\/07\/CDS_piscine_001_format-213x300.jpg 213w\" sizes=\"(max-width: 569px) 100vw, 569px\" \/><\/figure>\n\n\n\n<figure class=\"wp-block-image size-large\"><img loading=\"lazy\" width=\"1024\" height=\"683\" src=\"https:\/\/www.lacroixdusud.fr\/wp-content\/uploads\/2022\/07\/CDS_piscine_007-1024x683.jpg\" alt=\"tobog\u00e1n camping barcares parque acu\u00e1tico\" class=\"wp-image-645\" srcset=\"https:\/\/www.lacroixdusud.fr\/wp-content\/uploads\/2022\/07\/CDS_piscine_007-1024x683.jpg 1024w, https:\/\/www.lacroixdusud.fr\/wp-content\/uploads\/2022\/07\/CDS_piscine_007-300x200.jpg 300w, https:\/\/www.lacroixdusud.fr\/wp-content\/uploads\/2022\/07\/CDS_piscine_007-768x512.jpg 768w, https:\/\/www.lacroixdusud.fr\/wp-content\/uploads\/2022\/07\/CDS_piscine_007.jpg 1200w\" sizes=\"(max-width: 1024px) 100vw, 1024px\" \/><\/figure>\n\n\n\n<figure class=\"wp-block-image size-large\"><img loading=\"lazy\" width=\"1024\" height=\"683\" src=\"https:\/\/www.lacroixdusud.fr\/wp-content\/uploads\/2022\/07\/piscine03-1024x683.jpg\" alt=\"piscina camping barcares\" class=\"wp-image-648\" srcset=\"https:\/\/www.lacroixdusud.fr\/wp-content\/uploads\/2022\/07\/piscine03-1024x683.jpg 1024w, https:\/\/www.lacroixdusud.fr\/wp-content\/uploads\/2022\/07\/piscine03-300x200.jpg 300w, https:\/\/www.lacroixdusud.fr\/wp-content\/uploads\/2022\/07\/piscine03-768x512.jpg 768w, https:\/\/www.lacroixdusud.fr\/wp-content\/uploads\/2022\/07\/piscine03.jpg 1200w\" sizes=\"(max-width: 1024px) 100vw, 1024px\" \/><\/figure>\n<\/figure>\n\n\n\n<div style=\"height:44px\" aria-hidden=\"true\" class=\"wp-block-spacer\"><\/div>\n\n\n\n<div class=\"wp-container-69f20a41d2581 wp-block-buttons\">\n<div class=\"wp-block-button\"><a class=\"wp-block-button__link\" href=\"https:\/\/www.lacroixdusud.fr\/es\/galeria-de-medios\/\">Galer\u00eda de fotos<\/a><\/div>\n<\/div>\n<\/div>\n\n\n\n<div class=\"wp-block-column\">\n<h2 id=\"se-detendre-et-s-amuser-dans-un-camping-a-barcares-avec-piscine\">Rel\u00e1jese y divi\u00e9rtase en un camping en Barcar\u00e8s con piscina<\/h2>\n\n\n\n<p>\u00bfQuiere disfrutar de la nataci\u00f3n durante su estancia? Para ello, dir\u00edgete a la piscina de nuestro nuevo  <strong>zona acu\u00e1tica climatizada con tobog\u00e1n y piscina infantil<\/strong>o junto al mar,  <strong>a s\u00f3lo 800 m de la playa<\/strong>&#8230; Cuando no est\u00e9 disfrutando del mar Mediterr\u00e1neo a unos cientos de metros, el  <strong>piscina climatizada del camping  <\/strong>tambi\u00e9n ofrecer\u00e1 a los veraneantes un lugar para relajarse. Con su gran piscina y su piscina infantil para los m\u00e1s peque\u00f1os, hay una <strong>zona de agua<\/strong> y juego para todos.<\/p>\n\n\n\n<div class=\"wp-block-group lire-plus-mobile\"><div class=\"wp-block-group__inner-container\">\n<p>Seguir leyendo<\/p>\n\n\n\n<div class=\"wp-container-69f20a41d2951 wp-block-group\"><div class=\"wp-block-group__inner-container\">\n<p>Y para completar nuestros servicios e instalaciones de ocio, el camping tambi\u00e9n cuenta con una <strong>nueva zona de bienestar<\/strong> desde 2019, que incluye un <strong>spa sauna\/hammam<\/strong>, una ducha sensorial, una fuente de hielo y una mesa de hidromasaje. Adem\u00e1s, todos los d\u00edas, se le ofrecer\u00e1 un <strong>despertar acu\u00e1tico <\/strong>supervisado por un experimentado l\u00edder deportivo. La oportunidad perfecta para desahogarse y divertirse. Para saber m\u00e1s, descubra nuestra piscina en la p\u00e1gina del <a href=\"https:\/\/www.lacroixdusud.fr\/es\/zona-acuatica\/\" data-type=\"page\" data-id=\"542\">camping Pyr\u00e9n\u00e9es Orientales con parque acu\u00e1tico<\/a>.<\/p>\n<\/div><\/div>\n<\/div><\/div>\n\n\n\n<div class=\"wp-container-69f20a41d2cd2 wp-block-buttons\">\n<div class=\"wp-block-button\"><a class=\"wp-block-button__link\" href=\"https:\/\/www.lacroixdusud.fr\/es\/zona-acuatica\/\">Ver la zona acu\u00e1tica<\/a><\/div>\n<\/div>\n<\/div>\n<\/div>\n<\/div><\/section>\n\n\n\n<section class=\"wp-container-69f20a41d3831 wp-block-group b-15-a\"><div class=\"wp-block-group__inner-container\">\n<div class=\"wp-block-columns are-vertically-aligned-center\">\n<div class=\"wp-block-column is-vertically-aligned-center\">\n<h3 class=\"titre\" id=\"les-activites-et-animations-au-camping-a-port-barcares\">Animaci\u00f3n nocturna en nuestro camping de Port-Barcar\u00e8s<\/h3>\n\n\n\n<p>Aproveche las actividades del camping, con numerosas animaciones en temporada. Los ni\u00f1os pueden divertirse en el parque infantil y en el club infantil, con una amplia gama de actividades para ni\u00f1os a partir de 6 a\u00f1os.  <\/p>\n\n\n\n<p>El d\u00eda es ajetreado, pero las noches no son menos animadas. Bajo el cielo estrellado, <strong>un mundo de veladas m\u00e1gicas<\/strong> donde se alternan fiestas salvajes y espect\u00e1culos de ensue\u00f1o para deleite de toda la familia. \u00a1Descubra todas las <a href=\"https:\/\/www.lacroixdusud.fr\/es\/actividades\/\" data-type=\"page\" data-id=\"544\">actividades del camping Barcares<\/a>!<\/p>\n\n\n\n<p>Desde el camping, tambi\u00e9n podr\u00e1 acceder a toda la <a href=\"https:\/\/www.lacroixdusud.fr\/es\/animaciones-barcares\/\" data-type=\"page\" data-id=\"1323\">oferta de ocio de la ciudad<\/a>: mercados agr\u00edcolas, ferias, fuegos artificiales y el famoso <a href=\"https:\/\/www.lacroixdusud.fr\/electrobeach-barcares\/\" data-type=\"page\" data-id=\"1285\">festival Electrobeach<\/a> o el <a href=\"https:\/\/www.lacroixdusud.fr\/les-deferlantes-barcares\/\" data-type=\"page\" data-id=\"4052\">festival D\u00e9ferlantes<\/a>.  <\/p>\n\n\n\n<div class=\"wp-container-69f20a41d343e wp-block-buttons\">\n<div class=\"wp-block-button\"><a class=\"wp-block-button__link\" href=\"https:\/\/www.lacroixdusud.fr\/es\/actividades\/\">Descubra las actividades del camping<\/a><\/div>\n<\/div>\n<\/div>\n\n\n\n<div class=\"wp-block-column is-vertically-aligned-center\">\n<figure class=\"wp-block-gallery has-nested-images columns-1 is-cropped\">\n<figure class=\"wp-block-image size-large\"><img loading=\"lazy\" width=\"1024\" height=\"683\" src=\"https:\/\/www.lacroixdusud.fr\/wp-content\/uploads\/2022\/10\/292826068_565349948400718_4816239169746463013_n-1024x683.jpg\" alt=\"animaci\u00f3n camping barcares\" class=\"wp-image-2658\" srcset=\"https:\/\/www.lacroixdusud.fr\/wp-content\/uploads\/2022\/10\/292826068_565349948400718_4816239169746463013_n-1024x683.jpg 1024w, https:\/\/www.lacroixdusud.fr\/wp-content\/uploads\/2022\/10\/292826068_565349948400718_4816239169746463013_n-300x200.jpg 300w, https:\/\/www.lacroixdusud.fr\/wp-content\/uploads\/2022\/10\/292826068_565349948400718_4816239169746463013_n-768x512.jpg 768w, https:\/\/www.lacroixdusud.fr\/wp-content\/uploads\/2022\/10\/292826068_565349948400718_4816239169746463013_n-1536x1024.jpg 1536w, https:\/\/www.lacroixdusud.fr\/wp-content\/uploads\/2022\/10\/292826068_565349948400718_4816239169746463013_n.jpg 2048w\" sizes=\"(max-width: 1024px) 100vw, 1024px\" \/><\/figure>\n\n\n\n<figure class=\"wp-block-image size-large\"><img loading=\"lazy\" width=\"1024\" height=\"768\" src=\"https:\/\/www.lacroixdusud.fr\/wp-content\/uploads\/2022\/10\/294836529_10159902350663610_299537304779815175_n-1024x768.jpg\" alt=\"camping barcares entretenimiento\" class=\"wp-image-2661\" srcset=\"https:\/\/www.lacroixdusud.fr\/wp-content\/uploads\/2022\/10\/294836529_10159902350663610_299537304779815175_n-1024x768.jpg 1024w, https:\/\/www.lacroixdusud.fr\/wp-content\/uploads\/2022\/10\/294836529_10159902350663610_299537304779815175_n-300x225.jpg 300w, https:\/\/www.lacroixdusud.fr\/wp-content\/uploads\/2022\/10\/294836529_10159902350663610_299537304779815175_n-768x576.jpg 768w, https:\/\/www.lacroixdusud.fr\/wp-content\/uploads\/2022\/10\/294836529_10159902350663610_299537304779815175_n-1536x1152.jpg 1536w, https:\/\/www.lacroixdusud.fr\/wp-content\/uploads\/2022\/10\/294836529_10159902350663610_299537304779815175_n.jpg 2048w\" sizes=\"(max-width: 1024px) 100vw, 1024px\" \/><\/figure>\n<\/figure>\n<\/div>\n<\/div>\n<\/div><\/section>\n\n\n\n<div class=\"wp-container-69f20a41d43e1 wp-block-group b-20-a\"><div class=\"wp-block-group__inner-container\">\n<div class=\"wp-block-columns are-vertically-aligned-top reverse-mob\">\n<div class=\"wp-block-column is-vertically-aligned-top\">\n<figure class=\"wp-block-image size-large\"><img loading=\"lazy\" width=\"1024\" height=\"683\" src=\"https:\/\/www.lacroixdusud.fr\/wp-content\/uploads\/2022\/07\/coilloure01-1024x683.jpg\" alt=\"camping Pyr\u00e9n\u00e9es orientales\" class=\"wp-image-1383\" srcset=\"https:\/\/www.lacroixdusud.fr\/wp-content\/uploads\/2022\/07\/coilloure01-1024x683.jpg 1024w, https:\/\/www.lacroixdusud.fr\/wp-content\/uploads\/2022\/07\/coilloure01-300x200.jpg 300w, https:\/\/www.lacroixdusud.fr\/wp-content\/uploads\/2022\/07\/coilloure01-768x512.jpg 768w, https:\/\/www.lacroixdusud.fr\/wp-content\/uploads\/2022\/07\/coilloure01-1536x1024.jpg 1536w, https:\/\/www.lacroixdusud.fr\/wp-content\/uploads\/2022\/07\/coilloure01.jpg 1920w\" sizes=\"(max-width: 1024px) 100vw, 1024px\" \/><\/figure>\n<\/div>\n\n\n\n<div class=\"wp-block-column is-vertically-aligned-top\">\n<h2 id=\"camping-barcares-visitez-les-alentours-et-la-region\">Camping Barcares: visite los alrededores y la regi\u00f3n<\/h2>\n\n\n\n<p>Los <a href=\"https:\/\/www.lacroixdusud.fr\/es\/en-los-alrededores\/\" data-type=\"URL\" data-id=\"https:\/\/www.lacroixdusud.fr\/tourisme-pyrenees-orientales\/\">Pirineos Orientales<\/a>, situados entre el mar Mediterr\u00e1neo y la monta\u00f1a, poseen una gran riqueza natural. Una estancia en la regi\u00f3n, y m\u00e1s concretamente <strong>en Le Barcar\u00e8s<\/strong>, le ofrece numerosos y maravillosos paseos y excursiones.<\/p>\n\n\n\n<div class=\"wp-block-group lire-plus-mobile\"><div class=\"wp-block-group__inner-container\">\n<p>Seguir leyendo<\/p>\n\n\n\n<div class=\"wp-container-69f20a41d3c8d wp-block-group\"><div class=\"wp-block-group__inner-container\">\n<p>El camping est\u00e1 situado no muy lejos de <strong>Port Leucate<\/strong>, <a href=\"https:\/\/www.lacroixdusud.fr\/camping-perpignan\/\">Perpignan<\/a> y muchas otras ciudades y pueblos que merecen una visita. Dependiendo de lo que quiera hacer, puede visitar la cercana <strong>Salses-le-Chateau<\/strong> y sumergirse en la historia, <strong>Canet-en-Roussillon<\/strong>, <strong>Saint-Cyprien<\/strong> o <strong>Collioure<\/strong> y su fortaleza real, pero tambi\u00e9n el Canal du Midi, etc. Esto tambi\u00e9n har\u00e1 las delicias de los veraneantes que buscan historia, patrimonio local y todo tipo de descubrimientos. <\/p>\n\n\n\n<p>Adem\u00e1s, hay muchas actividades en los alrededores para descubrir la regi\u00f3n <strong> durante sus vacaciones de camping<\/strong>: el  <em>Mercados de Port Barcares<\/em>, actividades n\u00e1uticas, visita de castillos y de uno de los mayores vi\u00f1edos<em> de Languedoc-Rosell\u00f3n<\/em>, descubrimiento del <strong>pa\u00eds catal\u00e1n<\/strong> y de sus pueblos, del departamento de<strong>Aude<\/strong>&#8230; M\u00e1s informaci\u00f3n sobre las diversas <a href=\"https:\/\/www.lacroixdusud.fr\/a-voir-a-faire-proche-camping-barcares\/\">visitas en torno al camping de Barcar\u00e8s<\/a> que no se puede perder.<\/p>\n<\/div><\/div>\n<\/div><\/div>\n\n\n\n<div class=\"wp-block-group encart-information\"><div class=\"wp-block-group__inner-container\">\n<blockquote class=\"wp-block-quote\"><p>Estamos seguros de que tendr\u00e1 una maravillosa estancia en nuestro camping en Barcares &#8230;<\/p><\/blockquote>\n<\/div><\/div>\n\n\n\n<p>Mientras tanto, toda la informaci\u00f3n que necesita para preparar su estancia en un <strong>camping en Port-Barcar\u00e8s<\/strong> se encuentra aqu\u00ed, accesible en unos pocos clics. No obstante, si desea m\u00e1s informaci\u00f3n, no dude en ponerse en contacto con nosotros, estaremos encantados de responder a sus preguntas. Respuesta r\u00e1pida garantizada.<\/p>\n\n\n\n<div class=\"wp-container-69f20a41d4079 wp-block-buttons\">\n<div class=\"wp-block-button\"><a class=\"wp-block-button__link\" href=\"https:\/\/www.lacroixdusud.fr\/es\/en-los-alrededores\/\">\u00bfQu\u00e9 hacer en los alrededores del camping?<\/a><\/div>\n<\/div>\n<\/div>\n<\/div>\n<\/div><\/div>\n\n\n\n<p><\/p>\n","protected":false},"excerpt":{"rendered":"<p>Camping en Barcar\u00e8s entre Leucate y Perpignan \u00bfQuiere pasar unas vacaciones en los Pirineos Orientales(66)? El camping de 4 estrellas \u00abLa Croix du Sud \u00bb de Barcar\u00e8s est\u00e1 idealmente situado junto al mar (a 800 m) y ofrece multitud de actividades de ocio y confort para toda la familia. Un breve resumen de sus futuras [&hellip;]<\/p>\n","protected":false},"author":1,"featured_media":882,"parent":0,"menu_order":0,"comment_status":"closed","ping_status":"closed","template":"","meta":[],"acf":[],"_links":{"self":[{"href":"https:\/\/www.lacroixdusud.fr\/es\/wp-json\/wp\/v2\/pages\/2246"}],"collection":[{"href":"https:\/\/www.lacroixdusud.fr\/es\/wp-json\/wp\/v2\/pages"}],"about":[{"href":"https:\/\/www.lacroixdusud.fr\/es\/wp-json\/wp\/v2\/types\/page"}],"author":[{"embeddable":true,"href":"https:\/\/www.lacroixdusud.fr\/es\/wp-json\/wp\/v2\/users\/1"}],"replies":[{"embeddable":true,"href":"https:\/\/www.lacroixdusud.fr\/es\/wp-json\/wp\/v2\/comments?post=2246"}],"version-history":[{"count":6,"href":"https:\/\/www.lacroixdusud.fr\/es\/wp-json\/wp\/v2\/pages\/2246\/revisions"}],"predecessor-version":[{"id":7657,"href":"https:\/\/www.lacroixdusud.fr\/es\/wp-json\/wp\/v2\/pages\/2246\/revisions\/7657"}],"wp:featuredmedia":[{"embeddable":true,"href":"https:\/\/www.lacroixdusud.fr\/es\/wp-json\/wp\/v2\/media\/882"}],"wp:attachment":[{"href":"https:\/\/www.lacroixdusud.fr\/es\/wp-json\/wp\/v2\/media?parent=2246"}],"curies":[{"name":"wp","href":"https:\/\/api.w.org\/{rel}","templated":true}]}}