{"id":2252,"date":"2022-10-13T16:32:38","date_gmt":"2022-10-13T14:32:38","guid":{"rendered":"https:\/\/www.lacroixdusud.fr\/actividades\/"},"modified":"2022-10-28T15:19:08","modified_gmt":"2022-10-28T13:19:08","slug":"actividades","status":"publish","type":"page","link":"https:\/\/www.lacroixdusud.fr\/es\/actividades\/","title":{"rendered":"Actividades"},"content":{"rendered":"\n<section class=\"wp-container-69f0c8a8d4a3d wp-block-group a-00-a\"><div class=\"wp-block-group__inner-container\">\n<div class=\"wp-block-cover alignfull\"><span aria-hidden=\"true\" class=\"has-bleu-background-color has-background-dim-0 wp-block-cover__gradient-background has-background-dim\"><\/span><img loading=\"lazy\" width=\"1500\" height=\"1001\" class=\"wp-block-cover__image-background wp-image-673\" alt=\"\" src=\"https:\/\/www.lacroixdusud.fr\/wp-content\/uploads\/2022\/07\/animations-soirees-10.jpg\" style=\"object-position:56% 39%\" data-object-fit=\"cover\" data-object-position=\"56% 39%\" srcset=\"https:\/\/www.lacroixdusud.fr\/wp-content\/uploads\/2022\/07\/animations-soirees-10.jpg 1500w, https:\/\/www.lacroixdusud.fr\/wp-content\/uploads\/2022\/07\/animations-soirees-10-300x200.jpg 300w, https:\/\/www.lacroixdusud.fr\/wp-content\/uploads\/2022\/07\/animations-soirees-10-1024x683.jpg 1024w, https:\/\/www.lacroixdusud.fr\/wp-content\/uploads\/2022\/07\/animations-soirees-10-768x513.jpg 768w\" sizes=\"(max-width: 1500px) 100vw, 1500px\" \/><div class=\"wp-block-cover__inner-container\">\n<p class=\"has-text-align-center has-large-font-size\"><\/p>\n<\/div><\/div>\n\n\n\n<div class=\"wp-container-69f0c8a8d46de wp-block-group intro\"><div class=\"wp-block-group__inner-container\">\n<h1 class=\"has-text-align-left\" id=\"camping-a-barcares-avec-animations\">Camping en Barcar\u00e8s con animaci\u00f3n<\/h1>\n\n\n\n<p>Durante el d\u00eda y la noche, nuestro <strong>camping de Barcar\u00e8s<\/strong> ofrece una multitud de actividades para todos los gustos y deseos.<\/p>\n<\/div><\/div>\n<\/div><\/section>\n\n\n\n<section class=\"wp-container-69f0c8a8d5283 wp-block-group b-15-b\"><div class=\"wp-block-group__inner-container\">\n<div class=\"wp-block-columns are-vertically-aligned-center\">\n<div class=\"wp-block-column is-vertically-aligned-center\">\n<figure class=\"wp-block-gallery has-nested-images columns-1 is-cropped papito-gauche\">\n<figure class=\"wp-block-image size-large\"><img loading=\"lazy\" width=\"1024\" height=\"681\" src=\"https:\/\/www.lacroixdusud.fr\/wp-content\/uploads\/2022\/07\/Club-enfants-01-1024x681.jpg\" alt=\"\" class=\"wp-image-1016\" srcset=\"https:\/\/www.lacroixdusud.fr\/wp-content\/uploads\/2022\/07\/Club-enfants-01-1024x681.jpg 1024w, https:\/\/www.lacroixdusud.fr\/wp-content\/uploads\/2022\/07\/Club-enfants-01-300x200.jpg 300w, https:\/\/www.lacroixdusud.fr\/wp-content\/uploads\/2022\/07\/Club-enfants-01-768x511.jpg 768w, https:\/\/www.lacroixdusud.fr\/wp-content\/uploads\/2022\/07\/Club-enfants-01.jpg 1500w\" sizes=\"(max-width: 1024px) 100vw, 1024px\" \/><\/figure>\n\n\n\n<figure class=\"wp-block-image size-large\"><img loading=\"lazy\" width=\"1024\" height=\"685\" src=\"https:\/\/www.lacroixdusud.fr\/wp-content\/uploads\/2022\/07\/animations-enfants-01-1024x685.jpg\" alt=\"\" class=\"wp-image-1019\" srcset=\"https:\/\/www.lacroixdusud.fr\/wp-content\/uploads\/2022\/07\/animations-enfants-01-1024x685.jpg 1024w, https:\/\/www.lacroixdusud.fr\/wp-content\/uploads\/2022\/07\/animations-enfants-01-300x201.jpg 300w, https:\/\/www.lacroixdusud.fr\/wp-content\/uploads\/2022\/07\/animations-enfants-01-768x514.jpg 768w, https:\/\/www.lacroixdusud.fr\/wp-content\/uploads\/2022\/07\/animations-enfants-01.jpg 1500w\" sizes=\"(max-width: 1024px) 100vw, 1024px\" \/><\/figure>\n<\/figure>\n<\/div>\n\n\n\n<div class=\"wp-block-column is-vertically-aligned-center\">\n<h3 class=\"titre\" id=\"camping-barcares-le-club-enfant\">Camping Barcares: el club de los ni\u00f1os<\/h3>\n\n\n\n<p>El club infantil de <strong>La Croix du<\/strong> Sud ofrece una amplia gama de <strong>actividades<\/strong> para <strong>todas las<\/strong><strong> edades <\/strong>.<br>Cada semana, una tarde est\u00e1 reservada a los ni\u00f1os. Esta velada est\u00e1 especialmente reservada a los m\u00e1s peque\u00f1os, que presentan su <strong>espect\u00e1culo de miniclub<\/strong>. Seguro que aplaudir\u00e1 a nuestros artistas, pero tambi\u00e9n <strong>el ambiente acogedor<\/strong> y la simple felicidad de un momento festivo juntos.<\/p>\n\n\n\n<p>Adem\u00e1s, los ni\u00f1os tambi\u00e9n tendr\u00e1n la oportunidad de divertirse en el<strong>parque infantil<\/strong>, que atraer\u00e1 a peque\u00f1os y mayores.<\/p>\n\n\n\n<p><strong>En Le Barcar\u00e8s, las fiestas tienen ritmo tanto de d\u00eda como de noche.<\/strong><\/p>\n\n\n\n<div class=\"wp-container-69f0c8a8d4f34 wp-block-buttons\">\n<div class=\"wp-block-button\"><a class=\"wp-block-button__link\" href=\"https:\/\/www.lacroixdusud.fr\/es\/zona-acuatica\/\">Descubra el parque acu\u00e1tico<\/a><\/div>\n\n\n\n<div class=\"wp-block-button btn_resa\"><a class=\"wp-block-button__link\">Libro<\/a><\/div>\n<\/div>\n<\/div>\n<\/div>\n<\/div><\/section>\n\n\n\n<section class=\"wp-container-69f0c8a8d56f7 wp-block-group b-25-b\"><div class=\"wp-block-group__inner-container\">\n<div class=\"wp-block-columns\">\n<div class=\"wp-block-column\">\n<h2 id=\"les-animations-en-journee-pour-votre-sejour-au-camping-a-barcares\">Animaci\u00f3n diurna para su estancia en el camping de Barcar\u00e8s<\/h2>\n\n\n\n<p>En el <a href=\"https:\/\/www.lacroixdusud.fr\/es\/\" data-type=\"page\" data-id=\"5\">camping de 4 estrellas de Barcar\u00e8s<\/a> La Croix du Sud, el d\u00eda es propicio para todo tipo de <strong>actividades deportivas<\/strong>. \u00a1As\u00ed que vamos a pasar un d\u00eda lleno de energ\u00eda! Actividades matutinas programadas en el camping:<\/p>\n\n\n\n<ul class=\"pictos_2\"><li><i class=\"far fa-person-running\"><\/i>  Despu\u00e9s del desayuno, a partir de las 10 de la ma\u00f1ana, se ofrecen sesiones de footing y estiramientos para empezar.<\/li><li><i class=\"far fa-water-ladder\"><\/i>  A las 11:00 horas, es el momento de despertar a los que prefieren disfrutar de la nataci\u00f3n en la zona acu\u00e1tica.<\/li><\/ul>\n\n\n\n<p>Por la tarde, puede elegir entre las siguientes actividades deportivas<\/p>\n\n\n\n<ul class=\"pictos_2\"><li><i class=\"far fa-basketball\"><\/i>  Torneos deportivos (balonmano, voleibol, f\u00fatbol, baloncesto)<\/li><li><i class=\"far fa-water\"><\/i>  Juegos en la piscina (waterpolo, superball) organizados por el camping&#8230;<\/li><li><i class=\"far fa-ball-pile\"><\/i>  Torneos de petanca.<\/li><li><i class=\"far fa-tree-palm\"><\/i>  Una de las actividades que se ofrecen fuera del camping (cargo adicional)<\/li><\/ul>\n<\/div>\n\n\n\n<div class=\"wp-block-column\">\n<figure class=\"wp-block-image size-large coquillage1-bottom-left\"><img loading=\"lazy\" width=\"1024\" height=\"683\" src=\"https:\/\/www.lacroixdusud.fr\/wp-content\/uploads\/2022\/07\/espace-aquatique-croix-du-sud-07-1024x683.jpg\" alt=\"\" class=\"wp-image-937\" srcset=\"https:\/\/www.lacroixdusud.fr\/wp-content\/uploads\/2022\/07\/espace-aquatique-croix-du-sud-07-1024x683.jpg 1024w, https:\/\/www.lacroixdusud.fr\/wp-content\/uploads\/2022\/07\/espace-aquatique-croix-du-sud-07-300x200.jpg 300w, https:\/\/www.lacroixdusud.fr\/wp-content\/uploads\/2022\/07\/espace-aquatique-croix-du-sud-07-768x513.jpg 768w, https:\/\/www.lacroixdusud.fr\/wp-content\/uploads\/2022\/07\/espace-aquatique-croix-du-sud-07.jpg 1500w\" sizes=\"(max-width: 1024px) 100vw, 1024px\" \/><\/figure>\n<\/div>\n<\/div>\n<\/div><\/section>\n\n\n\n<div class=\"wp-block-group encart-information\"><div class=\"wp-block-group__inner-container\">\n<p class=\"has-text-align-center\">Adem\u00e1s: <strong>rafting<\/strong>, <strong>paseos a caballo<\/strong>, pero tambi\u00e9n <strong>karting<\/strong> u otras actividades bajo reserva. Para m\u00e1s informaci\u00f3n, pregunte en la recepci\u00f3n del camping.<\/p>\n<\/div><\/div>\n\n\n\n<div class=\"wp-container-69f0c8a8d5f08 wp-block-group b-20-b\"><div class=\"wp-block-group__inner-container\">\n<div class=\"wp-block-columns are-vertically-aligned-center reverse-mob\">\n<div class=\"wp-block-column is-vertically-aligned-top\">\n<figure class=\"wp-block-image size-large fleur-top-right\"><img loading=\"lazy\" width=\"1024\" height=\"683\" src=\"https:\/\/www.lacroixdusud.fr\/wp-content\/uploads\/2022\/07\/animations-soirees-04-1024x683.jpg\" alt=\"\" class=\"wp-image-967\" srcset=\"https:\/\/www.lacroixdusud.fr\/wp-content\/uploads\/2022\/07\/animations-soirees-04-1024x683.jpg 1024w, https:\/\/www.lacroixdusud.fr\/wp-content\/uploads\/2022\/07\/animations-soirees-04-300x200.jpg 300w, https:\/\/www.lacroixdusud.fr\/wp-content\/uploads\/2022\/07\/animations-soirees-04-768x513.jpg 768w, https:\/\/www.lacroixdusud.fr\/wp-content\/uploads\/2022\/07\/animations-soirees-04.jpg 1500w\" sizes=\"(max-width: 1024px) 100vw, 1024px\" \/><\/figure>\n<\/div>\n\n\n\n<div class=\"wp-block-column is-vertically-aligned-top\">\n<h2 id=\"les-animations-du-soir-de-notre-camping-au-barcares\">Animaci\u00f3n nocturna en nuestro camping de Barcares<\/h2>\n\n\n\n<p>Al atardecer, bajo el cielo estrellado de Le <strong>Barcar\u00e8s<\/strong> (66), cuando cae la noche, el brillo del <strong>camping La Croix du<\/strong> Sud resplandece con mil luces. La jornada de ocio y actividades deportivas da paso por la noche a un <strong>mundo encantador<\/strong>.<\/p>\n\n\n\n<p>Desde el escenario cubierto, los <strong>artistas <\/strong>te llevan al maravilloso mundo de la noche. Le sorprender\u00e1 la <strong>riqueza<\/strong> y <strong>variedad de<\/strong> nuestro programa. Sue\u00f1os con <strong>magia, hipnosis o noches de cabaret<\/strong>. Marav\u00edllese con los <strong>espect\u00e1culos, las veladas de baile y de cine<\/strong>. Risas con nuestros <strong>c\u00f3micos y noches tem\u00e1ticas<\/strong>. Para los noct\u00e1mbulos, ofrecemos <strong>noches de dj, karaoke o baile y afters <\/strong>en nuestra sala de bar.<\/p>\n\n\n\n<p>Todos unidos en torno a una misma pasi\u00f3n, vibren con nosotros durante la <strong>retransmisi\u00f3n de eventos<\/strong> deportivos.<\/p>\n\n\n\n<div class=\"wp-container-69f0c8a8d5bb5 wp-block-buttons\">\n<div class=\"wp-block-button btn_resa\"><a class=\"wp-block-button__link\">Reservar mi estancia<\/a><\/div>\n\n\n\n<div class=\"wp-block-button has-custom-width wp-block-button__width-50\"><a class=\"wp-block-button__link\" href=\"https:\/\/www.lacroixdusud.fr\/es\/galeria-de-medios\/\">Galer\u00eda de fotos<\/a><\/div>\n<\/div>\n<\/div>\n<\/div>\n<\/div><\/div>\n\n\n\n<section class=\"wp-container-69f0c8a8d673e wp-block-group b-05-a\"><div class=\"wp-block-group__inner-container\">\n<div class=\"wp-block-columns\">\n<div class=\"wp-block-column\">\n<h2 id=\"l-espace-detente-de-votre-camping-a-barcares\">La zona de descanso de su camping en Barcares<\/h2>\n\n\n\n<p>\u00bfLe gustar\u00eda cuidarse durante su pr\u00f3xima estancia en el <strong>camping a Barcares<\/strong>? Para disfrutar de momentos de bienestar y relajaci\u00f3n, el <a href=\"https:\/\/www.lacroixdusud.fr\/es\/\" data-type=\"page\" data-id=\"5\">camping de 4 estrellas La Croix du Sud<\/a> le ofrece la posibilidad de relajarse en su nuevo <strong>espacio de bienestar<\/strong>. Hay una sauna con calor seco (entre 70\u00b0 y 100\u00b0), un hammam con calor h\u00famedo, una zona de manicura y un gimnasio. Una forma estupenda de relajar el cuerpo y la mente durante las vacaciones.<\/p>\n\n\n\n<div class=\"wp-block-group lire-plus-mobile\"><div class=\"wp-block-group__inner-container\">\n<p>Leer m\u00e1s<\/p>\n\n\n\n<div class=\"wp-container-69f0c8a8d637c wp-block-group\"><div class=\"wp-block-group__inner-container\">\n<h3 id=\"le-sauna\">La sauna<\/h3>\n\n\n\n<p>Muy conocida en los pa\u00edses n\u00f3rdicos, la sauna se utiliza por sus m\u00faltiples beneficios, como sus efectos relajantes y antiestr\u00e9s. Durante una sesi\u00f3n, permitir\u00e1 a su cuerpo estimular su circulaci\u00f3n sangu\u00ednea, relajar los m\u00fasculos despu\u00e9s de la actividad f\u00edsica, embellecer la piel mediante una limpieza profunda, etc.<\/p>\n\n\n\n<h3 id=\"le-hammam\">El hammam<\/h3>\n\n\n\n<p>Con su calor h\u00famedo de entre 40\u00b0 y 50\u00b0, el hammam se diferencia de la sauna por su temperatura, su uso y su origen. Sin embargo, tambi\u00e9n ofrecer\u00e1 a su cuerpo muchos beneficios relajantes y calmantes.<\/p>\n\n\n\n<h3 id=\"l-espace-manucure\">La zona de manicura<\/h3>\n\n\n\n<p>Despu\u00e9s de cuidar tu cuerpo, tambi\u00e9n puedes darle un cambio de imagen a tus u\u00f1as en el \u00e1rea de manicura.<\/p>\n<\/div><\/div>\n<\/div><\/div>\n<\/div>\n\n\n\n<div class=\"wp-block-column\">\n<figure class=\"wp-block-image size-full\"><img loading=\"lazy\" width=\"2560\" height=\"1758\" src=\"https:\/\/www.lacroixdusud.fr\/wp-content\/uploads\/2022\/07\/20190506_110448-scaled.jpg\" alt=\"\" class=\"wp-image-991\" srcset=\"https:\/\/www.lacroixdusud.fr\/wp-content\/uploads\/2022\/07\/20190506_110448-scaled.jpg 2560w, https:\/\/www.lacroixdusud.fr\/wp-content\/uploads\/2022\/07\/20190506_110448-300x206.jpg 300w, https:\/\/www.lacroixdusud.fr\/wp-content\/uploads\/2022\/07\/20190506_110448-1024x703.jpg 1024w, https:\/\/www.lacroixdusud.fr\/wp-content\/uploads\/2022\/07\/20190506_110448-768x527.jpg 768w, https:\/\/www.lacroixdusud.fr\/wp-content\/uploads\/2022\/07\/20190506_110448-1536x1055.jpg 1536w, https:\/\/www.lacroixdusud.fr\/wp-content\/uploads\/2022\/07\/20190506_110448-2048x1406.jpg 2048w\" sizes=\"(max-width: 2560px) 100vw, 2560px\" \/><\/figure>\n<\/div>\n<\/div>\n<\/div><\/section>\n\n\n\n<section class=\"wp-container-69f0c8a8d6f77 wp-block-group b-00-b\"><div class=\"wp-block-group__inner-container\">\n<div class=\"wp-block-columns reverse-mob\">\n<div class=\"wp-block-column\">\n<figure class=\"wp-block-gallery has-nested-images columns-default is-cropped\">\n<figure class=\"wp-block-image size-large\"><img loading=\"lazy\" width=\"1024\" height=\"683\" src=\"https:\/\/www.lacroixdusud.fr\/wp-content\/uploads\/2022\/07\/espace-aquatique-croix-du-sud-09-1024x683.jpg\" alt=\"\" class=\"wp-image-905\" srcset=\"https:\/\/www.lacroixdusud.fr\/wp-content\/uploads\/2022\/07\/espace-aquatique-croix-du-sud-09-1024x683.jpg 1024w, https:\/\/www.lacroixdusud.fr\/wp-content\/uploads\/2022\/07\/espace-aquatique-croix-du-sud-09-300x200.jpg 300w, https:\/\/www.lacroixdusud.fr\/wp-content\/uploads\/2022\/07\/espace-aquatique-croix-du-sud-09-768x513.jpg 768w, https:\/\/www.lacroixdusud.fr\/wp-content\/uploads\/2022\/07\/espace-aquatique-croix-du-sud-09.jpg 1500w\" sizes=\"(max-width: 1024px) 100vw, 1024px\" \/><\/figure>\n\n\n\n<figure class=\"wp-block-image size-large\"><img loading=\"lazy\" width=\"1024\" height=\"498\" src=\"https:\/\/www.lacroixdusud.fr\/wp-content\/uploads\/2022\/07\/espace-fitness-1024x498.jpg\" alt=\"\" class=\"wp-image-478\" srcset=\"https:\/\/www.lacroixdusud.fr\/wp-content\/uploads\/2022\/07\/espace-fitness-1024x498.jpg 1024w, https:\/\/www.lacroixdusud.fr\/wp-content\/uploads\/2022\/07\/espace-fitness-300x146.jpg 300w, https:\/\/www.lacroixdusud.fr\/wp-content\/uploads\/2022\/07\/espace-fitness-768x373.jpg 768w, https:\/\/www.lacroixdusud.fr\/wp-content\/uploads\/2022\/07\/espace-fitness-1536x747.jpg 1536w, https:\/\/www.lacroixdusud.fr\/wp-content\/uploads\/2022\/07\/espace-fitness-2048x996.jpg 2048w\" sizes=\"(max-width: 1024px) 100vw, 1024px\" \/><\/figure>\n<\/figure>\n<\/div>\n\n\n\n<div class=\"wp-block-column\">\n<h2 id=\"la-salle-de-fitness\">La sala de fitness<\/h2>\n\n\n\n<p>Tanto si quieres volver a la rutina como si quieres seguir entrenando incluso durante tu estancia en Barcares, puedes hacer ejercicio en<strong> la sala de fitness<\/strong> del camping. En funci\u00f3n de sus deseos, entre cardio y musculaci\u00f3n, este espacio le permitir\u00e1 trabajar todo el cuerpo durante su sesi\u00f3n deportiva gracias a los diferentes equipos disponibles en el lugar.<br>Estas sesiones tambi\u00e9n pueden ir acompa\u00f1adas de actividad f\u00edsica en <a href=\"https:\/\/www.lacroixdusud.fr\/es\/zona-acuatica\/\" data-type=\"page\" data-id=\"542\">la zona de la piscina climatizada<\/a> del camping. De hecho, tambi\u00e9n puede aprovechar los despertares musculares programados durante la temporada de verano.<\/p>\n\n\n\n<div class=\"wp-container-69f0c8a8d6be5 wp-block-buttons\">\n<div class=\"wp-block-button btn_resa\"><a class=\"wp-block-button__link\">Reservar mi estancia<\/a><\/div>\n\n\n\n<div class=\"wp-block-button has-custom-width wp-block-button__width-50\"><a class=\"wp-block-button__link\" href=\"https:\/\/www.lacroixdusud.fr\/es\/galeria-de-medios\/\">Galer\u00eda de fotos<\/a><\/div>\n<\/div>\n<\/div>\n<\/div>\n<\/div><\/section>\n","protected":false},"excerpt":{"rendered":"<p>Camping en Barcar\u00e8s con animaci\u00f3n Durante el d\u00eda y la noche, nuestro camping de Barcar\u00e8s ofrece una multitud de actividades para todos los gustos y deseos. Camping Barcares: el club de los ni\u00f1os El club infantil de La Croix du Sud ofrece una amplia gama de actividades para todas las edades .Cada semana, una tarde [&hellip;]<\/p>\n","protected":false},"author":1,"featured_media":1084,"parent":0,"menu_order":0,"comment_status":"closed","ping_status":"closed","template":"","meta":[],"acf":[],"_links":{"self":[{"href":"https:\/\/www.lacroixdusud.fr\/es\/wp-json\/wp\/v2\/pages\/2252"}],"collection":[{"href":"https:\/\/www.lacroixdusud.fr\/es\/wp-json\/wp\/v2\/pages"}],"about":[{"href":"https:\/\/www.lacroixdusud.fr\/es\/wp-json\/wp\/v2\/types\/page"}],"author":[{"embeddable":true,"href":"https:\/\/www.lacroixdusud.fr\/es\/wp-json\/wp\/v2\/users\/1"}],"replies":[{"embeddable":true,"href":"https:\/\/www.lacroixdusud.fr\/es\/wp-json\/wp\/v2\/comments?post=2252"}],"version-history":[{"count":5,"href":"https:\/\/www.lacroixdusud.fr\/es\/wp-json\/wp\/v2\/pages\/2252\/revisions"}],"predecessor-version":[{"id":3001,"href":"https:\/\/www.lacroixdusud.fr\/es\/wp-json\/wp\/v2\/pages\/2252\/revisions\/3001"}],"wp:featuredmedia":[{"embeddable":true,"href":"https:\/\/www.lacroixdusud.fr\/es\/wp-json\/wp\/v2\/media\/1084"}],"wp:attachment":[{"href":"https:\/\/www.lacroixdusud.fr\/es\/wp-json\/wp\/v2\/media?parent=2252"}],"curies":[{"name":"wp","href":"https:\/\/api.w.org\/{rel}","templated":true}]}}