{"id":2259,"date":"2022-10-13T16:33:02","date_gmt":"2022-10-13T14:33:02","guid":{"rendered":"https:\/\/www.lacroixdusud.fr\/animaciones-barcares\/"},"modified":"2022-10-14T10:29:50","modified_gmt":"2022-10-14T08:29:50","slug":"animaciones-barcares","status":"publish","type":"page","link":"https:\/\/www.lacroixdusud.fr\/es\/animaciones-barcares\/","title":{"rendered":"Animaciones Barcar\u00e8s"},"content":{"rendered":"\n<section class=\"wp-container-69f220f084a76 wp-block-group a-00-a\"><div class=\"wp-block-group__inner-container\">\n<div class=\"wp-block-cover alignfull\"><span aria-hidden=\"true\" class=\"has-bleu-background-color has-background-dim-0 wp-block-cover__gradient-background has-background-dim\"><\/span><img loading=\"lazy\" width=\"1920\" height=\"1438\" class=\"wp-block-cover__image-background wp-image-1236\" alt=\"\" src=\"https:\/\/www.lacroixdusud.fr\/wp-content\/uploads\/2022\/07\/tim-oun-iMM3buqcK_M-unsplash.jpg\" style=\"object-position:56% 34%\" data-object-fit=\"cover\" data-object-position=\"56% 34%\" srcset=\"https:\/\/www.lacroixdusud.fr\/wp-content\/uploads\/2022\/07\/tim-oun-iMM3buqcK_M-unsplash.jpg 1920w, https:\/\/www.lacroixdusud.fr\/wp-content\/uploads\/2022\/07\/tim-oun-iMM3buqcK_M-unsplash-300x225.jpg 300w, https:\/\/www.lacroixdusud.fr\/wp-content\/uploads\/2022\/07\/tim-oun-iMM3buqcK_M-unsplash-1024x767.jpg 1024w, https:\/\/www.lacroixdusud.fr\/wp-content\/uploads\/2022\/07\/tim-oun-iMM3buqcK_M-unsplash-768x575.jpg 768w, https:\/\/www.lacroixdusud.fr\/wp-content\/uploads\/2022\/07\/tim-oun-iMM3buqcK_M-unsplash-1536x1150.jpg 1536w\" sizes=\"(max-width: 1920px) 100vw, 1920px\" \/><div class=\"wp-block-cover__inner-container\">\n<h1 class=\"has-text-align-center has-white-color has-text-color\" id=\"animations-barcares\">Animaciones Barcar\u00e8s<\/h1>\n<\/div><\/div>\n<\/div><\/section>\n\n\n\n<div class=\"wp-container-69f220f084eff wp-block-group seo\"><div class=\"wp-block-group__inner-container\">\n<div class=\"wp-block-columns\">\n<div class=\"wp-block-column\">\n<figure class=\"wp-block-image size-large\"><img loading=\"lazy\" width=\"1024\" height=\"683\" src=\"https:\/\/www.lacroixdusud.fr\/wp-content\/uploads\/2022\/07\/loisirs-croix-du-sud-01-1024x683.jpg\" alt=\"\" class=\"wp-image-1351\" srcset=\"https:\/\/www.lacroixdusud.fr\/wp-content\/uploads\/2022\/07\/loisirs-croix-du-sud-01-1024x683.jpg 1024w, https:\/\/www.lacroixdusud.fr\/wp-content\/uploads\/2022\/07\/loisirs-croix-du-sud-01-300x200.jpg 300w, https:\/\/www.lacroixdusud.fr\/wp-content\/uploads\/2022\/07\/loisirs-croix-du-sud-01-768x512.jpg 768w, https:\/\/www.lacroixdusud.fr\/wp-content\/uploads\/2022\/07\/loisirs-croix-du-sud-01.jpg 1500w\" sizes=\"(max-width: 1024px) 100vw, 1024px\" \/><\/figure>\n<\/div>\n\n\n\n<div class=\"wp-block-column\">\n<p>Barcar\u00e8s es una ciudad portuaria del suroeste de Francia, en la regi\u00f3n de Languedoc-Roussillon-Midi-Pyr\u00e9n\u00e9es. Se extiende por varios kil\u00f3metros de costa mediterr\u00e1nea y cuenta con un magn\u00edfico lago marino de 7000 hect\u00e1reas. Es un pueblo de pescadores en el que la pesca tradicional sigue siendo muy popular, de ah\u00ed su fama. Esta animada ciudad tambi\u00e9n es conocida por su ambiente festivo. Este destino es ideal para unas vacaciones de ensue\u00f1o junto al mar.<br>Cientos de turistas acuden cada a\u00f1o a <strong>Barcar\u00e8s<\/strong> para asistir a los numerosos y animados eventos que all\u00ed se celebran, especialmente durante el periodo estival. Entre las m\u00e1s populares est\u00e1n el espect\u00e1culo de la piscina de toros, la exposici\u00f3n de alquimia, la exposici\u00f3n de bodegones y paisajes marinos, el futbol\u00edn, los deportes de playa y el mercado nocturno en la playa principal.<\/p>\n\n\n\n<h2 id=\"activites-a-barcares\">Actividades en Barcares<\/h2>\n\n\n\n<p>Seguro que no se aburrir\u00e1 en este puerto, donde todo el a\u00f1o, en todas las estaciones, desde nuestro <a href=\"https:\/\/www.lacroixdusud.fr\/es\/\" data-type=\"page\" data-id=\"5\">camping La Croix du Sud en Barcar\u00e8s<\/a>, no faltan las actividades. Todos, j\u00f3venes y mayores, pueden disfrutar del especial ambiente jovial de esta peque\u00f1a ciudad. De hecho, Barcares cuenta con una rica actividad asociativa, cuyo objetivo es crear armon\u00eda social en esta ciudad bien organizada. La oferta de actividades es muy variada, desde bailes hasta paseos en barcas catalanas, animadas fiestas, deportes de playa o simplemente relajarse en la hermosa playa de arena. Para los ni\u00f1os, hay muchas actividades, como la \u00abma\u00f1ana de los ni\u00f1os\u00bb o los torneos de diversi\u00f3n que se organizan regularmente. De la petanca al circo y de los desfiles a la pesca tradicional, su estancia ser\u00e1 plena.<\/p>\n<\/div>\n<\/div>\n<\/div><\/div>\n\n\n\n<div class=\"wp-container-69f220f08533e wp-block-group seo\"><div class=\"wp-block-group__inner-container\">\n<div class=\"wp-block-columns\">\n<div class=\"wp-block-column\">\n<h2 id=\"feu-d-artifice-barcares\">Fuegos artificiales Barcares<\/h2>\n\n\n\n<p>Para cerrar un d\u00eda bonito y animado o un evento especial, es tradicional en Barcares decorar el cielo con fuegos artificiales. Esto hace que siempre sea un espect\u00e1culo maravilloso y conmovedor que har\u00e1 las delicias de grandes y peque\u00f1os. Estos momentos m\u00e1gicos admirando el colorido del cielo har\u00e1n que su estancia sea inolvidable.<\/p>\n\n\n\n<h2 id=\"marche-barcares\">Mercado de Barcares<\/h2>\n\n\n\n<p>Al ser una ciudad portuaria, los mercados de Barcares ponen de manifiesto su riqueza mar\u00edtima. Por ello, los productos acu\u00e1ticos frescos y bien preparados son las estrellas de los estantes. Todos los martes, en la plaza de la Martinica, tiene lugar el mercado matinal de la Coudal\u00e8re. Encontrar\u00e1 una gran variedad de pescado reci\u00e9n capturado en las orillas del puerto. En julio y agosto, el mercado nocturno tiene lugar en la playa principal dos veces por semana. Durante el mismo periodo, no se pierda el mercado local y tradicional que tiene lugar todos los martes en el aparcamiento de Lydia. El mercado matutino y nocturno del pueblo tiene lugar tres veces por semana en la plaza de la Rep\u00fablica.<\/p>\n<\/div>\n\n\n\n<div class=\"wp-block-column\">\n<figure class=\"wp-block-image size-large\"><img loading=\"lazy\" width=\"685\" height=\"1024\" src=\"https:\/\/www.lacroixdusud.fr\/wp-content\/uploads\/2022\/07\/service-camping-croix-du-sud-06-685x1024.jpg\" alt=\"\" class=\"wp-image-1074\" srcset=\"https:\/\/www.lacroixdusud.fr\/wp-content\/uploads\/2022\/07\/service-camping-croix-du-sud-06-685x1024.jpg 685w, https:\/\/www.lacroixdusud.fr\/wp-content\/uploads\/2022\/07\/service-camping-croix-du-sud-06-201x300.jpg 201w, https:\/\/www.lacroixdusud.fr\/wp-content\/uploads\/2022\/07\/service-camping-croix-du-sud-06-768x1147.jpg 768w, https:\/\/www.lacroixdusud.fr\/wp-content\/uploads\/2022\/07\/service-camping-croix-du-sud-06.jpg 1004w\" sizes=\"(max-width: 685px) 100vw, 685px\" \/><\/figure>\n<\/div>\n<\/div>\n<\/div><\/div>\n\n\n\n<div class=\"wp-container-69f220f085761 wp-block-group seo\"><div class=\"wp-block-group__inner-container\">\n<div class=\"wp-block-columns\">\n<div class=\"wp-block-column\">\n<figure class=\"wp-block-image size-full\"><img loading=\"lazy\" width=\"980\" height=\"480\" src=\"https:\/\/www.lacroixdusud.fr\/wp-content\/uploads\/2022\/07\/electrobeach-barcares.jpg\" alt=\"\" class=\"wp-image-1289\" srcset=\"https:\/\/www.lacroixdusud.fr\/wp-content\/uploads\/2022\/07\/electrobeach-barcares.jpg 980w, https:\/\/www.lacroixdusud.fr\/wp-content\/uploads\/2022\/07\/electrobeach-barcares-300x147.jpg 300w, https:\/\/www.lacroixdusud.fr\/wp-content\/uploads\/2022\/07\/electrobeach-barcares-768x376.jpg 768w\" sizes=\"(max-width: 980px) 100vw, 980px\" \/><\/figure>\n<\/div>\n\n\n\n<div class=\"wp-block-column\">\n<h2 id=\"feu-d-artifice-barcares\">Feria<\/h2>\n\n\n\n<p>Durante las vacaciones de verano, la feria de Barcar\u00e8s es impresionante. Los participantes, a menudo procedentes de asociaciones sociales, se esfuerzan por hacer que estos momentos sean memorables. El men\u00fa incluye todo tipo de entretenimientos y torneos con premios. Las atracciones son grandiosas, para gran deleite de grandes y peque\u00f1os. Durante la feria se ofrecen espect\u00e1culos sobre el tema del mar y la solidaridad, y los beneficios suelen donarse a organizaciones ben\u00e9ficas o a actividades de desarrollo de la ciudad.<\/p>\n\n\n\n<h2 id=\"marche-barcares\">Festival Electrobeach<\/h2>\n\n\n\n<p>En Barcar\u00e8s tambi\u00e9n se celebra un gran festival de m\u00fasica electr\u00f3nica: el Electrobeach. El festival da vida a la ciudad de Barcar\u00e8s durante tres d\u00edas y acoge hasta 170.000 asistentes.<\/p>\n<\/div>\n<\/div>\n<\/div><\/div>\n","protected":false},"excerpt":{"rendered":"<p>Barcar\u00e8s es una ciudad portuaria del suroeste de Francia, en la regi\u00f3n de Languedoc-Roussillon-Midi-Pyr\u00e9n\u00e9es. Se extiende por varios kil\u00f3metros de costa mediterr\u00e1nea y cuenta con un magn\u00edfico lago marino de 7000 hect\u00e1reas. Es un pueblo de pescadores en el que la pesca tradicional sigue siendo muy popular, de ah\u00ed su fama. Esta animada ciudad tambi\u00e9n [&hellip;]<\/p>\n","protected":false},"author":1,"featured_media":0,"parent":0,"menu_order":0,"comment_status":"closed","ping_status":"closed","template":"","meta":[],"acf":[],"_links":{"self":[{"href":"https:\/\/www.lacroixdusud.fr\/es\/wp-json\/wp\/v2\/pages\/2259"}],"collection":[{"href":"https:\/\/www.lacroixdusud.fr\/es\/wp-json\/wp\/v2\/pages"}],"about":[{"href":"https:\/\/www.lacroixdusud.fr\/es\/wp-json\/wp\/v2\/types\/page"}],"author":[{"embeddable":true,"href":"https:\/\/www.lacroixdusud.fr\/es\/wp-json\/wp\/v2\/users\/1"}],"replies":[{"embeddable":true,"href":"https:\/\/www.lacroixdusud.fr\/es\/wp-json\/wp\/v2\/comments?post=2259"}],"version-history":[{"count":4,"href":"https:\/\/www.lacroixdusud.fr\/es\/wp-json\/wp\/v2\/pages\/2259\/revisions"}],"predecessor-version":[{"id":2559,"href":"https:\/\/www.lacroixdusud.fr\/es\/wp-json\/wp\/v2\/pages\/2259\/revisions\/2559"}],"wp:attachment":[{"href":"https:\/\/www.lacroixdusud.fr\/es\/wp-json\/wp\/v2\/media?parent=2259"}],"curies":[{"name":"wp","href":"https:\/\/api.w.org\/{rel}","templated":true}]}}