{"id":2289,"date":"2022-10-13T16:37:46","date_gmt":"2022-10-13T14:37:46","guid":{"rendered":"https:\/\/www.lacroixdusud.fr\/ubicaciones\/"},"modified":"2022-10-14T12:33:38","modified_gmt":"2022-10-14T10:33:38","slug":"ubicaciones","status":"publish","type":"page","link":"https:\/\/www.lacroixdusud.fr\/es\/ubicaciones\/","title":{"rendered":"Ubicaciones"},"content":{"rendered":"\n<section class=\"wp-container-69f2006b50398 wp-block-group a-00-a\"><div class=\"wp-block-group__inner-container\">\n<div class=\"wp-block-cover alignfull\"><span aria-hidden=\"true\" class=\"has-bleu-background-color has-background-dim-30 wp-block-cover__gradient-background has-background-dim\"><\/span><img loading=\"lazy\" width=\"1920\" height=\"1280\" class=\"wp-block-cover__image-background wp-image-2214\" alt=\"\" src=\"https:\/\/www.lacroixdusud.fr\/wp-content\/uploads\/2022\/10\/everett-mcintire-BPCsppbNRMI-unsplash.jpg\" style=\"object-position:62% 81%\" data-object-fit=\"cover\" data-object-position=\"62% 81%\" srcset=\"https:\/\/www.lacroixdusud.fr\/wp-content\/uploads\/2022\/10\/everett-mcintire-BPCsppbNRMI-unsplash.jpg 1920w, https:\/\/www.lacroixdusud.fr\/wp-content\/uploads\/2022\/10\/everett-mcintire-BPCsppbNRMI-unsplash-300x200.jpg 300w, https:\/\/www.lacroixdusud.fr\/wp-content\/uploads\/2022\/10\/everett-mcintire-BPCsppbNRMI-unsplash-1024x683.jpg 1024w, https:\/\/www.lacroixdusud.fr\/wp-content\/uploads\/2022\/10\/everett-mcintire-BPCsppbNRMI-unsplash-768x512.jpg 768w, https:\/\/www.lacroixdusud.fr\/wp-content\/uploads\/2022\/10\/everett-mcintire-BPCsppbNRMI-unsplash-1536x1024.jpg 1536w\" sizes=\"(max-width: 1920px) 100vw, 1920px\" \/><div class=\"wp-block-cover__inner-container\">\n<h1 class=\"has-text-align-center has-white-color has-text-color\" id=\"emplacements-camping-a-port-barcares\">Parcelas de camping en Port Barcares<\/h1>\n<\/div><\/div>\n\n\n\n<div class=\"wp-container-69f2006b50049 wp-block-group intro\"><div class=\"wp-block-group__inner-container\">\n<h2 class=\"has-text-align-left\" id=\"camping-port-barcares-dans-les-pyrenees-orientales\">Camping Port Barcares en los Pirineos Orientales<\/h2>\n\n\n\n<p>Elija nuestro camping-caravana para sus pr\u00f3ximas<strong> vacaciones en los Pirineos Orientales<\/strong>.<\/p>\n<\/div><\/div>\n<\/div><\/section>\n\n\n\n<div class=\"wp-container-69f2006b50e93 wp-block-group b-20-b\"><div class=\"wp-block-group__inner-container\">\n<div class=\"wp-block-columns are-vertically-aligned-center\">\n<div class=\"wp-block-column is-vertically-aligned-top\">\n<figure class=\"wp-block-image size-large papito-gauche\"><img loading=\"lazy\" width=\"1024\" height=\"685\" src=\"https:\/\/www.lacroixdusud.fr\/wp-content\/uploads\/2022\/07\/la-croix-du-sud-emplacements-01-1024x685.jpg\" alt=\"\" class=\"wp-image-829\" srcset=\"https:\/\/www.lacroixdusud.fr\/wp-content\/uploads\/2022\/07\/la-croix-du-sud-emplacements-01-1024x685.jpg 1024w, https:\/\/www.lacroixdusud.fr\/wp-content\/uploads\/2022\/07\/la-croix-du-sud-emplacements-01-300x201.jpg 300w, https:\/\/www.lacroixdusud.fr\/wp-content\/uploads\/2022\/07\/la-croix-du-sud-emplacements-01-768x514.jpg 768w, https:\/\/www.lacroixdusud.fr\/wp-content\/uploads\/2022\/07\/la-croix-du-sud-emplacements-01.jpg 1200w\" sizes=\"(max-width: 1024px) 100vw, 1024px\" \/><\/figure>\n<\/div>\n\n\n\n<div class=\"wp-block-column is-vertically-aligned-top\">\n<h3 class=\"titre\" id=\"le-camping-oui-mais-le-confort-d-abord\">Acampar s\u00ed, pero la comodidad es lo primero.<\/h3>\n\n\n\n<p>El <a href=\"https:\/\/www.lacroixdusud.fr\/es\/\" data-type=\"page\" data-id=\"5\">camping Port Barcares<\/a> La Croix du Sud tambi\u00e9n ofrece amplias <strong>parcelas<\/strong> para <strong>tiendas, caravanas y autocaravanas<\/strong>.<\/p>\n\n\n\n<p>Porque sabemos lo importante que es para usted estar c\u00f3modo para disfrutar plenamente de sus vacaciones de<strong> camping en los Pirineos Orientales<\/strong>, hemos puesto mucho cuidado en la disposici\u00f3n de nuestras parcelas para ofrecerle la m\u00e1s agradable de las estancias.<\/p>\n\n\n\n<div class=\"wp-block-group lire-plus-mobile\"><div class=\"wp-block-group__inner-container\">\n<p>Leer m\u00e1s<\/p>\n\n\n\n<div class=\"wp-container-69f2006b507f7 wp-block-group\"><div class=\"wp-block-group__inner-container\">\n<p>Con sus parcelas delimitadas por setos de arbustos, grandes cipreses, palmeras y otros \u00e1rboles de gran altura, el camping Port Barcares dispone de parcelas que se adaptan a todas las necesidades para disfrutar del aire libre y de su exuberante naturaleza. Puede elegir un <strong>lugar de acampada con sombra<\/strong> o <strong>semi-sombra<\/strong>, seg\u00fan sus deseos. Cada parcela de nuestro <strong>camping Port Barcares<\/strong> est\u00e1 bien se\u00f1alizada y cuenta con un suministro de electricidad de 10 amperios. Cada una de las <strong>parcelas disponibles para alquilar<\/strong> est\u00e1 cerca de un <strong>punto de agua<\/strong> y de una zona de <strong>barbacoa<\/strong> comunitaria. Tambi\u00e9n apreciar\u00e1 nuestros diversos servicios (tienda de comestibles, gimnasio, zona de relax, &#8230;) as\u00ed como nuestra <a href=\"https:\/\/www.lacroixdusud.fr\/es\/zona-acuatica\/\" data-type=\"page\" data-id=\"542\">zona acu\u00e1tica con sus dos piscinas climatizadas<\/a>. Algo para que disfrute toda la familia.<\/p>\n<\/div><\/div>\n<\/div><\/div>\n\n\n\n<div class=\"wp-container-69f2006b50b58 wp-block-buttons\">\n<div class=\"wp-block-button btn_resa\"><a class=\"wp-block-button__link\">Libro<\/a><\/div>\n<\/div>\n<\/div>\n<\/div>\n<\/div><\/div>\n\n\n\n<section class=\"wp-container-69f2006b51634 wp-block-group b-05-a\"><div class=\"wp-block-group__inner-container\">\n<div class=\"wp-block-columns\">\n<div class=\"wp-block-column\">\n<h3 class=\"titre\" id=\"les-equipements-et-services-a-proximite-des-emplacements-de-camping\">Instalaciones y servicios cerca de los campings<\/h3>\n\n\n\n<p>Si se aloja en una de las <strong>parcelas del camping Port Barcares<\/strong> en La Croix du Sud, tendr\u00e1 f\u00e1cil acceso a las distintas instalaciones:<\/p>\n\n\n\n<ul class=\"pictos\"><li><i class=\"fa-solid fa-wheelchair\"><\/i>  Dos bloques sanitarios con cabinas para beb\u00e9s y cabinas adaptadas para personas con movilidad reducida a su disposici\u00f3n.<\/li><li><i class=\"fa-regular fa-fork-knife\"><\/i>La zona de barbacoa tambi\u00e9n est\u00e1 disponible para disfrutar de buenas comidas con su familia y amigos.<\/li><\/ul>\n\n\n\n<p>Amantes <strong>del camping-caravanismo<\/strong>, elijan la parcela de sus vacaciones con La Croix du Sud y pasen una <strong>estancia inolvidable en Port Barcar\u00e8s, en los Pirineos Orientales<\/strong>.<\/p>\n\n\n\n<div class=\"wp-container-69f2006b51296 wp-block-buttons\">\n<div class=\"wp-block-button\"><a class=\"wp-block-button__link\" href=\"https:\/\/www.lacroixdusud.fr\/es\/en-los-alrededores\/\">\u00bfQu\u00e9 hacer en los alrededores del camping?<\/a><\/div>\n\n\n\n<div class=\"wp-block-button\"><a class=\"wp-block-button__link\" href=\"https:\/\/www.lacroixdusud.fr\/es\/servicios\/\">Descubra nuestros servicios<\/a><\/div>\n<\/div>\n<\/div>\n\n\n\n<div class=\"wp-block-column\">\n<figure class=\"wp-block-image size-large coquillage1-top-right\"><img loading=\"lazy\" width=\"1024\" height=\"768\" src=\"https:\/\/www.lacroixdusud.fr\/wp-content\/uploads\/2022\/07\/la-croix-du-sud-emplacements-03-1024x768.jpg\" alt=\"\" class=\"wp-image-860\" srcset=\"https:\/\/www.lacroixdusud.fr\/wp-content\/uploads\/2022\/07\/la-croix-du-sud-emplacements-03-1024x768.jpg 1024w, https:\/\/www.lacroixdusud.fr\/wp-content\/uploads\/2022\/07\/la-croix-du-sud-emplacements-03-300x225.jpg 300w, https:\/\/www.lacroixdusud.fr\/wp-content\/uploads\/2022\/07\/la-croix-du-sud-emplacements-03-768x576.jpg 768w, https:\/\/www.lacroixdusud.fr\/wp-content\/uploads\/2022\/07\/la-croix-du-sud-emplacements-03.jpg 1200w\" sizes=\"(max-width: 1024px) 100vw, 1024px\" \/><\/figure>\n<\/div>\n<\/div>\n<\/div><\/section>\n","protected":false},"excerpt":{"rendered":"<p>Camping Port Barcares en los Pirineos Orientales Elija nuestro camping-caravana para sus pr\u00f3ximas vacaciones en los Pirineos Orientales. Acampar s\u00ed, pero la comodidad es lo primero. El camping Port Barcares La Croix du Sud tambi\u00e9n ofrece amplias parcelas para tiendas, caravanas y autocaravanas. Porque sabemos lo importante que es para usted estar c\u00f3modo para disfrutar [&hellip;]<\/p>\n","protected":false},"author":1,"featured_media":2680,"parent":0,"menu_order":0,"comment_status":"closed","ping_status":"closed","template":"","meta":[],"acf":[],"_links":{"self":[{"href":"https:\/\/www.lacroixdusud.fr\/es\/wp-json\/wp\/v2\/pages\/2289"}],"collection":[{"href":"https:\/\/www.lacroixdusud.fr\/es\/wp-json\/wp\/v2\/pages"}],"about":[{"href":"https:\/\/www.lacroixdusud.fr\/es\/wp-json\/wp\/v2\/types\/page"}],"author":[{"embeddable":true,"href":"https:\/\/www.lacroixdusud.fr\/es\/wp-json\/wp\/v2\/users\/1"}],"replies":[{"embeddable":true,"href":"https:\/\/www.lacroixdusud.fr\/es\/wp-json\/wp\/v2\/comments?post=2289"}],"version-history":[{"count":4,"href":"https:\/\/www.lacroixdusud.fr\/es\/wp-json\/wp\/v2\/pages\/2289\/revisions"}],"predecessor-version":[{"id":2586,"href":"https:\/\/www.lacroixdusud.fr\/es\/wp-json\/wp\/v2\/pages\/2289\/revisions\/2586"}],"wp:featuredmedia":[{"embeddable":true,"href":"https:\/\/www.lacroixdusud.fr\/es\/wp-json\/wp\/v2\/media\/2680"}],"wp:attachment":[{"href":"https:\/\/www.lacroixdusud.fr\/es\/wp-json\/wp\/v2\/media?parent=2289"}],"curies":[{"name":"wp","href":"https:\/\/api.w.org\/{rel}","templated":true}]}}