{"id":2293,"date":"2022-10-13T16:39:51","date_gmt":"2022-10-13T14:39:51","guid":{"rendered":"https:\/\/www.lacroixdusud.fr\/zona-acuatica\/"},"modified":"2022-10-14T14:06:31","modified_gmt":"2022-10-14T12:06:31","slug":"zona-acuatica","status":"publish","type":"page","link":"https:\/\/www.lacroixdusud.fr\/es\/zona-acuatica\/","title":{"rendered":"Zona acu\u00e1tica"},"content":{"rendered":"\n<section class=\"wp-container-69eb936848e0b wp-block-group a-00-a\"><div class=\"wp-block-group__inner-container\">\n<div class=\"wp-block-cover alignfull is-light\"><span aria-hidden=\"true\" class=\"has-bleu-background-color has-background-dim-30 wp-block-cover__gradient-background has-background-dim\"><\/span><img loading=\"lazy\" width=\"1920\" height=\"1280\" class=\"wp-block-cover__image-background wp-image-852\" alt=\"\" src=\"https:\/\/www.lacroixdusud.fr\/wp-content\/uploads\/2022\/07\/CDS_piscine_006.jpg\" style=\"object-position:54% 82%\" data-object-fit=\"cover\" data-object-position=\"54% 82%\" srcset=\"https:\/\/www.lacroixdusud.fr\/wp-content\/uploads\/2022\/07\/CDS_piscine_006.jpg 1920w, https:\/\/www.lacroixdusud.fr\/wp-content\/uploads\/2022\/07\/CDS_piscine_006-300x200.jpg 300w, https:\/\/www.lacroixdusud.fr\/wp-content\/uploads\/2022\/07\/CDS_piscine_006-1024x683.jpg 1024w, https:\/\/www.lacroixdusud.fr\/wp-content\/uploads\/2022\/07\/CDS_piscine_006-768x512.jpg 768w, https:\/\/www.lacroixdusud.fr\/wp-content\/uploads\/2022\/07\/CDS_piscine_006-1536x1024.jpg 1536w\" sizes=\"(max-width: 1920px) 100vw, 1920px\" \/><div class=\"wp-block-cover__inner-container\">\n<p class=\"has-text-align-center has-large-font-size\"><\/p>\n<\/div><\/div>\n\n\n\n<div class=\"wp-container-69eb936848ab2 wp-block-group intro papito\"><div class=\"wp-block-group__inner-container\">\n<h1 class=\"has-text-align-left\" id=\"camping-barcares-avec-piscine-dans-les-pyrenees-orientales\">Camping Barcares con piscina en los Pirineos Orientales<\/h1>\n\n\n\n<p>Durante su <strong>estancia en los Pirineos Orientales<\/strong>, en el <strong>camping La Croix du Sud de Barcar\u00e8s<\/strong>, disfrute de los placeres de la nataci\u00f3n descubriendo nuestro <strong>espacio acu\u00e1tico<\/strong> <strong>climatizado<\/strong> que ser\u00e1 una verdadera ventaja durante sus vacaciones.<\/p>\n<\/div><\/div>\n<\/div><\/section>\n\n\n\n<section class=\"wp-container-69eb936849637 wp-block-group b-00-b\"><div class=\"wp-block-group__inner-container\">\n<div class=\"wp-block-columns\">\n<div class=\"wp-block-column\">\n<figure class=\"wp-block-gallery has-nested-images columns-default is-cropped fleur-top-right\">\n<figure class=\"wp-block-image size-large\"><img loading=\"lazy\" width=\"1024\" height=\"633\" src=\"https:\/\/www.lacroixdusud.fr\/wp-content\/uploads\/2022\/07\/piscine-1-1024x633.jpg\" alt=\"\" class=\"wp-image-612\" srcset=\"https:\/\/www.lacroixdusud.fr\/wp-content\/uploads\/2022\/07\/piscine-1-1024x633.jpg 1024w, https:\/\/www.lacroixdusud.fr\/wp-content\/uploads\/2022\/07\/piscine-1-300x185.jpg 300w, https:\/\/www.lacroixdusud.fr\/wp-content\/uploads\/2022\/07\/piscine-1-768x475.jpg 768w, https:\/\/www.lacroixdusud.fr\/wp-content\/uploads\/2022\/07\/piscine-1-1536x950.jpg 1536w, https:\/\/www.lacroixdusud.fr\/wp-content\/uploads\/2022\/07\/piscine-1-2048x1266.jpg 2048w\" sizes=\"(max-width: 1024px) 100vw, 1024px\" \/><\/figure>\n\n\n\n<figure class=\"wp-block-image size-large\"><img loading=\"lazy\" width=\"1024\" height=\"602\" src=\"https:\/\/www.lacroixdusud.fr\/wp-content\/uploads\/2022\/07\/piscine02-1024x602.jpg\" alt=\"\" class=\"wp-image-609\" srcset=\"https:\/\/www.lacroixdusud.fr\/wp-content\/uploads\/2022\/07\/piscine02-1024x602.jpg 1024w, https:\/\/www.lacroixdusud.fr\/wp-content\/uploads\/2022\/07\/piscine02-300x176.jpg 300w, https:\/\/www.lacroixdusud.fr\/wp-content\/uploads\/2022\/07\/piscine02-768x451.jpg 768w, https:\/\/www.lacroixdusud.fr\/wp-content\/uploads\/2022\/07\/piscine02.jpg 1200w\" sizes=\"(max-width: 1024px) 100vw, 1024px\" \/><\/figure>\n<\/figure>\n<\/div>\n\n\n\n<div class=\"wp-block-column\">\n<h2 id=\"camping-a-barcares-avec-toboggan-aquatique\">Camping en Barcares con tobog\u00e1n de agua<\/h2>\n\n\n\n<p>Lugar de convivencia, de aprendizaje y de intercambio, el <strong>parque acu\u00e1tico<\/strong> de nuestro camping familiar har\u00e1 las delicias de grandes y peque\u00f1os que quieran disfrutar del placer de nadar, \u00a1pero tambi\u00e9n de deslizarse! En nuestro <strong>camping con parque acu\u00e1tico de Barcar\u00e8s<\/strong>, tambi\u00e9n hemos pensado en <strong>los amantes de las emociones fuertes<\/strong>. \u00a1En efecto, encontrar\u00e1 en el lugar, tanto un<strong> tobog\u00e1n<\/strong> (espiral), pero tambi\u00e9n un tobog\u00e1n <strong>2 pistas<\/strong> para bajar a toda velocidad y con seguridad! Con estas 3 posibilidades de deslizamiento, los ni\u00f1os y adolescentes estar\u00e1n encantados de poder disfrutar de los toboganes del parque acu\u00e1tico.<\/p>\n\n\n\n<div class=\"wp-container-69eb9368492e3 wp-block-buttons\">\n<div class=\"wp-block-button has-custom-width wp-block-button__width-50 btn_resa\"><a class=\"wp-block-button__link\">Reservar mi estancia<\/a><\/div>\n\n\n\n<div class=\"wp-block-button has-custom-width wp-block-button__width-50\"><a class=\"wp-block-button__link\" href=\"https:\/\/www.lacroixdusud.fr\/es\/galeria-de-medios\/\">Galer\u00eda de fotos<\/a><\/div>\n<\/div>\n<\/div>\n<\/div>\n<\/div><\/section>\n\n\n\n<section class=\"wp-container-69eb936849dab wp-block-group b-25-b\"><div class=\"wp-block-group__inner-container\">\n<div class=\"wp-block-columns reverse-mob\">\n<div class=\"wp-block-column\">\n<h2 id=\"camping-pyrenees-orientales-avec-piscine-chauffee\">Camping Pyr\u00e9n\u00e9es Orientales con piscina climatizada<\/h2>\n\n\n\n<p>Las <strong>piscinas del camping<\/strong> La Croix du Sud <strong>est\u00e1n climatizadas<\/strong>. \u00bfQu\u00e9 puede ser m\u00e1s agradable que dejar que el estr\u00e9s de la vida cotidiana se evapore junto a <strong>la piscina<\/strong>? Una sesi\u00f3n de sol en las tumbonas puestas a disposici\u00f3n gratuitamente <strong>alrededor de la piscina<\/strong> o, por qu\u00e9 no, desde el solarium que da a la piscina, un peque\u00f1o chapuz\u00f3n en la piscina y todo se olvida. Bajo el sol de los Pirineos Orientales,<strong> disfrute de sus vacaciones con los pies en el agua<\/strong>&#8230;<\/p>\n\n\n\n<div class=\"wp-container-69eb936849a19 wp-block-buttons\">\n<div class=\"wp-block-button\"><a class=\"wp-block-button__link\" href=\"https:\/\/www.lacroixdusud.fr\/es\/servicios\/\">Descubra nuestros servicios<\/a><\/div>\n\n\n\n<div class=\"wp-block-button has-custom-width wp-block-button__width-50\"><a class=\"wp-block-button__link\" href=\"https:\/\/www.lacroixdusud.fr\/es\/galeria-de-medios\/\">Galer\u00eda de fotos<\/a><\/div>\n<\/div>\n<\/div>\n\n\n\n<div class=\"wp-block-column\">\n<figure class=\"wp-block-image size-full coquillage2-bottom-left\"><img loading=\"lazy\" width=\"1500\" height=\"1001\" src=\"https:\/\/www.lacroixdusud.fr\/wp-content\/uploads\/2022\/07\/espace-aquatique-croix-du-sud-01-1.jpg\" alt=\"\" class=\"wp-image-880\" srcset=\"https:\/\/www.lacroixdusud.fr\/wp-content\/uploads\/2022\/07\/espace-aquatique-croix-du-sud-01-1.jpg 1500w, https:\/\/www.lacroixdusud.fr\/wp-content\/uploads\/2022\/07\/espace-aquatique-croix-du-sud-01-1-300x200.jpg 300w, https:\/\/www.lacroixdusud.fr\/wp-content\/uploads\/2022\/07\/espace-aquatique-croix-du-sud-01-1-1024x683.jpg 1024w, https:\/\/www.lacroixdusud.fr\/wp-content\/uploads\/2022\/07\/espace-aquatique-croix-du-sud-01-1-768x513.jpg 768w\" sizes=\"(max-width: 1500px) 100vw, 1500px\" \/><\/figure>\n<\/div>\n<\/div>\n<\/div><\/section>\n\n\n\n<section class=\"wp-container-69eb93684a910 wp-block-group b-10-a\"><div class=\"wp-block-group__inner-container\">\n<div class=\"wp-block-columns\">\n<div class=\"wp-block-column\">\n<figure class=\"wp-block-gallery has-nested-images columns-default is-cropped diaporama-mob\">\n<figure class=\"wp-block-image size-full\"><img loading=\"lazy\" width=\"569\" height=\"800\" src=\"https:\/\/www.lacroixdusud.fr\/wp-content\/uploads\/2022\/07\/CDS_piscine_001_format.jpg\" alt=\"\" class=\"wp-image-887\" srcset=\"https:\/\/www.lacroixdusud.fr\/wp-content\/uploads\/2022\/07\/CDS_piscine_001_format.jpg 569w, https:\/\/www.lacroixdusud.fr\/wp-content\/uploads\/2022\/07\/CDS_piscine_001_format-213x300.jpg 213w\" sizes=\"(max-width: 569px) 100vw, 569px\" \/><\/figure>\n\n\n\n<figure class=\"wp-block-image size-full\"><img loading=\"lazy\" width=\"583\" height=\"900\" src=\"https:\/\/www.lacroixdusud.fr\/wp-content\/uploads\/2022\/07\/CDS_piscine_023_format.jpg\" alt=\"\" class=\"wp-image-890\" srcset=\"https:\/\/www.lacroixdusud.fr\/wp-content\/uploads\/2022\/07\/CDS_piscine_023_format.jpg 583w, https:\/\/www.lacroixdusud.fr\/wp-content\/uploads\/2022\/07\/CDS_piscine_023_format-194x300.jpg 194w\" sizes=\"(max-width: 583px) 100vw, 583px\" \/><\/figure>\n\n\n\n<figure class=\"wp-block-image size-large\"><img loading=\"lazy\" width=\"617\" height=\"1024\" src=\"https:\/\/www.lacroixdusud.fr\/wp-content\/uploads\/2022\/07\/CDS_piscine_025_format-617x1024.jpg\" alt=\"\" class=\"wp-image-893\" srcset=\"https:\/\/www.lacroixdusud.fr\/wp-content\/uploads\/2022\/07\/CDS_piscine_025_format-617x1024.jpg 617w, https:\/\/www.lacroixdusud.fr\/wp-content\/uploads\/2022\/07\/CDS_piscine_025_format-181x300.jpg 181w, https:\/\/www.lacroixdusud.fr\/wp-content\/uploads\/2022\/07\/CDS_piscine_025_format-768x1274.jpg 768w, https:\/\/www.lacroixdusud.fr\/wp-content\/uploads\/2022\/07\/CDS_piscine_025_format.jpg 900w\" sizes=\"(max-width: 617px) 100vw, 617px\" \/><\/figure>\n<\/figure>\n<\/div>\n\n\n\n<div class=\"wp-block-column\">\n<h2 id=\"la-pataugeoire-a-l-eau-les-petits\">La piscina infantil: En el agua, los m\u00e1s peque\u00f1os<\/h2>\n\n\n\n<p>Para que su  <strong>Vacaciones en el agua en los Pirineos Orientales<\/strong>  La segunda parte del parque tambi\u00e9n es un lugar para que las familias se diviertan y aprovechen al m\u00e1ximo sus vacaciones.  <strong>piscina del <a href=\"https:\/\/www.lacroixdusud.fr\/es\/\" data-type=\"page\" data-id=\"5\">camping Barcar\u00e8s<\/a><\/strong>  Una zona \u00abespecial para ni\u00f1os\u00bb con todo tipo de juegos de agua.<\/p>\n\n\n\n<div class=\"wp-block-group lire-plus-mobile\"><div class=\"wp-block-group__inner-container\">\n<p>Leer m\u00e1s<\/p>\n\n\n\n<div class=\"wp-container-69eb93684a254 wp-block-group\"><div class=\"wp-block-group__inner-container\">\n<p>Encontrar\u00e1 un  <strong>piscina infantil en forma de tortuga<\/strong>  con burbujas en cada pierna para sorprender a los m\u00e1s peque\u00f1os, o  <strong>juegos de agua<\/strong>  como el mel\u00f3n que se llena poco a poco y luego se derrama en una cascada; y todo de golpe, \u00a1para gran sorpresa de los ni\u00f1os! Tambi\u00e9n encontrar\u00e1 el <strong>jard\u00edn acu\u00e1tico de bamb\u00fa<\/strong> con sus peque\u00f1os toboganes y chorros m\u00faltiples. La <strong>piscina infantil<\/strong> es un lugar ideal para que los ni\u00f1os chapoteen tranquilamente. Un lugar ideal para ellos.<\/p>\n\n\n\n<p>Las amplias playas ajardinadas que rodean la piscina infantil permiten a los padres vigilar a sus hijos con total seguridad, mientras que los que prefieren holgazanear al sol disponen de zonas para tomar el sol. Tambi\u00e9n hay un solarium adicional con vistas a las <strong>dos piscinas del camping<\/strong> La Croix du Sud en <strong>Barcar\u00e8s<\/strong>.<\/p>\n<\/div><\/div>\n<\/div><\/div>\n\n\n\n<div class=\"wp-container-69eb93684a5cd wp-block-buttons\">\n<div class=\"wp-block-button\"><a class=\"wp-block-button__link\" href=\"https:\/\/www.lacroixdusud.fr\/es\/actividades\/\">Actividades en el camping<\/a><\/div>\n\n\n\n<div class=\"wp-block-button btn_resa\"><a class=\"wp-block-button__link\">Libro<\/a><\/div>\n<\/div>\n<\/div>\n<\/div>\n<\/div><\/section>\n\n\n\n<section class=\"wp-container-69eb93684b4dd wp-block-group b-05-a\"><div class=\"wp-block-group__inner-container\">\n<div class=\"wp-block-columns\">\n<div class=\"wp-block-column\">\n<h2 id=\"profitez-des-bienfaits-de-l-eau-des-le-matin\">Disfruta de los beneficios del agua por la ma\u00f1ana<\/h2>\n\n\n\n<p>En unas vacaciones de camping, tienes tiempo para cuidar de ti mismo y de tu cuerpo. Aproveche la oportunidad de salir de su <a href=\"https:\/\/www.lacroixdusud.fr\/es\/casas-moviles\/\" data-type=\"page\" data-id=\"538\">alquiler de casas m\u00f3viles en Barcares<\/a> y participe en nuestros <strong>despertares acu\u00e1ticos<\/strong>, trabajando con el agua. Por la ma\u00f1ana, a las 11 horas, nuestro instructor le espera para la <strong>clase<\/strong> diaria <strong>de aquagym<\/strong> en un ambiente agradable. Por la tarde, podr\u00e1 entretenerse con la organizaci\u00f3n de juegos de piscina como el <strong>waterpolo<\/strong> en nuestro club de camping La Croix du Sud.<\/p>\n\n\n\n<div class=\"wp-block-group lire-plus-mobile\"><div class=\"wp-block-group__inner-container\">\n<p>Leer m\u00e1s<\/p>\n\n\n\n<div class=\"wp-container-69eb93684ad1d wp-block-group\"><div class=\"wp-block-group__inner-container\">\n<p>Tambi\u00e9n le ofrecemos un poco de ejercicio en seco con el <strong>despertar muscular<\/strong> (julio\/agosto) o, para los que lo prefieran, simplemente un <strong>poco de relajaci\u00f3n con los chorros de hidromasaje y la cascada<\/strong>. Los pasos progresivos le guiar\u00e1n hacia una multitud de posibilidades en esta zona de bienestar de nuestro complejo acu\u00e1tico.<\/p>\n\n\n\n<p>Tras el esfuerzo, vuelva a su casa m\u00f3vil o dir\u00edjase al bar y al restaurante para encontrar algo que comer.<\/p>\n\n\n\n<p>Aseg\u00farese de pasar unas buenas vacaciones en Languedoc Roussillon gracias a la piscina del camping village La Croix du Sud.<\/p>\n<\/div><\/div>\n<\/div><\/div>\n\n\n\n<div class=\"wp-container-69eb93684b14d wp-block-buttons\">\n<div class=\"wp-block-button\"><a class=\"wp-block-button__link\" href=\"https:\/\/www.lacroixdusud.fr\/es\/casas-moviles\/\">Nuestras casas m\u00f3viles  <\/a><\/div>\n\n\n\n<div class=\"wp-block-button\"><a class=\"wp-block-button__link\" href=\"https:\/\/www.lacroixdusud.fr\/es\/ubicaciones\/\">Nuestras sedes<\/a><\/div>\n<\/div>\n<\/div>\n\n\n\n<div class=\"wp-block-column\">\n<figure class=\"wp-block-image size-full feuille-top-right coquillage1-bottom-right\"><img loading=\"lazy\" width=\"1500\" height=\"1001\" src=\"https:\/\/www.lacroixdusud.fr\/wp-content\/uploads\/2022\/07\/espace-aquatique-croix-du-sud-09.jpg\" alt=\"\" class=\"wp-image-905\" srcset=\"https:\/\/www.lacroixdusud.fr\/wp-content\/uploads\/2022\/07\/espace-aquatique-croix-du-sud-09.jpg 1500w, https:\/\/www.lacroixdusud.fr\/wp-content\/uploads\/2022\/07\/espace-aquatique-croix-du-sud-09-300x200.jpg 300w, https:\/\/www.lacroixdusud.fr\/wp-content\/uploads\/2022\/07\/espace-aquatique-croix-du-sud-09-1024x683.jpg 1024w, https:\/\/www.lacroixdusud.fr\/wp-content\/uploads\/2022\/07\/espace-aquatique-croix-du-sud-09-768x513.jpg 768w\" sizes=\"(max-width: 1500px) 100vw, 1500px\" \/><\/figure>\n<\/div>\n<\/div>\n<\/div><\/section>\n","protected":false},"excerpt":{"rendered":"<p>Camping Barcares con piscina en los Pirineos Orientales Durante su estancia en los Pirineos Orientales, en el camping La Croix du Sud de Barcar\u00e8s, disfrute de los placeres de la nataci\u00f3n descubriendo nuestro espacio acu\u00e1tico climatizado que ser\u00e1 una verdadera ventaja durante sus vacaciones. Camping en Barcares con tobog\u00e1n de agua Lugar de convivencia, de [&hellip;]<\/p>\n","protected":false},"author":1,"featured_media":2175,"parent":0,"menu_order":0,"comment_status":"closed","ping_status":"closed","template":"","meta":[],"acf":[],"_links":{"self":[{"href":"https:\/\/www.lacroixdusud.fr\/es\/wp-json\/wp\/v2\/pages\/2293"}],"collection":[{"href":"https:\/\/www.lacroixdusud.fr\/es\/wp-json\/wp\/v2\/pages"}],"about":[{"href":"https:\/\/www.lacroixdusud.fr\/es\/wp-json\/wp\/v2\/types\/page"}],"author":[{"embeddable":true,"href":"https:\/\/www.lacroixdusud.fr\/es\/wp-json\/wp\/v2\/users\/1"}],"replies":[{"embeddable":true,"href":"https:\/\/www.lacroixdusud.fr\/es\/wp-json\/wp\/v2\/comments?post=2293"}],"version-history":[{"count":5,"href":"https:\/\/www.lacroixdusud.fr\/es\/wp-json\/wp\/v2\/pages\/2293\/revisions"}],"predecessor-version":[{"id":2589,"href":"https:\/\/www.lacroixdusud.fr\/es\/wp-json\/wp\/v2\/pages\/2293\/revisions\/2589"}],"wp:featuredmedia":[{"embeddable":true,"href":"https:\/\/www.lacroixdusud.fr\/es\/wp-json\/wp\/v2\/media\/2175"}],"wp:attachment":[{"href":"https:\/\/www.lacroixdusud.fr\/es\/wp-json\/wp\/v2\/media?parent=2293"}],"curies":[{"name":"wp","href":"https:\/\/api.w.org\/{rel}","templated":true}]}}