{"id":2304,"date":"2022-10-13T16:42:02","date_gmt":"2022-10-13T14:42:02","guid":{"rendered":"https:\/\/www.lacroixdusud.fr\/preguntas-frecuentes\/"},"modified":"2022-10-13T16:42:03","modified_gmt":"2022-10-13T14:42:03","slug":"preguntas-frecuentes","status":"publish","type":"page","link":"https:\/\/www.lacroixdusud.fr\/es\/preguntas-frecuentes\/","title":{"rendered":"Preguntas frecuentes"},"content":{"rendered":"\n<section class=\"wp-container-69f213af14922 wp-block-group a-00-a\"><div class=\"wp-block-group__inner-container\">\n<div class=\"wp-block-cover alignfull is-light\"><span aria-hidden=\"true\" class=\"has-white-background-color has-background-dim-0 wp-block-cover__gradient-background has-background-dim\"><\/span><img loading=\"lazy\" width=\"1920\" height=\"1280\" class=\"wp-block-cover__image-background wp-image-1182\" alt=\"\" src=\"https:\/\/www.lacroixdusud.fr\/wp-content\/uploads\/2022\/07\/CDS_piscine_005-format.jpg\" style=\"object-position:52% 52%\" data-object-fit=\"cover\" data-object-position=\"52% 52%\" srcset=\"https:\/\/www.lacroixdusud.fr\/wp-content\/uploads\/2022\/07\/CDS_piscine_005-format.jpg 1920w, https:\/\/www.lacroixdusud.fr\/wp-content\/uploads\/2022\/07\/CDS_piscine_005-format-300x200.jpg 300w, https:\/\/www.lacroixdusud.fr\/wp-content\/uploads\/2022\/07\/CDS_piscine_005-format-1024x683.jpg 1024w, https:\/\/www.lacroixdusud.fr\/wp-content\/uploads\/2022\/07\/CDS_piscine_005-format-768x512.jpg 768w, https:\/\/www.lacroixdusud.fr\/wp-content\/uploads\/2022\/07\/CDS_piscine_005-format-1536x1024.jpg 1536w\" sizes=\"(max-width: 1920px) 100vw, 1920px\" \/><div class=\"wp-block-cover__inner-container\">\n<h1 class=\"has-text-align-center has-white-color has-text-color\" id=\"foire-aux-questions\">Preguntas frecuentes<\/h1>\n<\/div><\/div>\n<\/div><\/section>\n\n<div style=\"height:50px\" aria-hidden=\"true\" class=\"wp-block-spacer\"><\/div>\n\n<div class=\"wp-container-69f213af15ef8 wp-block-group faq\"><div class=\"wp-block-group__inner-container\">\n<div class=\"wp-block-group accordeon\"><div class=\"wp-block-group__inner-container\">\n<p>Medios de pago<\/p>\n\n\n\n<div class=\"wp-container-69f213af14d1c wp-block-group\"><div class=\"wp-block-group__inner-container\">\n<p>\u00bfQu\u00e9 m\u00e9todos de pago se aceptan?<\/p>\n\n\n\n<ul><li>Cheque bancario (aceptado en la reserva y pagado 6 semanas antes de la llegada)<\/li><li>Tarjeta bancaria y venta a distancia<\/li><li>Transferencia bancaria europea (datos bancarios del camping: c\u00f3digo IBAN = FR76 1710 6000 0930 0074 0819 251 \/ c\u00f3digo BIC = AGRIFRPP871)<\/li><li>Se aceptan vales de vacaciones (sin l\u00edmite de cantidad) tambi\u00e9n en el bar y en la tienda de comestibles (sin cambio) ( <em>No recorte el cup\u00f3n desprendible (env\u00edelo completo)<\/em><\/li><li>Ticket de restaurante en el bar y tienda de comestibles (no se da cambio)<\/li><\/ul><\/div><\/div>\n<\/div><\/div>\n\n\n\n<div class=\"wp-block-group accordeon\"><div class=\"wp-block-group__inner-container\">\n<p>Distancias<\/p>\n\n\n\n<div class=\"wp-container-69f213af150a3 wp-block-group\"><div class=\"wp-block-group__inner-container\">\n<ul><li>\u00bfA qu\u00e9 distancia est\u00e1 la playa? El camping est\u00e1 situado a 600 m de la playa (10 minutos a pie)<\/li><li>\u00bfA qu\u00e9 distancia est\u00e1 el pueblo? El camping est\u00e1 situado a 1 km del pueblo<\/li><li>\u00bfA qu\u00e9 distancia est\u00e1 el puerto? El camping est\u00e1 situado a 3 km del puerto<\/li><li>\u00bfA qu\u00e9 distancia est\u00e1 el centro comercial? El camping se encuentra a 1 km del centro comercial (INTER MARCHE, Lidl y ALDI) 1,5 km de SUPER U<\/li><li>\u00bfA qu\u00e9 distancia est\u00e1 la frontera espa\u00f1ola? El camping est\u00e1 situado a 40 km de la frontera espa\u00f1ola<\/li><\/ul><\/div><\/div>\n<\/div><\/div>\n\n\n\n<div class=\"wp-block-group accordeon\"><div class=\"wp-block-group__inner-container\">\n<p>Piscina<\/p>\n\n\n\n<div class=\"wp-container-69f213af15446 wp-block-group\"><div class=\"wp-block-group__inner-container\">\n<ul><li>Se permite nadar con calzoncillos y b\u00f3xers, bikini y traje de ba\u00f1o de una pieza<\/li><li>No se permite el uso de pantalones cortos de ba\u00f1o, burka o cualquier otra prenda.<\/li><li>La pulsera de reconocimiento es obligatoria durante toda la estancia, incluso para las personas que no utilizan la piscina, ya que la pulsera es necesaria para entrar en el <a href=\"https:\/\/www.lacroixdusud.fr\/es\/\" data-type=\"page\" data-id=\"5\">camping Barcares<\/a>.<\/li><\/ul><\/div><\/div>\n<\/div><\/div>\n\n\n\n<div class=\"wp-block-group accordeon\"><div class=\"wp-block-group__inner-container\">\n<p>Elecci\u00f3n de la ubicaci\u00f3n<\/p>\n\n\n\n<div class=\"wp-container-69f213af1582c wp-block-group\"><div class=\"wp-block-group__inner-container\">\n<p>\u00bfC\u00f3mo se asignan las parcelas?<\/p>\n\n\n\n<ul><li>Los asientos son asignados indiscriminadamente por el departamento de reservas.<\/li><li>Sin embargo, puede indicar una preferencia (cerca de los aseos, o cerca de la entrada, o al lado de un amigo o de la familia. Haremos todo lo posible por encontrar el lugar m\u00e1s adecuado para usted. (sujeto a disponibilidad)<\/li><li>En el caso de las caravanas o autocaravanas, es importante especificar el tama\u00f1o de su equipo para poder asignarle la parcela adecuada.<\/li><li><strong>La elecci\u00f3n de una parcela no conlleva ning\u00fan coste adicional.<\/strong><\/li><\/ul><\/div><\/div>\n<\/div><\/div>\n\n\n\n<div class=\"wp-block-group accordeon\"><div class=\"wp-block-group__inner-container\">\n<p>Alquiler de equipos<\/p>\n\n\n\n<div class=\"wp-container-69f213af15bc3 wp-block-group\"><div class=\"wp-block-group__inner-container\">\n<ul><li>Todas las casas m\u00f3viles disponen de mantas y almohadas<\/li><li>No se proporcionan s\u00e1banas (se pueden alquilar)<\/li><li>La lista completa del equipo proporcionado se incluye en la descripci\u00f3n de cada alquiler, y se le enviar\u00e1 con su confirmaci\u00f3n<\/li><li>Televisi\u00f3n y aire acondicionado en todas las casas m\u00f3viles CONFORT, FUN y TROPICAL LUXURY<\/li><\/ul><\/div><\/div>\n<\/div><\/div>\n<\/div><\/div>\n\n<div style=\"height:50px\" aria-hidden=\"true\" class=\"wp-block-spacer\"><\/div>\n\n<div class=\"wp-container-69f213af162cc wp-block-buttons\">\n<div class=\"wp-block-button btn_resa\"><a class=\"wp-block-button__link\">Reservar mi estancia<\/a><\/div>\n\n\n\n<div class=\"wp-block-button\"><a class=\"wp-block-button__link\" href=\"https:\/\/www.lacroixdusud.fr\/es\/\">Volver a la p\u00e1gina de inicio<\/a><\/div>\n<\/div>\n","protected":false},"excerpt":{"rendered":"","protected":false},"author":1,"featured_media":0,"parent":0,"menu_order":0,"comment_status":"closed","ping_status":"closed","template":"","meta":[],"acf":[],"_links":{"self":[{"href":"https:\/\/www.lacroixdusud.fr\/es\/wp-json\/wp\/v2\/pages\/2304"}],"collection":[{"href":"https:\/\/www.lacroixdusud.fr\/es\/wp-json\/wp\/v2\/pages"}],"about":[{"href":"https:\/\/www.lacroixdusud.fr\/es\/wp-json\/wp\/v2\/types\/page"}],"author":[{"embeddable":true,"href":"https:\/\/www.lacroixdusud.fr\/es\/wp-json\/wp\/v2\/users\/1"}],"replies":[{"embeddable":true,"href":"https:\/\/www.lacroixdusud.fr\/es\/wp-json\/wp\/v2\/comments?post=2304"}],"version-history":[{"count":3,"href":"https:\/\/www.lacroixdusud.fr\/es\/wp-json\/wp\/v2\/pages\/2304\/revisions"}],"predecessor-version":[{"id":2307,"href":"https:\/\/www.lacroixdusud.fr\/es\/wp-json\/wp\/v2\/pages\/2304\/revisions\/2307"}],"wp:attachment":[{"href":"https:\/\/www.lacroixdusud.fr\/es\/wp-json\/wp\/v2\/media?parent=2304"}],"curies":[{"name":"wp","href":"https:\/\/api.w.org\/{rel}","templated":true}]}}