{"id":2328,"date":"2022-10-13T16:45:52","date_gmt":"2022-10-13T14:45:52","guid":{"rendered":"https:\/\/www.lacroixdusud.fr\/casas-moviles\/"},"modified":"2026-03-25T11:26:29","modified_gmt":"2026-03-25T10:26:29","slug":"casas-moviles","status":"publish","type":"page","link":"https:\/\/www.lacroixdusud.fr\/es\/casas-moviles\/","title":{"rendered":"Casas m\u00f3viles"},"content":{"rendered":"\n<section class=\"wp-container-69d1d3b8a946a wp-block-group a-00-a\"><div class=\"wp-block-group__inner-container\">\n<div class=\"wp-block-cover alignfull\"><span aria-hidden=\"true\" class=\"has-bleu-background-color has-background-dim-0 wp-block-cover__gradient-background has-background-dim\"><\/span><img loading=\"lazy\" width=\"1200\" height=\"800\" class=\"wp-block-cover__image-background wp-image-1873\" alt=\"\" src=\"https:\/\/www.lacroixdusud.fr\/wp-content\/uploads\/2022\/09\/twiny-terrasse3.jpg\" style=\"object-position:50% 79%\" data-object-fit=\"cover\" data-object-position=\"50% 79%\" srcset=\"https:\/\/www.lacroixdusud.fr\/wp-content\/uploads\/2022\/09\/twiny-terrasse3.jpg 1200w, https:\/\/www.lacroixdusud.fr\/wp-content\/uploads\/2022\/09\/twiny-terrasse3-300x200.jpg 300w, https:\/\/www.lacroixdusud.fr\/wp-content\/uploads\/2022\/09\/twiny-terrasse3-1024x683.jpg 1024w, https:\/\/www.lacroixdusud.fr\/wp-content\/uploads\/2022\/09\/twiny-terrasse3-768x512.jpg 768w\" sizes=\"(max-width: 1200px) 100vw, 1200px\" \/><div class=\"wp-block-cover__inner-container\">\n<p class=\"has-text-align-center has-large-font-size\"><\/p>\n<\/div><\/div>\n\n\n\n<div class=\"wp-container-69d1d3b8a9187 wp-block-group intro\"><div class=\"wp-block-group__inner-container\">\n<h1 class=\"has-text-align-left\" id=\"mobil-home-barcares-nos-locations\">Mobile home Barcares : nuestros alquileres<\/h1>\n\n\n\n<p>Aproveche una <strong>amplia gama de mobil-homes<\/strong> que satisfar\u00e1n todas sus necesidades para su pr\u00f3xima estancia en el <strong>camping de Barcares<\/strong>.<\/p>\n<\/div><\/div>\n<\/div><\/section>\n\n\n\n<section class=\"wp-container-69d1d3b8a9b74 wp-block-group b-00-b\"><div class=\"wp-block-group__inner-container\">\n<div class=\"wp-block-columns\">\n<div class=\"wp-block-column\">\n<figure class=\"wp-block-gallery has-nested-images columns-default is-cropped coquillage2-top-right\">\n<figure class=\"wp-block-image size-large\"><img loading=\"lazy\" width=\"684\" height=\"1024\" src=\"https:\/\/www.lacroixdusud.fr\/wp-content\/uploads\/2022\/07\/loggia-compact-interieur1-684x1024.jpg\" alt=\"\" class=\"wp-image-759\" srcset=\"https:\/\/www.lacroixdusud.fr\/wp-content\/uploads\/2022\/07\/loggia-compact-interieur1-684x1024.jpg 684w, https:\/\/www.lacroixdusud.fr\/wp-content\/uploads\/2022\/07\/loggia-compact-interieur1-200x300.jpg 200w, https:\/\/www.lacroixdusud.fr\/wp-content\/uploads\/2022\/07\/loggia-compact-interieur1-768x1150.jpg 768w, https:\/\/www.lacroixdusud.fr\/wp-content\/uploads\/2022\/07\/loggia-compact-interieur1.jpg 1000w\" sizes=\"(max-width: 684px) 100vw, 684px\" \/><\/figure>\n\n\n\n<figure class=\"wp-block-image size-large\"><img loading=\"lazy\" width=\"1024\" height=\"681\" src=\"https:\/\/www.lacroixdusud.fr\/wp-content\/uploads\/2022\/07\/ensemble-5-helios-1024x681.jpg\" alt=\"\" class=\"wp-image-867\" srcset=\"https:\/\/www.lacroixdusud.fr\/wp-content\/uploads\/2022\/07\/ensemble-5-helios-1024x681.jpg 1024w, https:\/\/www.lacroixdusud.fr\/wp-content\/uploads\/2022\/07\/ensemble-5-helios-300x200.jpg 300w, https:\/\/www.lacroixdusud.fr\/wp-content\/uploads\/2022\/07\/ensemble-5-helios-768x511.jpg 768w, https:\/\/www.lacroixdusud.fr\/wp-content\/uploads\/2022\/07\/ensemble-5-helios-1536x1022.jpg 1536w, https:\/\/www.lacroixdusud.fr\/wp-content\/uploads\/2022\/07\/ensemble-5-helios.jpg 2000w\" sizes=\"(max-width: 1024px) 100vw, 1024px\" \/><\/figure>\n<\/figure>\n<\/div>\n\n\n\n<div class=\"wp-block-column\">\n<h2 id=\"choisir-sa-location-mobil-home-barcares-au-camping-la-croix-du-sud\">Elija su alquiler de mobil-home en Barcares en el camping La Croix du Sud<\/h2>\n\n\n\n<p><a href=\"https:\/\/www.lacroixdusud.fr\/es\/\" data-type=\"page\" data-id=\"5\">El camping de 4 estrellas Pyr\u00e9n\u00e9es Orientales<\/a> La Croix du Sud, en <strong>Barcar\u00e8s<\/strong> (66), le ofrece <strong>una gama de mobil-homes <\/strong>que responder\u00e1 a todas sus expectativas, a s\u00f3lo <strong>600 metros del mar<\/strong>. Entre nuestros<strong> alojamientos <\/strong>disponibles para el alquiler, ofrecemos <strong>4 gamas de alojamiento<\/strong> en nuestro <strong>camping en Barcares<\/strong>:<\/p>\n\n\n\n<div class=\"wp-container-69d1d3b8a989f wp-block-buttons\">\n<div class=\"wp-block-button btn_resa\"><a class=\"wp-block-button__link\">Reservar mi estancia<\/a><\/div>\n\n\n\n<div class=\"wp-block-button has-custom-width wp-block-button__width-50\"><a class=\"wp-block-button__link\" href=\"https:\/\/www.lacroixdusud.fr\/es\/galeria-de-medios\/\">Galer\u00eda de fotos<\/a><\/div>\n<\/div>\n<\/div>\n<\/div>\n<\/div><\/section>\n\n\n\n<p class=\"has-text-align-center titre-locations\">Descubra nuestra gama de alojamientos para todos los presupuestos<\/p>\n\n\n\n<section class=\"wp-container-69d1d3b8a9fae wp-block-group b-35-a tropical\"><div class=\"wp-block-group__inner-container\">\n<div class=\"wp-block-columns reverse-mob\">\n<div class=\"wp-block-column\"><ul class=\"liste-locations\"><li class=\"liste-locations__item\"><a href=\"https:\/\/www.lacroixdusud.fr\/es\/locations\/mobil-home-riviera-tropical\/\">\r\n\t\t\t\t\t\t\t\t\t\t\t\t<span class=\"liste-locations__item__titre\">Mobil Home Riviera<\/span>\r\n\t\t\t\t\t\t\t\t\t\t\t\t<span class=\"liste-locations__item__texte\">2 habitaciones para 4\/6 personas<\/span>\r\n\t\t\t\t\t\t\t\t\t\t\t\t<figure><img src=\"https:\/\/www.lacroixdusud.fr\/wp-content\/uploads\/2022\/09\/jardin-2-riviera-tropical-e1666864150619.jpg\" alt=\"Mobil Home Riviera\"><\/figure>\r\n\t\t\t\t\t\t\t\t\t\t<\/a><\/li><li class=\"liste-locations__item\"><a href=\"https:\/\/www.lacroixdusud.fr\/es\/locations\/mobil-home-bora-bora-tropical\/\">\r\n\t\t\t\t\t\t\t\t\t\t\t\t<span class=\"liste-locations__item__titre\">Mobil Home Bora Bora<\/span>\r\n\t\t\t\t\t\t\t\t\t\t\t\t<span class=\"liste-locations__item__texte\">2 habitaciones para 4\/6 personas<\/span>\r\n\t\t\t\t\t\t\t\t\t\t\t\t<figure><img src=\"https:\/\/www.lacroixdusud.fr\/wp-content\/uploads\/2022\/09\/IMG_20220930_104825-ConvertImage-scaled-e1666863890245.jpg\" alt=\"Mobil Home Bora Bora\"><\/figure>\r\n\t\t\t\t\t\t\t\t\t\t<\/a><\/li><li class=\"liste-locations__item\"><a href=\"https:\/\/www.lacroixdusud.fr\/es\/locations\/mobil-home-moorea-tropical\/\">\r\n\t\t\t\t\t\t\t\t\t\t\t\t<span class=\"liste-locations__item__titre\">Mobil Home Moorea<\/span>\r\n\t\t\t\t\t\t\t\t\t\t\t\t<span class=\"liste-locations__item__texte\">2 habitaciones para 4 personas<\/span>\r\n\t\t\t\t\t\t\t\t\t\t\t\t<figure><img src=\"https:\/\/www.lacroixdusud.fr\/wp-content\/uploads\/2022\/09\/IMG_20220930_105608-ConvertImage-scaled-e1666872877144.jpg\" alt=\"Mobil Home Moorea\"><\/figure>\r\n\t\t\t\t\t\t\t\t\t\t<\/a><\/li><\/ul>\n<\/div>\n\n\n\n<div class=\"wp-block-column\" style=\"flex-basis:48%\">\n<h2 id=\"tropical-luxe\">Lujo tropical <i class=\"far fa-star\"><\/i><i class=\"far fa-star\"><\/i><i class=\"far fa-star\"><\/i><i class=\"far fa-star\"><\/i><\/h2>\n\n\n\n<p>Para los que quieran hacer algo especial durante su estancia en <strong>Barcar\u00e8s<\/strong>, pueden alojarse en nuestros alojamientos de lujo en un entorno ex\u00f3tico. Hemos integrado una nueva gama \u00abTropical Luxe\u00bb, en la que encontrar\u00e1 incluida en la tarifa una f\u00f3rmula VIP, con acceso a la zona de fitness, a la zona de relax y tambi\u00e9n un c\u00f3digo de Internet ilimitado.<\/p>\n\n\n\n<ul class=\"pictos\"><li><i class=\"far fa-air-conditioner\"><\/i>  Aire acondicionado<\/li><li><i class=\"far fa-tv\"><\/i>  Televisi\u00f3n<\/li><li><i class=\"far fa-utensils\"><\/i>  Cocina totalmente equipada<\/li><li><i class=\"far fa-wifi\"><\/i>  Wifi ilimitado<\/li><li><i class=\"far fa-umbrella-beach\"><\/i>  Terraza cubierta<\/li><li><i class=\"far fa-spa\"><\/i>  Zona de relax<\/li><\/ul>\n<\/div>\n<\/div>\n<\/div><\/section>\n\n\n\n<section class=\"wp-container-69d1d3b8aa368 wp-block-group b-35-a fun has-jauneclair-background-color has-background\"><div class=\"wp-block-group__inner-container\">\n<div class=\"wp-block-columns\">\n<div class=\"wp-block-column\" style=\"flex-basis:48%\">\n<h2 id=\"fun\">Diversi\u00f3n<i class=\"far fa-star\"><\/i><i class=\"far fa-star\"><\/i><i class=\"far fa-star\"><\/i><\/h2>\n\n\n\n<p>Estos alojamientos, amplios y luminosos, son perfectos para quienes buscan una casa m\u00f3vil moderna y funcional en Barcar\u00e8s, con muchas caracter\u00edsticas para facilitar la organizaci\u00f3n de sus vacaciones. Entre ellas, encontrar\u00e1 un vestidor, una suite principal, secadores de pelo, una terraza sombreada con red, etc.<\/p>\n\n\n\n<ul class=\"pictos\"><li><i class=\"far fa-air-conditioner\"><\/i>  Aire acondicionado<\/li><li><i class=\"far fa-tv\"><\/i>  Televisi\u00f3n<\/li><li><i class=\"far fa-utensils\"><\/i>  Cocina totalmente equipada<\/li><li><i class=\"far fa-home-heart\"><\/i>  Amplio alojamiento<\/li><li><i class=\"far fa-umbrella-beach\"><\/i>  Terraza semi-sombra<\/li><\/ul>\n<\/div>\n\n\n\n<div class=\"wp-block-column\"><ul class=\"liste-locations\"><li class=\"liste-locations__item\"><a href=\"https:\/\/www.lacroixdusud.fr\/es\/locations\/mobil-home-suite-family\/\">\r\n\t\t\t\t\t\t\t\t\t\t\t\t<span class=\"liste-locations__item__titre\">Mobil Home Suite Familiar<\/span>\r\n\t\t\t\t\t\t\t\t\t\t\t\t<span class=\"liste-locations__item__texte\">3 habitaciones para 6\/8 personas<\/span>\r\n\t\t\t\t\t\t\t\t\t\t\t\t<figure><img src=\"https:\/\/www.lacroixdusud.fr\/wp-content\/uploads\/2022\/09\/suite-family-terrasse2-ConvertImage.jpg\" alt=\"Mobil Home Suite Familiar\"><\/figure>\r\n\t\t\t\t\t\t\t\t\t\t<\/a><\/li><li class=\"liste-locations__item\"><a href=\"https:\/\/www.lacroixdusud.fr\/es\/locations\/mobil-home-summer\/\">\r\n\t\t\t\t\t\t\t\t\t\t\t\t<span class=\"liste-locations__item__titre\">Mobil Home Verano<\/span>\r\n\t\t\t\t\t\t\t\t\t\t\t\t<span class=\"liste-locations__item__texte\">2 habitaciones para 4\/6 personas<\/span>\r\n\t\t\t\t\t\t\t\t\t\t\t\t<figure><img src=\"https:\/\/www.lacroixdusud.fr\/wp-content\/uploads\/2022\/09\/IMG_1692-scaled.jpg\" alt=\"Mobil Home Verano\"><\/figure>\r\n\t\t\t\t\t\t\t\t\t\t<\/a><\/li><li class=\"liste-locations__item\"><a href=\"https:\/\/www.lacroixdusud.fr\/es\/locations\/mobil-home-twiny\/\">\r\n\t\t\t\t\t\t\t\t\t\t\t\t<span class=\"liste-locations__item__titre\">Mobil Home Twiny<\/span>\r\n\t\t\t\t\t\t\t\t\t\t\t\t<span class=\"liste-locations__item__texte\">1 habitaci\u00f3n 2\/4 personas<\/span>\r\n\t\t\t\t\t\t\t\t\t\t\t\t<figure><img src=\"https:\/\/www.lacroixdusud.fr\/wp-content\/uploads\/2022\/09\/twiny-exterieur-4.jpg\" alt=\"Mobil Home Twiny\"><\/figure>\r\n\t\t\t\t\t\t\t\t\t\t<\/a><\/li><\/ul>\n<\/div>\n<\/div>\n<\/div><\/section>\n\n\n\n<section class=\"wp-container-69d1d3b8aa72b wp-block-group b-35-a confort\"><div class=\"wp-block-group__inner-container\">\n<div class=\"wp-block-columns reverse-mob\">\n<div class=\"wp-block-column\"><ul class=\"liste-locations\"><li class=\"liste-locations__item \"><a href=\"https:\/\/www.lacroixdusud.fr\/es\/locations\/mobil-home-cordelia\/\">\r\n\t\t\t\t\t\t\t\t\t\t\t\t<span class=\"liste-locations__item__titre\">Mobil Home Cordelia<\/span>\r\n\t\t\t\t\t\t\t\t\t\t\t\t<span class=\"liste-locations__item__texte\">3 habitaciones para 6\/8 personas<\/span>\r\n\t\t\t\t\t\t\t\t\t\t\t\t<figure><img src=\"https:\/\/www.lacroixdusud.fr\/wp-content\/uploads\/2022\/09\/Terrasse-Cordelia-1-scaled.jpg\" alt=\"Mobil Home Cordelia\"><\/figure>\r\n\t\t\t\t\t\t\t\t\t\t<\/a><\/li><li class=\"liste-locations__item pmr\"><a href=\"https:\/\/www.lacroixdusud.fr\/es\/locations\/movil-hogar-helios\/\">\r\n\t\t\t\t\t\t\t\t\t\t\t\t<span class=\"liste-locations__item__titre\">Mobil Home H\u00e9lios<\/span>\r\n\t\t\t\t\t\t\t\t\t\t\t\t<span class=\"liste-locations__item__texte\">2 habitaciones para 4\/5 personas<\/span>\r\n\t\t\t\t\t\t\t\t\t\t\t\t<figure><img src=\"https:\/\/www.lacroixdusud.fr\/wp-content\/uploads\/2022\/09\/terrasse-4-helios.jpg\" alt=\"Mobil Home H\u00e9lios\"><\/figure>\r\n\t\t\t\t\t\t\t\t\t\t<\/a><\/li><li class=\"liste-locations__item \"><a href=\"https:\/\/www.lacroixdusud.fr\/es\/locations\/logia-de-la-casa-movil\/\">\r\n\t\t\t\t\t\t\t\t\t\t\t\t<span class=\"liste-locations__item__titre\">Logia de la casa m\u00f3vil<\/span>\r\n\t\t\t\t\t\t\t\t\t\t\t\t<span class=\"liste-locations__item__texte\">2 habitaciones para 4 personas<\/span>\r\n\t\t\t\t\t\t\t\t\t\t\t\t<figure><img src=\"https:\/\/www.lacroixdusud.fr\/wp-content\/uploads\/2022\/09\/Extrieur-LOGGIA-ConvertImage.jpg\" alt=\"Logia de la casa m\u00f3vil\"><\/figure>\r\n\t\t\t\t\t\t\t\t\t\t<\/a><\/li><li class=\"liste-locations__item \"><a href=\"https:\/\/www.lacroixdusud.fr\/es\/locations\/logia-para-casas-moviles-compacta\/\">\r\n\t\t\t\t\t\t\t\t\t\t\t\t<span class=\"liste-locations__item__titre\">Logia para casas m\u00f3viles compacta<\/span>\r\n\t\t\t\t\t\t\t\t\t\t\t\t<span class=\"liste-locations__item__texte\">2 habitaciones para 4 personas<\/span>\r\n\t\t\t\t\t\t\t\t\t\t\t\t<figure><img src=\"https:\/\/www.lacroixdusud.fr\/wp-content\/uploads\/2022\/09\/Exterieur-LOGGIA-COMPACT-scaled.jpg\" alt=\"Logia para casas m\u00f3viles compacta\"><\/figure>\r\n\t\t\t\t\t\t\t\t\t\t<\/a><\/li><li class=\"liste-locations__item \"><a href=\"https:\/\/www.lacroixdusud.fr\/es\/locations\/mobil-home-cordelia-new\/\">\r\n\t\t\t\t\t\t\t\t\t\t\t\t<span class=\"liste-locations__item__titre\">Mobile Home Cordelia Nuevo<\/span>\r\n\t\t\t\t\t\t\t\t\t\t\t\t<span class=\"liste-locations__item__texte\">3 habitaciones para 6\/8 personas<\/span>\r\n\t\t\t\t\t\t\t\t\t\t\t\t<figure><img src=\"https:\/\/www.lacroixdusud.fr\/wp-content\/uploads\/2022\/09\/Terrasse-Cordelia-1-scaled.jpg\" alt=\"Mobile Home Cordelia Nuevo\"><\/figure>\r\n\t\t\t\t\t\t\t\t\t\t<\/a><\/li><\/ul>\n<\/div>\n\n\n\n<div class=\"wp-block-column\" style=\"flex-basis:30%\">\n<h2 id=\"confort-fa-icon-icon-far-fa-star-fa-icon-icon-far-fa-star\">Confort <i class=\"far fa-star\"><\/i><i class=\"far fa-star\"><\/i><\/h2>\n\n\n\n<p>Ideales para estancias en familia o con amigos, las casas m\u00f3viles de la gama \u00abConfort\u00bb le proporcionar\u00e1n espacio y equipamiento extra en los distintos alojamientos, para que pueda pasar unas vacaciones serenas con acceso a las distintas comodidades necesarias en un camping de Barcar\u00e8s.<\/p>\n\n\n\n<ul class=\"pictos\"><li><i class=\"far fa-air-conditioner\"><\/i>  Aire acondicionado<\/li><li><i class=\"far fa-tv\"><\/i>  Televisi\u00f3n<\/li><li><i class=\"far fa-utensils\"><\/i>  Cocina totalmente equipada<\/li><\/ul>\n<\/div>\n<\/div>\n<\/div><\/section>\n\n\n\n<section class=\"wp-container-69d1d3b8aaad6 wp-block-group b-35-a-bis has-jauneclair-background-color has-background\"><div class=\"wp-block-group__inner-container\">\n<div class=\"wp-block-columns\">\n<div class=\"wp-block-column\" style=\"flex-basis:48%\">\n<h2 id=\"essentiel\">Imprescindible <i class=\"far fa-star\"><\/i><\/h2>\n\n\n\n<p id=\"la-gamme-essentiel-est-ideal-pour-ceux-qui-privilegient-une-location-au-camping-a-barcares-a-prix-doux-pour-cela-ils-peuvent-compter-sur-des-mobil-homes-comprenant-2-chambres-mais-aussi-sur-des-coco-sweet-tente-amenagee-ces-logements-insolites-qui-s-apparentent-a-des-cabanes-pour-les-plus-petits-ont-de-quoi-ravir-toute-la-famille\">La gama \u00abesencial\u00bb es ideal para quienes prefieren alquilar un <strong>camping en Barcar\u00e8s<\/strong> a un precio bajo. Para ello, pueden contar con casas m\u00f3viles de 2 dormitorios, pero tambi\u00e9n con Coco Sweet<strong>(tienda de campa\u00f1a equipada<\/strong>). Estos <strong>ins\u00f3litos alojamientos<\/strong>, similares a \u00abcaba\u00f1as\u00bb para los m\u00e1s peque\u00f1os, son una delicia para toda la familia.<\/p>\n\n\n\n<ul class=\"pictos\"><li><i class=\"far fa-euro-sign\"><\/i>  Precio m\u00ednimo<\/li><li><i class=\"far fa-house-tree\"><\/i>  Estancia inusual<\/li><li><i class=\"far fa-campfire\"><\/i>  El esp\u00edritu del camping<\/li><\/ul>\n<\/div>\n\n\n\n<div class=\"wp-block-column\"><ul class=\"liste-locations\"><li class=\"liste-locations__item\"><a href=\"https:\/\/www.lacroixdusud.fr\/es\/locations\/mobil-home-ophea\/\">\r\n\t\t\t\t\t\t\t\t\t\t\t\t<span class=\"liste-locations__item__titre\">Mobil Home O&#8217;Ph\u00e9a<\/span>\r\n\t\t\t\t\t\t\t\t\t\t\t\t<span class=\"liste-locations__item__texte\">3 habitaciones para 6 personas<\/span>\r\n\t\t\t\t\t\t\t\t\t\t\t\t<figure><img src=\"https:\/\/www.lacroixdusud.fr\/wp-content\/uploads\/2022\/09\/terrasse-ophea.jpg\" alt=\"Mobil Home O&#8217;Ph\u00e9a\"><\/figure>\r\n\t\t\t\t\t\t\t\t\t\t<\/a><\/li><li class=\"liste-locations__item\"><a href=\"https:\/\/www.lacroixdusud.fr\/es\/locations\/casa-movil-domino\/\">\r\n\t\t\t\t\t\t\t\t\t\t\t\t<span class=\"liste-locations__item__titre\">Casa m\u00f3vil Domino<\/span>\r\n\t\t\t\t\t\t\t\t\t\t\t\t<span class=\"liste-locations__item__texte\">2 habitaciones para 4 personas + 1 beb\u00e9<\/span>\r\n\t\t\t\t\t\t\t\t\t\t\t\t<figure><img src=\"https:\/\/www.lacroixdusud.fr\/wp-content\/uploads\/2022\/09\/terrasse-ophea-2.jpg\" alt=\"Casa m\u00f3vil Domino\"><\/figure>\r\n\t\t\t\t\t\t\t\t\t\t<\/a><\/li><\/ul>\n<\/div>\n<\/div>\n<\/div><\/section>\n\n\n\n<div class=\"wp-block-group encart-information\"><div class=\"wp-block-group__inner-container\">\n<p class=\"has-text-align-center\">Gracias a nuestras <strong>diferentes gamas de alquileres de 4 estrellas<\/strong>, elija un <strong>alquiler de mobil-home en Barcares<\/strong> seg\u00fan sus deseos y su presupuesto.<\/p>\n<\/div><\/div>\n\n\n\n<section class=\"wp-container-69d1d3b8ab16c wp-block-group b-25-a papito\"><div class=\"wp-block-group__inner-container\">\n<div class=\"wp-block-columns\">\n<div class=\"wp-block-column\">\n<h2 id=\"sejourner-en-mobil-home-au-camping-a-barcares-la-croix-du-sud\">Estancia en una casa m\u00f3vil en el camping de Barcares, La Croix du Sud<\/h2>\n\n\n\n<p>Sea cual sea su elecci\u00f3n de <strong>alojamiento<\/strong>, <strong>le garantizamos el m\u00e1ximo confort y limpieza<\/strong> para sus vacaciones en el camping de Barcares, en los <strong>Pirineos Orientales<\/strong>. Tambi\u00e9n tendr\u00e1 la oportunidad de disfrutar de los <a href=\"https:\/\/www.lacroixdusud.fr\/es\/servicios\/\" data-type=\"page\" data-id=\"2352\">numerosos servicios <\/a>y <a href=\"https:\/\/www.lacroixdusud.fr\/es\/actividades\/\" data-type=\"page\" data-id=\"544\">actividades<\/a> de nuestro <strong>camping de barcares con parque acu\u00e1tico<\/strong>. Adem\u00e1s, podr\u00e1 conectarse al <strong>WIFI<\/strong> en su parcela (10 minutos gratuitos para descubrirlo y luego una cuota fija seg\u00fan la tarifa vigente) o de forma gratuita en la \u00abhot zone caf\u00e9\u00bb (30 minutos cada 6 horas).<\/p>\n\n\n\n<div class=\"wp-container-69d1d3b8aae59 wp-block-buttons\">\n<div class=\"wp-block-button btn_resa\"><a class=\"wp-block-button__link\">Libro<\/a><\/div>\n<\/div>\n<\/div>\n\n\n\n<div class=\"wp-block-column\">\n<figure class=\"wp-block-image size-full\"><img loading=\"lazy\" width=\"1015\" height=\"929\" src=\"https:\/\/www.lacroixdusud.fr\/wp-content\/uploads\/2022\/07\/Terrasse-MOOREA-1-1.jpg\" alt=\"\" class=\"wp-image-870\" srcset=\"https:\/\/www.lacroixdusud.fr\/wp-content\/uploads\/2022\/07\/Terrasse-MOOREA-1-1.jpg 1015w, https:\/\/www.lacroixdusud.fr\/wp-content\/uploads\/2022\/07\/Terrasse-MOOREA-1-1-300x275.jpg 300w, https:\/\/www.lacroixdusud.fr\/wp-content\/uploads\/2022\/07\/Terrasse-MOOREA-1-1-768x703.jpg 768w\" sizes=\"(max-width: 1015px) 100vw, 1015px\" \/><\/figure>\n<\/div>\n<\/div>\n<\/div><\/section>\n","protected":false},"excerpt":{"rendered":"<p>Mobile home Barcares : nuestros alquileres Aproveche una amplia gama de mobil-homes que satisfar\u00e1n todas sus necesidades para su pr\u00f3xima estancia en el camping de Barcares. Elija su alquiler de mobil-home en Barcares en el camping La Croix du Sud El camping de 4 estrellas Pyr\u00e9n\u00e9es Orientales La Croix du Sud, en Barcar\u00e8s (66), le [&hellip;]<\/p>\n","protected":false},"author":1,"featured_media":2937,"parent":0,"menu_order":0,"comment_status":"closed","ping_status":"closed","template":"","meta":[],"acf":[],"_links":{"self":[{"href":"https:\/\/www.lacroixdusud.fr\/es\/wp-json\/wp\/v2\/pages\/2328"}],"collection":[{"href":"https:\/\/www.lacroixdusud.fr\/es\/wp-json\/wp\/v2\/pages"}],"about":[{"href":"https:\/\/www.lacroixdusud.fr\/es\/wp-json\/wp\/v2\/types\/page"}],"author":[{"embeddable":true,"href":"https:\/\/www.lacroixdusud.fr\/es\/wp-json\/wp\/v2\/users\/1"}],"replies":[{"embeddable":true,"href":"https:\/\/www.lacroixdusud.fr\/es\/wp-json\/wp\/v2\/comments?post=2328"}],"version-history":[{"count":6,"href":"https:\/\/www.lacroixdusud.fr\/es\/wp-json\/wp\/v2\/pages\/2328\/revisions"}],"predecessor-version":[{"id":7669,"href":"https:\/\/www.lacroixdusud.fr\/es\/wp-json\/wp\/v2\/pages\/2328\/revisions\/7669"}],"wp:featuredmedia":[{"embeddable":true,"href":"https:\/\/www.lacroixdusud.fr\/es\/wp-json\/wp\/v2\/media\/2937"}],"wp:attachment":[{"href":"https:\/\/www.lacroixdusud.fr\/es\/wp-json\/wp\/v2\/media?parent=2328"}],"curies":[{"name":"wp","href":"https:\/\/api.w.org\/{rel}","templated":true}]}}