{"id":4333,"date":"2023-12-06T11:36:47","date_gmt":"2023-12-06T10:36:47","guid":{"rendered":"https:\/\/www.lacroixdusud.fr\/home\/"},"modified":"2026-03-25T11:04:44","modified_gmt":"2026-03-25T10:04:44","slug":"home","status":"publish","type":"page","link":"https:\/\/www.lacroixdusud.fr\/nl\/","title":{"rendered":". Home"},"content":{"rendered":"\n<section class=\"wp-container-69f0b04369bfb wp-block-group a-00-a\"><div class=\"wp-block-group__inner-container\">\n<div class=\"wp-block-cover alignfull is-light\"><span aria-hidden=\"true\" class=\"has-background-dim-0 wp-block-cover__gradient-background has-background-dim\"><\/span><img loading=\"lazy\" width=\"1865\" height=\"955\" class=\"wp-block-cover__image-background wp-image-3027\" alt=\"\" src=\"https:\/\/www.lacroixdusud.fr\/wp-content\/uploads\/2022\/11\/parc_aquatique_HP.jpg\" style=\"object-position:70% 65%\" data-object-fit=\"cover\" data-object-position=\"70% 65%\" srcset=\"https:\/\/www.lacroixdusud.fr\/wp-content\/uploads\/2022\/11\/parc_aquatique_HP.jpg 1865w, https:\/\/www.lacroixdusud.fr\/wp-content\/uploads\/2022\/11\/parc_aquatique_HP-300x154.jpg 300w, https:\/\/www.lacroixdusud.fr\/wp-content\/uploads\/2022\/11\/parc_aquatique_HP-1024x524.jpg 1024w, https:\/\/www.lacroixdusud.fr\/wp-content\/uploads\/2022\/11\/parc_aquatique_HP-768x393.jpg 768w, https:\/\/www.lacroixdusud.fr\/wp-content\/uploads\/2022\/11\/parc_aquatique_HP-1536x787.jpg 1536w\" sizes=\"(max-width: 1865px) 100vw, 1865px\" \/><div class=\"wp-block-cover__inner-container\">\n<p class=\"has-text-align-center has-large-font-size\"><\/p>\n\n\n\n<div class=\"wp-container-69f0b043698cb wp-block-buttons\">\n<div class=\"wp-block-button btn_resa btn-header-home\"><a class=\"wp-block-button__link\"><i class=\"fas fa-arrow-right\"><\/i> Ik reserveer!<\/a><\/div>\n<\/div>\n<\/div><\/div>\n<\/div><\/section>\n\n\n\n<section class=\"wp-container-69f0b0436a3c0 wp-block-group b-00-a\"><div class=\"wp-block-group__inner-container\">\n<div class=\"wp-block-columns\">\n<div class=\"wp-block-column\">\n<figure class=\"wp-block-gallery has-nested-images columns-default is-cropped fleur-top-right\">\n<figure class=\"wp-block-image size-large\"><img loading=\"lazy\" width=\"1024\" height=\"683\" src=\"https:\/\/www.lacroixdusud.fr\/wp-content\/uploads\/2022\/07\/suite-family-exterieur-1024x683.jpg\" alt=\"camping barcares stacaravan\" class=\"wp-image-756\" srcset=\"https:\/\/www.lacroixdusud.fr\/wp-content\/uploads\/2022\/07\/suite-family-exterieur-1024x683.jpg 1024w, https:\/\/www.lacroixdusud.fr\/wp-content\/uploads\/2022\/07\/suite-family-exterieur-300x200.jpg 300w, https:\/\/www.lacroixdusud.fr\/wp-content\/uploads\/2022\/07\/suite-family-exterieur-768x512.jpg 768w, https:\/\/www.lacroixdusud.fr\/wp-content\/uploads\/2022\/07\/suite-family-exterieur.jpg 1200w\" sizes=\"(max-width: 1024px) 100vw, 1024px\" \/><\/figure>\n\n\n\n<figure class=\"wp-block-image size-large\"><img loading=\"lazy\" width=\"1024\" height=\"683\" src=\"https:\/\/www.lacroixdusud.fr\/wp-content\/uploads\/2022\/10\/1200x0_95_3_c_FFFFFF_2069c58be0e92050048df8d93022921e-1024x683.jpg\" alt=\"camping barcares parc aquatique\" class=\"wp-image-2158\" srcset=\"https:\/\/www.lacroixdusud.fr\/wp-content\/uploads\/2022\/10\/1200x0_95_3_c_FFFFFF_2069c58be0e92050048df8d93022921e-1024x683.jpg 1024w, https:\/\/www.lacroixdusud.fr\/wp-content\/uploads\/2022\/10\/1200x0_95_3_c_FFFFFF_2069c58be0e92050048df8d93022921e-300x200.jpg 300w, https:\/\/www.lacroixdusud.fr\/wp-content\/uploads\/2022\/10\/1200x0_95_3_c_FFFFFF_2069c58be0e92050048df8d93022921e-768x512.jpg 768w, https:\/\/www.lacroixdusud.fr\/wp-content\/uploads\/2022\/10\/1200x0_95_3_c_FFFFFF_2069c58be0e92050048df8d93022921e.jpg 1198w\" sizes=\"(max-width: 1024px) 100vw, 1024px\" \/><\/figure>\n<\/figure>\n<\/div>\n\n\n\n<div class=\"wp-block-column\">\n<h1 id=\"camping-a-barcares-entre-leucate-et-perpignan\">Camping in Barcar\u00e8s tussen Leucate en Perpignan<\/h1>\n\n\n\n<p>Op zoek naar een <strong>vakantie in Pyr\u00e9n\u00e9es-Orientales(66)<\/strong>? De <strong>4-sterren camping &#8220;La Croix du Sud&#8221;<\/strong> in Barcar\u00e8s is ideaal gelegen bij de zee (op 800 m) en biedt tal van recreatiemogelijkheden en comfort voor het hele gezin. Een kort overzicht van uw toekomstige <strong>kampeervakantie in Barcar\u00e8s aan de Middellandse Zeekust in de oostelijke Pyrenee\u00ebn<\/strong>&#8230;<\/p>\n\n\n\n<div class=\"wp-container-69f0b0436a091 wp-block-buttons\">\n<div class=\"wp-block-button btn_resa is-style-fill\"><a class=\"wp-block-button__link\">Beschikbaarheid<\/a><\/div>\n\n\n\n<div class=\"wp-block-button\"><a class=\"wp-block-button__link\" href=\"https:\/\/www.lacroixdusud.fr\/nl\/mobil-homes-barcares\/\">Ontdek onze stacaravans<\/a><\/div>\n<\/div>\n<\/div>\n<\/div>\n<\/div><\/section>\n\n\n\n<section class=\"wp-container-69f0b0436ae6b wp-block-group b-05-a\"><div class=\"wp-block-group__inner-container\">\n<div class=\"wp-block-columns reverse-mob\">\n<div class=\"wp-block-column\">\n<h2 id=\"sejournez-en-camping-4-etoiles-dans-les-pyrenees-orientales-66\">Verblijf op een 4-sterrencamping in de Pyr\u00e9n\u00e9es-Orientales (66)<\/h2>\n\n\n\n<p>Onze <strong>camping in Port-Barcar\u00e8s<\/strong> verwelkomt je van <strong>6 april tot 29 september 2024<\/strong> in een betoverende omgeving op slechts <strong>800 m van het strand van Le Barcar\u00e8s<\/strong>. Ideaal om te genieten van een vakantie aan zee in onze 4-sterren camping Pyr\u00e9n\u00e9es-Orientales ! Bovendien heb je ter plaatse toegang tot het schaduwrijke park met zijn bloemrijke lanen met dennenbomen, palmen en oleanders &#8211; de perfecte omgeving voor een moment van plezier dicht bij de kust. Vermeille.<\/p>\n\n\n\n<div class=\"wp-block-group lire-plus-mobile\"><div class=\"wp-block-group__inner-container\">\n<p>Meer lezen<\/p>\n\n\n\n<div class=\"wp-container-69f0b0436a792 wp-block-group\"><div class=\"wp-block-group__inner-container\">\n<p>Onze <strong>4-sterren camping Barcar\u00e8s <\/strong>heet je welkom voor je vakantie aan de Middellandse Zee. Onze <strong>camping in Barcares<\/strong> <strong>verhuurt stacaravans<\/strong> voor elk budget: van de Essential tot de Tropical Luxe. <\/p>\n\n\n\n<p>We bieden ook <strong>kampeerplaatsen<\/strong> voor je <strong>tent<\/strong>, <strong>caravan<\/strong> of <strong>camper<\/strong>. Vergeet niet <strong>onze promoties en aanbiedingen<\/strong> <strong>voor lange verblijven<\/strong> te bekijken onze promoties en aanbiedingen voor lange verblijven Voor meer informatie over onze verschillende soorten accommodaties en het beschikbare aanbod kunt u terecht op de pagina <a href=\"https:\/\/www.lacroixdusud.fr\/nl\/mobil-homes-barcares\/\">stacaravans huren Pyr\u00e9n\u00e9es Orientales<\/a> of op de pagina gewijd aan <a href=\"https:\/\/www.lacroixdusud.fr\/nl\/havenlocaties\/\" data-type=\"page\" data-id=\"540\">de staanplaatsen voor caravans<\/a>.<\/p>\n<\/div><\/div>\n<\/div><\/div>\n\n\n\n<div class=\"wp-container-69f0b0436aaec wp-block-buttons\">\n<div class=\"wp-block-button\"><a class=\"wp-block-button__link\" href=\"https:\/\/www.lacroixdusud.fr\/nl\/havenlocaties\/\">Bekijk onze locaties<\/a><\/div>\n<\/div>\n<\/div>\n\n\n\n<div class=\"wp-block-column\">\n<figure class=\"wp-block-image size-large feuille-top-right coquillage1-bottom-right\"><img loading=\"lazy\" width=\"1024\" height=\"768\" src=\"https:\/\/www.lacroixdusud.fr\/wp-content\/uploads\/2022\/10\/IMG_20220930_104825-min-1024x768.jpg\" alt=\"stacaravan verhuur camping barcares\" class=\"wp-image-2655\" srcset=\"https:\/\/www.lacroixdusud.fr\/wp-content\/uploads\/2022\/10\/IMG_20220930_104825-min-1024x768.jpg 1024w, https:\/\/www.lacroixdusud.fr\/wp-content\/uploads\/2022\/10\/IMG_20220930_104825-min-300x225.jpg 300w, https:\/\/www.lacroixdusud.fr\/wp-content\/uploads\/2022\/10\/IMG_20220930_104825-min-768x576.jpg 768w, https:\/\/www.lacroixdusud.fr\/wp-content\/uploads\/2022\/10\/IMG_20220930_104825-min-1536x1152.jpg 1536w, https:\/\/www.lacroixdusud.fr\/wp-content\/uploads\/2022\/10\/IMG_20220930_104825-min-2048x1536.jpg 2048w\" sizes=\"(max-width: 1024px) 100vw, 1024px\" \/><\/figure>\n<\/div>\n<\/div>\n<\/div><\/section>\n\n\n\n<section class=\"wp-container-69f0b0436bd86 wp-block-group b-10-a\"><div class=\"wp-block-group__inner-container\">\n<div class=\"wp-block-columns\">\n<div class=\"wp-block-column\">\n<figure class=\"wp-block-gallery has-nested-images columns-default is-cropped diaporama-mob\">\n<figure class=\"wp-block-image size-full\"><img loading=\"lazy\" width=\"569\" height=\"800\" src=\"https:\/\/www.lacroixdusud.fr\/wp-content\/uploads\/2022\/07\/CDS_piscine_001_format.jpg\" alt=\"kinderzwembad camping barcares met zwembad\" class=\"wp-image-887\" srcset=\"https:\/\/www.lacroixdusud.fr\/wp-content\/uploads\/2022\/07\/CDS_piscine_001_format.jpg 569w, https:\/\/www.lacroixdusud.fr\/wp-content\/uploads\/2022\/07\/CDS_piscine_001_format-213x300.jpg 213w\" sizes=\"(max-width: 569px) 100vw, 569px\" \/><\/figure>\n\n\n\n<figure class=\"wp-block-image size-large\"><img loading=\"lazy\" width=\"1024\" height=\"683\" src=\"https:\/\/www.lacroixdusud.fr\/wp-content\/uploads\/2022\/07\/CDS_piscine_007-1024x683.jpg\" alt=\"rodel camping barcares waterpark\" class=\"wp-image-645\" srcset=\"https:\/\/www.lacroixdusud.fr\/wp-content\/uploads\/2022\/07\/CDS_piscine_007-1024x683.jpg 1024w, https:\/\/www.lacroixdusud.fr\/wp-content\/uploads\/2022\/07\/CDS_piscine_007-300x200.jpg 300w, https:\/\/www.lacroixdusud.fr\/wp-content\/uploads\/2022\/07\/CDS_piscine_007-768x512.jpg 768w, https:\/\/www.lacroixdusud.fr\/wp-content\/uploads\/2022\/07\/CDS_piscine_007.jpg 1200w\" sizes=\"(max-width: 1024px) 100vw, 1024px\" \/><\/figure>\n\n\n\n<figure class=\"wp-block-image size-large\"><img loading=\"lazy\" width=\"1024\" height=\"683\" src=\"https:\/\/www.lacroixdusud.fr\/wp-content\/uploads\/2022\/07\/piscine03-1024x683.jpg\" alt=\"zwembad camping barcares\" class=\"wp-image-648\" srcset=\"https:\/\/www.lacroixdusud.fr\/wp-content\/uploads\/2022\/07\/piscine03-1024x683.jpg 1024w, https:\/\/www.lacroixdusud.fr\/wp-content\/uploads\/2022\/07\/piscine03-300x200.jpg 300w, https:\/\/www.lacroixdusud.fr\/wp-content\/uploads\/2022\/07\/piscine03-768x512.jpg 768w, https:\/\/www.lacroixdusud.fr\/wp-content\/uploads\/2022\/07\/piscine03.jpg 1200w\" sizes=\"(max-width: 1024px) 100vw, 1024px\" \/><\/figure>\n<\/figure>\n\n\n\n<div style=\"height:44px\" aria-hidden=\"true\" class=\"wp-block-spacer\"><\/div>\n\n\n\n<div class=\"wp-container-69f0b0436b30c wp-block-buttons\">\n<div class=\"wp-block-button\"><a class=\"wp-block-button__link\" href=\"https:\/\/www.lacroixdusud.fr\/nl\/galerie-medias\/\">Fotogalerij<\/a><\/div>\n<\/div>\n<\/div>\n\n\n\n<div class=\"wp-block-column\">\n<h2 id=\"se-detendre-et-s-amuser-dans-un-camping-a-barcares-avec-piscine\">Ontspannen en plezier maken op een camping in Barcar\u00e8s met zwembad<\/h2>\n\n\n\n<p>Wil je lekker zwemmen tijdens je verblijf? Ga daarvoor naar het zwembad in onze nieuwe <strong>verwarmd zwembad met glijbaan en kinderbad<\/strong>of aan zee, <strong>slechts 800 m van het strand<\/strong>&#8230; Als je niet aan het genieten bent van de Middellandse Zee op slechts een paar honderd meter afstand, de <strong>verwarmd zwembad <\/strong>biedt vakantiegangers ook een plek om te ontspannen. Met zijn grote zwembad en peuterbad voor de kleintjes is er voor elk wat wils in het <strong>water<\/strong>!<\/p>\n\n\n\n<div class=\"wp-block-group lire-plus-mobile\"><div class=\"wp-block-group__inner-container\">\n<p>Meer lezen<\/p>\n\n\n\n<div class=\"wp-container-69f0b0436b6c1 wp-block-group\"><div class=\"wp-block-group__inner-container\">\n<p>En om onze diensten en vrijetijdsvoorzieningen compleet te maken, krijgt de camping in 2019 ook een <strong>nieuwe wellnessruimte<\/strong> met een <strong>sauna\/hammam spa<\/strong>, een zintuiglijke douche, een ijsfontein en een hydromassagetafel. Bovendien krijg je elke dag een <strong>aquatische weksessie <\/strong>aangeboden onder begeleiding van een ervaren sportleider. De perfecte gelegenheid om stoom af te blazen en plezier te maken. Om meer te weten te komen, ontdek ons zwembad op de pagina <a href=\"https:\/\/www.lacroixdusud.fr\/nl\/zwemparadijs\/\" data-type=\"page\" data-id=\"542\">Camping Pyr\u00e9n\u00e9es Orientales met waterpark<\/a>.<\/p>\n<\/div><\/div>\n<\/div><\/div>\n\n\n\n<div class=\"wp-container-69f0b0436ba0d wp-block-buttons\">\n<div class=\"wp-block-button\"><a class=\"wp-block-button__link\" href=\"https:\/\/www.lacroixdusud.fr\/nl\/zwemparadijs\/\">Bekijk het watergebied<\/a><\/div>\n<\/div>\n<\/div>\n<\/div>\n<\/div><\/section>\n\n\n\n<section class=\"wp-container-69f0b0436ce7d wp-block-group b-15-a\"><div class=\"wp-block-group__inner-container\">\n<div class=\"wp-block-columns are-vertically-aligned-center\">\n<div class=\"wp-block-column is-vertically-aligned-center\">\n<h3 class=\"titre\" id=\"les-activites-et-animations-au-camping-a-port-barcares\">Activiteiten en animaties op de camping Port-Barcar\u00e8s<\/h3>\n\n\n\n<p>Profiteer van de activiteiten op de camping, met volop animatie in het seizoen. Kinderen kunnen zich vermaken in de speeltuin en de kinderclub, met een ruim aanbod aan activiteiten voor kinderen vanaf 6 jaar. <\/p>\n\n\n\n<p>Overdag kan het druk zijn, maar de avonden zijn niet minder levendig. Onder de sterrenhemel, <strong>een wereld van magische avonden<\/strong> waar wilde feesten en droomshows elkaar afwisselen om het hele gezin in verrukking te brengen. Ontdek alle <a href=\"https:\/\/www.lacroixdusud.fr\/nl\/activiteiten\/\" data-type=\"page\" data-id=\"544\">activiteiten op camping Barcares<\/a>!<\/p>\n\n\n\n<p>Vanaf de camping heb je ook toegang tot alle <a href=\"https:\/\/www.lacroixdusud.fr\/nl\/barbecues\/\" data-type=\"page\" data-id=\"1323\">animaties die de stad<\/a> te bieden heeft: boerenmarkten, kermissen, vuurwerkshows en het beroemde Electrobeach festival of het D\u00e9ferlantes festival. <\/p>\n\n\n\n<div class=\"wp-container-69f0b0436ca9b wp-block-buttons\">\n<div class=\"wp-block-button\"><a class=\"wp-block-button__link\" href=\"https:\/\/www.lacroixdusud.fr\/nl\/activiteiten\/\">Bekijk de activiteiten op de camping<\/a><\/div>\n<\/div>\n<\/div>\n\n\n\n<div class=\"wp-block-column is-vertically-aligned-center\">\n<figure class=\"wp-block-gallery has-nested-images columns-1 is-cropped\">\n<figure class=\"wp-block-image size-large\"><img loading=\"lazy\" width=\"1024\" height=\"683\" src=\"https:\/\/www.lacroixdusud.fr\/wp-content\/uploads\/2022\/10\/292826068_565349948400718_4816239169746463013_n-1024x683.jpg\" alt=\"animatie camping barcares\" class=\"wp-image-2658\" srcset=\"https:\/\/www.lacroixdusud.fr\/wp-content\/uploads\/2022\/10\/292826068_565349948400718_4816239169746463013_n-1024x683.jpg 1024w, https:\/\/www.lacroixdusud.fr\/wp-content\/uploads\/2022\/10\/292826068_565349948400718_4816239169746463013_n-300x200.jpg 300w, https:\/\/www.lacroixdusud.fr\/wp-content\/uploads\/2022\/10\/292826068_565349948400718_4816239169746463013_n-768x512.jpg 768w, https:\/\/www.lacroixdusud.fr\/wp-content\/uploads\/2022\/10\/292826068_565349948400718_4816239169746463013_n-1536x1024.jpg 1536w, https:\/\/www.lacroixdusud.fr\/wp-content\/uploads\/2022\/10\/292826068_565349948400718_4816239169746463013_n.jpg 2048w\" sizes=\"(max-width: 1024px) 100vw, 1024px\" \/><\/figure>\n\n\n\n<figure class=\"wp-block-image size-large\"><img loading=\"lazy\" width=\"1024\" height=\"768\" src=\"https:\/\/www.lacroixdusud.fr\/wp-content\/uploads\/2022\/10\/294836529_10159902350663610_299537304779815175_n-1024x768.jpg\" alt=\"camping barcares animatie\" class=\"wp-image-2661\" srcset=\"https:\/\/www.lacroixdusud.fr\/wp-content\/uploads\/2022\/10\/294836529_10159902350663610_299537304779815175_n-1024x768.jpg 1024w, https:\/\/www.lacroixdusud.fr\/wp-content\/uploads\/2022\/10\/294836529_10159902350663610_299537304779815175_n-300x225.jpg 300w, https:\/\/www.lacroixdusud.fr\/wp-content\/uploads\/2022\/10\/294836529_10159902350663610_299537304779815175_n-768x576.jpg 768w, https:\/\/www.lacroixdusud.fr\/wp-content\/uploads\/2022\/10\/294836529_10159902350663610_299537304779815175_n-1536x1152.jpg 1536w, https:\/\/www.lacroixdusud.fr\/wp-content\/uploads\/2022\/10\/294836529_10159902350663610_299537304779815175_n.jpg 2048w\" sizes=\"(max-width: 1024px) 100vw, 1024px\" \/><\/figure>\n<\/figure>\n<\/div>\n<\/div>\n<\/div><\/section>\n\n\n\n<div class=\"wp-container-69f0b0436d9c1 wp-block-group b-20-a\"><div class=\"wp-block-group__inner-container\">\n<div class=\"wp-block-columns are-vertically-aligned-top reverse-mob\">\n<div class=\"wp-block-column is-vertically-aligned-top\">\n<figure class=\"wp-block-image size-large\"><img loading=\"lazy\" width=\"1024\" height=\"683\" src=\"https:\/\/www.lacroixdusud.fr\/wp-content\/uploads\/2022\/07\/coilloure01-1024x683.jpg\" alt=\"camping Pyr\u00e9n\u00e9es orientales\" class=\"wp-image-1383\" srcset=\"https:\/\/www.lacroixdusud.fr\/wp-content\/uploads\/2022\/07\/coilloure01-1024x683.jpg 1024w, https:\/\/www.lacroixdusud.fr\/wp-content\/uploads\/2022\/07\/coilloure01-300x200.jpg 300w, https:\/\/www.lacroixdusud.fr\/wp-content\/uploads\/2022\/07\/coilloure01-768x512.jpg 768w, https:\/\/www.lacroixdusud.fr\/wp-content\/uploads\/2022\/07\/coilloure01-1536x1024.jpg 1536w, https:\/\/www.lacroixdusud.fr\/wp-content\/uploads\/2022\/07\/coilloure01.jpg 1920w\" sizes=\"(max-width: 1024px) 100vw, 1024px\" \/><\/figure>\n<\/div>\n\n\n\n<div class=\"wp-block-column is-vertically-aligned-top\">\n<h2 id=\"camping-barcares-visitez-les-alentours-et-la-region\">Camping Barcares: bezoek de omgeving en de regio<\/h2>\n\n\n\n<p>De <a href=\"https:\/\/www.lacroixdusud.fr\/nl\/toerisme-pyrenees-orientales\/\" data-type=\"URL\" data-id=\"https:\/\/www.lacroixdusud.fr\/tourisme-pyrenees-orientales\/\">Pyr\u00e9n\u00e9es-Orientales<\/a> heeft een rijkdom aan natuurlijke schatten, gelegen tussen de Middellandse Zee en de bergen. Een verblijf in de regio, en meer in het bijzonder <strong>in Le Barcar\u00e8s<\/strong>, biedt je een aantal fantastische wandelingen en trektochten.<\/p>\n\n\n\n<div class=\"wp-block-group lire-plus-mobile\"><div class=\"wp-block-group__inner-container\">\n<p>Meer lezen<\/p>\n\n\n\n<div class=\"wp-container-69f0b0436d2d7 wp-block-group\"><div class=\"wp-block-group__inner-container\">\n<p>De camping ligt niet ver van <strong>Port Leucate<\/strong>, Perpignan en vele andere steden en dorpen die zeker een bezoekje waard zijn! Afhankelijk van wat je wilt doen, kun je een bezoek brengen aan het nabijgelegen <strong>Salses-le-Chateau<\/strong> en je onderdompelen in de geschiedenis, <strong>Canet-en-Roussillon<\/strong>, <strong>Saint-Cyprien<\/strong> of <strong>Collioure<\/strong> en zijn koninklijke fort, evenals het Canal du Midi, enzovoort. Er is ook genoeg te doen voor vakantiegangers die op zoek zijn naar geschiedenis, lokaal erfgoed en allerlei ontdekkingen. <\/p>\n\n\n\n<p>Er zijn ook een aantal activiteiten in de omgeving om je te helpen de regio te ontdekken <strong> tijdens uw kampeervakantie<\/strong>: de <em>Markten in Port Barcares<\/em>, watersportactiviteiten, bezoeken aan kastelen en een van de grootste wijngaarden<em> van Languedoc-Roussillon<\/em>, ontdekking van het <strong>Catalaanse land<\/strong> en zijn dorpjes, het departement<strong>Aude<\/strong>&#8230; Meer informatie over de verschillende niet te missen bezoeken rond de camping in Barcar\u00e8s.<\/p>\n<\/div><\/div>\n<\/div><\/div>\n\n\n\n<div class=\"wp-block-group encart-information\"><div class=\"wp-block-group__inner-container\">\n<blockquote class=\"wp-block-quote\"><p>Wij zijn ervan overtuigd dat u een heerlijk verblijf zult hebben op onze camping in Barcares &#8230;<\/p><\/blockquote>\n<\/div><\/div>\n\n\n\n<p>In de tussentijd is alle informatie die je nodig hebt om je <strong>kampeervakantie in Port-Barcar\u00e8s<\/strong> te plannen hier te vinden, slechts een paar klikken verwijderd. Als je meer informatie wilt, aarzel dan niet om contact met ons op te nemen. We zullen je vragen met plezier beantwoorden. Snelle reactie gegarandeerd!<\/p>\n\n\n\n<div class=\"wp-container-69f0b0436d670 wp-block-buttons\">\n<div class=\"wp-block-button\"><a class=\"wp-block-button__link\" href=\"https:\/\/www.lacroixdusud.fr\/nl\/toerisme-pyrenees-orientales\/\">Wat te doen rond de camping<\/a><\/div>\n<\/div>\n<\/div>\n<\/div>\n<\/div><\/div>\n\n\n\n<p><\/p>\n","protected":false},"excerpt":{"rendered":"<p>Camping in Barcar\u00e8s tussen Leucate en Perpignan Op zoek naar een vakantie in Pyr\u00e9n\u00e9es-Orientales(66)? De 4-sterren camping &#8220;La Croix du Sud&#8221; in Barcar\u00e8s is ideaal gelegen bij de zee (op 800 m) en biedt tal van recreatiemogelijkheden en comfort voor het hele gezin. Een kort overzicht van uw toekomstige kampeervakantie in Barcar\u00e8s aan de Middellandse [&hellip;]<\/p>\n","protected":false},"author":1,"featured_media":4223,"parent":0,"menu_order":0,"comment_status":"closed","ping_status":"closed","template":"","meta":[],"acf":[],"_links":{"self":[{"href":"https:\/\/www.lacroixdusud.fr\/nl\/wp-json\/wp\/v2\/pages\/4333"}],"collection":[{"href":"https:\/\/www.lacroixdusud.fr\/nl\/wp-json\/wp\/v2\/pages"}],"about":[{"href":"https:\/\/www.lacroixdusud.fr\/nl\/wp-json\/wp\/v2\/types\/page"}],"author":[{"embeddable":true,"href":"https:\/\/www.lacroixdusud.fr\/nl\/wp-json\/wp\/v2\/users\/1"}],"replies":[{"embeddable":true,"href":"https:\/\/www.lacroixdusud.fr\/nl\/wp-json\/wp\/v2\/comments?post=4333"}],"version-history":[{"count":3,"href":"https:\/\/www.lacroixdusud.fr\/nl\/wp-json\/wp\/v2\/pages\/4333\/revisions"}],"predecessor-version":[{"id":7654,"href":"https:\/\/www.lacroixdusud.fr\/nl\/wp-json\/wp\/v2\/pages\/4333\/revisions\/7654"}],"wp:featuredmedia":[{"embeddable":true,"href":"https:\/\/www.lacroixdusud.fr\/nl\/wp-json\/wp\/v2\/media\/4223"}],"wp:attachment":[{"href":"https:\/\/www.lacroixdusud.fr\/nl\/wp-json\/wp\/v2\/media?parent=4333"}],"curies":[{"name":"wp","href":"https:\/\/api.w.org\/{rel}","templated":true}]}}