{"id":4421,"date":"2023-12-06T11:41:34","date_gmt":"2023-12-06T10:41:34","guid":{"rendered":"https:\/\/www.lacroixdusud.fr\/mobil-homes-barcares\/"},"modified":"2026-03-25T11:24:08","modified_gmt":"2026-03-25T10:24:08","slug":"mobil-homes-barcares","status":"publish","type":"page","link":"https:\/\/www.lacroixdusud.fr\/nl\/mobil-homes-barcares\/","title":{"rendered":". Stacaravans"},"content":{"rendered":"\n<section class=\"wp-container-69ff663f0dd86 wp-block-group a-00-a\"><div class=\"wp-block-group__inner-container\">\n<div class=\"wp-block-cover alignfull is-light\"><span aria-hidden=\"true\" class=\"has-bleu-background-color has-background-dim-0 wp-block-cover__gradient-background has-background-dim\"><\/span><img loading=\"lazy\" width=\"1865\" height=\"955\" class=\"wp-block-cover__image-background wp-image-2666\" alt=\"\" src=\"https:\/\/www.lacroixdusud.fr\/wp-content\/uploads\/2022\/10\/12.jpg\" style=\"object-position:64% 43%\" data-object-fit=\"cover\" data-object-position=\"64% 43%\" srcset=\"https:\/\/www.lacroixdusud.fr\/wp-content\/uploads\/2022\/10\/12.jpg 1865w, https:\/\/www.lacroixdusud.fr\/wp-content\/uploads\/2022\/10\/12-300x154.jpg 300w, https:\/\/www.lacroixdusud.fr\/wp-content\/uploads\/2022\/10\/12-1024x524.jpg 1024w, https:\/\/www.lacroixdusud.fr\/wp-content\/uploads\/2022\/10\/12-768x393.jpg 768w, https:\/\/www.lacroixdusud.fr\/wp-content\/uploads\/2022\/10\/12-1536x787.jpg 1536w\" sizes=\"(max-width: 1865px) 100vw, 1865px\" \/><div class=\"wp-block-cover__inner-container\">\n<p class=\"has-text-align-center has-large-font-size\"><\/p>\n<\/div><\/div>\n\n\n\n<div class=\"wp-container-69ff663f0dabe wp-block-group intro\"><div class=\"wp-block-group__inner-container\">\n<h1 class=\"has-text-align-left\" id=\"mobil-home-barcares-les-locations-de-notre-camping\">Stacaravan Barcares : onze camping te huur<\/h1>\n\n\n\n<p>Geniet van een ruime keuze aan<strong> stacaravans in Barcar\u00e8s <\/strong>voor al uw behoeften, van de Essentielle-serie tot de Tropical Luxe-serie, voor uw volgende <strong>kampeervakantie in Barcares<\/strong> in Occitanie, tussen de bergen van de Pyrenee\u00ebn en de Middellandse Zee.<\/p>\n<\/div><\/div>\n<\/div><\/section>\n\n\n\n<section class=\"wp-container-69ff663f0e474 wp-block-group b-00-b\"><div class=\"wp-block-group__inner-container\">\n<div class=\"wp-block-columns\">\n<div class=\"wp-block-column\">\n<figure class=\"wp-block-gallery has-nested-images columns-default is-cropped coquillage2-top-right\">\n<figure class=\"wp-block-image size-large\"><img loading=\"lazy\" width=\"1024\" height=\"683\" src=\"https:\/\/www.lacroixdusud.fr\/wp-content\/uploads\/2022\/09\/suite-family-terrasse-1024x683.jpg\" alt=\"\" class=\"wp-image-1832\"\/><\/figure>\n\n\n\n<figure class=\"wp-block-image size-large\"><img loading=\"lazy\" width=\"1024\" height=\"683\" src=\"https:\/\/www.lacroixdusud.fr\/wp-content\/uploads\/2022\/09\/suite-family-sejour-cuisine-1024x683.jpg\" alt=\"\" class=\"wp-image-1818\" srcset=\"https:\/\/www.lacroixdusud.fr\/wp-content\/uploads\/2022\/09\/suite-family-sejour-cuisine-1024x683.jpg 1024w, https:\/\/www.lacroixdusud.fr\/wp-content\/uploads\/2022\/09\/suite-family-sejour-cuisine-300x200.jpg 300w, https:\/\/www.lacroixdusud.fr\/wp-content\/uploads\/2022\/09\/suite-family-sejour-cuisine-768x512.jpg 768w, https:\/\/www.lacroixdusud.fr\/wp-content\/uploads\/2022\/09\/suite-family-sejour-cuisine.jpg 1200w\" sizes=\"(max-width: 1024px) 100vw, 1024px\" \/><\/figure>\n<\/figure>\n<\/div>\n\n\n\n<div class=\"wp-block-column\">\n<h2 id=\"choisir-sa-location-mobil-home-barcares-au-camping-la-croix-du-sud\">Kies uw huuraccommodatie in een stacaravan Barcar\u00e8s op camping La Croix du Sud<\/h2>\n\n\n\n<p><a href=\"https:\/\/www.lacroixdusud.fr\/nl\/\" data-type=\"page\" data-id=\"5\">De 4-sterren camping Pyr\u00e9n\u00e9es Orientales<\/a> La Croix du Sud in <strong>Barcar\u00e8s<\/strong> (66) biedt <strong>een reeks stacaravans <\/strong>naar ieders smaak, op slechts <strong>800 meter van de zee<\/strong>. Wij bieden <strong>4 verschillende<\/strong><strong> accommodaties <\/strong>te huur aan op onze <strong>camping in Barcares<\/strong>.  <\/p>\n\n\n\n<p>Onze <a href=\"https:\/\/www.lacroixdusud.fr\/nl\/mobil-homes-barcares\/\" data-type=\"page\" data-id=\"4421\">stacaravans in Barcar\u00e8s<\/a> (uitgezonderd het essenti\u00eble aanbod) hebben minimaal 2 slaapkamers, een volledig uitgeruste keuken, een badkamer en een terras met tuinmeubilair.  <\/p>\n\n\n\n<div class=\"wp-container-69ff663f0e17c wp-block-buttons\">\n<div class=\"wp-block-button btn_resa\"><a class=\"wp-block-button__link\">Zie beschikbaarheid<\/a><\/div>\n\n\n\n<div class=\"wp-block-button has-custom-width wp-block-button__width-50\"><a class=\"wp-block-button__link\" href=\"https:\/\/www.lacroixdusud.fr\/nl\/galerie-medias\/\">Fotogalerij<\/a><\/div>\n<\/div>\n<\/div>\n<\/div>\n<\/div><\/section>\n\n\n\n<p class=\"has-text-align-center titre-locations\">Ontdek onze accommodatie voor elk budget<\/p>\n\n\n\n<section class=\"wp-container-69ff663f0e86f wp-block-group b-35-a tropical\"><div class=\"wp-block-group__inner-container\">\n<div class=\"wp-block-columns reverse-mob\">\n<div class=\"wp-block-column\"><ul class=\"liste-locations\"><li class=\"liste-locations__item\"><a href=\"https:\/\/www.lacroixdusud.fr\/nl\/locations\/mobil-home-riviera-tropical\/\">\r\n\t\t\t\t\t\t\t\t\t\t\t\t<span class=\"liste-locations__item__titre\">Mobil Home Riviera<\/span>\r\n\t\t\t\t\t\t\t\t\t\t\t\t<span class=\"liste-locations__item__texte\">2 slaapkamers voor 4\/6 personen<\/span>\r\n\t\t\t\t\t\t\t\t\t\t\t\t<figure><img src=\"https:\/\/www.lacroixdusud.fr\/wp-content\/uploads\/2022\/09\/jardin-2-riviera-tropical-e1666864150619.jpg\" alt=\"Mobil Home Riviera\"><\/figure>\r\n\t\t\t\t\t\t\t\t\t\t<\/a><\/li><li class=\"liste-locations__item\"><a href=\"https:\/\/www.lacroixdusud.fr\/nl\/locations\/mobil-home-bora-bora-tropical\/\">\r\n\t\t\t\t\t\t\t\t\t\t\t\t<span class=\"liste-locations__item__titre\">Mobil Home Bora Bora<\/span>\r\n\t\t\t\t\t\t\t\t\t\t\t\t<span class=\"liste-locations__item__texte\">2 slaapkamers voor 4\/6 personen<\/span>\r\n\t\t\t\t\t\t\t\t\t\t\t\t<figure><img src=\"https:\/\/www.lacroixdusud.fr\/wp-content\/uploads\/2022\/09\/IMG_20220930_104825-ConvertImage-scaled-e1666863890245.jpg\" alt=\"Mobil Home Bora Bora\"><\/figure>\r\n\t\t\t\t\t\t\t\t\t\t<\/a><\/li><li class=\"liste-locations__item\"><a href=\"https:\/\/www.lacroixdusud.fr\/nl\/locations\/mobil-home-moorea-tropical\/\">\r\n\t\t\t\t\t\t\t\t\t\t\t\t<span class=\"liste-locations__item__titre\">Mobil Home Moorea<\/span>\r\n\t\t\t\t\t\t\t\t\t\t\t\t<span class=\"liste-locations__item__texte\">2 slaapkamers voor 4 personen<\/span>\r\n\t\t\t\t\t\t\t\t\t\t\t\t<figure><img src=\"https:\/\/www.lacroixdusud.fr\/wp-content\/uploads\/2022\/09\/IMG_20220930_105608-ConvertImage-scaled-e1666872877144.jpg\" alt=\"Mobil Home Moorea\"><\/figure>\r\n\t\t\t\t\t\t\t\t\t\t<\/a><\/li><\/ul>\n<\/div>\n\n\n\n<div class=\"wp-block-column\" style=\"flex-basis:48%\">\n<h2 id=\"mobil-home-tropical-luxe-fa-icon-icon-far-fa-tree-palm-fa-icon-icon-far-fa-tree-palm-fa-icon-icon-far-fa-tree-palm-fa-icon-icon-far-fa-tree-palm\">Stacaravan Tropical Luxe  <i class=\"far fa-star\"><\/i><i class=\"far fa-star\"><\/i><i class=\"far fa-star\"><\/i><i class=\"far fa-star\"><\/i><\/h2>\n\n\n\n<p>Voor degenen die maximaal comfort en faciliteiten willen tijdens hun verblijf in <strong>Barcar\u00e8s<\/strong>, bieden we accommodatie in onze luxe huuraccommodaties in een exotische omgeving. We hebben een nieuwe reeks &#8216;Tropical Luxe&#8217; toegevoegd, waar je een VIP-pakket bij de prijs inbegrepen vindt, met toegang tot de fitnessruimte, de ontspanningsruimte (hammam en sauna) en ook een onbeperkte internetcode (voor \u00e9\u00e9n apparaat).  <\/p>\n\n\n\n<ul class=\"pictos\"><li><i class=\"far fa-air-conditioner\"><\/i>  Airconditioning<\/li><li><i class=\"far fa-tv\"><\/i>  Televisie<\/li><li><i class=\"far fa-utensils\"><\/i>  Volledig ingerichte keuken<\/li><li><i class=\"far fa-wifi\"><\/i>  Onbeperkt draadloos internet<\/li><li><i class=\"far fa-umbrella-beach\"><\/i>  Overdekt terras<\/li><li><i class=\"far fa-spa\"><\/i>  Ontspanningsruimte<\/li><\/ul>\n<\/div>\n<\/div>\n<\/div><\/section>\n\n\n\n<section class=\"wp-container-69ff663f0ec34 wp-block-group b-35-a fun has-jauneclair-background-color has-background\"><div class=\"wp-block-group__inner-container\">\n<div class=\"wp-block-columns\">\n<div class=\"wp-block-column\" style=\"flex-basis:48%\">\n<h2 id=\"mobil-home-fun-fa-icon-icon-far-fa-tree-palm-fa-icon-icon-far-fa-tree-palm-fa-icon-icon-far-fa-tree-palm\">Stacaravan Plezier  <i class=\"far fa-star\"><\/i><i class=\"far fa-star\"><\/i><i class=\"far fa-star\"><\/i><\/h2>\n\n\n\n<p>Deze ruime, lichte accommodaties zijn perfect voor iedereen die op zoek is naar een stacaravan in Barcar\u00e8s die zowel modern als functioneel is, met een groot aantal functies om je vakantie te vergemakkelijken. Deze omvatten meer opslagruimte, ligstoelen, een master suite, haardroger, half-schaduwrijk terras met canvas, enz.<\/p>\n\n\n\n<ul class=\"pictos\"><li><i class=\"far fa-air-conditioner\"><\/i>  Airconditioning<\/li><li><i class=\"far fa-tv\"><\/i>  Televisie<\/li><li><i class=\"far fa-utensils\"><\/i>  Volledig ingerichte keuken<\/li><li><i class=\"far fa-home-heart\"><\/i>  Ruime accommodatie<\/li><li><i class=\"far fa-umbrella-beach\"><\/i>  Halfschaduwrijk terras<\/li><\/ul>\n<\/div>\n\n\n\n<div class=\"wp-block-column\"><ul class=\"liste-locations\"><li class=\"liste-locations__item\"><a href=\"https:\/\/www.lacroixdusud.fr\/nl\/locations\/mobil-home-suite-family\/\">\r\n\t\t\t\t\t\t\t\t\t\t\t\t<span class=\"liste-locations__item__titre\">Mobil Home Suite Family<\/span>\r\n\t\t\t\t\t\t\t\t\t\t\t\t<span class=\"liste-locations__item__texte\">3 slaapkamers voor 6\/8 personen<\/span>\r\n\t\t\t\t\t\t\t\t\t\t\t\t<figure><img src=\"https:\/\/www.lacroixdusud.fr\/wp-content\/uploads\/2022\/09\/suite-family-terrasse2-ConvertImage.jpg\" alt=\"Mobil Home Suite Family\"><\/figure>\r\n\t\t\t\t\t\t\t\t\t\t<\/a><\/li><li class=\"liste-locations__item\"><a href=\"https:\/\/www.lacroixdusud.fr\/nl\/locations\/mobil-home-summer\/\">\r\n\t\t\t\t\t\t\t\t\t\t\t\t<span class=\"liste-locations__item__titre\">Mobil Home Summer<\/span>\r\n\t\t\t\t\t\t\t\t\t\t\t\t<span class=\"liste-locations__item__texte\">2 slaapkamers voor 4\/6 personen<\/span>\r\n\t\t\t\t\t\t\t\t\t\t\t\t<figure><img src=\"https:\/\/www.lacroixdusud.fr\/wp-content\/uploads\/2022\/09\/IMG_1692-scaled.jpg\" alt=\"Mobil Home Summer\"><\/figure>\r\n\t\t\t\t\t\t\t\t\t\t<\/a><\/li><li class=\"liste-locations__item\"><a href=\"https:\/\/www.lacroixdusud.fr\/nl\/locations\/mobil-home-twiny\/\">\r\n\t\t\t\t\t\t\t\t\t\t\t\t<span class=\"liste-locations__item__titre\">Mobil Home Twiny<\/span>\r\n\t\t\t\t\t\t\t\t\t\t\t\t<span class=\"liste-locations__item__texte\">1 slaapkamer 2\/4 personen<\/span>\r\n\t\t\t\t\t\t\t\t\t\t\t\t<figure><img src=\"https:\/\/www.lacroixdusud.fr\/wp-content\/uploads\/2022\/09\/twiny-exterieur-4.jpg\" alt=\"Mobil Home Twiny\"><\/figure>\r\n\t\t\t\t\t\t\t\t\t\t<\/a><\/li><\/ul>\n<\/div>\n<\/div>\n<\/div><\/section>\n\n\n\n<section class=\"wp-container-69ff663f0efe8 wp-block-group b-35-a confort\"><div class=\"wp-block-group__inner-container\">\n<div class=\"wp-block-columns reverse-mob\">\n<div class=\"wp-block-column\"><ul class=\"liste-locations\"><li class=\"liste-locations__item \"><a href=\"https:\/\/www.lacroixdusud.fr\/nl\/locations\/mobil-home-cordelia\/\">\r\n\t\t\t\t\t\t\t\t\t\t\t\t<span class=\"liste-locations__item__titre\">Mobil Home Cord\u00e9lia<\/span>\r\n\t\t\t\t\t\t\t\t\t\t\t\t<span class=\"liste-locations__item__texte\">3 slaapkamers voor 6\/8 personen<\/span>\r\n\t\t\t\t\t\t\t\t\t\t\t\t<figure><img src=\"https:\/\/www.lacroixdusud.fr\/wp-content\/uploads\/2022\/09\/Terrasse-Cordelia-1-scaled.jpg\" alt=\"Mobil Home Cord\u00e9lia\"><\/figure>\r\n\t\t\t\t\t\t\t\t\t\t<\/a><\/li><li class=\"liste-locations__item pmr\"><a href=\"https:\/\/www.lacroixdusud.fr\/nl\/locations\/mobil-home-helios\/\">\r\n\t\t\t\t\t\t\t\t\t\t\t\t<span class=\"liste-locations__item__titre\">Mobil Home H\u00e9lios<\/span>\r\n\t\t\t\t\t\t\t\t\t\t\t\t<span class=\"liste-locations__item__texte\">2 slaapkamers voor 4\/5 personen<\/span>\r\n\t\t\t\t\t\t\t\t\t\t\t\t<figure><img src=\"https:\/\/www.lacroixdusud.fr\/wp-content\/uploads\/2022\/09\/terrasse-4-helios.jpg\" alt=\"Mobil Home H\u00e9lios\"><\/figure>\r\n\t\t\t\t\t\t\t\t\t\t<\/a><\/li><li class=\"liste-locations__item \"><a href=\"https:\/\/www.lacroixdusud.fr\/nl\/locations\/mobil-home-loggia\/\">\r\n\t\t\t\t\t\t\t\t\t\t\t\t<span class=\"liste-locations__item__titre\">Mobil Home Loggia<\/span>\r\n\t\t\t\t\t\t\t\t\t\t\t\t<span class=\"liste-locations__item__texte\">2 slaapkamers voor 4\/6 personen<\/span>\r\n\t\t\t\t\t\t\t\t\t\t\t\t<figure><img src=\"https:\/\/www.lacroixdusud.fr\/wp-content\/uploads\/2022\/09\/Extrieur-LOGGIA-ConvertImage.jpg\" alt=\"Mobil Home Loggia\"><\/figure>\r\n\t\t\t\t\t\t\t\t\t\t<\/a><\/li><li class=\"liste-locations__item \"><a href=\"https:\/\/www.lacroixdusud.fr\/nl\/locations\/mobil-home-loggia-compact\/\">\r\n\t\t\t\t\t\t\t\t\t\t\t\t<span class=\"liste-locations__item__titre\">Mobil Home Loggia compact<\/span>\r\n\t\t\t\t\t\t\t\t\t\t\t\t<span class=\"liste-locations__item__texte\">2 slaapkamers voor 4 personen<\/span>\r\n\t\t\t\t\t\t\t\t\t\t\t\t<figure><img src=\"https:\/\/www.lacroixdusud.fr\/wp-content\/uploads\/2022\/09\/Exterieur-LOGGIA-COMPACT-scaled.jpg\" alt=\"Mobil Home Loggia compact\"><\/figure>\r\n\t\t\t\t\t\t\t\t\t\t<\/a><\/li><li class=\"liste-locations__item \"><a href=\"https:\/\/www.lacroixdusud.fr\/nl\/locations\/mobil-home-cordelia-new\/\">\r\n\t\t\t\t\t\t\t\t\t\t\t\t<span class=\"liste-locations__item__titre\">Stacaravan Cordelia Nieuw<\/span>\r\n\t\t\t\t\t\t\t\t\t\t\t\t<span class=\"liste-locations__item__texte\">3 slaapkamers voor 6\/8 personen<\/span>\r\n\t\t\t\t\t\t\t\t\t\t\t\t<figure><img src=\"https:\/\/www.lacroixdusud.fr\/wp-content\/uploads\/2022\/09\/Terrasse-Cordelia-1-scaled.jpg\" alt=\"Stacaravan Cordelia Nieuw\"><\/figure>\r\n\t\t\t\t\t\t\t\t\t\t<\/a><\/li><\/ul>\n<\/div>\n\n\n\n<div class=\"wp-block-column\" style=\"flex-basis:30%\">\n<h2 id=\"mobil-home-confort-fa-icon-icon-far-fa-tree-palm-fa-icon-icon-far-fa-tree-palm\">Comfort stacaravan  <i class=\"far fa-star\"><\/i><i class=\"far fa-star\"><\/i><\/h2>\n\n\n\n<p>De stacaravans van de serie &#8220;Confort&#8221;, die geschikt zijn voor een vakantie met het gezin of met vrienden, bieden extra ruimte en uitrusting in de verschillende wooneenheden, zodat je kunt genieten van een ontspannen vakantie met toegang tot alle voorzieningen die je nodig hebt op een camping in Barcar\u00e8s.<\/p>\n\n\n\n<ul class=\"pictos\"><li><i class=\"far fa-air-conditioner\"><\/i>  Airconditioning<\/li><li><i class=\"far fa-tv\"><\/i>  Televisie<\/li><li><i class=\"far fa-utensils\"><\/i>  Volledig ingerichte keuken<\/li><\/ul>\n<\/div>\n<\/div>\n<\/div><\/section>\n\n\n\n<section class=\"wp-container-69ff663f0f3a8 wp-block-group b-35-a-bis has-jauneclair-background-color has-background\"><div class=\"wp-block-group__inner-container\">\n<div class=\"wp-block-columns\">\n<div class=\"wp-block-column\" style=\"flex-basis:48%\">\n<h2 id=\"mobil-home-essentiel-fa-icon-icon-far-fa-tree-palm\">Stacaravan Essentiel  <i class=\"far fa-star\"><\/i><\/h2>\n\n\n\n<p id=\"la-gamme-essentiel-est-ideal-pour-ceux-qui-privilegient-une-location-au-camping-a-barcares-a-prix-doux-pour-cela-ils-peuvent-compter-sur-des-mobil-homes-comprenant-2-chambres-mais-aussi-sur-des-coco-sweet-tente-amenagee-ces-logements-insolites-qui-s-apparentent-a-des-cabanes-pour-les-plus-petits-ont-de-quoi-ravir-toute-la-famille\">Het Essentiel-gamma is ideaal voor wie een <strong>camping in Barcar\u00e8s<\/strong> wil huren tegen een redelijke prijs. Er zijn stacaravans met 2 of 3 slaapkamers, maar ook Coco Sweet<strong>(omgebouwde tenten<\/strong>). Deze <strong>ongewone verblijven<\/strong>, die lijken op &#8220;hutten&#8221; voor de kleintjes, zullen het hele gezin zeker bekoren.<\/p>\n\n\n\n<ul class=\"pictos\"><li><i class=\"far fa-euro-sign\"><\/i>  Minimale prijs<\/li><li><i class=\"far fa-house-tree\"><\/i>  Ongewoon verblijf<\/li><li><i class=\"far fa-campfire\"><\/i>  Camping spirit<\/li><\/ul>\n<\/div>\n\n\n\n<div class=\"wp-block-column\"><ul class=\"liste-locations\"><li class=\"liste-locations__item\"><a href=\"https:\/\/www.lacroixdusud.fr\/nl\/locations\/mobil-home-ophea\/\">\r\n\t\t\t\t\t\t\t\t\t\t\t\t<span class=\"liste-locations__item__titre\">Mobil Home O&#8217;Ph\u00e9a<\/span>\r\n\t\t\t\t\t\t\t\t\t\t\t\t<span class=\"liste-locations__item__texte\">3 slaapkamers voor 6 personen<\/span>\r\n\t\t\t\t\t\t\t\t\t\t\t\t<figure><img src=\"https:\/\/www.lacroixdusud.fr\/wp-content\/uploads\/2022\/09\/terrasse-ophea.jpg\" alt=\"Mobil Home O&#8217;Ph\u00e9a\"><\/figure>\r\n\t\t\t\t\t\t\t\t\t\t<\/a><\/li><li class=\"liste-locations__item\"><a href=\"https:\/\/www.lacroixdusud.fr\/nl\/locations\/mobil-home-domino\/\">\r\n\t\t\t\t\t\t\t\t\t\t\t\t<span class=\"liste-locations__item__titre\">Mobil Home Domino<\/span>\r\n\t\t\t\t\t\t\t\t\t\t\t\t<span class=\"liste-locations__item__texte\">2 slaapkamers voor 4 personen + 1 baby<\/span>\r\n\t\t\t\t\t\t\t\t\t\t\t\t<figure><img src=\"https:\/\/www.lacroixdusud.fr\/wp-content\/uploads\/2022\/09\/terrasse-ophea-2.jpg\" alt=\"Mobil Home Domino\"><\/figure>\r\n\t\t\t\t\t\t\t\t\t\t<\/a><\/li><\/ul>\n<\/div>\n<\/div>\n<\/div><\/section>\n\n\n\n<div class=\"wp-block-group encart-information\"><div class=\"wp-block-group__inner-container\">\n<p class=\"has-text-align-center\">Dankzij ons <strong>verschillende aanbod van 4-sterren huuraccommodaties<\/strong> kun je een <strong>huuraccommodatie in een stacaravan in Barcares<\/strong> kiezen die past bij jouw wensen en budget.<\/p>\n<\/div><\/div>\n\n\n\n<section class=\"wp-container-69ff663f0faba wp-block-group b-25-a papito\"><div class=\"wp-block-group__inner-container\">\n<div class=\"wp-block-columns\">\n<div class=\"wp-block-column\">\n<h2 id=\"sejourner-en-mobil-home-au-camping-a-barcares-la-croix-du-sud\">Verblijf in een stacaravan op camping Barcar\u00e8s, La Croix du Sud<\/h2>\n\n\n\n<p>Welke <strong>accommodatie<\/strong> je ook kiest, <strong>wij garanderen maximaal comfort en netheid<\/strong> voor je vakantie op camping \u00e0 Barcares in de <strong>Pyr\u00e9n\u00e9es-Orientales<\/strong>. Profiteer ook van de vele diensten en <a href=\"https:\/\/www.lacroixdusud.fr\/nl\/activiteiten\/\" data-type=\"page\" data-id=\"544\">activiteiten<\/a> op onze <a href=\"https:\/\/www.lacroixdusud.fr\/nl\/zwemparadijs\/\" data-type=\"page\" data-id=\"542\">camping in Barcares met waterpark<\/a> in Languedoc Roussillon. Bovendien kun je verbinding maken met <strong>WIFI<\/strong> op je kampeerplaats (10 minuten gratis om te ontdekken, daarna een vast bedrag volgens het geldende tarief) of gratis in het &#8220;hotzone caf\u00e9&#8221; (30 minuten om de 6 uur).<\/p>\n\n\n\n<p>Een verblijf in een stacaravan in Port Barcar\u00e8s is ideaal voor een vakantie in Zuid-Frankrijk, op minder dan een kilometer van de Middellandse Zeekust. Geniet van de zandstranden, de activiteiten in Port Barcar\u00e8s en de dorpsmarkt, waar je de beste lokale producten vindt. Barcares is een prachtige plek op een steenworp afstand van Perpignan, Canet en Roussillon, Saint Cyprien en vele andere mooie dorpjes in de Pyr\u00e9n\u00e9es Orientales.  <\/p>\n\n\n\n<div class=\"wp-container-69ff663f0f752 wp-block-buttons\">\n<div class=\"wp-block-button btn_resa\"><a class=\"wp-block-button__link\">Beschikbaarheid<\/a><\/div>\n<\/div>\n<\/div>\n\n\n\n<div class=\"wp-block-column\">\n<figure class=\"wp-block-image size-large\"><img loading=\"lazy\" width=\"1024\" height=\"768\" src=\"https:\/\/www.lacroixdusud.fr\/wp-content\/uploads\/2022\/10\/IMG_20220930_105651-ConvertImage-1024x768.jpg\" alt=\"\" class=\"wp-image-2672\" srcset=\"https:\/\/www.lacroixdusud.fr\/wp-content\/uploads\/2022\/10\/IMG_20220930_105651-ConvertImage-1024x768.jpg 1024w, https:\/\/www.lacroixdusud.fr\/wp-content\/uploads\/2022\/10\/IMG_20220930_105651-ConvertImage-300x225.jpg 300w, https:\/\/www.lacroixdusud.fr\/wp-content\/uploads\/2022\/10\/IMG_20220930_105651-ConvertImage-768x576.jpg 768w, https:\/\/www.lacroixdusud.fr\/wp-content\/uploads\/2022\/10\/IMG_20220930_105651-ConvertImage-1536x1152.jpg 1536w, https:\/\/www.lacroixdusud.fr\/wp-content\/uploads\/2022\/10\/IMG_20220930_105651-ConvertImage-2048x1536.jpg 2048w\" sizes=\"(max-width: 1024px) 100vw, 1024px\" \/><\/figure>\n<\/div>\n<\/div>\n<\/div><\/section>\n","protected":false},"excerpt":{"rendered":"<p>Stacaravan Barcares : onze camping te huur Geniet van een ruime keuze aan stacaravans in Barcar\u00e8s voor al uw behoeften, van de Essentielle-serie tot de Tropical Luxe-serie, voor uw volgende kampeervakantie in Barcares in Occitanie, tussen de bergen van de Pyrenee\u00ebn en de Middellandse Zee. Kies uw huuraccommodatie in een stacaravan Barcar\u00e8s op camping La [&hellip;]<\/p>\n","protected":false},"author":1,"featured_media":4424,"parent":0,"menu_order":0,"comment_status":"closed","ping_status":"closed","template":"","meta":[],"acf":[],"_links":{"self":[{"href":"https:\/\/www.lacroixdusud.fr\/nl\/wp-json\/wp\/v2\/pages\/4421"}],"collection":[{"href":"https:\/\/www.lacroixdusud.fr\/nl\/wp-json\/wp\/v2\/pages"}],"about":[{"href":"https:\/\/www.lacroixdusud.fr\/nl\/wp-json\/wp\/v2\/types\/page"}],"author":[{"embeddable":true,"href":"https:\/\/www.lacroixdusud.fr\/nl\/wp-json\/wp\/v2\/users\/1"}],"replies":[{"embeddable":true,"href":"https:\/\/www.lacroixdusud.fr\/nl\/wp-json\/wp\/v2\/comments?post=4421"}],"version-history":[{"count":4,"href":"https:\/\/www.lacroixdusud.fr\/nl\/wp-json\/wp\/v2\/pages\/4421\/revisions"}],"predecessor-version":[{"id":7666,"href":"https:\/\/www.lacroixdusud.fr\/nl\/wp-json\/wp\/v2\/pages\/4421\/revisions\/7666"}],"wp:featuredmedia":[{"embeddable":true,"href":"https:\/\/www.lacroixdusud.fr\/nl\/wp-json\/wp\/v2\/media\/4424"}],"wp:attachment":[{"href":"https:\/\/www.lacroixdusud.fr\/nl\/wp-json\/wp\/v2\/media?parent=4421"}],"curies":[{"name":"wp","href":"https:\/\/api.w.org\/{rel}","templated":true}]}}