{"id":4511,"date":"2023-12-06T11:56:54","date_gmt":"2023-12-06T10:56:54","guid":{"rendered":"https:\/\/www.lacroixdusud.fr\/barbecues\/"},"modified":"2023-12-06T15:50:19","modified_gmt":"2023-12-06T14:50:19","slug":"barbecues","status":"publish","type":"page","link":"https:\/\/www.lacroixdusud.fr\/nl\/barbecues\/","title":{"rendered":"Barcar\u00e8s animaties"},"content":{"rendered":"\n<section class=\"wp-container-69f23548dea41 wp-block-group a-00-a\"><div class=\"wp-block-group__inner-container\">\n<div class=\"wp-block-cover alignfull is-light\"><span aria-hidden=\"true\" class=\"has-bleu-background-color has-background-dim-0 wp-block-cover__gradient-background has-background-dim\"><\/span><img loading=\"lazy\" width=\"1920\" height=\"1438\" class=\"wp-block-cover__image-background wp-image-1236\" alt=\"\" src=\"https:\/\/www.lacroixdusud.fr\/wp-content\/uploads\/2022\/07\/tim-oun-iMM3buqcK_M-unsplash.jpg\" style=\"object-position:56% 34%\" data-object-fit=\"cover\" data-object-position=\"56% 34%\" srcset=\"https:\/\/www.lacroixdusud.fr\/wp-content\/uploads\/2022\/07\/tim-oun-iMM3buqcK_M-unsplash.jpg 1920w, https:\/\/www.lacroixdusud.fr\/wp-content\/uploads\/2022\/07\/tim-oun-iMM3buqcK_M-unsplash-300x225.jpg 300w, https:\/\/www.lacroixdusud.fr\/wp-content\/uploads\/2022\/07\/tim-oun-iMM3buqcK_M-unsplash-1024x767.jpg 1024w, https:\/\/www.lacroixdusud.fr\/wp-content\/uploads\/2022\/07\/tim-oun-iMM3buqcK_M-unsplash-768x575.jpg 768w, https:\/\/www.lacroixdusud.fr\/wp-content\/uploads\/2022\/07\/tim-oun-iMM3buqcK_M-unsplash-1536x1150.jpg 1536w\" sizes=\"(max-width: 1920px) 100vw, 1920px\" \/><div class=\"wp-block-cover__inner-container\">\n<h1 class=\"has-text-align-center has-white-color has-text-color\" id=\"animations-barcares\">Evenementen<\/h1>\n<\/div><\/div>\n<\/div><\/section>\n\n\n\n<div class=\"wp-container-69f23548deeb6 wp-block-group seo\"><div class=\"wp-block-group__inner-container\">\n<div class=\"wp-block-columns\">\n<div class=\"wp-block-column\">\n<figure class=\"wp-block-image size-large\"><img loading=\"lazy\" width=\"1024\" height=\"683\" src=\"https:\/\/www.lacroixdusud.fr\/wp-content\/uploads\/2022\/07\/loisirs-croix-du-sud-01-1024x683.jpg\" alt=\"\" class=\"wp-image-1351\" srcset=\"https:\/\/www.lacroixdusud.fr\/wp-content\/uploads\/2022\/07\/loisirs-croix-du-sud-01-1024x683.jpg 1024w, https:\/\/www.lacroixdusud.fr\/wp-content\/uploads\/2022\/07\/loisirs-croix-du-sud-01-300x200.jpg 300w, https:\/\/www.lacroixdusud.fr\/wp-content\/uploads\/2022\/07\/loisirs-croix-du-sud-01-768x512.jpg 768w, https:\/\/www.lacroixdusud.fr\/wp-content\/uploads\/2022\/07\/loisirs-croix-du-sud-01.jpg 1500w\" sizes=\"(max-width: 1024px) 100vw, 1024px\" \/><\/figure>\n<\/div>\n\n\n\n<div class=\"wp-block-column\">\n<p>Barcar\u00e8s is een havenstad in het zuidwesten van Frankrijk, in de regio Languedoc-Roussillon-Midi-Pyr\u00e9n\u00e9es. Het strekt zich uit langs enkele kilometers mediterrane kustlijn en beschikt over een prachtig zeemeer van 7.000 hectare. Het is een vissersstadje waar de traditionele visvangst nog steeds erg populair is, wat het zo beroemd maakt. Deze levendige stad staat ook bekend om zijn feestelijke sfeer. Deze bestemming is ideaal voor droomvakanties aan zee.<br>Honderden toeristen komen elk jaar naar <strong>Barcar\u00e8s<\/strong> om de vele levendige evenementen bij te wonen die hier worden gehouden, vooral tijdens de zomermaanden. Onder de populairste zijn de toro pool show, de alchemie tentoonstelling, de stilleven en zeegezicht tentoonstelling, tafelvoetbal, strandsporten en de avondmarkt op het Grande Plage&#8230;<\/p>\n\n\n\n<h2 id=\"activites-a-barcares\">Activiteiten in Barcares<\/h2>\n\n\n\n<p>Je hoeft je niet te vervelen in deze haven, waar het hele jaar door van alles te doen is vanaf onze <a href=\"https:\/\/www.lacroixdusud.fr\/nl\/\" data-type=\"page\" data-id=\"5\">camping La Croix du Sud in Barcar\u00e8s<\/a>. Iedereen, jong en oud, kan genieten van de speciale joviale sfeer van dit kleine stadje. Barcares heeft een rijkdom aan gemeenschapsactiviteiten die gericht zijn op het cre\u00ebren van sociale harmonie in deze goed georganiseerde stad. Er is een breed aanbod aan activiteiten, van dansen tot Catalaanse boottochten, levendige festivals, strandsporten en ontspannen op het fijne zandstrand. Er zijn tal van activiteiten voor kinderen, zoals &#8220;kinderochtenden&#8221; en de leuke toernooien die regelmatig worden georganiseerd. Met jeu de boules, circus en parades, en traditionele visvangst zal je verblijf een drukke aangelegenheid worden.<\/p>\n<\/div>\n<\/div>\n<\/div><\/div>\n\n\n\n<div class=\"wp-container-69f23548df2f2 wp-block-group seo\"><div class=\"wp-block-group__inner-container\">\n<div class=\"wp-block-columns\">\n<div class=\"wp-block-column\">\n<h2 id=\"feu-d-artifice-barcares\">Barcares vuurwerk<\/h2>\n\n\n\n<p>Om een levendige dag of een speciale gebeurtenis af te sluiten, versiert Barcares de hemel traditioneel met vuurwerk. Het zorgt altijd voor een prachtige, ontroerende show waar jong en oud blij van worden. Deze magische momenten die je doorbrengt met het bewonderen van de kleurrijke luchten zullen je verblijf onvergetelijk maken.<\/p>\n\n\n\n<h2 id=\"marche-barcares\">Barcares Markt<\/h2>\n\n\n\n<p>Als havenstad laten de markten in Barcares hun maritieme rijkdommen zien. Verse, goed bereide aquatische producten zijn daarom de sterren in de schappen. De ochtendmarkt van Coudal\u00e8re wordt elke dinsdag gehouden op de Place de la Martinique. Op de oevers van de haven vind je een grote verscheidenheid aan vers gevangen vis. In juli en augustus vindt de avondmarkt twee keer per week plaats op het hoofdstrand. In dezelfde periode mag je de traditionele streekproductenmarkt niet missen die elke dinsdag op de parkeerplaats van Lydia wordt gehouden. De ochtend- en avondmarkt van het dorp vindt 3 keer per week plaats op de Place de la R\u00e9publique.<\/p>\n<\/div>\n\n\n\n<div class=\"wp-block-column\">\n<figure class=\"wp-block-image size-large\"><img loading=\"lazy\" width=\"685\" height=\"1024\" src=\"https:\/\/www.lacroixdusud.fr\/wp-content\/uploads\/2022\/07\/service-camping-croix-du-sud-06-685x1024.jpg\" alt=\"\" class=\"wp-image-1074\" srcset=\"https:\/\/www.lacroixdusud.fr\/wp-content\/uploads\/2022\/07\/service-camping-croix-du-sud-06-685x1024.jpg 685w, https:\/\/www.lacroixdusud.fr\/wp-content\/uploads\/2022\/07\/service-camping-croix-du-sud-06-201x300.jpg 201w, https:\/\/www.lacroixdusud.fr\/wp-content\/uploads\/2022\/07\/service-camping-croix-du-sud-06-768x1147.jpg 768w, https:\/\/www.lacroixdusud.fr\/wp-content\/uploads\/2022\/07\/service-camping-croix-du-sud-06.jpg 1004w\" sizes=\"(max-width: 685px) 100vw, 685px\" \/><\/figure>\n<\/div>\n<\/div>\n<\/div><\/div>\n\n\n\n<div class=\"wp-container-69f23548df719 wp-block-group seo\"><div class=\"wp-block-group__inner-container\">\n<div class=\"wp-block-columns\">\n<div class=\"wp-block-column\">\n<figure class=\"wp-block-image size-full\"><img loading=\"lazy\" width=\"980\" height=\"480\" src=\"https:\/\/www.lacroixdusud.fr\/wp-content\/uploads\/2022\/07\/electrobeach-barcares.jpg\" alt=\"\" class=\"wp-image-1289\" srcset=\"https:\/\/www.lacroixdusud.fr\/wp-content\/uploads\/2022\/07\/electrobeach-barcares.jpg 980w, https:\/\/www.lacroixdusud.fr\/wp-content\/uploads\/2022\/07\/electrobeach-barcares-300x147.jpg 300w, https:\/\/www.lacroixdusud.fr\/wp-content\/uploads\/2022\/07\/electrobeach-barcares-768x376.jpg 768w\" sizes=\"(max-width: 980px) 100vw, 980px\" \/><\/figure>\n<\/div>\n\n\n\n<div class=\"wp-block-column\">\n<h2 id=\"feu-d-artifice-barcares\">Kermis<\/h2>\n\n\n\n<p>Tijdens de zomervakantie is de kermis in Barcar\u00e8s indrukwekkend. De deelnemers, die vaak uit sociale verenigingen komen, werken hard om deze momenten onvergetelijk te maken. Allerlei soorten entertainment en leuke toernooien met te winnen prijzen staan op het menu. De attracties zijn grandioos, tot groot genoegen van jong en oud. Tijdens de kermis is er entertainment rond het thema van de zee en solidariteit en de winst wordt vaak gedoneerd aan liefdadigheidsinstellingen of bestemd voor ontwikkelingsinitiatieven van de stad.<\/p>\n\n\n\n<h2 id=\"marche-barcares\">Electrobeach Festival<\/h2>\n\n\n\n<p>Barcar\u00e8s is ook gastheer van een groot festival voor elektronische muziek:Electrobeach. Het festival brengt de stad Barcar\u00e8s 3 dagen lang tot leven en verwelkomt tot 170.000 festivalgangers.<\/p>\n<\/div>\n<\/div>\n<\/div><\/div>\n","protected":false},"excerpt":{"rendered":"<p>Barcar\u00e8s is een havenstad in het zuidwesten van Frankrijk, in de regio Languedoc-Roussillon-Midi-Pyr\u00e9n\u00e9es. Het strekt zich uit langs enkele kilometers mediterrane kustlijn en beschikt over een prachtig zeemeer van 7.000 hectare. Het is een vissersstadje waar de traditionele visvangst nog steeds erg populair is, wat het zo beroemd maakt. Deze levendige stad staat ook bekend [&hellip;]<\/p>\n","protected":false},"author":1,"featured_media":0,"parent":0,"menu_order":0,"comment_status":"closed","ping_status":"closed","template":"","meta":[],"acf":[],"_links":{"self":[{"href":"https:\/\/www.lacroixdusud.fr\/nl\/wp-json\/wp\/v2\/pages\/4511"}],"collection":[{"href":"https:\/\/www.lacroixdusud.fr\/nl\/wp-json\/wp\/v2\/pages"}],"about":[{"href":"https:\/\/www.lacroixdusud.fr\/nl\/wp-json\/wp\/v2\/types\/page"}],"author":[{"embeddable":true,"href":"https:\/\/www.lacroixdusud.fr\/nl\/wp-json\/wp\/v2\/users\/1"}],"replies":[{"embeddable":true,"href":"https:\/\/www.lacroixdusud.fr\/nl\/wp-json\/wp\/v2\/comments?post=4511"}],"version-history":[{"count":2,"href":"https:\/\/www.lacroixdusud.fr\/nl\/wp-json\/wp\/v2\/pages\/4511\/revisions"}],"predecessor-version":[{"id":5080,"href":"https:\/\/www.lacroixdusud.fr\/nl\/wp-json\/wp\/v2\/pages\/4511\/revisions\/5080"}],"wp:attachment":[{"href":"https:\/\/www.lacroixdusud.fr\/nl\/wp-json\/wp\/v2\/media?parent=4511"}],"curies":[{"name":"wp","href":"https:\/\/api.w.org\/{rel}","templated":true}]}}