{"id":4567,"date":"2023-12-06T11:58:26","date_gmt":"2023-12-06T10:58:26","guid":{"rendered":"https:\/\/www.lacroixdusud.fr\/partners\/"},"modified":"2023-12-06T11:58:27","modified_gmt":"2023-12-06T10:58:27","slug":"partners","status":"publish","type":"page","link":"https:\/\/www.lacroixdusud.fr\/nl\/partners\/","title":{"rendered":"Partners"},"content":{"rendered":"\n<section class=\"wp-container-69d1b18b648b3 wp-block-group a-00-a\"><div class=\"wp-block-group__inner-container\">\n<div class=\"wp-block-cover alignfull is-light\"><span aria-hidden=\"true\" class=\"has-white-background-color has-background-dim-0 wp-block-cover__gradient-background has-background-dim\"><\/span><img loading=\"lazy\" width=\"1920\" height=\"1280\" class=\"wp-block-cover__image-background wp-image-1182\" alt=\"\" src=\"https:\/\/www.lacroixdusud.fr\/wp-content\/uploads\/2022\/07\/CDS_piscine_005-format.jpg\" style=\"object-position:52% 52%\" data-object-fit=\"cover\" data-object-position=\"52% 52%\" srcset=\"https:\/\/www.lacroixdusud.fr\/wp-content\/uploads\/2022\/07\/CDS_piscine_005-format.jpg 1920w, https:\/\/www.lacroixdusud.fr\/wp-content\/uploads\/2022\/07\/CDS_piscine_005-format-300x200.jpg 300w, https:\/\/www.lacroixdusud.fr\/wp-content\/uploads\/2022\/07\/CDS_piscine_005-format-1024x683.jpg 1024w, https:\/\/www.lacroixdusud.fr\/wp-content\/uploads\/2022\/07\/CDS_piscine_005-format-768x512.jpg 768w, https:\/\/www.lacroixdusud.fr\/wp-content\/uploads\/2022\/07\/CDS_piscine_005-format-1536x1024.jpg 1536w\" sizes=\"(max-width: 1920px) 100vw, 1920px\" \/><div class=\"wp-block-cover__inner-container\">\n<h1 class=\"has-text-align-center has-white-color has-text-color\" id=\"les-partenaires-du-camping-a-barcares-la-croix-du-sud\">Partners van Camping \u00e0 Barcar\u00e8s La Croix du sud<\/h1>\n<\/div><\/div>\n<\/div><\/section>\n\n<div class=\"wp-block-columns\">\n<div class=\"wp-block-column\">\n<div class=\"wp-container-69d1b18b64e82 wp-block-group partenaire\"><div class=\"wp-block-group__inner-container\">\n<h2 id=\"aqualand-le-barcares\">Aqualand Le Barcar\u00e8s<\/h2>\n\n\n\n<h3 id=\"parc-d-attraction-aquatique-10-min-du-barcares\">Waterpretpark \/ 10 min van Le Barcar\u00e8s<\/h3>\n\n\n\n<p>Een stortvloed aan waterattracties voor het hele gezin. Tussen Leucate en Le Barcar\u00e8s is Aqualand een wereld vol sensationele waterglijbanen. Het enorme golfslagbad van het park is ook een geweldige plek om allerlei watersporten te beoefenen, met boeien, met vrienden of alleen.<\/p>\n\n\n\n<div class=\"wp-container-69d1b18b64c01 wp-block-buttons\">\n<div class=\"wp-block-button\"><a class=\"wp-block-button__link\" href=\"https:\/\/www.aqualand.fr\/\" target=\"_blank\" rel=\"noreferrer noopener\">Aqualand<\/a><\/div>\n<\/div>\n<\/div><\/div>\n\n\n\n<div class=\"wp-container-69d1b18b65448 wp-block-group partenaire\"><div class=\"wp-block-group__inner-container\">\n<h2 id=\"reserve-africaine-de-sigean\">Afrikaans reservaat Sigean<\/h2>\n\n\n\n<h3 id=\"zoo-30-min-du-barcares\">Dierentuin \/ 30 min van Le Barcar\u00e8s<\/h3>\n\n\n\n<p>De enige in zijn soort in Europa! Meer dan 3.800 dieren verspreid over 300 hectare land. Waag je op een paar kilometer van de camping om op safari te gaan in Languedoc Roussillon in een semi-natuurlijk dierenpark dat groot genoeg is om de dieren het gevoel te geven dat ze loslopen, bijna in het wild.<\/p>\n\n\n\n<div class=\"wp-container-69d1b18b651b8 wp-block-buttons\">\n<div class=\"wp-block-button\"><a class=\"wp-block-button__link\" href=\"https:\/\/www.reserveafricainesigean.fr\/\" target=\"_blank\" rel=\"noreferrer noopener\">Afrikaans reservaat Sigean<\/a><\/div>\n<\/div>\n<\/div><\/div>\n\n\n\n<div class=\"wp-container-69d1b18b6571f wp-block-group partenaire\"><div class=\"wp-block-group__inner-container\">\n<h2 id=\"reserve-africaine-de-sigean\">De kloven van Fou<\/h2>\n\n\n\n<h3 id=\"zoo-30-min-du-barcares\">Wandeling \/ 1u van Le Barcar\u00e8s<\/h3>\n\n\n\n<p>De smalste kloven ter wereld zijn bij Arles sur Tech. Kom en ontdek een unieke en verbazingwekkende geologische site. Gigantische kliffen met rode strepen beschutten een hangend pad dat aan het zicht is onttrokken. Herontdek het gevoel van onmetelijkheid terwijl je langs deze marmeren kalkstenen muren loopt.<\/p>\n<\/div><\/div>\n\n\n\n<div class=\"wp-container-69d1b18b659fe wp-block-group partenaire\"><div class=\"wp-block-group__inner-container\">\n<h2 id=\"reserve-africaine-de-sigean\">De avonturiers van St Jean<\/h2>\n\n\n\n<h3 id=\"zoo-30-min-du-barcares\">Avonturenparcours \/ 30 min van Le Barcar\u00e8s<\/h3>\n\n\n\n<p>Ontdek nieuwe sensaties met de boomcursussen van Aventuriers de St Jean. Aan de oevers van het meer St Jean Pla de Corts nemen acrobatische parcours en tokkelbanen je mee op een buitengewoon avontuur, ongeacht je fysieke conditie of leeftijd.<\/p>\n<\/div><\/div>\n\n\n\n<div class=\"wp-container-69d1b18b65ce9 wp-block-group partenaire\"><div class=\"wp-block-group__inner-container\">\n<h2 id=\"reserve-africaine-de-sigean\">Skilift<\/h2>\n\n\n\n<h3 id=\"zoo-30-min-du-barcares\">Watersporten \/ In Port Barcar\u00e8s<\/h3>\n\n\n\n<p>Trakteer jezelf op een moment van zweefvliegen op het meer in Le Barcar\u00e8s. Waterski\u00ebn, wakeboarden of kneeboarden. Van april tot november biedt de T\u00e9l\u00e9ski elke dag kennismakingslessen of pakketten per uur vanaf \u20ac 18. Een unieke activiteit in de regio en een sensatie om te zien.<\/p>\n<\/div><\/div>\n\n\n\n<div class=\"wp-container-69d1b18b65ffb wp-block-group partenaire\"><div class=\"wp-block-group__inner-container\">\n<h2 id=\"reserve-africaine-de-sigean\">UCPA<\/h2>\n\n\n\n<h3 id=\"zoo-30-min-du-barcares\">Zeilen en windsurfen<\/h3>\n\n\n\n<p>Windsurfen, catamaran, stand-up, paddle. Lessen \u00e0 la carte, verhuur, cursussen en sportonderbrekingen. Open van 19\/04 tot 31\/10<\/p>\n<\/div><\/div>\n<\/div>\n\n\n\n<div class=\"wp-block-column\">\n<div class=\"wp-container-69d1b18b665a2 wp-block-group partenaire\"><div class=\"wp-block-group__inner-container\">\n<h2 id=\"aqualand-le-barcares\">Le Poulpe<\/h2>\n\n\n\n<h3 id=\"parc-d-attraction-aquatique-10-min-du-barcares\">Duikcentrum \/ Le barcar\u00e8s : Port St Ange<\/h3>\n\n\n\n<p>In de buurt van de camping kunt u zich onderdompelen in de schoonheid van de zee, de diepten en de mensen van de diepte ontdekken. Jean-Marc Badie heet je welkom in zijn duikcentrum in Port St Ange in Barcar\u00e8s voor een beginnerscursus, een eerste duik, een verkenningstocht of een opleiding.<\/p>\n\n\n\n<div class=\"wp-container-69d1b18b66321 wp-block-buttons\">\n<div class=\"wp-block-button\"><a class=\"wp-block-button__link\" href=\"https:\/\/www.le-poulpe.com\/\" target=\"_blank\" rel=\"noreferrer noopener\">Duikcentrum Le Poulpe<\/a><\/div>\n<\/div>\n<\/div><\/div>\n\n\n\n<div class=\"wp-container-69d1b18b66889 wp-block-group partenaire\"><div class=\"wp-block-group__inner-container\">\n<h2 id=\"aqualand-le-barcares\">Raften in het zuiden<\/h2>\n\n\n\n<h3 id=\"parc-d-attraction-aquatique-10-min-du-barcares\">Wildwatersporten \/ Axat in het departement Aude<\/h3>\n\n\n\n<p>Sud Rafting biedt je de kans om de vele facetten van ons departement te ontdekken via natuur- en wildwateractiviteiten onder begeleiding van professionals. Canyoning, rafting, hydrospeed, hot-dogging, via feratta, accrobranche&#8230;<\/p>\n<\/div><\/div>\n\n\n\n<div class=\"wp-container-69d1b18b66b80 wp-block-group partenaire\"><div class=\"wp-block-group__inner-container\">\n<h2 id=\"aqualand-le-barcares\">Pony\/paardrijden: de kolonie<\/h2>\n\n\n\n<h3 id=\"parc-d-attraction-aquatique-10-min-du-barcares\">Paardencentrum \/ Au barcar\u00e8s<\/h3>\n\n\n\n<p>Manege La Colonie is het hele jaar door geopend. Het biedt paardrijlessen en heerlijke pony- en paardrijtochten. Vergeet tijdens je verblijf op onze camping niet om een afspraak te maken voor een paardrijtocht van een half uur, een uur of twee uur.<\/p>\n\n\n\n<p>Om contact met hen op te nemen: 06 12 47 06 77<\/p>\n<\/div><\/div>\n\n\n\n<div class=\"wp-container-69d1b18b67149 wp-block-group partenaire\"><div class=\"wp-block-group__inner-container\">\n<h2 id=\"aqualand-le-barcares\">De Lydia<\/h2>\n\n\n\n<h3 id=\"parc-d-attraction-aquatique-10-min-du-barcares\">Casino \/ Au barcar\u00e8s<\/h3>\n\n\n\n<p>De boot Lydia, die jarenlang op het strand van Le Barcar\u00e8s heeft gelegen, heeft een tweede leven gekregen door er geen museum of viskolonie, maar een luxe casino in onder te brengen! Speelautomaten, Hold&#8217;em Poker, traditionele spellen, restaurant en discotheek zijn allemaal ge\u00efnstalleerd in dit omgebouwde oceaanstomer.<\/p>\n\n\n\n<div class=\"wp-container-69d1b18b66e8c wp-block-buttons\">\n<div class=\"wp-block-button\"><a class=\"wp-block-button__link\" href=\"http:\/\/histoireduroussillon.free.fr\/Thematiques\/Batiments\/Histoire\/Lydia.php\" target=\"_blank\" rel=\"noreferrer noopener\">Een beetje geschiedenis van de Lydia<\/a><\/div>\n<\/div>\n<\/div><\/div>\n\n\n\n<div class=\"wp-container-69d1b18b67475 wp-block-group partenaire\"><div class=\"wp-block-group__inner-container\">\n<h2 id=\"aqualand-le-barcares\">Lunapark<\/h2>\n\n\n\n<h3 id=\"parc-d-attraction-aquatique-10-min-du-barcares\">Sensatiepark \/ Le Barcar\u00e8s<\/h3>\n\n\n\n<p>Geopend van 1 juli tot 31 augustus. Kom elke avond plezier maken vanaf 21.00 uur. De toon&#8217;s wachten op je voor speciale avonden, vuurwerk, verrassingen of avonden met halve prijzen in de attracties. De kermismensen heten je van harte welkom.<\/p>\n<\/div><\/div>\n\n\n\n<div class=\"wp-container-69d1b18b67783 wp-block-group partenaire\"><div class=\"wp-block-group__inner-container\">\n<h2 id=\"aqualand-le-barcares\">Thalassol<\/h2>\n\n\n\n<h3 id=\"parc-d-attraction-aquatique-10-min-du-barcares\">Thalassotherapie \/ Au Barcar\u00e8s<\/h3>\n\n\n\n<p>Ontdoe je van de saaiheid van alledag, revitaliseer jezelf, laad je batterijen op en geef je figuur een nieuwe vorm. Het thalassotherapiecentrum van Thalassol biedt een reeks 5- tot 6-daagse kuren en formules voor een compleet programma en totale verzorging.<\/p>\n<\/div><\/div>\n<\/div>\n<\/div>\n\n<div class=\"wp-container-69d1b18b67ab2 wp-block-buttons\">\n<div class=\"wp-block-button btn_resa\"><a class=\"wp-block-button__link\">Mijn verblijf boeken<\/a><\/div>\n\n\n\n<div class=\"wp-block-button\"><a class=\"wp-block-button__link\" href=\"https:\/\/www.lacroixdusud.fr\/nl\/\">Terug naar de startpagina<\/a><\/div>\n<\/div>\n","protected":false},"excerpt":{"rendered":"<p>Aqualand Le Barcar\u00e8s Waterpretpark \/ 10 min van Le Barcar\u00e8s Een stortvloed aan waterattracties voor het hele gezin. Tussen Leucate en Le Barcar\u00e8s is Aqualand een wereld vol sensationele waterglijbanen. Het enorme golfslagbad van het park is ook een geweldige plek om allerlei watersporten te beoefenen, met boeien, met vrienden of alleen. Afrikaans reservaat Sigean [&hellip;]<\/p>\n","protected":false},"author":1,"featured_media":0,"parent":0,"menu_order":0,"comment_status":"closed","ping_status":"closed","template":"","meta":[],"acf":[],"_links":{"self":[{"href":"https:\/\/www.lacroixdusud.fr\/nl\/wp-json\/wp\/v2\/pages\/4567"}],"collection":[{"href":"https:\/\/www.lacroixdusud.fr\/nl\/wp-json\/wp\/v2\/pages"}],"about":[{"href":"https:\/\/www.lacroixdusud.fr\/nl\/wp-json\/wp\/v2\/types\/page"}],"author":[{"embeddable":true,"href":"https:\/\/www.lacroixdusud.fr\/nl\/wp-json\/wp\/v2\/users\/1"}],"replies":[{"embeddable":true,"href":"https:\/\/www.lacroixdusud.fr\/nl\/wp-json\/wp\/v2\/comments?post=4567"}],"version-history":[{"count":1,"href":"https:\/\/www.lacroixdusud.fr\/nl\/wp-json\/wp\/v2\/pages\/4567\/revisions"}],"predecessor-version":[{"id":4568,"href":"https:\/\/www.lacroixdusud.fr\/nl\/wp-json\/wp\/v2\/pages\/4567\/revisions\/4568"}],"wp:attachment":[{"href":"https:\/\/www.lacroixdusud.fr\/nl\/wp-json\/wp\/v2\/media?parent=4567"}],"curies":[{"name":"wp","href":"https:\/\/api.w.org\/{rel}","templated":true}]}}