{"id":4606,"date":"2023-12-06T12:00:36","date_gmt":"2023-12-06T11:00:36","guid":{"rendered":"https:\/\/www.lacroixdusud.fr\/domaine-de-la-vigne-barbe\/"},"modified":"2025-10-30T14:03:55","modified_gmt":"2025-10-30T13:03:55","slug":"domaine-de-la-vigne-barbe","status":"publish","type":"page","link":"https:\/\/www.lacroixdusud.fr\/nl\/domaine-de-la-vigne-barbe\/","title":{"rendered":". Domaine La Vigne Barb\u00e9"},"content":{"rendered":"\n<section class=\"wp-container-69f0c892c4970 wp-block-group a-00-a\"><div class=\"wp-block-group__inner-container\">\n<div class=\"wp-block-cover alignfull is-light\"><span aria-hidden=\"true\" class=\"has-white-background-color has-background-dim-0 wp-block-cover__gradient-background has-background-dim\"><\/span><img loading=\"lazy\" width=\"2560\" height=\"1707\" class=\"wp-block-cover__image-background wp-image-5227\" alt=\"vignoble pr\u00e8s de Barcares\" src=\"https:\/\/www.lacroixdusud.fr\/wp-content\/uploads\/2024\/01\/Vignoble-2-scaled.jpg\" style=\"object-position:56% 40%\" data-object-fit=\"cover\" data-object-position=\"56% 40%\" srcset=\"https:\/\/www.lacroixdusud.fr\/wp-content\/uploads\/2024\/01\/Vignoble-2-scaled.jpg 2560w, https:\/\/www.lacroixdusud.fr\/wp-content\/uploads\/2024\/01\/Vignoble-2-300x200.jpg 300w, https:\/\/www.lacroixdusud.fr\/wp-content\/uploads\/2024\/01\/Vignoble-2-1024x683.jpg 1024w, https:\/\/www.lacroixdusud.fr\/wp-content\/uploads\/2024\/01\/Vignoble-2-768x512.jpg 768w, https:\/\/www.lacroixdusud.fr\/wp-content\/uploads\/2024\/01\/Vignoble-2-1536x1024.jpg 1536w, https:\/\/www.lacroixdusud.fr\/wp-content\/uploads\/2024\/01\/Vignoble-2-2048x1365.jpg 2048w\" sizes=\"(max-width: 2560px) 100vw, 2560px\" \/><div class=\"wp-block-cover__inner-container\">\n<p class=\"has-x-large-font-size\"><\/p>\n<\/div><\/div>\n<\/div><\/section>\n\n<div style=\"height:100px\" aria-hidden=\"true\" class=\"wp-block-spacer\"><\/div>\n\n<h1 id=\"la-vigne-barbe-notre-domaine-viticole-dans-les-pyrenees-orientales\">La Vigne Barb\u00e9, unser Weingut in den Pyr\u00e9n\u00e9es-Orientales<\/h1>\n\n<p>W\u00e4hrend Ihres Aufenthalts auf<strong> <\/strong>dem <a href=\"https:\/\/www.lacroixdusud.fr\/nl\/\" data-type=\"page\" data-id=\"1232\" target=\"_blank\" rel=\"noreferrer noopener\">4-Sterne-Campingplatz in Barcar\u00e8s<\/a> entdecken Sie unser Weingut in Claira. Entdecken Sie das Weingut <strong>Domaine de La Vigne Barb\u00e9<\/strong>, gelegen in der <strong>Ebene des Roussillon<\/strong> auf einer Fl\u00e4che von rund f\u00fcnfzig Hektar. Unser Weingut in Claira stammt aus sechs Generationen von Winzern und profitiert von einer au\u00dfergew\u00f6hnlichen <strong>Sonneneinstrahlung<\/strong>. Onze wijnen zijn allemaal <strong>biologisch geteeld<\/strong> en gemaakt van edele druivensoorten zoals <strong>Merlot, Syrah, Grenache Noirs en Blancs, Chardonnay, Carignan<\/strong> en <strong>Muscats d&#8217;Alexandrie en Petit Grain<\/strong>.<\/p>\n\n<p>Wir bieten rund zwanzig Produkte an: Rot-, Wei\u00df- und Ros\u00e9weine, liebliche und Schaumweine sowie Traubens\u00e4fte <\/p>\n\n<div class=\"wp-container-69f0c892c4d5f wp-block-buttons\">\n<div class=\"wp-block-button btn_resa\"><a class=\"wp-block-button__link\" href=\"https:\/\/www.lavignebarbe.com\/\" target=\"_blank\" rel=\"noreferrer noopener\">Bekijk de website van het Domaine<\/a><\/div>\n<\/div>\n\n<div class=\"wp-block-group encart-information\"><div class=\"wp-block-group__inner-container\">\n<p class=\"has-black-color has-text-color\">F\u00fcr alle Informationen oder Reservierungen kontaktieren Sie uns: <\/p>\n\n\n\n<ul class=\"has-black-color has-text-color\"><li>Telefon: +33 4 68 52 32 23<\/li><li>E-Mail: lavignebarbe@orange.fr<\/li><li>Adresse: Domaine La Vigne Barb\u00e9, Chemin du Mas Rovira 66 530 CLAIRA<\/li><\/ul>\n<\/div><\/div>\n\n<section class=\"wp-container-69f0c892c520c wp-block-group b-05-a\"><div class=\"wp-block-group__inner-container\">\n<div class=\"wp-block-columns reverse-mob\">\n<div class=\"wp-block-column\">\n<h2 id=\"visite-en-petit-train-ou-en-rosalie-du-domaine-viticole\">Besichtigung des Weinguts mit dem Minizug oder der Rosalie<\/h2>\n\n\n\n<p>Im Herzen der <strong>Weinregion<\/strong> Pyr\u00e9n\u00e9es-Orientales verk\u00f6rpert das Weingut <strong>Domaine de la Vigne Barb\u00e9<\/strong> die Authentizit\u00e4t der Weine des Roussillon. M\u00f6chten Sie Ihren Besuch auf dem Weingut bereichern? Inmitten einer bezaubernden Landschaft laden wir <strong>Sie zu einer kostenlosen Fahrt mit dem kleinen Zug<\/strong> ein \u2013 ein einzigartiges Erlebnis, das Sie mitten in unsere <strong>Weinberge<\/strong> in den <strong>Pyr\u00e9n\u00e9es-Orientales<\/strong> entf\u00fchrt.   <\/p>\n\n\n\n<p>Lassen Sie sich von der Ruhe der Fahrt mitrei\u00dfen und entdecken Sie den Reichtum der <strong>Weinkultur<\/strong>, die unser Terroir pr\u00e4gt. Mit unserem <strong>fachkundigen F\u00fchrer<\/strong> tauchen Sie in die faszinierende Welt der <strong>Rebsorten<\/strong> ein, lernen ihre besonderen Merkmale kennen und verstehen den feinen Einfluss des <strong>Klimas<\/strong> auf ihr Wachstum. <\/p>\n\n\n\n<p>Am Ende der Besichtigung k\u00f6nnen Sie den <strong>Weinkeller in Claira<\/strong> besuchen und sich mit Fachleuten \u00fcber die <strong>Weinherstellung<\/strong>, den Weg der Traube in unseren Kellern sowie eine <strong>gef\u00fchrte Verkostung<\/strong> w\u00e4hrend der Hochsaison (von Juni bis September) austauschen.<\/p>\n\n\n\n<p>Wenn Sie lieber auf eigene Faust unterwegs sind, <strong>mieten Sie ein Rosalien-Fahrrad<\/strong> und folgen Sie einem <strong>Lehrpfad \u00fcber Reben, Wein, Terroir und Landschaften<\/strong>. Dieses selbstst\u00e4ndige Erlebnis erm\u00f6glicht es Ihnen, in Ihrem eigenen Tempo durch unsere malerischen Weinberge zu schlendern. W\u00e4hrend Ihrer Fahrt mit der Rosalie k\u00f6nnen Sie anhalten und spannende Informationen \u00fcber die wichtigsten Aspekte des <strong>Weinbaus<\/strong>, der <strong>Weinherstellung<\/strong> und der <strong>landschaftlichen Vielfalt<\/strong> der Umgebung entdecken.   <\/p>\n\n\n\n<p>Genie\u00dfen Sie diesen <strong>freien Ausflug<\/strong>, um die ruhige Atmosph\u00e4re auf sich wirken zu lassen, die Feinheiten unseres <strong>au\u00dfergew\u00f6hnlichen Terroirs<\/strong> zu entdecken und die atemberaubenden Panoramen zu bewundern, die unser <strong>Weingut<\/strong> so ber\u00fchmt machen.<\/p>\n<\/div>\n\n\n\n<div class=\"wp-block-column\">\n<figure class=\"wp-block-image size-full feuille-top-right coquillage1-bottom-right\"><img loading=\"lazy\" width=\"909\" height=\"960\" src=\"https:\/\/www.lacroixdusud.fr\/wp-content\/uploads\/2022\/11\/218219718_3203693873204287_788771090782065965_n.jpg\" alt=\"Weinberg-B&#xE4;hnchen\" class=\"wp-image-3062\" srcset=\"https:\/\/www.lacroixdusud.fr\/wp-content\/uploads\/2022\/11\/218219718_3203693873204287_788771090782065965_n.jpg 909w, https:\/\/www.lacroixdusud.fr\/wp-content\/uploads\/2022\/11\/218219718_3203693873204287_788771090782065965_n-284x300.jpg 284w, https:\/\/www.lacroixdusud.fr\/wp-content\/uploads\/2022\/11\/218219718_3203693873204287_788771090782065965_n-768x811.jpg 768w\" sizes=\"(max-width: 909px) 100vw, 909px\" \/><\/figure>\n<\/div>\n<\/div>\n<\/div><\/section>\n\n<div class=\"wp-container-69f0c892c596d wp-block-group b-20-a\"><div class=\"wp-block-group__inner-container\">\n<div class=\"wp-block-columns reverse-mob\">\n<div class=\"wp-block-column is-vertically-aligned-top\">\n<figure class=\"wp-block-image size-large\"><img loading=\"lazy\" width=\"1024\" height=\"683\" src=\"https:\/\/www.lacroixdusud.fr\/wp-content\/uploads\/2023\/04\/vignobles-1024x683.jpg\" alt=\"Weinreben in den Pyr&#xE9;n&#xE9;es-Orientales\" class=\"wp-image-3689\" srcset=\"https:\/\/www.lacroixdusud.fr\/wp-content\/uploads\/2023\/04\/vignobles-1024x683.jpg 1024w, https:\/\/www.lacroixdusud.fr\/wp-content\/uploads\/2023\/04\/vignobles-300x200.jpg 300w, https:\/\/www.lacroixdusud.fr\/wp-content\/uploads\/2023\/04\/vignobles-768x512.jpg 768w, https:\/\/www.lacroixdusud.fr\/wp-content\/uploads\/2023\/04\/vignobles-1536x1024.jpg 1536w, https:\/\/www.lacroixdusud.fr\/wp-content\/uploads\/2023\/04\/vignobles-2048x1365.jpg 2048w\" sizes=\"(max-width: 1024px) 100vw, 1024px\" \/><\/figure>\n<\/div>\n\n\n\n<div class=\"wp-block-column is-vertically-aligned-center\">\n<h2 id=\"sur-la-route-des-vins-des-pyrenees-orientales\">Auf der Weinstra\u00dfe der Pyr\u00e9n\u00e9es-Orientales<\/h2>\n\n\n\n<p>Entdecken Sie die <strong>Weinstra\u00dfe der Pyr\u00e9n\u00e9es-Orientales<\/strong>, eine Reise ins Herz der Weinberge <strong>zwischen Mittelmeer und Gebirge<\/strong>. Diese Route f\u00fchrt durch abwechslungsreiche Landschaften mit <strong>Terrassenweinbergen, fruchtbaren Ebenen und steilen H\u00e4ngen<\/strong>, wo renommierte <strong>Appellationsweine<\/strong> wie <strong>Banyuls, Rivesaltes und Maury<\/strong> erzeugt werden.  <\/p>\n\n\n\n<p>Begegnen Sie <strong>leidenschaftlichen Winzern<\/strong>, entdecken Sie ihr K\u00f6nnen und genie\u00dfen Sie unvergessliche Verkostungen in <strong>Familienweing\u00fctern<\/strong>. Von Collioure bis Maury l\u00e4dt jeder Halt dazu ein, ein reiches Erbe zu erkunden, in dem Weinkultur und regionale Gastronomie harmonisch verschmelzen. Zwischen Kellerbesichtigungen, Spazierg\u00e4ngen durch die Weinberge und typischen M\u00e4rkten verspricht dieser Ausflug Momente voller Begegnungen und Entdeckungen.  <\/p>\n\n\n\n<p>Ein ideales Erlebnis f\u00fcr Weinliebhaber und Naturliebhaber, das Sie mit der Familie inmitten der sch\u00f6nsten Landschaften des <strong>Roussillon<\/strong> genie\u00dfen k\u00f6nnen. G\u00f6nnen Sie sich eine kulinarische Pause und lassen Sie sich von den sonnendurchfluteten Aromen der <strong>franz\u00f6sischen<\/strong> Weine verf\u00fchren. Ein geselliges und unvergessliches Erlebnis, das man am besten mit der Familie teilt.  <\/p>\n\n\n\n<div class=\"wp-container-69f0c892c5638 wp-block-buttons\">\n<div class=\"wp-block-button\"><a class=\"wp-block-button__link\" href=\"https:\/\/www.lacroixdusud.fr\/vin-pyrenees-orientales\/\">Wein aus den Pyr\u00e9n\u00e9es-Orientales<\/a><\/div>\n<\/div>\n<\/div>\n<\/div>\n<\/div><\/div>\n\n<div style=\"height:100px\" aria-hidden=\"true\" class=\"wp-block-spacer\"><\/div>\n","protected":false},"excerpt":{"rendered":"<p>La Vigne Barb\u00e9, unser Weingut in den Pyr\u00e9n\u00e9es-Orientales W\u00e4hrend Ihres Aufenthalts auf dem 4-Sterne-Campingplatz in Barcar\u00e8s entdecken Sie unser Weingut in Claira. Entdecken Sie das Weingut Domaine de La Vigne Barb\u00e9, gelegen in der Ebene des Roussillon auf einer Fl\u00e4che von rund f\u00fcnfzig Hektar. Unser Weingut in Claira stammt aus sechs Generationen von Winzern und [&hellip;]<\/p>\n","protected":false},"author":1,"featured_media":4890,"parent":0,"menu_order":0,"comment_status":"closed","ping_status":"closed","template":"","meta":[],"acf":[],"_links":{"self":[{"href":"https:\/\/www.lacroixdusud.fr\/nl\/wp-json\/wp\/v2\/pages\/4606"}],"collection":[{"href":"https:\/\/www.lacroixdusud.fr\/nl\/wp-json\/wp\/v2\/pages"}],"about":[{"href":"https:\/\/www.lacroixdusud.fr\/nl\/wp-json\/wp\/v2\/types\/page"}],"author":[{"embeddable":true,"href":"https:\/\/www.lacroixdusud.fr\/nl\/wp-json\/wp\/v2\/users\/1"}],"replies":[{"embeddable":true,"href":"https:\/\/www.lacroixdusud.fr\/nl\/wp-json\/wp\/v2\/comments?post=4606"}],"version-history":[{"count":2,"href":"https:\/\/www.lacroixdusud.fr\/nl\/wp-json\/wp\/v2\/pages\/4606\/revisions"}],"predecessor-version":[{"id":7329,"href":"https:\/\/www.lacroixdusud.fr\/nl\/wp-json\/wp\/v2\/pages\/4606\/revisions\/7329"}],"wp:featuredmedia":[{"embeddable":true,"href":"https:\/\/www.lacroixdusud.fr\/nl\/wp-json\/wp\/v2\/media\/4890"}],"wp:attachment":[{"href":"https:\/\/www.lacroixdusud.fr\/nl\/wp-json\/wp\/v2\/media?parent=4606"}],"curies":[{"name":"wp","href":"https:\/\/api.w.org\/{rel}","templated":true}]}}